{"id":25467,"date":"2025-07-24T16:10:39","date_gmt":"2025-07-24T13:10:39","guid":{"rendered":"https:\/\/karabatak.com\/?post_type=product&#038;p=25467"},"modified":"2025-11-03T20:13:12","modified_gmt":"2025-11-03T17:13:12","slug":"karabatak-capuccino-fincan-takimi-215cc-6-adet-1-kutu","status":"publish","type":"product","link":"https:\/\/karabatak.com\/en\/product\/karabatak-cappuccino-cup-set-215cc-6-pieces-1-box\/","title":{"rendered":"Karabatak Cappuccino Cup Set 215cc \u2013 6 Pieces \/ 1 Box"},"content":{"rendered":"","protected":false},"excerpt":{"rendered":"","protected":false},"featured_media":25483,"comment_status":"open","ping_status":"closed","template":"","meta":[],"product_cat":[29],"product_tag":[],"class_list":{"0":"post-25467","1":"product","2":"type-product","3":"status-publish","4":"has-post-thumbnail","6":"product_cat-kahve-aksesuarlari","8":"first","9":"instock","10":"taxable","11":"shipping-taxable","12":"purchasable","13":"product-type-simple"},"yoast_head":"<!-- This site is optimized with the Yoast SEO plugin v27.2 - https:\/\/yoast.com\/product\/yoast-seo-wordpress\/ -->\n<title>Karabatak Capuccino Fincan Tak\u0131m\u0131 215cc \u2013 6 Adet \/ 1 Kutu - Karabatak<\/title>\n<meta name=\"robots\" content=\"index, follow, max-snippet:-1, max-image-preview:large, max-video-preview:-1\" \/>\n<link rel=\"canonical\" href=\"https:\/\/karabatak.com\/en\/product\/karabatak-cappuccino-cup-set-215cc-6-pieces-1-box\/\" \/>\n<meta property=\"og:locale\" content=\"en_GB\" \/>\n<meta property=\"og:type\" content=\"article\" \/>\n<meta property=\"og:title\" content=\"Karabatak Capuccino Fincan Tak\u0131m\u0131 215cc \u2013 6 Adet \/ 1 Kutu - Karabatak\" \/>\n<meta property=\"og:url\" content=\"https:\/\/karabatak.com\/en\/product\/karabatak-cappuccino-cup-set-215cc-6-pieces-1-box\/\" \/>\n<meta property=\"og:site_name\" content=\"Karabatak\" \/>\n<meta property=\"article:modified_time\" content=\"2025-11-03T17:13:12+00:00\" \/>\n<meta property=\"og:image\" content=\"https:\/\/karabatak.com\/wp-content\/uploads\/2025\/07\/cappucino-3.png\" \/>\n\t<meta property=\"og:image:width\" content=\"500\" \/>\n\t<meta property=\"og:image:height\" content=\"500\" \/>\n\t<meta property=\"og:image:type\" content=\"image\/png\" \/>\n<meta name=\"twitter:card\" content=\"summary_large_image\" \/>\n<meta name=\"twitter:label1\" content=\"Estimated reading time\" \/>\n\t<meta name=\"twitter:data1\" content=\"1 minute\" \/>\n<script type=\"application\/ld+json\" class=\"yoast-schema-graph\">{\"@context\":\"https:\/\/schema.org\",\"@graph\":[{\"@type\":\"WebPage\",\"@id\":\"https:\/\/karabatak.com\/urun\/karabatak-capuccino-fincan-takimi-215cc-6-adet-1-kutu\/\",\"url\":\"https:\/\/karabatak.com\/urun\/karabatak-capuccino-fincan-takimi-215cc-6-adet-1-kutu\/\",\"name\":\"Karabatak Capuccino Fincan Tak\u0131m\u0131 215cc \u2013 6 Adet \/ 1 Kutu - Karabatak\",\"isPartOf\":{\"@id\":\"https:\/\/karabatak.com\/#website\"},\"primaryImageOfPage\":{\"@id\":\"https:\/\/karabatak.com\/urun\/karabatak-capuccino-fincan-takimi-215cc-6-adet-1-kutu\/#primaryimage\"},\"image\":{\"@id\":\"https:\/\/karabatak.com\/urun\/karabatak-capuccino-fincan-takimi-215cc-6-adet-1-kutu\/#primaryimage\"},\"thumbnailUrl\":\"https:\/\/karabatak.com\/wp-content\/uploads\/2025\/07\/cappucino-3.png\",\"datePublished\":\"2025-07-24T13:10:39+00:00\",\"dateModified\":\"2025-11-03T17:13:12+00:00\",\"breadcrumb\":{\"@id\":\"https:\/\/karabatak.com\/urun\/karabatak-capuccino-fincan-takimi-215cc-6-adet-1-kutu\/#breadcrumb\"},\"inLanguage\":\"en-GB\",\"potentialAction\":[{\"@type\":\"ReadAction\",\"target\":[\"https:\/\/karabatak.com\/urun\/karabatak-capuccino-fincan-takimi-215cc-6-adet-1-kutu\/\"]}]},{\"@type\":\"ImageObject\",\"inLanguage\":\"en-GB\",\"@id\":\"https:\/\/karabatak.com\/urun\/karabatak-capuccino-fincan-takimi-215cc-6-adet-1-kutu\/#primaryimage\",\"url\":\"https:\/\/karabatak.com\/wp-content\/uploads\/2025\/07\/cappucino-3.png\",\"contentUrl\":\"https:\/\/karabatak.com\/wp-content\/uploads\/2025\/07\/cappucino-3.png\",\"width\":500,\"height\":500},{\"@type\":\"BreadcrumbList\",\"@id\":\"https:\/\/karabatak.com\/urun\/karabatak-capuccino-fincan-takimi-215cc-6-adet-1-kutu\/#breadcrumb\",\"itemListElement\":[{\"@type\":\"ListItem\",\"position\":1,\"name\":\"Ma\u011faza\",\"item\":\"https:\/\/karabatak.com\/en\/products\/\"},{\"@type\":\"ListItem\",\"position\":2,\"name\":\"Karabatak Capuccino Fincan Tak\u0131m\u0131 215cc \u2013 6 Adet \/ 1 Kutu\"}]},{\"@type\":\"WebSite\",\"@id\":\"https:\/\/karabatak.com\/#website\",\"url\":\"https:\/\/karabatak.com\/\",\"name\":\"Karabatak\",\"description\":\"Karabatak ve Julius Meinl T\u00fcrkiye Distrib\u00fct\u00f6r\u00fc\",\"publisher\":{\"@id\":\"https:\/\/karabatak.com\/#organization\"},\"potentialAction\":[{\"@type\":\"SearchAction\",\"target\":{\"@type\":\"EntryPoint\",\"urlTemplate\":\"https:\/\/karabatak.com\/?s={search_term_string}\"},\"query-input\":{\"@type\":\"PropertyValueSpecification\",\"valueRequired\":true,\"valueName\":\"search_term_string\"}}],\"inLanguage\":\"en-GB\"},{\"@type\":\"Organization\",\"@id\":\"https:\/\/karabatak.com\/#organization\",\"name\":\"Karabatak\",\"url\":\"https:\/\/karabatak.com\/\",\"logo\":{\"@type\":\"ImageObject\",\"inLanguage\":\"en-GB\",\"@id\":\"https:\/\/karabatak.com\/#\/schema\/logo\/image\/\",\"url\":\"https:\/\/karabatak.com\/wp-content\/uploads\/2023\/05\/logo-100x100-100x100-1.png\",\"contentUrl\":\"https:\/\/karabatak.com\/wp-content\/uploads\/2023\/05\/logo-100x100-100x100-1.png\",\"width\":100,\"height\":100,\"caption\":\"Karabatak\"},\"image\":{\"@id\":\"https:\/\/karabatak.com\/#\/schema\/logo\/image\/\"}}]}<\/script>\n<!-- \/ Yoast SEO plugin. -->","yoast_head_json":{"title":"Karabatak Capuccino Fincan Tak\u0131m\u0131 215cc \u2013 6 Adet \/ 1 Kutu - Karabatak","robots":{"index":"index","follow":"follow","max-snippet":"max-snippet:-1","max-image-preview":"max-image-preview:large","max-video-preview":"max-video-preview:-1"},"canonical":"https:\/\/karabatak.com\/en\/product\/karabatak-cappuccino-cup-set-215cc-6-pieces-1-box\/","og_locale":"en_GB","og_type":"article","og_title":"Karabatak Capuccino Fincan Tak\u0131m\u0131 215cc \u2013 6 Adet \/ 1 Kutu - Karabatak","og_url":"https:\/\/karabatak.com\/en\/product\/karabatak-cappuccino-cup-set-215cc-6-pieces-1-box\/","og_site_name":"Karabatak","article_modified_time":"2025-11-03T17:13:12+00:00","og_image":[{"width":500,"height":500,"url":"https:\/\/karabatak.com\/wp-content\/uploads\/2025\/07\/cappucino-3.png","type":"image\/png"}],"twitter_card":"summary_large_image","twitter_misc":{"Estimated reading time":"1 minute"},"schema":{"@context":"https:\/\/schema.org","@graph":[{"@type":"WebPage","@id":"https:\/\/karabatak.com\/urun\/karabatak-capuccino-fincan-takimi-215cc-6-adet-1-kutu\/","url":"https:\/\/karabatak.com\/urun\/karabatak-capuccino-fincan-takimi-215cc-6-adet-1-kutu\/","name":"Karabatak Capuccino Fincan Tak\u0131m\u0131 215cc \u2013 6 Adet \/ 1 Kutu - Karabatak","isPartOf":{"@id":"https:\/\/karabatak.com\/#website"},"primaryImageOfPage":{"@id":"https:\/\/karabatak.com\/urun\/karabatak-capuccino-fincan-takimi-215cc-6-adet-1-kutu\/#primaryimage"},"image":{"@id":"https:\/\/karabatak.com\/urun\/karabatak-capuccino-fincan-takimi-215cc-6-adet-1-kutu\/#primaryimage"},"thumbnailUrl":"https:\/\/karabatak.com\/wp-content\/uploads\/2025\/07\/cappucino-3.png","datePublished":"2025-07-24T13:10:39+00:00","dateModified":"2025-11-03T17:13:12+00:00","breadcrumb":{"@id":"https:\/\/karabatak.com\/urun\/karabatak-capuccino-fincan-takimi-215cc-6-adet-1-kutu\/#breadcrumb"},"inLanguage":"en-GB","potentialAction":[{"@type":"ReadAction","target":["https:\/\/karabatak.com\/urun\/karabatak-capuccino-fincan-takimi-215cc-6-adet-1-kutu\/"]}]},{"@type":"ImageObject","inLanguage":"en-GB","@id":"https:\/\/karabatak.com\/urun\/karabatak-capuccino-fincan-takimi-215cc-6-adet-1-kutu\/#primaryimage","url":"https:\/\/karabatak.com\/wp-content\/uploads\/2025\/07\/cappucino-3.png","contentUrl":"https:\/\/karabatak.com\/wp-content\/uploads\/2025\/07\/cappucino-3.png","width":500,"height":500},{"@type":"BreadcrumbList","@id":"https:\/\/karabatak.com\/urun\/karabatak-capuccino-fincan-takimi-215cc-6-adet-1-kutu\/#breadcrumb","itemListElement":[{"@type":"ListItem","position":1,"name":"Ma\u011faza","item":"https:\/\/karabatak.com\/en\/products\/"},{"@type":"ListItem","position":2,"name":"Karabatak Capuccino Fincan Tak\u0131m\u0131 215cc \u2013 6 Adet \/ 1 Kutu"}]},{"@type":"WebSite","@id":"https:\/\/karabatak.com\/#website","url":"https:\/\/karabatak.com\/","name":"Karabatak","description":"Karabatak ve Julius Meinl T\u00fcrkiye Distrib\u00fct\u00f6r\u00fc","publisher":{"@id":"https:\/\/karabatak.com\/#organization"},"potentialAction":[{"@type":"SearchAction","target":{"@type":"EntryPoint","urlTemplate":"https:\/\/karabatak.com\/?s={search_term_string}"},"query-input":{"@type":"PropertyValueSpecification","valueRequired":true,"valueName":"search_term_string"}}],"inLanguage":"en-GB"},{"@type":"Organization","@id":"https:\/\/karabatak.com\/#organization","name":"Karabatak","url":"https:\/\/karabatak.com\/","logo":{"@type":"ImageObject","inLanguage":"en-GB","@id":"https:\/\/karabatak.com\/#\/schema\/logo\/image\/","url":"https:\/\/karabatak.com\/wp-content\/uploads\/2023\/05\/logo-100x100-100x100-1.png","contentUrl":"https:\/\/karabatak.com\/wp-content\/uploads\/2023\/05\/logo-100x100-100x100-1.png","width":100,"height":100,"caption":"Karabatak"},"image":{"@id":"https:\/\/karabatak.com\/#\/schema\/logo\/image\/"}}]}},"_links":{"self":[{"href":"https:\/\/karabatak.com\/en\/wp-json\/wp\/v2\/product\/25467","targetHints":{"allow":["GET"]}}],"collection":[{"href":"https:\/\/karabatak.com\/en\/wp-json\/wp\/v2\/product"}],"about":[{"href":"https:\/\/karabatak.com\/en\/wp-json\/wp\/v2\/types\/product"}],"replies":[{"embeddable":true,"href":"https:\/\/karabatak.com\/en\/wp-json\/wp\/v2\/comments?post=25467"}],"wp:featuredmedia":[{"embeddable":true,"href":"https:\/\/karabatak.com\/en\/wp-json\/wp\/v2\/media\/25483"}],"wp:attachment":[{"href":"https:\/\/karabatak.com\/en\/wp-json\/wp\/v2\/media?parent=25467"}],"wp:term":[{"taxonomy":"product_cat","embeddable":true,"href":"https:\/\/karabatak.com\/en\/wp-json\/wp\/v2\/product_cat?post=25467"},{"taxonomy":"product_tag","embeddable":true,"href":"https:\/\/karabatak.com\/en\/wp-json\/wp\/v2\/product_tag?post=25467"}],"curies":[{"name":"wp","href":"https:\/\/api.w.org\/{rel}","templated":true}]}}