{"id":25263,"date":"2025-06-30T14:01:01","date_gmt":"2025-06-30T11:01:01","guid":{"rendered":"https:\/\/karabatak.com\/?post_type=product&#038;p=25263"},"modified":"2026-04-27T12:54:03","modified_gmt":"2026-04-27T09:54:03","slug":"julius-meinl-premium-collection-espresso-arabica-cekirdek-500g","status":"publish","type":"product","link":"https:\/\/karabatak.com\/en\/product\/julius-meinl-premium-collection-espresso-arabica-beans-500g\/","title":{"rendered":"Julius Meinl Premium Collection Espresso Arabica Beans 500 G"},"content":{"rendered":"<div style=\"font-family: 'Helvetica Neue', Helvetica, Arial, sans-serif; color: #333333; background-color: #fcfcfc; padding: 35px; border-radius: 12px; border: 1px solid #eaeaea; box-shadow: 0 6px 20px rgba(0, 0, 0, 0.04); max-width: 100%; margin: 0 auto; box-sizing: border-box;\">\n<h2 style=\"color: #114639; font-size: 24px; margin-top: 0; margin-bottom: 15px; font-weight: bold; letter-spacing: -0.5px; border-bottom: 2px solid #e2ece9; padding-bottom: 12px;\">Premium Koleksiyon &#8211; Espresso Arabica<\/h2>\n<p style=\"font-size: 15px; line-height: 1.7; color: #555555; text-align: justify; margin-bottom: 30px;\">B\u00fcy\u00fck bir \u00f6zenle haz\u0131rlanan bu espresso, Brezilya ve Orta Amerika\u2019n\u0131n en se\u00e7kin kahve \u00e7iftliklerinden temin edilen %100 Arabica \u00e7ekirdeklerinin enfes bir harman\u0131n\u0131 sunar. Canland\u0131r\u0131c\u0131 tazeli\u011fi, zarif tatl\u0131l\u0131\u011f\u0131 ve yumu\u015fac\u0131k kremas\u0131yla bu espresso, duyular\u0131n\u0131za hitap eden ger\u00e7ek bir keyif sunar.<\/p>\n<div style=\"background-color: #ffffff; border-radius: 8px; border: 1px solid #f0f0f0; padding: 20px; margin-bottom: 25px;\">\n<table style=\"width: 100%; border-collapse: collapse; font-size: 14px; text-align: left;\">\n<tbody>\n<tr style=\"border-bottom: 1px solid #f7f7f7;\">\n<td style=\"padding: 12px 10px; width: 33%;\"><strong><span style=\"display: block; font-size: 12px; color: #888; text-transform: uppercase; letter-spacing: 1px;\">Bean<\/span><\/strong><br \/>\n<strong style=\"color: #333; font-size: 15px;\">%100 Arabica<\/strong><\/td>\n<td style=\"padding: 12px 10px; width: 33%;\"><strong><span style=\"display: block; font-size: 12px; color: #888; text-transform: uppercase; letter-spacing: 1px;\">Kavrulma (1-6)<\/span><\/strong><br \/>\n<strong style=\"color: #333; font-size: 15px;\">3<\/strong><\/td>\n<td style=\"padding: 12px 10px; width: 33%;\"><strong><span style=\"display: block; font-size: 12px; color: #888; text-transform: uppercase; letter-spacing: 1px;\">Asidite (1- 10)<\/span><\/strong><br \/>\n<strong style=\"color: #333; font-size: 15px;\">8<\/strong><\/td>\n<\/tr>\n<tr style=\"border-bottom: 1px solid #f7f7f7;\">\n<td style=\"padding: 12px 10px;\"><strong><span style=\"display: block; font-size: 12px; color: #888; text-transform: uppercase; letter-spacing: 1px;\">Tatl\u0131l\u0131k (1-10)<\/span><\/strong><br \/>\n<strong style=\"color: #333; font-size: 15px;\">8<\/strong><\/td>\n<td style=\"padding: 12px 10px;\"><strong><span style=\"display: block; font-size: 12px; color: #888; text-transform: uppercase; letter-spacing: 1px;\">G\u00f6vde (1-10)<\/span><\/strong><br \/>\n<strong style=\"color: #333; font-size: 15px;\">5<\/strong><\/td>\n<td style=\"padding: 12px 10px;\"><strong><span style=\"display: block; font-size: 12px; color: #888; text-transform: uppercase; letter-spacing: 1px;\">Cream<\/span><\/strong><br \/>\n<strong style=\"color: #333; font-size: 15px;\">Thin Cream<\/strong><\/td>\n<\/tr>\n<tr>\n<td style=\"padding: 12px 10px;\" colspan=\"2\"><strong><span style=\"display: block; font-size: 12px; color: #888; text-transform: uppercase; letter-spacing: 1px;\">Aroma<\/span><\/strong><br \/>\n<strong>Hafif ve taze tonlara sahip zarif aroma<\/strong><\/td>\n<td style=\"padding: 12px 10px;\"><strong><span style=\"display: block; font-size: 12px; color: #888; text-transform: uppercase; letter-spacing: 1px;\">Flavor<\/span><\/strong><br \/>\n<strong>Orta Yo\u011funlukta ve Taze Aromal\u0131, Ard\u0131ndan Gelen Zarif Bir Tatl\u0131l\u0131kla.\u00a0<\/strong><\/td>\n<\/tr>\n<\/tbody>\n<\/table>\n<\/div>\n<div style=\"display: flex; align-items: center; justify-content: flex-start; gap: 20px; flex-wrap: wrap;\">\n<div style=\"flex-shrink: 0;\"><img decoding=\"async\" style=\"width: 56px; height: 56px; display: block;\" src=\"https:\/\/karabatak.com\/wp-content\/uploads\/2025\/06\/esicons.png\" alt=\"Karabatak Espresso Icon\" \/><\/div>\n<div>\n<div style=\"margin-bottom: 6px;\"><span style=\"background-color: #114639; color: #fff; font-size: 12px; font-weight: bold; padding: 6px 12px; border-radius: 4px; display: inline-block;\">\u00c7ekirdek Kahve: 1 Kg \/ 500 Gr<br \/>\n<\/span><\/div>\n<p style=\"font-family: Arial, sans-serif; font-size: 13px; color: #114639; margin: 0; font-weight: bold;\">* \u00dcr\u00fcnlerimiz stoklarla s\u0131n\u0131rl\u0131d\u0131r.<\/p>\n<\/div>\n<\/div>\n<\/div>","protected":false},"excerpt":{"rendered":"<p>Premium Koleksiyon &#8211; Espresso Arabica B\u00fcy\u00fck bir \u00f6zenle haz\u0131rlanan bu espresso, Brezilya ve Orta Amerika\u2019n\u0131n en se\u00e7kin kahve \u00e7iftliklerinden temin<\/p>","protected":false},"featured_media":25279,"comment_status":"closed","ping_status":"closed","template":"","meta":[],"product_brand":[],"product_cat":[33],"product_tag":[151,150,147,149,169,152,170,168,167,148,171,166],"class_list":{"0":"post-25263","1":"product","2":"type-product","3":"status-publish","4":"has-post-thumbnail","6":"product_cat-julius-meinl-kahveleri","7":"product_tag-aeropress","8":"product_tag-cekirdek","9":"product_tag-chemex","10":"product_tag-espresso","11":"product_tag-filtre","12":"product_tag-hario","13":"product_tag-hario-v60-jubilaum","14":"product_tag-julius-meinl","15":"product_tag-melange-coffee","16":"product_tag-moka-pot","17":"product_tag-president","18":"product_tag-wiener-melange-bristol","19":"pa_tur-cekirdek","21":"first","22":"instock","23":"purchasable","24":"product-type-simple"},"yoast_head":"<!-- This site is optimized with the Yoast SEO plugin v27.4 - https:\/\/yoast.com\/product\/yoast-seo-wordpress\/ -->\n<title>Julius Meinl Premium Collection Espresso Arabica \u00c7ekirdek 500 G - Karabatak<\/title>\n<meta name=\"robots\" content=\"index, follow, max-snippet:-1, max-image-preview:large, max-video-preview:-1\" \/>\n<link rel=\"canonical\" href=\"https:\/\/karabatak.com\/en\/product\/julius-meinl-premium-collection-espresso-arabica-beans-500g\/\" \/>\n<meta property=\"og:locale\" content=\"en_GB\" \/>\n<meta property=\"og:type\" content=\"article\" \/>\n<meta property=\"og:title\" content=\"Julius Meinl Premium Collection Espresso Arabica \u00c7ekirdek 500 G - Karabatak\" \/>\n<meta property=\"og:description\" content=\"Premium Koleksiyon &#8211; Espresso Arabica B\u00fcy\u00fck bir \u00f6zenle haz\u0131rlanan bu espresso, Brezilya ve Orta Amerika\u2019n\u0131n en se\u00e7kin kahve \u00e7iftliklerinden temin\" \/>\n<meta property=\"og:url\" content=\"https:\/\/karabatak.com\/en\/product\/julius-meinl-premium-collection-espresso-arabica-beans-500g\/\" \/>\n<meta property=\"og:site_name\" content=\"Karabatak\" \/>\n<meta property=\"article:modified_time\" content=\"2026-04-27T09:54:03+00:00\" \/>\n<meta property=\"og:image\" content=\"https:\/\/karabatak.com\/wp-content\/uploads\/2025\/06\/80046-JM-Premium-Espresso-RS-500g-beans-800px-3.jpg\" \/>\n\t<meta property=\"og:image:width\" content=\"500\" \/>\n\t<meta property=\"og:image:height\" content=\"500\" \/>\n\t<meta property=\"og:image:type\" content=\"image\/jpeg\" \/>\n<meta name=\"twitter:card\" content=\"summary_large_image\" \/>\n<meta name=\"twitter:label1\" content=\"Estimated reading time\" \/>\n\t<meta name=\"twitter:data1\" content=\"1 minute\" \/>\n<script type=\"application\/ld+json\" class=\"yoast-schema-graph\">{\"@context\":\"https:\\\/\\\/schema.org\",\"@graph\":[{\"@type\":\"WebPage\",\"@id\":\"https:\\\/\\\/karabatak.com\\\/urun\\\/julius-meinl-premium-collection-espresso-arabica-cekirdek-500g\\\/\",\"url\":\"https:\\\/\\\/karabatak.com\\\/urun\\\/julius-meinl-premium-collection-espresso-arabica-cekirdek-500g\\\/\",\"name\":\"Julius Meinl Premium Collection Espresso Arabica \u00c7ekirdek 500 G - Karabatak\",\"isPartOf\":{\"@id\":\"https:\\\/\\\/karabatak.com\\\/#website\"},\"primaryImageOfPage\":{\"@id\":\"https:\\\/\\\/karabatak.com\\\/urun\\\/julius-meinl-premium-collection-espresso-arabica-cekirdek-500g\\\/#primaryimage\"},\"image\":{\"@id\":\"https:\\\/\\\/karabatak.com\\\/urun\\\/julius-meinl-premium-collection-espresso-arabica-cekirdek-500g\\\/#primaryimage\"},\"thumbnailUrl\":\"https:\\\/\\\/karabatak.com\\\/wp-content\\\/uploads\\\/2025\\\/06\\\/80046-JM-Premium-Espresso-RS-500g-beans-800px-3.jpg\",\"datePublished\":\"2025-06-30T11:01:01+00:00\",\"dateModified\":\"2026-04-27T09:54:03+00:00\",\"breadcrumb\":{\"@id\":\"https:\\\/\\\/karabatak.com\\\/urun\\\/julius-meinl-premium-collection-espresso-arabica-cekirdek-500g\\\/#breadcrumb\"},\"inLanguage\":\"en-GB\",\"potentialAction\":[{\"@type\":\"ReadAction\",\"target\":[\"https:\\\/\\\/karabatak.com\\\/urun\\\/julius-meinl-premium-collection-espresso-arabica-cekirdek-500g\\\/\"]}]},{\"@type\":\"ImageObject\",\"inLanguage\":\"en-GB\",\"@id\":\"https:\\\/\\\/karabatak.com\\\/urun\\\/julius-meinl-premium-collection-espresso-arabica-cekirdek-500g\\\/#primaryimage\",\"url\":\"https:\\\/\\\/karabatak.com\\\/wp-content\\\/uploads\\\/2025\\\/06\\\/80046-JM-Premium-Espresso-RS-500g-beans-800px-3.jpg\",\"contentUrl\":\"https:\\\/\\\/karabatak.com\\\/wp-content\\\/uploads\\\/2025\\\/06\\\/80046-JM-Premium-Espresso-RS-500g-beans-800px-3.jpg\",\"width\":500,\"height\":500},{\"@type\":\"BreadcrumbList\",\"@id\":\"https:\\\/\\\/karabatak.com\\\/urun\\\/julius-meinl-premium-collection-espresso-arabica-cekirdek-500g\\\/#breadcrumb\",\"itemListElement\":[{\"@type\":\"ListItem\",\"position\":1,\"name\":\"Ma\u011faza\",\"item\":\"https:\\\/\\\/karabatak.com\\\/en\\\/products\\\/\"},{\"@type\":\"ListItem\",\"position\":2,\"name\":\"Julius Meinl Premium Collection Espresso Arabica \u00c7ekirdek 500 G\"}]},{\"@type\":\"WebSite\",\"@id\":\"https:\\\/\\\/karabatak.com\\\/#website\",\"url\":\"https:\\\/\\\/karabatak.com\\\/\",\"name\":\"Karabatak\",\"description\":\"Karabatak ve Julius Meinl T\u00fcrkiye Distrib\u00fct\u00f6r\u00fc\",\"publisher\":{\"@id\":\"https:\\\/\\\/karabatak.com\\\/#organization\"},\"potentialAction\":[{\"@type\":\"SearchAction\",\"target\":{\"@type\":\"EntryPoint\",\"urlTemplate\":\"https:\\\/\\\/karabatak.com\\\/?s={search_term_string}\"},\"query-input\":{\"@type\":\"PropertyValueSpecification\",\"valueRequired\":true,\"valueName\":\"search_term_string\"}}],\"inLanguage\":\"en-GB\"},{\"@type\":\"Organization\",\"@id\":\"https:\\\/\\\/karabatak.com\\\/#organization\",\"name\":\"Karabatak\",\"url\":\"https:\\\/\\\/karabatak.com\\\/\",\"logo\":{\"@type\":\"ImageObject\",\"inLanguage\":\"en-GB\",\"@id\":\"https:\\\/\\\/karabatak.com\\\/#\\\/schema\\\/logo\\\/image\\\/\",\"url\":\"https:\\\/\\\/karabatak.com\\\/wp-content\\\/uploads\\\/2023\\\/05\\\/logo-100x100-100x100-1.png\",\"contentUrl\":\"https:\\\/\\\/karabatak.com\\\/wp-content\\\/uploads\\\/2023\\\/05\\\/logo-100x100-100x100-1.png\",\"width\":100,\"height\":100,\"caption\":\"Karabatak\"},\"image\":{\"@id\":\"https:\\\/\\\/karabatak.com\\\/#\\\/schema\\\/logo\\\/image\\\/\"}}]}<\/script>\n<!-- \/ Yoast SEO plugin. -->","yoast_head_json":{"title":"Julius Meinl Premium Collection Espresso Arabica Beans 500 G - Karabatak","robots":{"index":"index","follow":"follow","max-snippet":"max-snippet:-1","max-image-preview":"max-image-preview:large","max-video-preview":"max-video-preview:-1"},"canonical":"https:\/\/karabatak.com\/en\/product\/julius-meinl-premium-collection-espresso-arabica-beans-500g\/","og_locale":"en_GB","og_type":"article","og_title":"Julius Meinl Premium Collection Espresso Arabica \u00c7ekirdek 500 G - Karabatak","og_description":"Premium Koleksiyon &#8211; Espresso Arabica B\u00fcy\u00fck bir \u00f6zenle haz\u0131rlanan bu espresso, Brezilya ve Orta Amerika\u2019n\u0131n en se\u00e7kin kahve \u00e7iftliklerinden temin","og_url":"https:\/\/karabatak.com\/en\/product\/julius-meinl-premium-collection-espresso-arabica-beans-500g\/","og_site_name":"Karabatak","article_modified_time":"2026-04-27T09:54:03+00:00","og_image":[{"width":500,"height":500,"url":"https:\/\/karabatak.com\/wp-content\/uploads\/2025\/06\/80046-JM-Premium-Espresso-RS-500g-beans-800px-3.jpg","type":"image\/jpeg"}],"twitter_card":"summary_large_image","twitter_misc":{"Estimated reading time":"1 minute"},"schema":{"@context":"https:\/\/schema.org","@graph":[{"@type":"WebPage","@id":"https:\/\/karabatak.com\/urun\/julius-meinl-premium-collection-espresso-arabica-cekirdek-500g\/","url":"https:\/\/karabatak.com\/urun\/julius-meinl-premium-collection-espresso-arabica-cekirdek-500g\/","name":"Julius Meinl Premium Collection Espresso Arabica Beans 500 G - Karabatak","isPartOf":{"@id":"https:\/\/karabatak.com\/#website"},"primaryImageOfPage":{"@id":"https:\/\/karabatak.com\/urun\/julius-meinl-premium-collection-espresso-arabica-cekirdek-500g\/#primaryimage"},"image":{"@id":"https:\/\/karabatak.com\/urun\/julius-meinl-premium-collection-espresso-arabica-cekirdek-500g\/#primaryimage"},"thumbnailUrl":"https:\/\/karabatak.com\/wp-content\/uploads\/2025\/06\/80046-JM-Premium-Espresso-RS-500g-beans-800px-3.jpg","datePublished":"2025-06-30T11:01:01+00:00","dateModified":"2026-04-27T09:54:03+00:00","breadcrumb":{"@id":"https:\/\/karabatak.com\/urun\/julius-meinl-premium-collection-espresso-arabica-cekirdek-500g\/#breadcrumb"},"inLanguage":"en-GB","potentialAction":[{"@type":"ReadAction","target":["https:\/\/karabatak.com\/urun\/julius-meinl-premium-collection-espresso-arabica-cekirdek-500g\/"]}]},{"@type":"ImageObject","inLanguage":"en-GB","@id":"https:\/\/karabatak.com\/urun\/julius-meinl-premium-collection-espresso-arabica-cekirdek-500g\/#primaryimage","url":"https:\/\/karabatak.com\/wp-content\/uploads\/2025\/06\/80046-JM-Premium-Espresso-RS-500g-beans-800px-3.jpg","contentUrl":"https:\/\/karabatak.com\/wp-content\/uploads\/2025\/06\/80046-JM-Premium-Espresso-RS-500g-beans-800px-3.jpg","width":500,"height":500},{"@type":"BreadcrumbList","@id":"https:\/\/karabatak.com\/urun\/julius-meinl-premium-collection-espresso-arabica-cekirdek-500g\/#breadcrumb","itemListElement":[{"@type":"ListItem","position":1,"name":"Ma\u011faza","item":"https:\/\/karabatak.com\/en\/products\/"},{"@type":"ListItem","position":2,"name":"Julius Meinl Premium Collection Espresso Arabica \u00c7ekirdek 500 G"}]},{"@type":"WebSite","@id":"https:\/\/karabatak.com\/#website","url":"https:\/\/karabatak.com\/","name":"Karabatak","description":"Karabatak and Julius Meinl T\u00fcrkiye Distributor","publisher":{"@id":"https:\/\/karabatak.com\/#organization"},"potentialAction":[{"@type":"SearchAction","target":{"@type":"EntryPoint","urlTemplate":"https:\/\/karabatak.com\/?s={search_term_string}"},"query-input":{"@type":"PropertyValueSpecification","valueRequired":true,"valueName":"search_term_string"}}],"inLanguage":"en-GB"},{"@type":"Organization","@id":"https:\/\/karabatak.com\/#organization","name":"Karabatak","url":"https:\/\/karabatak.com\/","logo":{"@type":"ImageObject","inLanguage":"en-GB","@id":"https:\/\/karabatak.com\/#\/schema\/logo\/image\/","url":"https:\/\/karabatak.com\/wp-content\/uploads\/2023\/05\/logo-100x100-100x100-1.png","contentUrl":"https:\/\/karabatak.com\/wp-content\/uploads\/2023\/05\/logo-100x100-100x100-1.png","width":100,"height":100,"caption":"Karabatak"},"image":{"@id":"https:\/\/karabatak.com\/#\/schema\/logo\/image\/"}}]}},"_links":{"self":[{"href":"https:\/\/karabatak.com\/en\/wp-json\/wp\/v2\/product\/25263","targetHints":{"allow":["GET"]}}],"collection":[{"href":"https:\/\/karabatak.com\/en\/wp-json\/wp\/v2\/product"}],"about":[{"href":"https:\/\/karabatak.com\/en\/wp-json\/wp\/v2\/types\/product"}],"replies":[{"embeddable":true,"href":"https:\/\/karabatak.com\/en\/wp-json\/wp\/v2\/comments?post=25263"}],"wp:featuredmedia":[{"embeddable":true,"href":"https:\/\/karabatak.com\/en\/wp-json\/wp\/v2\/media\/25279"}],"wp:attachment":[{"href":"https:\/\/karabatak.com\/en\/wp-json\/wp\/v2\/media?parent=25263"}],"wp:term":[{"taxonomy":"product_brand","embeddable":true,"href":"https:\/\/karabatak.com\/en\/wp-json\/wp\/v2\/product_brand?post=25263"},{"taxonomy":"product_cat","embeddable":true,"href":"https:\/\/karabatak.com\/en\/wp-json\/wp\/v2\/product_cat?post=25263"},{"taxonomy":"product_tag","embeddable":true,"href":"https:\/\/karabatak.com\/en\/wp-json\/wp\/v2\/product_tag?post=25263"}],"curies":[{"name":"wp","href":"https:\/\/api.w.org\/{rel}","templated":true}]}}