{"id":24495,"date":"2025-03-28T15:59:11","date_gmt":"2025-03-28T12:59:11","guid":{"rendered":"https:\/\/karabatak.com\/?post_type=product&#038;p=24495"},"modified":"2026-03-15T23:08:59","modified_gmt":"2026-03-15T20:08:59","slug":"blend-004-charlie-for-my-past-bean-coffee-500-gr","status":"publish","type":"product","link":"https:\/\/karabatak.com\/en\/product\/blend-004-charlie-for-my-past-bean-coffee-500-gr\/","title":{"rendered":"BLEND #004 CHARLIE COFFEE BEANS 500 GR"},"content":{"rendered":"<p>MEDIUM ROASTED COFFEE BEANS<\/p>\n<p>TASTING NOTES<\/p>\n<p>Raspberry, Caramel, Caramelized Sugar, Citrus<\/p>\n<p>COSTA RICA, COLOMBIA, INDIA<\/p>\n<p><img decoding=\"async\" class=\"alignnone wp-image-22995\" src=\"https:\/\/karabatak.com\/wp-content\/uploads\/2024\/10\/charlie-map.png\" alt=\"\" width=\"484\" height=\"441\" srcset=\"https:\/\/karabatak.com\/wp-content\/uploads\/2024\/10\/charlie-map.png 2017w, https:\/\/karabatak.com\/wp-content\/uploads\/2024\/10\/charlie-map-329x300.png 329w, https:\/\/karabatak.com\/wp-content\/uploads\/2024\/10\/charlie-map-877x800.png 877w, https:\/\/karabatak.com\/wp-content\/uploads\/2024\/10\/charlie-map-768x700.png 768w, https:\/\/karabatak.com\/wp-content\/uploads\/2024\/10\/charlie-map-1536x1400.png 1536w, https:\/\/karabatak.com\/wp-content\/uploads\/2024\/10\/charlie-map-13x12.png 13w, https:\/\/karabatak.com\/wp-content\/uploads\/2024\/10\/charlie-map-430x392.png 430w, https:\/\/karabatak.com\/wp-content\/uploads\/2024\/10\/charlie-map-700x638.png 700w, https:\/\/karabatak.com\/wp-content\/uploads\/2024\/10\/charlie-map-150x137.png 150w\" sizes=\"(max-width: 484px) 100vw, 484px\" \/><\/p>\n<p><img decoding=\"async\" class=\"alignnone wp-image-22999\" src=\"https:\/\/karabatak.com\/wp-content\/uploads\/2024\/10\/charlie-flag.png\" alt=\"\" width=\"373\" height=\"129\" srcset=\"https:\/\/karabatak.com\/wp-content\/uploads\/2024\/10\/charlie-flag.png 949w, https:\/\/karabatak.com\/wp-content\/uploads\/2024\/10\/charlie-flag-400x138.png 400w, https:\/\/karabatak.com\/wp-content\/uploads\/2024\/10\/charlie-flag-768x265.png 768w, https:\/\/karabatak.com\/wp-content\/uploads\/2024\/10\/charlie-flag-18x6.png 18w, https:\/\/karabatak.com\/wp-content\/uploads\/2024\/10\/charlie-flag-430x149.png 430w, https:\/\/karabatak.com\/wp-content\/uploads\/2024\/10\/charlie-flag-700x242.png 700w, https:\/\/karabatak.com\/wp-content\/uploads\/2024\/10\/charlie-flag-150x52.png 150w\" sizes=\"(max-width: 373px) 100vw, 373px\" \/><\/p>\n<p>&nbsp;<\/p>\n<p>&nbsp;<\/p>\n<p>&nbsp;<\/p>","protected":false},"excerpt":{"rendered":"<p>MEDIUM ROASTED COFFEE BEANS TASTING NOTES Raspberry, Caramel, Caramelized Sugar, Citrus COSTA RICA, COLOMBIA, INDIA &nbsp; &nbsp; &nbsp;<\/p>","protected":false},"featured_media":24502,"comment_status":"open","ping_status":"closed","template":"","meta":[],"product_cat":[209],"product_tag":[],"class_list":{"0":"post-24495","1":"product","2":"type-product","3":"status-publish","4":"has-post-thumbnail","6":"product_cat-karabatak-beautiful-blends","8":"first","9":"outofstock","10":"taxable","11":"shipping-taxable","12":"purchasable","13":"product-type-simple"},"yoast_head":"<!-- This site is optimized with the Yoast SEO plugin v27.2 - https:\/\/yoast.com\/product\/yoast-seo-wordpress\/ -->\n<title>BLEND #004 CHARLIE \u00c7EK\u0130RDEK KAHVE 500 GR - Karabatak<\/title>\n<meta name=\"robots\" content=\"index, follow, max-snippet:-1, max-image-preview:large, max-video-preview:-1\" \/>\n<link rel=\"canonical\" href=\"https:\/\/karabatak.com\/en\/product\/blend-004-charlie-for-my-past-bean-coffee-500-gr\/\" \/>\n<meta property=\"og:locale\" content=\"en_GB\" \/>\n<meta property=\"og:type\" content=\"article\" \/>\n<meta property=\"og:title\" content=\"BLEND #004 CHARLIE \u00c7EK\u0130RDEK KAHVE 500 GR - Karabatak\" \/>\n<meta property=\"og:description\" content=\"ORTA KAVRULMU\u015e \u00c7EK\u0130RDEK KAHVE TADIM NOTLARI Ahududu, Karamel, Karamelize \u015feker, Narenciye COSTA RICA, COLOMBIA, INDIA &nbsp; &nbsp; &nbsp;\" \/>\n<meta property=\"og:url\" content=\"https:\/\/karabatak.com\/en\/product\/blend-004-charlie-for-my-past-bean-coffee-500-gr\/\" \/>\n<meta property=\"og:site_name\" content=\"Karabatak\" \/>\n<meta property=\"article:modified_time\" content=\"2026-03-15T20:08:59+00:00\" \/>\n<meta property=\"og:image\" content=\"https:\/\/karabatak.com\/wp-content\/uploads\/2025\/03\/04-charlie500-01_14.jpg\" \/>\n\t<meta property=\"og:image:width\" content=\"2000\" \/>\n\t<meta property=\"og:image:height\" content=\"2000\" \/>\n\t<meta property=\"og:image:type\" content=\"image\/jpeg\" \/>\n<meta name=\"twitter:card\" content=\"summary_large_image\" \/>\n<meta name=\"twitter:label1\" content=\"Estimated reading time\" \/>\n\t<meta name=\"twitter:data1\" content=\"1 minute\" \/>\n<script type=\"application\/ld+json\" class=\"yoast-schema-graph\">{\"@context\":\"https:\/\/schema.org\",\"@graph\":[{\"@type\":\"WebPage\",\"@id\":\"https:\/\/karabatak.com\/urun\/blend-004-charlie-for-my-past-bean-coffee-500-gr\/\",\"url\":\"https:\/\/karabatak.com\/urun\/blend-004-charlie-for-my-past-bean-coffee-500-gr\/\",\"name\":\"BLEND #004 CHARLIE \u00c7EK\u0130RDEK KAHVE 500 GR - Karabatak\",\"isPartOf\":{\"@id\":\"https:\/\/karabatak.com\/#website\"},\"primaryImageOfPage\":{\"@id\":\"https:\/\/karabatak.com\/urun\/blend-004-charlie-for-my-past-bean-coffee-500-gr\/#primaryimage\"},\"image\":{\"@id\":\"https:\/\/karabatak.com\/urun\/blend-004-charlie-for-my-past-bean-coffee-500-gr\/#primaryimage\"},\"thumbnailUrl\":\"https:\/\/karabatak.com\/wp-content\/uploads\/2025\/03\/04-charlie500-01_14.jpg\",\"datePublished\":\"2025-03-28T12:59:11+00:00\",\"dateModified\":\"2026-03-15T20:08:59+00:00\",\"breadcrumb\":{\"@id\":\"https:\/\/karabatak.com\/urun\/blend-004-charlie-for-my-past-bean-coffee-500-gr\/#breadcrumb\"},\"inLanguage\":\"en-GB\",\"potentialAction\":[{\"@type\":\"ReadAction\",\"target\":[\"https:\/\/karabatak.com\/urun\/blend-004-charlie-for-my-past-bean-coffee-500-gr\/\"]}]},{\"@type\":\"ImageObject\",\"inLanguage\":\"en-GB\",\"@id\":\"https:\/\/karabatak.com\/urun\/blend-004-charlie-for-my-past-bean-coffee-500-gr\/#primaryimage\",\"url\":\"https:\/\/karabatak.com\/wp-content\/uploads\/2025\/03\/04-charlie500-01_14.jpg\",\"contentUrl\":\"https:\/\/karabatak.com\/wp-content\/uploads\/2025\/03\/04-charlie500-01_14.jpg\",\"width\":2000,\"height\":2000},{\"@type\":\"BreadcrumbList\",\"@id\":\"https:\/\/karabatak.com\/urun\/blend-004-charlie-for-my-past-bean-coffee-500-gr\/#breadcrumb\",\"itemListElement\":[{\"@type\":\"ListItem\",\"position\":1,\"name\":\"Ma\u011faza\",\"item\":\"https:\/\/karabatak.com\/en\/products\/\"},{\"@type\":\"ListItem\",\"position\":2,\"name\":\"BLEND #004 CHARLIE \u00c7EK\u0130RDEK KAHVE 500 GR\"}]},{\"@type\":\"WebSite\",\"@id\":\"https:\/\/karabatak.com\/#website\",\"url\":\"https:\/\/karabatak.com\/\",\"name\":\"Karabatak\",\"description\":\"Karabatak ve Julius Meinl T\u00fcrkiye Distrib\u00fct\u00f6r\u00fc\",\"publisher\":{\"@id\":\"https:\/\/karabatak.com\/#organization\"},\"potentialAction\":[{\"@type\":\"SearchAction\",\"target\":{\"@type\":\"EntryPoint\",\"urlTemplate\":\"https:\/\/karabatak.com\/?s={search_term_string}\"},\"query-input\":{\"@type\":\"PropertyValueSpecification\",\"valueRequired\":true,\"valueName\":\"search_term_string\"}}],\"inLanguage\":\"en-GB\"},{\"@type\":\"Organization\",\"@id\":\"https:\/\/karabatak.com\/#organization\",\"name\":\"Karabatak\",\"url\":\"https:\/\/karabatak.com\/\",\"logo\":{\"@type\":\"ImageObject\",\"inLanguage\":\"en-GB\",\"@id\":\"https:\/\/karabatak.com\/#\/schema\/logo\/image\/\",\"url\":\"https:\/\/karabatak.com\/wp-content\/uploads\/2023\/05\/logo-100x100-100x100-1.png\",\"contentUrl\":\"https:\/\/karabatak.com\/wp-content\/uploads\/2023\/05\/logo-100x100-100x100-1.png\",\"width\":100,\"height\":100,\"caption\":\"Karabatak\"},\"image\":{\"@id\":\"https:\/\/karabatak.com\/#\/schema\/logo\/image\/\"}}]}<\/script>\n<!-- \/ Yoast SEO plugin. -->","yoast_head_json":{"title":"BLEND #004 CHARLIE \u00c7EK\u0130RDEK KAHVE 500 GR - Karabatak","robots":{"index":"index","follow":"follow","max-snippet":"max-snippet:-1","max-image-preview":"max-image-preview:large","max-video-preview":"max-video-preview:-1"},"canonical":"https:\/\/karabatak.com\/en\/product\/blend-004-charlie-for-my-past-bean-coffee-500-gr\/","og_locale":"en_GB","og_type":"article","og_title":"BLEND #004 CHARLIE \u00c7EK\u0130RDEK KAHVE 500 GR - Karabatak","og_description":"ORTA KAVRULMU\u015e \u00c7EK\u0130RDEK KAHVE TADIM NOTLARI Ahududu, Karamel, Karamelize \u015feker, Narenciye COSTA RICA, COLOMBIA, INDIA &nbsp; &nbsp; &nbsp;","og_url":"https:\/\/karabatak.com\/en\/product\/blend-004-charlie-for-my-past-bean-coffee-500-gr\/","og_site_name":"Karabatak","article_modified_time":"2026-03-15T20:08:59+00:00","og_image":[{"width":2000,"height":2000,"url":"https:\/\/karabatak.com\/wp-content\/uploads\/2025\/03\/04-charlie500-01_14.jpg","type":"image\/jpeg"}],"twitter_card":"summary_large_image","twitter_misc":{"Estimated reading time":"1 minute"},"schema":{"@context":"https:\/\/schema.org","@graph":[{"@type":"WebPage","@id":"https:\/\/karabatak.com\/urun\/blend-004-charlie-for-my-past-bean-coffee-500-gr\/","url":"https:\/\/karabatak.com\/urun\/blend-004-charlie-for-my-past-bean-coffee-500-gr\/","name":"BLEND #004 CHARLIE \u00c7EK\u0130RDEK KAHVE 500 GR - Karabatak","isPartOf":{"@id":"https:\/\/karabatak.com\/#website"},"primaryImageOfPage":{"@id":"https:\/\/karabatak.com\/urun\/blend-004-charlie-for-my-past-bean-coffee-500-gr\/#primaryimage"},"image":{"@id":"https:\/\/karabatak.com\/urun\/blend-004-charlie-for-my-past-bean-coffee-500-gr\/#primaryimage"},"thumbnailUrl":"https:\/\/karabatak.com\/wp-content\/uploads\/2025\/03\/04-charlie500-01_14.jpg","datePublished":"2025-03-28T12:59:11+00:00","dateModified":"2026-03-15T20:08:59+00:00","breadcrumb":{"@id":"https:\/\/karabatak.com\/urun\/blend-004-charlie-for-my-past-bean-coffee-500-gr\/#breadcrumb"},"inLanguage":"en-GB","potentialAction":[{"@type":"ReadAction","target":["https:\/\/karabatak.com\/urun\/blend-004-charlie-for-my-past-bean-coffee-500-gr\/"]}]},{"@type":"ImageObject","inLanguage":"en-GB","@id":"https:\/\/karabatak.com\/urun\/blend-004-charlie-for-my-past-bean-coffee-500-gr\/#primaryimage","url":"https:\/\/karabatak.com\/wp-content\/uploads\/2025\/03\/04-charlie500-01_14.jpg","contentUrl":"https:\/\/karabatak.com\/wp-content\/uploads\/2025\/03\/04-charlie500-01_14.jpg","width":2000,"height":2000},{"@type":"BreadcrumbList","@id":"https:\/\/karabatak.com\/urun\/blend-004-charlie-for-my-past-bean-coffee-500-gr\/#breadcrumb","itemListElement":[{"@type":"ListItem","position":1,"name":"Ma\u011faza","item":"https:\/\/karabatak.com\/en\/products\/"},{"@type":"ListItem","position":2,"name":"BLEND #004 CHARLIE \u00c7EK\u0130RDEK KAHVE 500 GR"}]},{"@type":"WebSite","@id":"https:\/\/karabatak.com\/#website","url":"https:\/\/karabatak.com\/","name":"Karabatak","description":"Karabatak ve Julius Meinl T\u00fcrkiye Distrib\u00fct\u00f6r\u00fc","publisher":{"@id":"https:\/\/karabatak.com\/#organization"},"potentialAction":[{"@type":"SearchAction","target":{"@type":"EntryPoint","urlTemplate":"https:\/\/karabatak.com\/?s={search_term_string}"},"query-input":{"@type":"PropertyValueSpecification","valueRequired":true,"valueName":"search_term_string"}}],"inLanguage":"en-GB"},{"@type":"Organization","@id":"https:\/\/karabatak.com\/#organization","name":"Karabatak","url":"https:\/\/karabatak.com\/","logo":{"@type":"ImageObject","inLanguage":"en-GB","@id":"https:\/\/karabatak.com\/#\/schema\/logo\/image\/","url":"https:\/\/karabatak.com\/wp-content\/uploads\/2023\/05\/logo-100x100-100x100-1.png","contentUrl":"https:\/\/karabatak.com\/wp-content\/uploads\/2023\/05\/logo-100x100-100x100-1.png","width":100,"height":100,"caption":"Karabatak"},"image":{"@id":"https:\/\/karabatak.com\/#\/schema\/logo\/image\/"}}]}},"_links":{"self":[{"href":"https:\/\/karabatak.com\/en\/wp-json\/wp\/v2\/product\/24495","targetHints":{"allow":["GET"]}}],"collection":[{"href":"https:\/\/karabatak.com\/en\/wp-json\/wp\/v2\/product"}],"about":[{"href":"https:\/\/karabatak.com\/en\/wp-json\/wp\/v2\/types\/product"}],"replies":[{"embeddable":true,"href":"https:\/\/karabatak.com\/en\/wp-json\/wp\/v2\/comments?post=24495"}],"wp:featuredmedia":[{"embeddable":true,"href":"https:\/\/karabatak.com\/en\/wp-json\/wp\/v2\/media\/24502"}],"wp:attachment":[{"href":"https:\/\/karabatak.com\/en\/wp-json\/wp\/v2\/media?parent=24495"}],"wp:term":[{"taxonomy":"product_cat","embeddable":true,"href":"https:\/\/karabatak.com\/en\/wp-json\/wp\/v2\/product_cat?post=24495"},{"taxonomy":"product_tag","embeddable":true,"href":"https:\/\/karabatak.com\/en\/wp-json\/wp\/v2\/product_tag?post=24495"}],"curies":[{"name":"wp","href":"https:\/\/api.w.org\/{rel}","templated":true}]}}