{"id":24479,"date":"2025-04-02T10:05:13","date_gmt":"2025-04-02T07:05:13","guid":{"rendered":"https:\/\/karabatak.com\/?post_type=product&#038;p=24479"},"modified":"2025-09-01T15:32:05","modified_gmt":"2025-09-01T12:32:05","slug":"blend-002-karabatak-beautiful-blends-yaz-askim-cekirdek-kahve-250-gr","status":"publish","type":"product","link":"https:\/\/karabatak.com\/en\/product\/blend-002-karabatak-beautiful-blends-summer-love-coffee-beans-250-gr\/","title":{"rendered":"BLEND #002 SUMMER LOVE COFFEE BEANS 250 GR"},"content":{"rendered":"<p style=\"font-weight: 400;\">MEDIUM ROAST \u2013 WHOLE BEANS<\/p>\n<p style=\"font-weight: 400;\">MEDIUM ROASTED COFFEE BEANS<\/p>\n<p style=\"font-weight: 400;\">TASTING NOTES; Caramel Kira, Orange, Cocoa<\/p>\n<p style=\"font-weight: 400;\">GUATEMALA, COLOMBIA, INDIA<\/p>\n<p>&nbsp;<\/p>\n<p><img decoding=\"async\" class=\"alignnone wp-image-24543\" src=\"https:\/\/karabatak.com\/wp-content\/uploads\/2025\/03\/02-yaz-askim-harita.png\" alt=\"\" width=\"445\" height=\"447\" srcset=\"https:\/\/karabatak.com\/wp-content\/uploads\/2025\/03\/02-yaz-askim-harita.png 1831w, https:\/\/karabatak.com\/wp-content\/uploads\/2025\/03\/02-yaz-askim-harita-299x300.png 299w, https:\/\/karabatak.com\/wp-content\/uploads\/2025\/03\/02-yaz-askim-harita-797x800.png 797w, https:\/\/karabatak.com\/wp-content\/uploads\/2025\/03\/02-yaz-askim-harita-150x151.png 150w, https:\/\/karabatak.com\/wp-content\/uploads\/2025\/03\/02-yaz-askim-harita-768x771.png 768w, https:\/\/karabatak.com\/wp-content\/uploads\/2025\/03\/02-yaz-askim-harita-1530x1536.png 1530w, https:\/\/karabatak.com\/wp-content\/uploads\/2025\/03\/02-yaz-askim-harita-12x12.png 12w, https:\/\/karabatak.com\/wp-content\/uploads\/2025\/03\/02-yaz-askim-harita-430x432.png 430w, https:\/\/karabatak.com\/wp-content\/uploads\/2025\/03\/02-yaz-askim-harita-700x703.png 700w\" sizes=\"(max-width: 445px) 100vw, 445px\" \/><\/p>\n<p><img decoding=\"async\" class=\"alignnone wp-image-24542\" src=\"https:\/\/karabatak.com\/wp-content\/uploads\/2025\/03\/02-yaz-askim-bayraklar.png\" alt=\"\" width=\"315\" height=\"105\" srcset=\"https:\/\/karabatak.com\/wp-content\/uploads\/2025\/03\/02-yaz-askim-bayraklar.png 1003w, https:\/\/karabatak.com\/wp-content\/uploads\/2025\/03\/02-yaz-askim-bayraklar-400x134.png 400w, https:\/\/karabatak.com\/wp-content\/uploads\/2025\/03\/02-yaz-askim-bayraklar-768x257.png 768w, https:\/\/karabatak.com\/wp-content\/uploads\/2025\/03\/02-yaz-askim-bayraklar-18x6.png 18w, https:\/\/karabatak.com\/wp-content\/uploads\/2025\/03\/02-yaz-askim-bayraklar-430x144.png 430w, https:\/\/karabatak.com\/wp-content\/uploads\/2025\/03\/02-yaz-askim-bayraklar-700x234.png 700w, https:\/\/karabatak.com\/wp-content\/uploads\/2025\/03\/02-yaz-askim-bayraklar-150x50.png 150w\" sizes=\"(max-width: 315px) 100vw, 315px\" \/><\/p>","protected":false},"excerpt":{"rendered":"<p>MEDIUM ROAST \u2013 WHOLE BEANS MEDIUM ROASTED COFFEE BEANS TASTING NOTES; Caramel Kira, Orange, Cocoa GUATEMALA, COLOMBIA, INDIA &nbsp;<\/p>","protected":false},"featured_media":24480,"comment_status":"open","ping_status":"closed","template":"","meta":[],"product_cat":[209],"product_tag":[],"class_list":{"0":"post-24479","1":"product","2":"type-product","3":"status-publish","4":"has-post-thumbnail","6":"product_cat-karabatak-beautiful-blends","8":"first","9":"instock","10":"taxable","11":"shipping-taxable","12":"purchasable","13":"product-type-simple"},"yoast_head":"<!-- This site is optimized with the Yoast SEO plugin v27.2 - https:\/\/yoast.com\/product\/yoast-seo-wordpress\/ -->\n<title>BLEND #002 YAZ A\u015eKIM \u00c7EK\u0130RDEK KAHVE 250 GR - Karabatak<\/title>\n<meta name=\"robots\" content=\"index, follow, max-snippet:-1, max-image-preview:large, max-video-preview:-1\" \/>\n<link rel=\"canonical\" href=\"https:\/\/karabatak.com\/en\/product\/blend-002-karabatak-beautiful-blends-summer-love-coffee-beans-250-gr\/\" \/>\n<meta property=\"og:locale\" content=\"en_GB\" \/>\n<meta property=\"og:type\" content=\"article\" \/>\n<meta property=\"og:title\" content=\"BLEND #002 YAZ A\u015eKIM \u00c7EK\u0130RDEK KAHVE 250 GR - Karabatak\" \/>\n<meta property=\"og:description\" content=\"MEDIUM ROAST \u2013 WHOLE BEANS ORTA KAVRULMU\u015e \u00c7EK\u0130RDEK KAHVE TADIM NOTLARI; Karameli Kira, Portakal, Kakao GUATEMALA, COLOMBIA, INDIA &nbsp;\" \/>\n<meta property=\"og:url\" content=\"https:\/\/karabatak.com\/en\/product\/blend-002-karabatak-beautiful-blends-summer-love-coffee-beans-250-gr\/\" \/>\n<meta property=\"og:site_name\" content=\"Karabatak\" \/>\n<meta property=\"article:modified_time\" content=\"2025-09-01T12:32:05+00:00\" \/>\n<meta property=\"og:image\" content=\"https:\/\/karabatak.com\/wp-content\/uploads\/2025\/03\/02-yazaskim-01_5.jpg\" \/>\n\t<meta property=\"og:image:width\" content=\"2000\" \/>\n\t<meta property=\"og:image:height\" content=\"2000\" \/>\n\t<meta property=\"og:image:type\" content=\"image\/jpeg\" \/>\n<meta name=\"twitter:card\" content=\"summary_large_image\" \/>\n<meta name=\"twitter:label1\" content=\"Estimated reading time\" \/>\n\t<meta name=\"twitter:data1\" content=\"1 minute\" \/>\n<script type=\"application\/ld+json\" class=\"yoast-schema-graph\">{\"@context\":\"https:\/\/schema.org\",\"@graph\":[{\"@type\":\"WebPage\",\"@id\":\"https:\/\/karabatak.com\/urun\/blend-002-karabatak-beautiful-blends-yaz-askim-cekirdek-kahve-250-gr\/\",\"url\":\"https:\/\/karabatak.com\/urun\/blend-002-karabatak-beautiful-blends-yaz-askim-cekirdek-kahve-250-gr\/\",\"name\":\"BLEND #002 YAZ A\u015eKIM \u00c7EK\u0130RDEK KAHVE 250 GR - Karabatak\",\"isPartOf\":{\"@id\":\"https:\/\/karabatak.com\/#website\"},\"primaryImageOfPage\":{\"@id\":\"https:\/\/karabatak.com\/urun\/blend-002-karabatak-beautiful-blends-yaz-askim-cekirdek-kahve-250-gr\/#primaryimage\"},\"image\":{\"@id\":\"https:\/\/karabatak.com\/urun\/blend-002-karabatak-beautiful-blends-yaz-askim-cekirdek-kahve-250-gr\/#primaryimage\"},\"thumbnailUrl\":\"https:\/\/karabatak.com\/wp-content\/uploads\/2025\/03\/02-yazaskim-01_5.jpg\",\"datePublished\":\"2025-04-02T07:05:13+00:00\",\"dateModified\":\"2025-09-01T12:32:05+00:00\",\"breadcrumb\":{\"@id\":\"https:\/\/karabatak.com\/urun\/blend-002-karabatak-beautiful-blends-yaz-askim-cekirdek-kahve-250-gr\/#breadcrumb\"},\"inLanguage\":\"en-GB\",\"potentialAction\":[{\"@type\":\"ReadAction\",\"target\":[\"https:\/\/karabatak.com\/urun\/blend-002-karabatak-beautiful-blends-yaz-askim-cekirdek-kahve-250-gr\/\"]}]},{\"@type\":\"ImageObject\",\"inLanguage\":\"en-GB\",\"@id\":\"https:\/\/karabatak.com\/urun\/blend-002-karabatak-beautiful-blends-yaz-askim-cekirdek-kahve-250-gr\/#primaryimage\",\"url\":\"https:\/\/karabatak.com\/wp-content\/uploads\/2025\/03\/02-yazaskim-01_5.jpg\",\"contentUrl\":\"https:\/\/karabatak.com\/wp-content\/uploads\/2025\/03\/02-yazaskim-01_5.jpg\",\"width\":2000,\"height\":2000},{\"@type\":\"BreadcrumbList\",\"@id\":\"https:\/\/karabatak.com\/urun\/blend-002-karabatak-beautiful-blends-yaz-askim-cekirdek-kahve-250-gr\/#breadcrumb\",\"itemListElement\":[{\"@type\":\"ListItem\",\"position\":1,\"name\":\"Ma\u011faza\",\"item\":\"https:\/\/karabatak.com\/en\/products\/\"},{\"@type\":\"ListItem\",\"position\":2,\"name\":\"BLEND #002 YAZ A\u015eKIM \u00c7EK\u0130RDEK KAHVE 250 GR\"}]},{\"@type\":\"WebSite\",\"@id\":\"https:\/\/karabatak.com\/#website\",\"url\":\"https:\/\/karabatak.com\/\",\"name\":\"Karabatak\",\"description\":\"Karabatak ve Julius Meinl T\u00fcrkiye Distrib\u00fct\u00f6r\u00fc\",\"publisher\":{\"@id\":\"https:\/\/karabatak.com\/#organization\"},\"potentialAction\":[{\"@type\":\"SearchAction\",\"target\":{\"@type\":\"EntryPoint\",\"urlTemplate\":\"https:\/\/karabatak.com\/?s={search_term_string}\"},\"query-input\":{\"@type\":\"PropertyValueSpecification\",\"valueRequired\":true,\"valueName\":\"search_term_string\"}}],\"inLanguage\":\"en-GB\"},{\"@type\":\"Organization\",\"@id\":\"https:\/\/karabatak.com\/#organization\",\"name\":\"Karabatak\",\"url\":\"https:\/\/karabatak.com\/\",\"logo\":{\"@type\":\"ImageObject\",\"inLanguage\":\"en-GB\",\"@id\":\"https:\/\/karabatak.com\/#\/schema\/logo\/image\/\",\"url\":\"https:\/\/karabatak.com\/wp-content\/uploads\/2023\/05\/logo-100x100-100x100-1.png\",\"contentUrl\":\"https:\/\/karabatak.com\/wp-content\/uploads\/2023\/05\/logo-100x100-100x100-1.png\",\"width\":100,\"height\":100,\"caption\":\"Karabatak\"},\"image\":{\"@id\":\"https:\/\/karabatak.com\/#\/schema\/logo\/image\/\"}}]}<\/script>\n<!-- \/ Yoast SEO plugin. -->","yoast_head_json":{"title":"BLEND #002 YAZ A\u015eKIM \u00c7EK\u0130RDEK KAHVE 250 GR - Karabatak","robots":{"index":"index","follow":"follow","max-snippet":"max-snippet:-1","max-image-preview":"max-image-preview:large","max-video-preview":"max-video-preview:-1"},"canonical":"https:\/\/karabatak.com\/en\/product\/blend-002-karabatak-beautiful-blends-summer-love-coffee-beans-250-gr\/","og_locale":"en_GB","og_type":"article","og_title":"BLEND #002 YAZ A\u015eKIM \u00c7EK\u0130RDEK KAHVE 250 GR - Karabatak","og_description":"MEDIUM ROAST \u2013 WHOLE BEANS ORTA KAVRULMU\u015e \u00c7EK\u0130RDEK KAHVE TADIM NOTLARI; Karameli Kira, Portakal, Kakao GUATEMALA, COLOMBIA, INDIA &nbsp;","og_url":"https:\/\/karabatak.com\/en\/product\/blend-002-karabatak-beautiful-blends-summer-love-coffee-beans-250-gr\/","og_site_name":"Karabatak","article_modified_time":"2025-09-01T12:32:05+00:00","og_image":[{"width":2000,"height":2000,"url":"https:\/\/karabatak.com\/wp-content\/uploads\/2025\/03\/02-yazaskim-01_5.jpg","type":"image\/jpeg"}],"twitter_card":"summary_large_image","twitter_misc":{"Estimated reading time":"1 minute"},"schema":{"@context":"https:\/\/schema.org","@graph":[{"@type":"WebPage","@id":"https:\/\/karabatak.com\/urun\/blend-002-karabatak-beautiful-blends-yaz-askim-cekirdek-kahve-250-gr\/","url":"https:\/\/karabatak.com\/urun\/blend-002-karabatak-beautiful-blends-yaz-askim-cekirdek-kahve-250-gr\/","name":"BLEND #002 YAZ A\u015eKIM \u00c7EK\u0130RDEK KAHVE 250 GR - Karabatak","isPartOf":{"@id":"https:\/\/karabatak.com\/#website"},"primaryImageOfPage":{"@id":"https:\/\/karabatak.com\/urun\/blend-002-karabatak-beautiful-blends-yaz-askim-cekirdek-kahve-250-gr\/#primaryimage"},"image":{"@id":"https:\/\/karabatak.com\/urun\/blend-002-karabatak-beautiful-blends-yaz-askim-cekirdek-kahve-250-gr\/#primaryimage"},"thumbnailUrl":"https:\/\/karabatak.com\/wp-content\/uploads\/2025\/03\/02-yazaskim-01_5.jpg","datePublished":"2025-04-02T07:05:13+00:00","dateModified":"2025-09-01T12:32:05+00:00","breadcrumb":{"@id":"https:\/\/karabatak.com\/urun\/blend-002-karabatak-beautiful-blends-yaz-askim-cekirdek-kahve-250-gr\/#breadcrumb"},"inLanguage":"en-GB","potentialAction":[{"@type":"ReadAction","target":["https:\/\/karabatak.com\/urun\/blend-002-karabatak-beautiful-blends-yaz-askim-cekirdek-kahve-250-gr\/"]}]},{"@type":"ImageObject","inLanguage":"en-GB","@id":"https:\/\/karabatak.com\/urun\/blend-002-karabatak-beautiful-blends-yaz-askim-cekirdek-kahve-250-gr\/#primaryimage","url":"https:\/\/karabatak.com\/wp-content\/uploads\/2025\/03\/02-yazaskim-01_5.jpg","contentUrl":"https:\/\/karabatak.com\/wp-content\/uploads\/2025\/03\/02-yazaskim-01_5.jpg","width":2000,"height":2000},{"@type":"BreadcrumbList","@id":"https:\/\/karabatak.com\/urun\/blend-002-karabatak-beautiful-blends-yaz-askim-cekirdek-kahve-250-gr\/#breadcrumb","itemListElement":[{"@type":"ListItem","position":1,"name":"Ma\u011faza","item":"https:\/\/karabatak.com\/en\/products\/"},{"@type":"ListItem","position":2,"name":"BLEND #002 YAZ A\u015eKIM \u00c7EK\u0130RDEK KAHVE 250 GR"}]},{"@type":"WebSite","@id":"https:\/\/karabatak.com\/#website","url":"https:\/\/karabatak.com\/","name":"Karabatak","description":"Karabatak ve Julius Meinl T\u00fcrkiye Distrib\u00fct\u00f6r\u00fc","publisher":{"@id":"https:\/\/karabatak.com\/#organization"},"potentialAction":[{"@type":"SearchAction","target":{"@type":"EntryPoint","urlTemplate":"https:\/\/karabatak.com\/?s={search_term_string}"},"query-input":{"@type":"PropertyValueSpecification","valueRequired":true,"valueName":"search_term_string"}}],"inLanguage":"en-GB"},{"@type":"Organization","@id":"https:\/\/karabatak.com\/#organization","name":"Karabatak","url":"https:\/\/karabatak.com\/","logo":{"@type":"ImageObject","inLanguage":"en-GB","@id":"https:\/\/karabatak.com\/#\/schema\/logo\/image\/","url":"https:\/\/karabatak.com\/wp-content\/uploads\/2023\/05\/logo-100x100-100x100-1.png","contentUrl":"https:\/\/karabatak.com\/wp-content\/uploads\/2023\/05\/logo-100x100-100x100-1.png","width":100,"height":100,"caption":"Karabatak"},"image":{"@id":"https:\/\/karabatak.com\/#\/schema\/logo\/image\/"}}]}},"_links":{"self":[{"href":"https:\/\/karabatak.com\/en\/wp-json\/wp\/v2\/product\/24479","targetHints":{"allow":["GET"]}}],"collection":[{"href":"https:\/\/karabatak.com\/en\/wp-json\/wp\/v2\/product"}],"about":[{"href":"https:\/\/karabatak.com\/en\/wp-json\/wp\/v2\/types\/product"}],"replies":[{"embeddable":true,"href":"https:\/\/karabatak.com\/en\/wp-json\/wp\/v2\/comments?post=24479"}],"wp:featuredmedia":[{"embeddable":true,"href":"https:\/\/karabatak.com\/en\/wp-json\/wp\/v2\/media\/24480"}],"wp:attachment":[{"href":"https:\/\/karabatak.com\/en\/wp-json\/wp\/v2\/media?parent=24479"}],"wp:term":[{"taxonomy":"product_cat","embeddable":true,"href":"https:\/\/karabatak.com\/en\/wp-json\/wp\/v2\/product_cat?post=24479"},{"taxonomy":"product_tag","embeddable":true,"href":"https:\/\/karabatak.com\/en\/wp-json\/wp\/v2\/product_tag?post=24479"}],"curies":[{"name":"wp","href":"https:\/\/api.w.org\/{rel}","templated":true}]}}