{"id":22462,"date":"2024-07-25T16:04:00","date_gmt":"2024-07-25T13:04:00","guid":{"rendered":"https:\/\/karabatak.com\/?post_type=product&#038;p=22462"},"modified":"2026-04-08T12:11:37","modified_gmt":"2026-04-08T09:11:37","slug":"julius-meinl-premium-modern-cappuccino-cup","status":"publish","type":"product","link":"https:\/\/karabatak.com\/en\/product\/julius-meinl-premium-modern-cappuccino-cup\/","title":{"rendered":"Julius Meinl Premium Modern Cappuccino Cup 6 PCS \/ 1 BOX"},"content":{"rendered":"<p>This premium modern Cappuccino cup from Julius Meinl is perfect for enjoying Italian Cappuccino and other milk coffee recipes.<\/p>\n<p>Volume up to 5.57 oz (165 ml)<\/p>\n<p>Cup diameter: 3.34 inches \/ 8.5 cm<\/p>\n<p>Plate diameter: 5.31 inches \/ 13.5 cm<\/p>\n<p>Height cup: 2.4 inches \/ 6.0 cm<\/p>","protected":false},"excerpt":{"rendered":"<p>This premium modern cappuccino cup from Julius Meinl is perfect for enjoying Italian cappuccino and other milk coffee recipes. 5.57<\/p>","protected":false},"featured_media":22463,"comment_status":"open","ping_status":"closed","template":"","meta":[],"product_cat":[29],"product_tag":[208],"class_list":{"0":"post-22462","1":"product","2":"type-product","3":"status-publish","4":"has-post-thumbnail","6":"product_cat-kahve-aksesuarlari","7":"product_tag-meinl-premium-modern-cappuccino-cup","9":"first","10":"instock","11":"taxable","12":"shipping-taxable","13":"purchasable","14":"product-type-simple"},"yoast_head":"<!-- This site is optimized with the Yoast SEO plugin v27.2 - https:\/\/yoast.com\/product\/yoast-seo-wordpress\/ -->\n<title>Julius Meinl Premium Modern Cappuccino Cup 6 ADET \/ 1 KUTU - Karabatak<\/title>\n<meta name=\"robots\" content=\"index, follow, max-snippet:-1, max-image-preview:large, max-video-preview:-1\" \/>\n<link rel=\"canonical\" href=\"https:\/\/karabatak.com\/en\/product\/julius-meinl-premium-modern-cappuccino-cup\/\" \/>\n<meta property=\"og:locale\" content=\"en_GB\" \/>\n<meta property=\"og:type\" content=\"article\" \/>\n<meta property=\"og:title\" content=\"Julius Meinl Premium Modern Cappuccino Cup 6 ADET \/ 1 KUTU - Karabatak\" \/>\n<meta property=\"og:description\" content=\"Julius Meinl&#8217;in bu birinci s\u0131n\u0131f modern Cappuccino fincan\u0131, \u0130talyan Cappuccino&#8217;sunun ve di\u011fer s\u00fctl\u00fc kahve tariflerinin tad\u0131n\u0131 \u00e7\u0131karmak i\u00e7in m\u00fckemmeldir. 5,57\" \/>\n<meta property=\"og:url\" content=\"https:\/\/karabatak.com\/en\/product\/julius-meinl-premium-modern-cappuccino-cup\/\" \/>\n<meta property=\"og:site_name\" content=\"Karabatak\" \/>\n<meta property=\"article:modified_time\" content=\"2026-04-08T09:11:37+00:00\" \/>\n<meta property=\"og:image\" content=\"https:\/\/karabatak.com\/wp-content\/uploads\/2024\/07\/Premium-Modern-Cappuccino-Cup.png\" \/>\n\t<meta property=\"og:image:width\" content=\"500\" \/>\n\t<meta property=\"og:image:height\" content=\"500\" \/>\n\t<meta property=\"og:image:type\" content=\"image\/png\" \/>\n<meta name=\"twitter:card\" content=\"summary_large_image\" \/>\n<meta name=\"twitter:label1\" content=\"Estimated reading time\" \/>\n\t<meta name=\"twitter:data1\" content=\"1 minute\" \/>\n<script type=\"application\/ld+json\" class=\"yoast-schema-graph\">{\"@context\":\"https:\/\/schema.org\",\"@graph\":[{\"@type\":\"WebPage\",\"@id\":\"https:\/\/karabatak.com\/urun\/julius-meinl-premium-modern-cappuccino-cup\/\",\"url\":\"https:\/\/karabatak.com\/urun\/julius-meinl-premium-modern-cappuccino-cup\/\",\"name\":\"Julius Meinl Premium Modern Cappuccino Cup 6 ADET \/ 1 KUTU - Karabatak\",\"isPartOf\":{\"@id\":\"https:\/\/karabatak.com\/#website\"},\"primaryImageOfPage\":{\"@id\":\"https:\/\/karabatak.com\/urun\/julius-meinl-premium-modern-cappuccino-cup\/#primaryimage\"},\"image\":{\"@id\":\"https:\/\/karabatak.com\/urun\/julius-meinl-premium-modern-cappuccino-cup\/#primaryimage\"},\"thumbnailUrl\":\"https:\/\/karabatak.com\/wp-content\/uploads\/2024\/07\/Premium-Modern-Cappuccino-Cup.png\",\"datePublished\":\"2024-07-25T13:04:00+00:00\",\"dateModified\":\"2026-04-08T09:11:37+00:00\",\"breadcrumb\":{\"@id\":\"https:\/\/karabatak.com\/urun\/julius-meinl-premium-modern-cappuccino-cup\/#breadcrumb\"},\"inLanguage\":\"en-GB\",\"potentialAction\":[{\"@type\":\"ReadAction\",\"target\":[\"https:\/\/karabatak.com\/urun\/julius-meinl-premium-modern-cappuccino-cup\/\"]}]},{\"@type\":\"ImageObject\",\"inLanguage\":\"en-GB\",\"@id\":\"https:\/\/karabatak.com\/urun\/julius-meinl-premium-modern-cappuccino-cup\/#primaryimage\",\"url\":\"https:\/\/karabatak.com\/wp-content\/uploads\/2024\/07\/Premium-Modern-Cappuccino-Cup.png\",\"contentUrl\":\"https:\/\/karabatak.com\/wp-content\/uploads\/2024\/07\/Premium-Modern-Cappuccino-Cup.png\",\"width\":500,\"height\":500},{\"@type\":\"BreadcrumbList\",\"@id\":\"https:\/\/karabatak.com\/urun\/julius-meinl-premium-modern-cappuccino-cup\/#breadcrumb\",\"itemListElement\":[{\"@type\":\"ListItem\",\"position\":1,\"name\":\"Ma\u011faza\",\"item\":\"https:\/\/karabatak.com\/en\/products\/\"},{\"@type\":\"ListItem\",\"position\":2,\"name\":\"Julius Meinl Premium Modern Cappuccino Cup 6 ADET \/ 1 KUTU\"}]},{\"@type\":\"WebSite\",\"@id\":\"https:\/\/karabatak.com\/#website\",\"url\":\"https:\/\/karabatak.com\/\",\"name\":\"Karabatak\",\"description\":\"Karabatak ve Julius Meinl T\u00fcrkiye Distrib\u00fct\u00f6r\u00fc\",\"publisher\":{\"@id\":\"https:\/\/karabatak.com\/#organization\"},\"potentialAction\":[{\"@type\":\"SearchAction\",\"target\":{\"@type\":\"EntryPoint\",\"urlTemplate\":\"https:\/\/karabatak.com\/?s={search_term_string}\"},\"query-input\":{\"@type\":\"PropertyValueSpecification\",\"valueRequired\":true,\"valueName\":\"search_term_string\"}}],\"inLanguage\":\"en-GB\"},{\"@type\":\"Organization\",\"@id\":\"https:\/\/karabatak.com\/#organization\",\"name\":\"Karabatak\",\"url\":\"https:\/\/karabatak.com\/\",\"logo\":{\"@type\":\"ImageObject\",\"inLanguage\":\"en-GB\",\"@id\":\"https:\/\/karabatak.com\/#\/schema\/logo\/image\/\",\"url\":\"https:\/\/karabatak.com\/wp-content\/uploads\/2023\/05\/logo-100x100-100x100-1.png\",\"contentUrl\":\"https:\/\/karabatak.com\/wp-content\/uploads\/2023\/05\/logo-100x100-100x100-1.png\",\"width\":100,\"height\":100,\"caption\":\"Karabatak\"},\"image\":{\"@id\":\"https:\/\/karabatak.com\/#\/schema\/logo\/image\/\"}}]}<\/script>\n<!-- \/ Yoast SEO plugin. -->","yoast_head_json":{"title":"Julius Meinl Premium Modern Cappuccino Cup 6 ADET \/ 1 KUTU - Karabatak","robots":{"index":"index","follow":"follow","max-snippet":"max-snippet:-1","max-image-preview":"max-image-preview:large","max-video-preview":"max-video-preview:-1"},"canonical":"https:\/\/karabatak.com\/en\/product\/julius-meinl-premium-modern-cappuccino-cup\/","og_locale":"en_GB","og_type":"article","og_title":"Julius Meinl Premium Modern Cappuccino Cup 6 ADET \/ 1 KUTU - Karabatak","og_description":"Julius Meinl&#8217;in bu birinci s\u0131n\u0131f modern Cappuccino fincan\u0131, \u0130talyan Cappuccino&#8217;sunun ve di\u011fer s\u00fctl\u00fc kahve tariflerinin tad\u0131n\u0131 \u00e7\u0131karmak i\u00e7in m\u00fckemmeldir. 5,57","og_url":"https:\/\/karabatak.com\/en\/product\/julius-meinl-premium-modern-cappuccino-cup\/","og_site_name":"Karabatak","article_modified_time":"2026-04-08T09:11:37+00:00","og_image":[{"width":500,"height":500,"url":"https:\/\/karabatak.com\/wp-content\/uploads\/2024\/07\/Premium-Modern-Cappuccino-Cup.png","type":"image\/png"}],"twitter_card":"summary_large_image","twitter_misc":{"Estimated reading time":"1 minute"},"schema":{"@context":"https:\/\/schema.org","@graph":[{"@type":"WebPage","@id":"https:\/\/karabatak.com\/urun\/julius-meinl-premium-modern-cappuccino-cup\/","url":"https:\/\/karabatak.com\/urun\/julius-meinl-premium-modern-cappuccino-cup\/","name":"Julius Meinl Premium Modern Cappuccino Cup 6 ADET \/ 1 KUTU - Karabatak","isPartOf":{"@id":"https:\/\/karabatak.com\/#website"},"primaryImageOfPage":{"@id":"https:\/\/karabatak.com\/urun\/julius-meinl-premium-modern-cappuccino-cup\/#primaryimage"},"image":{"@id":"https:\/\/karabatak.com\/urun\/julius-meinl-premium-modern-cappuccino-cup\/#primaryimage"},"thumbnailUrl":"https:\/\/karabatak.com\/wp-content\/uploads\/2024\/07\/Premium-Modern-Cappuccino-Cup.png","datePublished":"2024-07-25T13:04:00+00:00","dateModified":"2026-04-08T09:11:37+00:00","breadcrumb":{"@id":"https:\/\/karabatak.com\/urun\/julius-meinl-premium-modern-cappuccino-cup\/#breadcrumb"},"inLanguage":"en-GB","potentialAction":[{"@type":"ReadAction","target":["https:\/\/karabatak.com\/urun\/julius-meinl-premium-modern-cappuccino-cup\/"]}]},{"@type":"ImageObject","inLanguage":"en-GB","@id":"https:\/\/karabatak.com\/urun\/julius-meinl-premium-modern-cappuccino-cup\/#primaryimage","url":"https:\/\/karabatak.com\/wp-content\/uploads\/2024\/07\/Premium-Modern-Cappuccino-Cup.png","contentUrl":"https:\/\/karabatak.com\/wp-content\/uploads\/2024\/07\/Premium-Modern-Cappuccino-Cup.png","width":500,"height":500},{"@type":"BreadcrumbList","@id":"https:\/\/karabatak.com\/urun\/julius-meinl-premium-modern-cappuccino-cup\/#breadcrumb","itemListElement":[{"@type":"ListItem","position":1,"name":"Ma\u011faza","item":"https:\/\/karabatak.com\/en\/products\/"},{"@type":"ListItem","position":2,"name":"Julius Meinl Premium Modern Cappuccino Cup 6 ADET \/ 1 KUTU"}]},{"@type":"WebSite","@id":"https:\/\/karabatak.com\/#website","url":"https:\/\/karabatak.com\/","name":"Karabatak","description":"Karabatak ve Julius Meinl T\u00fcrkiye Distrib\u00fct\u00f6r\u00fc","publisher":{"@id":"https:\/\/karabatak.com\/#organization"},"potentialAction":[{"@type":"SearchAction","target":{"@type":"EntryPoint","urlTemplate":"https:\/\/karabatak.com\/?s={search_term_string}"},"query-input":{"@type":"PropertyValueSpecification","valueRequired":true,"valueName":"search_term_string"}}],"inLanguage":"en-GB"},{"@type":"Organization","@id":"https:\/\/karabatak.com\/#organization","name":"Karabatak","url":"https:\/\/karabatak.com\/","logo":{"@type":"ImageObject","inLanguage":"en-GB","@id":"https:\/\/karabatak.com\/#\/schema\/logo\/image\/","url":"https:\/\/karabatak.com\/wp-content\/uploads\/2023\/05\/logo-100x100-100x100-1.png","contentUrl":"https:\/\/karabatak.com\/wp-content\/uploads\/2023\/05\/logo-100x100-100x100-1.png","width":100,"height":100,"caption":"Karabatak"},"image":{"@id":"https:\/\/karabatak.com\/#\/schema\/logo\/image\/"}}]}},"_links":{"self":[{"href":"https:\/\/karabatak.com\/en\/wp-json\/wp\/v2\/product\/22462","targetHints":{"allow":["GET"]}}],"collection":[{"href":"https:\/\/karabatak.com\/en\/wp-json\/wp\/v2\/product"}],"about":[{"href":"https:\/\/karabatak.com\/en\/wp-json\/wp\/v2\/types\/product"}],"replies":[{"embeddable":true,"href":"https:\/\/karabatak.com\/en\/wp-json\/wp\/v2\/comments?post=22462"}],"wp:featuredmedia":[{"embeddable":true,"href":"https:\/\/karabatak.com\/en\/wp-json\/wp\/v2\/media\/22463"}],"wp:attachment":[{"href":"https:\/\/karabatak.com\/en\/wp-json\/wp\/v2\/media?parent=22462"}],"wp:term":[{"taxonomy":"product_cat","embeddable":true,"href":"https:\/\/karabatak.com\/en\/wp-json\/wp\/v2\/product_cat?post=22462"},{"taxonomy":"product_tag","embeddable":true,"href":"https:\/\/karabatak.com\/en\/wp-json\/wp\/v2\/product_tag?post=22462"}],"curies":[{"name":"wp","href":"https:\/\/api.w.org\/{rel}","templated":true}]}}