{"id":21734,"date":"2024-05-02T09:45:21","date_gmt":"2024-05-02T06:45:21","guid":{"rendered":"https:\/\/karabatak.com\/?post_type=product&#038;p=21734"},"modified":"2026-01-16T14:52:41","modified_gmt":"2026-01-16T11:52:41","slug":"julius-meinl-surdurulebilir-kapakli-kahve-bardagi","status":"publish","type":"product","link":"https:\/\/karabatak.com\/en\/product\/julius-meinl-sustainable-coffee-mug-with-lid\/","title":{"rendered":"Julius Meinl Sustainable Coffee Mug with Lid"},"content":{"rendered":"<p>No time for coffee, tea, or cocoa? No problem\u2014make one with our eco-friendly Julius Meinl mug. Reusable and with a 360\u00b0 accessible spout, it&#039;s made from recycled paper cups and recycled plastic.<\/p>","protected":false},"excerpt":{"rendered":"<p>No time for coffee, tea, or cocoa? No problem; make one with our eco-friendly Julius Meinl mug. Reusable<\/p>","protected":false},"featured_media":21738,"comment_status":"open","ping_status":"closed","template":"","meta":[],"product_cat":[29],"product_tag":[],"class_list":{"0":"post-21734","1":"product","2":"type-product","3":"status-publish","4":"has-post-thumbnail","6":"product_cat-kahve-aksesuarlari","8":"first","9":"instock","10":"taxable","11":"shipping-taxable","12":"purchasable","13":"product-type-simple"},"yoast_head":"<!-- This site is optimized with the Yoast SEO plugin v27.2 - https:\/\/yoast.com\/product\/yoast-seo-wordpress\/ -->\n<title>Julius Meinl S\u00fcrd\u00fcr\u00fclebilir Kapakl\u0131 Kahve Barda\u011f\u0131 - Karabatak<\/title>\n<meta name=\"robots\" content=\"index, follow, max-snippet:-1, max-image-preview:large, max-video-preview:-1\" \/>\n<link rel=\"canonical\" href=\"https:\/\/karabatak.com\/en\/product\/julius-meinl-sustainable-coffee-mug-with-lid\/\" \/>\n<meta property=\"og:locale\" content=\"en_GB\" \/>\n<meta property=\"og:type\" content=\"article\" \/>\n<meta property=\"og:title\" content=\"Julius Meinl S\u00fcrd\u00fcr\u00fclebilir Kapakl\u0131 Kahve Barda\u011f\u0131 - Karabatak\" \/>\n<meta property=\"og:description\" content=\"Kahve, \u00e7ay veya kakaoya vaktiniz mi yok? Hi\u00e7 sorun de\u011fil; \u00e7evre dostu Julius Meinl kupam\u0131zla bir tane yap\u0131n. Yeniden kullan\u0131labilir\" \/>\n<meta property=\"og:url\" content=\"https:\/\/karabatak.com\/en\/product\/julius-meinl-sustainable-coffee-mug-with-lid\/\" \/>\n<meta property=\"og:site_name\" content=\"Karabatak\" \/>\n<meta property=\"article:modified_time\" content=\"2026-01-16T11:52:41+00:00\" \/>\n<meta property=\"og:image\" content=\"https:\/\/karabatak.com\/wp-content\/uploads\/2024\/05\/Julius-Meinl-Surdurulebilir-Kapakli-Kahve-Bardagi-1.webp\" \/>\n\t<meta property=\"og:image:width\" content=\"430\" \/>\n\t<meta property=\"og:image:height\" content=\"430\" \/>\n\t<meta property=\"og:image:type\" content=\"image\/webp\" \/>\n<meta name=\"twitter:card\" content=\"summary_large_image\" \/>\n<meta name=\"twitter:label1\" content=\"Estimated reading time\" \/>\n\t<meta name=\"twitter:data1\" content=\"1 minute\" \/>\n<script type=\"application\/ld+json\" class=\"yoast-schema-graph\">{\"@context\":\"https:\/\/schema.org\",\"@graph\":[{\"@type\":\"WebPage\",\"@id\":\"https:\/\/karabatak.com\/urun\/julius-meinl-surdurulebilir-kapakli-kahve-bardagi\/\",\"url\":\"https:\/\/karabatak.com\/urun\/julius-meinl-surdurulebilir-kapakli-kahve-bardagi\/\",\"name\":\"Julius Meinl S\u00fcrd\u00fcr\u00fclebilir Kapakl\u0131 Kahve Barda\u011f\u0131 - Karabatak\",\"isPartOf\":{\"@id\":\"https:\/\/karabatak.com\/#website\"},\"primaryImageOfPage\":{\"@id\":\"https:\/\/karabatak.com\/urun\/julius-meinl-surdurulebilir-kapakli-kahve-bardagi\/#primaryimage\"},\"image\":{\"@id\":\"https:\/\/karabatak.com\/urun\/julius-meinl-surdurulebilir-kapakli-kahve-bardagi\/#primaryimage\"},\"thumbnailUrl\":\"https:\/\/karabatak.com\/wp-content\/uploads\/2024\/05\/Julius-Meinl-Surdurulebilir-Kapakli-Kahve-Bardagi-1.webp\",\"datePublished\":\"2024-05-02T06:45:21+00:00\",\"dateModified\":\"2026-01-16T11:52:41+00:00\",\"breadcrumb\":{\"@id\":\"https:\/\/karabatak.com\/urun\/julius-meinl-surdurulebilir-kapakli-kahve-bardagi\/#breadcrumb\"},\"inLanguage\":\"en-GB\",\"potentialAction\":[{\"@type\":\"ReadAction\",\"target\":[\"https:\/\/karabatak.com\/urun\/julius-meinl-surdurulebilir-kapakli-kahve-bardagi\/\"]}]},{\"@type\":\"ImageObject\",\"inLanguage\":\"en-GB\",\"@id\":\"https:\/\/karabatak.com\/urun\/julius-meinl-surdurulebilir-kapakli-kahve-bardagi\/#primaryimage\",\"url\":\"https:\/\/karabatak.com\/wp-content\/uploads\/2024\/05\/Julius-Meinl-Surdurulebilir-Kapakli-Kahve-Bardagi-1.webp\",\"contentUrl\":\"https:\/\/karabatak.com\/wp-content\/uploads\/2024\/05\/Julius-Meinl-Surdurulebilir-Kapakli-Kahve-Bardagi-1.webp\",\"width\":430,\"height\":430},{\"@type\":\"BreadcrumbList\",\"@id\":\"https:\/\/karabatak.com\/urun\/julius-meinl-surdurulebilir-kapakli-kahve-bardagi\/#breadcrumb\",\"itemListElement\":[{\"@type\":\"ListItem\",\"position\":1,\"name\":\"Ma\u011faza\",\"item\":\"https:\/\/karabatak.com\/en\/products\/\"},{\"@type\":\"ListItem\",\"position\":2,\"name\":\"Julius Meinl S\u00fcrd\u00fcr\u00fclebilir Kapakl\u0131 Kahve Barda\u011f\u0131\"}]},{\"@type\":\"WebSite\",\"@id\":\"https:\/\/karabatak.com\/#website\",\"url\":\"https:\/\/karabatak.com\/\",\"name\":\"Karabatak\",\"description\":\"Karabatak ve Julius Meinl T\u00fcrkiye Distrib\u00fct\u00f6r\u00fc\",\"publisher\":{\"@id\":\"https:\/\/karabatak.com\/#organization\"},\"potentialAction\":[{\"@type\":\"SearchAction\",\"target\":{\"@type\":\"EntryPoint\",\"urlTemplate\":\"https:\/\/karabatak.com\/?s={search_term_string}\"},\"query-input\":{\"@type\":\"PropertyValueSpecification\",\"valueRequired\":true,\"valueName\":\"search_term_string\"}}],\"inLanguage\":\"en-GB\"},{\"@type\":\"Organization\",\"@id\":\"https:\/\/karabatak.com\/#organization\",\"name\":\"Karabatak\",\"url\":\"https:\/\/karabatak.com\/\",\"logo\":{\"@type\":\"ImageObject\",\"inLanguage\":\"en-GB\",\"@id\":\"https:\/\/karabatak.com\/#\/schema\/logo\/image\/\",\"url\":\"https:\/\/karabatak.com\/wp-content\/uploads\/2023\/05\/logo-100x100-100x100-1.png\",\"contentUrl\":\"https:\/\/karabatak.com\/wp-content\/uploads\/2023\/05\/logo-100x100-100x100-1.png\",\"width\":100,\"height\":100,\"caption\":\"Karabatak\"},\"image\":{\"@id\":\"https:\/\/karabatak.com\/#\/schema\/logo\/image\/\"}}]}<\/script>\n<!-- \/ Yoast SEO plugin. -->","yoast_head_json":{"title":"Julius Meinl S\u00fcrd\u00fcr\u00fclebilir Kapakl\u0131 Kahve Barda\u011f\u0131 - Karabatak","robots":{"index":"index","follow":"follow","max-snippet":"max-snippet:-1","max-image-preview":"max-image-preview:large","max-video-preview":"max-video-preview:-1"},"canonical":"https:\/\/karabatak.com\/en\/product\/julius-meinl-sustainable-coffee-mug-with-lid\/","og_locale":"en_GB","og_type":"article","og_title":"Julius Meinl S\u00fcrd\u00fcr\u00fclebilir Kapakl\u0131 Kahve Barda\u011f\u0131 - Karabatak","og_description":"Kahve, \u00e7ay veya kakaoya vaktiniz mi yok? Hi\u00e7 sorun de\u011fil; \u00e7evre dostu Julius Meinl kupam\u0131zla bir tane yap\u0131n. Yeniden kullan\u0131labilir","og_url":"https:\/\/karabatak.com\/en\/product\/julius-meinl-sustainable-coffee-mug-with-lid\/","og_site_name":"Karabatak","article_modified_time":"2026-01-16T11:52:41+00:00","og_image":[{"width":430,"height":430,"url":"https:\/\/karabatak.com\/wp-content\/uploads\/2024\/05\/Julius-Meinl-Surdurulebilir-Kapakli-Kahve-Bardagi-1.webp","type":"image\/webp"}],"twitter_card":"summary_large_image","twitter_misc":{"Estimated reading time":"1 minute"},"schema":{"@context":"https:\/\/schema.org","@graph":[{"@type":"WebPage","@id":"https:\/\/karabatak.com\/urun\/julius-meinl-surdurulebilir-kapakli-kahve-bardagi\/","url":"https:\/\/karabatak.com\/urun\/julius-meinl-surdurulebilir-kapakli-kahve-bardagi\/","name":"Julius Meinl S\u00fcrd\u00fcr\u00fclebilir Kapakl\u0131 Kahve Barda\u011f\u0131 - Karabatak","isPartOf":{"@id":"https:\/\/karabatak.com\/#website"},"primaryImageOfPage":{"@id":"https:\/\/karabatak.com\/urun\/julius-meinl-surdurulebilir-kapakli-kahve-bardagi\/#primaryimage"},"image":{"@id":"https:\/\/karabatak.com\/urun\/julius-meinl-surdurulebilir-kapakli-kahve-bardagi\/#primaryimage"},"thumbnailUrl":"https:\/\/karabatak.com\/wp-content\/uploads\/2024\/05\/Julius-Meinl-Surdurulebilir-Kapakli-Kahve-Bardagi-1.webp","datePublished":"2024-05-02T06:45:21+00:00","dateModified":"2026-01-16T11:52:41+00:00","breadcrumb":{"@id":"https:\/\/karabatak.com\/urun\/julius-meinl-surdurulebilir-kapakli-kahve-bardagi\/#breadcrumb"},"inLanguage":"en-GB","potentialAction":[{"@type":"ReadAction","target":["https:\/\/karabatak.com\/urun\/julius-meinl-surdurulebilir-kapakli-kahve-bardagi\/"]}]},{"@type":"ImageObject","inLanguage":"en-GB","@id":"https:\/\/karabatak.com\/urun\/julius-meinl-surdurulebilir-kapakli-kahve-bardagi\/#primaryimage","url":"https:\/\/karabatak.com\/wp-content\/uploads\/2024\/05\/Julius-Meinl-Surdurulebilir-Kapakli-Kahve-Bardagi-1.webp","contentUrl":"https:\/\/karabatak.com\/wp-content\/uploads\/2024\/05\/Julius-Meinl-Surdurulebilir-Kapakli-Kahve-Bardagi-1.webp","width":430,"height":430},{"@type":"BreadcrumbList","@id":"https:\/\/karabatak.com\/urun\/julius-meinl-surdurulebilir-kapakli-kahve-bardagi\/#breadcrumb","itemListElement":[{"@type":"ListItem","position":1,"name":"Ma\u011faza","item":"https:\/\/karabatak.com\/en\/products\/"},{"@type":"ListItem","position":2,"name":"Julius Meinl S\u00fcrd\u00fcr\u00fclebilir Kapakl\u0131 Kahve Barda\u011f\u0131"}]},{"@type":"WebSite","@id":"https:\/\/karabatak.com\/#website","url":"https:\/\/karabatak.com\/","name":"Karabatak","description":"Karabatak ve Julius Meinl T\u00fcrkiye Distrib\u00fct\u00f6r\u00fc","publisher":{"@id":"https:\/\/karabatak.com\/#organization"},"potentialAction":[{"@type":"SearchAction","target":{"@type":"EntryPoint","urlTemplate":"https:\/\/karabatak.com\/?s={search_term_string}"},"query-input":{"@type":"PropertyValueSpecification","valueRequired":true,"valueName":"search_term_string"}}],"inLanguage":"en-GB"},{"@type":"Organization","@id":"https:\/\/karabatak.com\/#organization","name":"Karabatak","url":"https:\/\/karabatak.com\/","logo":{"@type":"ImageObject","inLanguage":"en-GB","@id":"https:\/\/karabatak.com\/#\/schema\/logo\/image\/","url":"https:\/\/karabatak.com\/wp-content\/uploads\/2023\/05\/logo-100x100-100x100-1.png","contentUrl":"https:\/\/karabatak.com\/wp-content\/uploads\/2023\/05\/logo-100x100-100x100-1.png","width":100,"height":100,"caption":"Karabatak"},"image":{"@id":"https:\/\/karabatak.com\/#\/schema\/logo\/image\/"}}]}},"_links":{"self":[{"href":"https:\/\/karabatak.com\/en\/wp-json\/wp\/v2\/product\/21734","targetHints":{"allow":["GET"]}}],"collection":[{"href":"https:\/\/karabatak.com\/en\/wp-json\/wp\/v2\/product"}],"about":[{"href":"https:\/\/karabatak.com\/en\/wp-json\/wp\/v2\/types\/product"}],"replies":[{"embeddable":true,"href":"https:\/\/karabatak.com\/en\/wp-json\/wp\/v2\/comments?post=21734"}],"wp:featuredmedia":[{"embeddable":true,"href":"https:\/\/karabatak.com\/en\/wp-json\/wp\/v2\/media\/21738"}],"wp:attachment":[{"href":"https:\/\/karabatak.com\/en\/wp-json\/wp\/v2\/media?parent=21734"}],"wp:term":[{"taxonomy":"product_cat","embeddable":true,"href":"https:\/\/karabatak.com\/en\/wp-json\/wp\/v2\/product_cat?post=21734"},{"taxonomy":"product_tag","embeddable":true,"href":"https:\/\/karabatak.com\/en\/wp-json\/wp\/v2\/product_tag?post=21734"}],"curies":[{"name":"wp","href":"https:\/\/api.w.org\/{rel}","templated":true}]}}