{"id":19593,"date":"2024-01-05T16:53:05","date_gmt":"2024-01-05T13:53:05","guid":{"rendered":"https:\/\/karabatak.com\/?post_type=product&#038;p=19593"},"modified":"2026-04-08T15:47:45","modified_gmt":"2026-04-08T12:47:45","slug":"julius-meinl-jubilaum-cekirdek-kahve-500g","status":"publish","type":"product","link":"https:\/\/karabatak.com\/en\/product\/julius-meinl-jubilaum-coffee-beans-500g\/","title":{"rendered":"JULIUS MEINL JUBILAUM COFFEE BEANS 500 GR"},"content":{"rendered":"<p class=\"MsoNormal\"><span style=\"font-size: 16.0pt; mso-bidi-font-size: 11.0pt; line-height: 107%;\"><span style=\"font-size: 18px;\"><span style=\"font-family: Arial;\"><b>Julius Meinl Jubilaum Coffee Beans \u2013 500gr<\/b><\/span><\/span><\/span><\/p>\n<p class=\"MsoNormal\"><span style=\"color: #ff0000; font-family: Arial;\"><span style=\"font-size: 14px;\">First Class Coffee from 1962 to the Present<\/span><\/span><\/p>\n<p class=\"MsoNormal\"><span style=\"font-size: 14px; font-family: Arial;\">This Premium coffee from Julius Meinl is rich with citrus<br \/>\nIt is a special blend with a soft taste containing aromas and floral nuances.<br \/>\nIn 1962, it was specially organized in Vienna to celebrate Julius Meinl&#039;s 100th birthday.<br \/>\nblended.<\/span><\/p>\n<p>&nbsp;<\/p>\n<p>&nbsp;<\/p>\n<p class=\"MsoNormal\"><span style=\"font-size: 14px; line-height: 107%;\"><span style=\"font-family: Arial;\">This premium specialty coffee is light-medium roasted and is one of the world&#039;s<br \/>\nArabica and coffee collected from the high plateaus where the most delicious coffees grow<br \/>\nBlended from Robusta beans. The beans in it are from Central America.<br \/>\nand originates from Papua New Guinea.<\/span><\/span><\/p>\n<p class=\"MsoNormal\"><span style=\"font-size: 10.0pt; mso-bidi-font-size: 11.0pt; line-height: 107%;\"><span style=\"font-family: Arial;\"><span style=\"font-size: 14px;\"><br \/>\n<\/span><!--[endif]--><\/span><\/span><\/p>\n<p>&nbsp;<\/p>\n<p>&nbsp;<\/p>\n<p class=\"MsoNormal\"><span style=\"font-size: 14px; line-height: 107%;\"><span style=\"font-family: Arial;\">It is soft and has high acidity, leaving a fresh taste in the mouth.<br \/>\nIt has a sweet taste.<\/span><\/span><\/p>\n<p style=\"margin-bottom: 0px; -webkit-font-smoothing: antialiased; font-size: 11pt;\"><span style=\"font-size: 12px;\"><span style=\"font-family: Arial;\"><b>Bean<\/b><\/span><\/span><span style=\"color: #323130;\"><span style=\"font-size: 12px;\">\u00a0 \u00a0 \u00a0 \u00a0 \u00a0 \u00a0 \u00a0 \u00a0 \u00a0 \u00a0 \u00a0 \u00a0 \u00a0 \u00a0 \u00a0\u00a0<\/span><\/span><span lang=\"en-US\" style=\"color: inherit; font-style: inherit; font-variant: inherit; -webkit-font-smoothing: antialiased; margin: 0px; padding: 0px; border: 0px; font-stretch: inherit; font-size: 12px; line-height: inherit; vertical-align: baseline;\"><span style=\"color: #000000; font-family: Arial; font-size: 12px;\">:\u00a0 \u00a0 \u00a0\u00a0<\/span><\/span><span style=\"color: #323130;\"><span style=\"width: 129.399px; height: 58.1701px;\"><img decoding=\"async\" style=\"width: 129.399px; height: 58.1701px;\" src=\"https:\/\/karabatak.com\/image\/catalog\/menuicin\/robusta.png\" \/><\/span><\/span><span lang=\"en-US\" style=\"color: inherit; font-style: inherit; font-variant: inherit; -webkit-font-smoothing: antialiased; margin: 0px; padding: 0px; border: 0px; font-stretch: inherit; font-size: 12px; line-height: inherit; vertical-align: baseline;\"><span style=\"color: #000000; font-family: Arial; font-size: 12px;\">\u00a0 \u00a0 \u00a0 \u00a0<\/span><\/span><span style=\"color: #323130; font-family: Arial;\"><span style=\"font-size: 12px;\"><b><br \/>\n<\/b><\/span><\/span><\/p>\n<p style=\"margin-bottom: 0px; -webkit-font-smoothing: antialiased; color: #323130; font-size: 11pt;\"><span style=\"font-size: 13px; color: #2f171f; font-family: Arial;\"><span style=\"font-size: 12px;\"><b>Roasting Level 1-6\u00a0<\/b><\/span><\/span><span style=\"color: #000000; font-size: 12px;\">\u00a0 \u00a0 \u00a0\u00a0<\/span><span style=\"font-size: 12px;\">\u00a0<\/span><span style=\"font-family: Arial;\"><span style=\"font-size: 12px;\">:\u00a0<\/span><\/span><img decoding=\"async\" style=\"width: 158.183px; height: 47.4548px;\" src=\"https:\/\/karabatak.com\/image\/catalog\/menuicin\/2derece.png\" \/><\/p>\n<p style=\"margin-bottom: 0px; -webkit-font-smoothing: antialiased; color: #323130; font-size: 11pt;\"><span style=\"font-family: Arial;\"><b><span style=\"font-size: 12px;\">Acidity<\/span><\/b><\/span><span style=\"font-size: 12px;\">\u00a0\u00a0\u00a0\u00a0<\/span><span style=\"font-size: 12px;\">\u00a0 \u00a0 \u00a0 \u00a0 \u00a0 \u00a0 \u00a0 \u00a0 \u00a0 \u00a0 \u00a0 \u00a0 \u00a0 \u00a0 \u00a0:\u00a0<\/span><img decoding=\"async\" style=\"width: 142.667px; height: 47.9186px;\" src=\"https:\/\/karabatak.com\/image\/catalog\/menuicin\/5.png\" \/><\/p>\n<p style=\"margin-bottom: 0px; -webkit-font-smoothing: antialiased; color: #323130;\"><span style=\"font-family: Arial;\"><span style=\"font-size: 12px;\"><b>Flavors<\/b><\/span><\/span><span style=\"font-size: 11pt;\"><span style=\"font-size: 12px;\">\u00a0<\/span><span style=\"font-size: 12px;\">\u00a0\u00a0\u00a0\u00a0<\/span><span style=\"font-size: 12px;\">\u00a0 \u00a0 \u00a0 \u00a0 \u00a0 \u00a0 \u00a0 \u00a0 \u00a0 \u00a0 \u00a0 \u00a0 \u00a0 \u00a0 \u00a0 \u00a0\u00a0<\/span><span style=\"font-size: 12px;\">:\u00a0\u00a0<\/span><\/span><img decoding=\"async\" style=\"width: 144.333px; height: 51.6229px;\" src=\"https:\/\/karabatak.com\/image\/catalog\/menuicin\/6.png\" \/><\/p>\n<p style=\"margin-bottom: 0px; -webkit-font-smoothing: antialiased; color: #323130;\"><b><span style=\"font-size: 12px;\">Body<\/span><\/b><span style=\"font-size: 12px;\">\u00a0 \u00a0 \u00a0 \u00a0 \u00a0 \u00a0 \u00a0 \u00a0 \u00a0 \u00a0 \u00a0 \u00a0 \u00a0 \u00a0 \u00a0 \u00a0 \u00a0 \u00a0 :\u00a0 <\/span><img decoding=\"async\" style=\"width: 140.122px; height: 45.5817px;\" src=\"https:\/\/karabatak.com\/image\/catalog\/menuicin\/7.png\" \/><\/p>\n<p style=\"margin-bottom: 0px; -webkit-font-smoothing: antialiased; color: #323130; font-size: 11pt;\"><span style=\"font-family: Arial;\"><span style=\"font-size: 12px;\"><b>Cream<\/b><\/span><span style=\"font-size: 12px;\">\u00a0 \u00a0 \u00a0 \u00a0 \u00a0 \u00a0 \u00a0 \u00a0 \u00a0 \u00a0 \u00a0 \u00a0 \u00a0 \u00a0 \u00a0\u00a0<\/span><\/span><span style=\"font-family: Helvetica, Arial, sans-serif; font-size: 12px;\">\u00a0 \u00a0<\/span><span style=\"font-family: Helvetica, Arial, sans-serif; font-size: 12px;\">\u00a0<\/span><span style=\"font-size: 11pt; font-family: Arial;\"><span style=\"font-size: 12px;\">\u00a0<\/span><span style=\"font-size: 14px;\"><span style=\"font-size: 12px;\">:<\/span><b><span style=\"font-size: 12px;\">\u00a0<\/span><\/b><\/span><span style=\"font-size: 12px;\">\u00a0<\/span><\/span><span style=\"font-family: Arial; font-size: 12px; color: #000000;\">Thin Cream<\/span><\/p>\n<p style=\"margin-bottom: 0px; -webkit-font-smoothing: antialiased;\"><span style=\"color: #323130; font-size: 11pt; font-family: Arial;\"><span style=\"font-size: 12px;\"><b>Aroma<\/b><\/span><span style=\"font-size: 12px;\">\u00a0 \u00a0 \u00a0 \u00a0 \u00a0 \u00a0 \u00a0 \u00a0 \u00a0 \u00a0 \u00a0 \u00a0 \u00a0 \u00a0\u00a0<\/span><\/span><span style=\"color: #323130; font-size: 12px; font-family: Helvetica, Arial, sans-serif;\">\u00a0 \u00a0<\/span><span style=\"color: #323130; font-size: 12px; font-family: Helvetica, Arial, sans-serif;\">\u00a0<\/span><span style=\"color: #323130; font-size: 11pt; font-family: Arial;\"><span style=\"font-size: 12px;\">\u00a0 \u00a0<\/span><span style=\"font-size: 12px;\">:\u00a0\u00a0<\/span><\/span><span style=\"color: #323130; font-family: Arial;\"><span style=\"font-size: 12px;\">Rich citrus,\u00a0<\/span><\/span><span style=\"font-size: 12px; color: #323130; font-family: Arial;\">floral nuances<\/span><\/p>\n<p style=\"margin-bottom: 0px; -webkit-font-smoothing: antialiased;\"><span style=\"color: #323130; font-size: 11pt; font-family: Arial;\"><span style=\"font-size: 14px;\"><b><span style=\"font-size: 12px;\">Flavor\u00a0<\/span><\/b><span style=\"font-size: 12px;\">\u00a0 \u00a0 \u00a0 \u00a0 \u00a0 \u00a0 \u00a0 \u00a0 \u00a0 \u00a0 \u00a0 \u00a0 \u00a0<\/span><\/span><\/span><span style=\"color: #323130; font-size: 12px; font-family: Helvetica, Arial, sans-serif;\">\u00a0 \u00a0<\/span><span style=\"color: #323130; font-size: 12px; font-family: Helvetica, Arial, sans-serif;\">\u00a0<\/span><span style=\"color: #323130; font-size: 11pt; font-family: Arial;\"><span style=\"font-size: 12px;\">\u00a0\u00a0 \u00a0\u00a0<\/span><span style=\"font-size: 14px;\"><span style=\"font-size: 12px;\">:\u00a0<\/span><span style=\"font-size: 12px;\">\u00a0<\/span><\/span><\/span><span style=\"font-family: Arial;\"><span style=\"font-size: 12px;\">Soft &amp;\u00a0<\/span><\/span><span style=\"font-size: 12px; font-family: Arial;\">acidic\u00a0<\/span><span style=\"font-size: 12px; font-family: Arial;\">taste<\/span><\/p>\n<p style=\"margin-bottom: 0px; -webkit-font-smoothing: antialiased;\"><span style=\"font-size: 12px; font-family: Arial;\">\u00a0<\/span><\/p>\n<p style=\"margin-bottom: 0px; -webkit-font-smoothing: antialiased; color: #323130; font-size: 11pt;\"><span style=\"font-size: 14.6667px;\">\u00a0<\/span><img decoding=\"async\" style=\"font-size: 14.6667px; width: 54.5781px; height: 54.5781px;\" src=\"https:\/\/karabatak.com\/image\/catalog\/icon\/esicons.png\" \/><span style=\"font-size: 11pt;\">\u00a0 \u00a0\u00a0<\/span><img decoding=\"async\" style=\"color: #000000; font-size: 23px; width: 64.8125px; height: 66.0589px;\" src=\"https:\/\/karabatak.com\/image\/catalog\/kavrum%20icon\/yar.png\" \/><\/p>\n<p style=\"margin-bottom: 0px; -webkit-font-smoothing: antialiased; color: #323130; font-size: 11pt;\"><span style=\"color: #2f171f; font-family: Arial; font-size: 12px;\">Coffee Beans:<\/span><span style=\"color: #000000; font-family: Arial; font-size: 12px;\">\u00a0<\/span><span style=\"color: #000000; font-family: Arial; font-size: 12px;\">500 grams\u00a0<\/span><\/p>\n<p style=\"margin-bottom: 0px; -webkit-font-smoothing: antialiased;\"><span style=\"font-family: Arial;\"><span style=\"font-size: 12px;\">\u00a0<\/span><\/span><\/p>\n<p style=\"margin-bottom: 0px; -webkit-font-smoothing: antialiased;\"><span style=\"font-family: Arial;\"><span style=\"font-size: 12px;\">Our products are limited to stock.<\/span><\/span><\/p>\n<p style=\"margin-bottom: 0px; -webkit-font-smoothing: antialiased; color: #323130; font-size: 11pt;\">","protected":false},"excerpt":{"rendered":"<p>Julius Meinl Jubilaum Bean Coffee \u2013 500gr First Class Coffee from 1962 to the Present This Premium coffee from Julius Meinl, rich<\/p>","protected":false},"featured_media":21271,"comment_status":"open","ping_status":"closed","template":"","meta":[],"product_cat":[33],"product_tag":[],"class_list":{"0":"post-19593","1":"product","2":"type-product","3":"status-publish","4":"has-post-thumbnail","6":"product_cat-julius-meinl-kahveleri","7":"pa_tur-cekirdek","9":"first","10":"instock","11":"taxable","12":"shipping-taxable","13":"purchasable","14":"product-type-simple"},"yoast_head":"<!-- This site is optimized with the Yoast SEO plugin v27.2 - https:\/\/yoast.com\/product\/yoast-seo-wordpress\/ -->\n<title>JULIUS MEINL JUBILAUM \u00c7EK\u0130RDEK KAHVE 500 GR - Karabatak<\/title>\n<meta name=\"robots\" content=\"index, follow, max-snippet:-1, max-image-preview:large, max-video-preview:-1\" \/>\n<link rel=\"canonical\" href=\"https:\/\/karabatak.com\/en\/product\/julius-meinl-jubilaum-coffee-beans-500g\/\" \/>\n<meta property=\"og:locale\" content=\"en_GB\" \/>\n<meta property=\"og:type\" content=\"article\" \/>\n<meta property=\"og:title\" content=\"JULIUS MEINL JUBILAUM \u00c7EK\u0130RDEK KAHVE 500 GR - Karabatak\" \/>\n<meta property=\"og:description\" content=\"Julius Meinl Jubilaum \u00c7ekirdek Kahve &#8211; 500gr 1962&#8242; den G\u00fcn\u00fcm\u00fcze uzanan Birinci S\u0131n\u0131f Kahve Julius Meinl&#8217;\u0131n bu Premium kahvesi, zengin\" \/>\n<meta property=\"og:url\" content=\"https:\/\/karabatak.com\/en\/product\/julius-meinl-jubilaum-coffee-beans-500g\/\" \/>\n<meta property=\"og:site_name\" content=\"Karabatak\" \/>\n<meta property=\"article:modified_time\" content=\"2026-04-08T12:47:45+00:00\" \/>\n<meta property=\"og:image\" content=\"https:\/\/karabatak.com\/wp-content\/uploads\/2024\/01\/Adsiz-tasarim-14.png\" \/>\n\t<meta property=\"og:image:width\" content=\"500\" \/>\n\t<meta property=\"og:image:height\" content=\"500\" \/>\n\t<meta property=\"og:image:type\" content=\"image\/png\" \/>\n<meta name=\"twitter:card\" content=\"summary_large_image\" \/>\n<meta name=\"twitter:label1\" content=\"Estimated reading time\" \/>\n\t<meta name=\"twitter:data1\" content=\"3 minutes\" \/>\n<script type=\"application\/ld+json\" class=\"yoast-schema-graph\">{\"@context\":\"https:\/\/schema.org\",\"@graph\":[{\"@type\":\"WebPage\",\"@id\":\"https:\/\/karabatak.com\/urun\/julius-meinl-jubilaum-cekirdek-kahve-500g\/\",\"url\":\"https:\/\/karabatak.com\/urun\/julius-meinl-jubilaum-cekirdek-kahve-500g\/\",\"name\":\"JULIUS MEINL JUBILAUM \u00c7EK\u0130RDEK KAHVE 500 GR - Karabatak\",\"isPartOf\":{\"@id\":\"https:\/\/karabatak.com\/#website\"},\"primaryImageOfPage\":{\"@id\":\"https:\/\/karabatak.com\/urun\/julius-meinl-jubilaum-cekirdek-kahve-500g\/#primaryimage\"},\"image\":{\"@id\":\"https:\/\/karabatak.com\/urun\/julius-meinl-jubilaum-cekirdek-kahve-500g\/#primaryimage\"},\"thumbnailUrl\":\"https:\/\/karabatak.com\/wp-content\/uploads\/2024\/01\/Adsiz-tasarim-14.png\",\"datePublished\":\"2024-01-05T13:53:05+00:00\",\"dateModified\":\"2026-04-08T12:47:45+00:00\",\"breadcrumb\":{\"@id\":\"https:\/\/karabatak.com\/urun\/julius-meinl-jubilaum-cekirdek-kahve-500g\/#breadcrumb\"},\"inLanguage\":\"en-GB\",\"potentialAction\":[{\"@type\":\"ReadAction\",\"target\":[\"https:\/\/karabatak.com\/urun\/julius-meinl-jubilaum-cekirdek-kahve-500g\/\"]}]},{\"@type\":\"ImageObject\",\"inLanguage\":\"en-GB\",\"@id\":\"https:\/\/karabatak.com\/urun\/julius-meinl-jubilaum-cekirdek-kahve-500g\/#primaryimage\",\"url\":\"https:\/\/karabatak.com\/wp-content\/uploads\/2024\/01\/Adsiz-tasarim-14.png\",\"contentUrl\":\"https:\/\/karabatak.com\/wp-content\/uploads\/2024\/01\/Adsiz-tasarim-14.png\",\"width\":500,\"height\":500},{\"@type\":\"BreadcrumbList\",\"@id\":\"https:\/\/karabatak.com\/urun\/julius-meinl-jubilaum-cekirdek-kahve-500g\/#breadcrumb\",\"itemListElement\":[{\"@type\":\"ListItem\",\"position\":1,\"name\":\"Ma\u011faza\",\"item\":\"https:\/\/karabatak.com\/en\/products\/\"},{\"@type\":\"ListItem\",\"position\":2,\"name\":\"JULIUS MEINL JUBILAUM \u00c7EK\u0130RDEK KAHVE 500 GR\"}]},{\"@type\":\"WebSite\",\"@id\":\"https:\/\/karabatak.com\/#website\",\"url\":\"https:\/\/karabatak.com\/\",\"name\":\"Karabatak\",\"description\":\"Karabatak ve Julius Meinl T\u00fcrkiye Distrib\u00fct\u00f6r\u00fc\",\"publisher\":{\"@id\":\"https:\/\/karabatak.com\/#organization\"},\"potentialAction\":[{\"@type\":\"SearchAction\",\"target\":{\"@type\":\"EntryPoint\",\"urlTemplate\":\"https:\/\/karabatak.com\/?s={search_term_string}\"},\"query-input\":{\"@type\":\"PropertyValueSpecification\",\"valueRequired\":true,\"valueName\":\"search_term_string\"}}],\"inLanguage\":\"en-GB\"},{\"@type\":\"Organization\",\"@id\":\"https:\/\/karabatak.com\/#organization\",\"name\":\"Karabatak\",\"url\":\"https:\/\/karabatak.com\/\",\"logo\":{\"@type\":\"ImageObject\",\"inLanguage\":\"en-GB\",\"@id\":\"https:\/\/karabatak.com\/#\/schema\/logo\/image\/\",\"url\":\"https:\/\/karabatak.com\/wp-content\/uploads\/2023\/05\/logo-100x100-100x100-1.png\",\"contentUrl\":\"https:\/\/karabatak.com\/wp-content\/uploads\/2023\/05\/logo-100x100-100x100-1.png\",\"width\":100,\"height\":100,\"caption\":\"Karabatak\"},\"image\":{\"@id\":\"https:\/\/karabatak.com\/#\/schema\/logo\/image\/\"}}]}<\/script>\n<!-- \/ Yoast SEO plugin. -->","yoast_head_json":{"title":"JULIUS MEINL JUBILAUM \u00c7EK\u0130RDEK KAHVE 500 GR - Karabatak","robots":{"index":"index","follow":"follow","max-snippet":"max-snippet:-1","max-image-preview":"max-image-preview:large","max-video-preview":"max-video-preview:-1"},"canonical":"https:\/\/karabatak.com\/en\/product\/julius-meinl-jubilaum-coffee-beans-500g\/","og_locale":"en_GB","og_type":"article","og_title":"JULIUS MEINL JUBILAUM \u00c7EK\u0130RDEK KAHVE 500 GR - Karabatak","og_description":"Julius Meinl Jubilaum \u00c7ekirdek Kahve &#8211; 500gr 1962&#8242; den G\u00fcn\u00fcm\u00fcze uzanan Birinci S\u0131n\u0131f Kahve Julius Meinl&#8217;\u0131n bu Premium kahvesi, zengin","og_url":"https:\/\/karabatak.com\/en\/product\/julius-meinl-jubilaum-coffee-beans-500g\/","og_site_name":"Karabatak","article_modified_time":"2026-04-08T12:47:45+00:00","og_image":[{"width":500,"height":500,"url":"https:\/\/karabatak.com\/wp-content\/uploads\/2024\/01\/Adsiz-tasarim-14.png","type":"image\/png"}],"twitter_card":"summary_large_image","twitter_misc":{"Estimated reading time":"3 minutes"},"schema":{"@context":"https:\/\/schema.org","@graph":[{"@type":"WebPage","@id":"https:\/\/karabatak.com\/urun\/julius-meinl-jubilaum-cekirdek-kahve-500g\/","url":"https:\/\/karabatak.com\/urun\/julius-meinl-jubilaum-cekirdek-kahve-500g\/","name":"JULIUS MEINL JUBILAUM \u00c7EK\u0130RDEK KAHVE 500 GR - Karabatak","isPartOf":{"@id":"https:\/\/karabatak.com\/#website"},"primaryImageOfPage":{"@id":"https:\/\/karabatak.com\/urun\/julius-meinl-jubilaum-cekirdek-kahve-500g\/#primaryimage"},"image":{"@id":"https:\/\/karabatak.com\/urun\/julius-meinl-jubilaum-cekirdek-kahve-500g\/#primaryimage"},"thumbnailUrl":"https:\/\/karabatak.com\/wp-content\/uploads\/2024\/01\/Adsiz-tasarim-14.png","datePublished":"2024-01-05T13:53:05+00:00","dateModified":"2026-04-08T12:47:45+00:00","breadcrumb":{"@id":"https:\/\/karabatak.com\/urun\/julius-meinl-jubilaum-cekirdek-kahve-500g\/#breadcrumb"},"inLanguage":"en-GB","potentialAction":[{"@type":"ReadAction","target":["https:\/\/karabatak.com\/urun\/julius-meinl-jubilaum-cekirdek-kahve-500g\/"]}]},{"@type":"ImageObject","inLanguage":"en-GB","@id":"https:\/\/karabatak.com\/urun\/julius-meinl-jubilaum-cekirdek-kahve-500g\/#primaryimage","url":"https:\/\/karabatak.com\/wp-content\/uploads\/2024\/01\/Adsiz-tasarim-14.png","contentUrl":"https:\/\/karabatak.com\/wp-content\/uploads\/2024\/01\/Adsiz-tasarim-14.png","width":500,"height":500},{"@type":"BreadcrumbList","@id":"https:\/\/karabatak.com\/urun\/julius-meinl-jubilaum-cekirdek-kahve-500g\/#breadcrumb","itemListElement":[{"@type":"ListItem","position":1,"name":"Ma\u011faza","item":"https:\/\/karabatak.com\/en\/products\/"},{"@type":"ListItem","position":2,"name":"JULIUS MEINL JUBILAUM \u00c7EK\u0130RDEK KAHVE 500 GR"}]},{"@type":"WebSite","@id":"https:\/\/karabatak.com\/#website","url":"https:\/\/karabatak.com\/","name":"Karabatak","description":"Karabatak ve Julius Meinl T\u00fcrkiye Distrib\u00fct\u00f6r\u00fc","publisher":{"@id":"https:\/\/karabatak.com\/#organization"},"potentialAction":[{"@type":"SearchAction","target":{"@type":"EntryPoint","urlTemplate":"https:\/\/karabatak.com\/?s={search_term_string}"},"query-input":{"@type":"PropertyValueSpecification","valueRequired":true,"valueName":"search_term_string"}}],"inLanguage":"en-GB"},{"@type":"Organization","@id":"https:\/\/karabatak.com\/#organization","name":"Karabatak","url":"https:\/\/karabatak.com\/","logo":{"@type":"ImageObject","inLanguage":"en-GB","@id":"https:\/\/karabatak.com\/#\/schema\/logo\/image\/","url":"https:\/\/karabatak.com\/wp-content\/uploads\/2023\/05\/logo-100x100-100x100-1.png","contentUrl":"https:\/\/karabatak.com\/wp-content\/uploads\/2023\/05\/logo-100x100-100x100-1.png","width":100,"height":100,"caption":"Karabatak"},"image":{"@id":"https:\/\/karabatak.com\/#\/schema\/logo\/image\/"}}]}},"_links":{"self":[{"href":"https:\/\/karabatak.com\/en\/wp-json\/wp\/v2\/product\/19593","targetHints":{"allow":["GET"]}}],"collection":[{"href":"https:\/\/karabatak.com\/en\/wp-json\/wp\/v2\/product"}],"about":[{"href":"https:\/\/karabatak.com\/en\/wp-json\/wp\/v2\/types\/product"}],"replies":[{"embeddable":true,"href":"https:\/\/karabatak.com\/en\/wp-json\/wp\/v2\/comments?post=19593"}],"wp:featuredmedia":[{"embeddable":true,"href":"https:\/\/karabatak.com\/en\/wp-json\/wp\/v2\/media\/21271"}],"wp:attachment":[{"href":"https:\/\/karabatak.com\/en\/wp-json\/wp\/v2\/media?parent=19593"}],"wp:term":[{"taxonomy":"product_cat","embeddable":true,"href":"https:\/\/karabatak.com\/en\/wp-json\/wp\/v2\/product_cat?post=19593"},{"taxonomy":"product_tag","embeddable":true,"href":"https:\/\/karabatak.com\/en\/wp-json\/wp\/v2\/product_tag?post=19593"}],"curies":[{"name":"wp","href":"https:\/\/api.w.org\/{rel}","templated":true}]}}