{"id":15186,"date":"2023-08-28T12:50:33","date_gmt":"2023-08-28T09:50:33","guid":{"rendered":"http:\/\/karabatak.com\/urun\/trend-collection-caffe-crema-intenso\/"},"modified":"2026-04-09T15:27:09","modified_gmt":"2026-04-09T12:27:09","slug":"trend-collection-caffe-crema-intenso","status":"publish","type":"product","link":"https:\/\/karabatak.com\/en\/product\/trend-collection-caffe-crema-intenso\/","title":{"rendered":"TREND COLLECTION CAFFE CREMA INTENSO 1 KG COFFEE BEANS"},"content":{"rendered":"<p><b>TREND COLLECTION CAFF\u00c8 CREMA INTENSO\u00a0<\/b><\/p>\n<p>This rich blend, made with selected beans from South America and Asia, has a full and powerful aroma, a long-lasting taste, and a very creamy foam. It is ideal for preparing with milk.<\/p>\n<p style=\"margin-bottom: 0px; -webkit-font-smoothing: antialiased; color: #323130; font-size: 11pt;\"><span lang=\"en-US\" style=\"color: inherit; font-style: inherit; font-variant: inherit; -webkit-font-smoothing: antialiased; margin: 0px; padding: 0px; border: 0px; font-stretch: inherit; font-size: 12px; line-height: inherit; vertical-align: baseline;\"><span style=\"color: #000000; font-family: Arial; font-size: 12px;\"><b>Bean<\/b><\/span><\/span><span style=\"font-size: 12px;\">\u00a0\u00a0<\/span><span style=\"font-size: 12px;\">\u00a0\u00a0\u00a0\u00a0 \u00a0 \u00a0 \u00a0\u00a0\u00a0\u00a0\u00a0\u00a0\u00a0 <\/span><span lang=\"en-US\" style=\"color: inherit; font-style: inherit; font-variant: inherit; -webkit-font-smoothing: antialiased; margin: 0px; padding: 0px; border: 0px; font-stretch: inherit; font-size: 12px; line-height: inherit; vertical-align: baseline;\"><span style=\"color: #000000; font-family: Arial; font-size: 12px;\">:\u00a0 \u00a0 \u00a0 \u00a0 \u00a0 \u00a0 \u00a0<\/span><\/span><img decoding=\"async\" style=\"width: 92.1167px; height: 41.0791px;\" src=\"https:\/\/www.karabatak.com\/image\/catalog\/menuicin\/robusta.png\" \/><span style=\"font-family: Arial;\"><span style=\"font-size: 12px;\"><b><br \/>\n<\/b><\/span><\/span><\/p>\n<p style=\"margin-bottom: 0px; -webkit-font-smoothing: antialiased; color: #323130; font-size: 11pt;\"><span style=\"font-size: 13px; color: #2f171f; font-family: Arial;\"><span style=\"font-size: 12px;\"><b>Roasting Level 1-6<\/b><\/span><\/span><span style=\"font-size: 13px; color: #2f171f; font-family: Arial;\"><span style=\"font-size: 12px;\"><b>\u00a0<\/b><\/span><\/span><span style=\"color: #000000; font-size: 12px;\">\u00a0 \u00a0\u00a0<\/span> <span style=\"font-family: Arial;\"><span style=\"font-size: 12px;\">:\u00a0\u00a0<\/span><\/span><img decoding=\"async\" style=\"width: 131.096px; height: 44px;\" src=\"https:\/\/www.karabatak.com\/image\/catalog\/menuicin\/3derece.png\" \/><\/p>\n<p style=\"margin-bottom: 0px; -webkit-font-smoothing: antialiased; color: #323130; font-size: 11pt;\"><span style=\"font-family: Arial;\"><b><span style=\"font-size: 12px;\">Acidity<\/span><\/b><\/span><span style=\"font-size: 12px;\">\u00a0\u00a0\u00a0\u00a0<\/span><span style=\"font-size: 12px;\">\u00a0\u00a0 \u00a0\u00a0 \u00a0 \u00a0\u00a0\u00a0 \u00a0 :\u00a0\u00a0<\/span><img decoding=\"async\" src=\"data:image\/png;base64,iVBORw0KGgoAAAANSUhEUgAAAIEAAAAtCAYAAACJfgjFAAAACXBIWXMAAA7EAAAOxAGVKw4bAAANRklEQVR4Xu1be4wdVRmfc8487vvuq7vddlvYUsBCY7VEilbENpJGjSIgUYz8odUgSgQ1MRpIykuFRAyCMRrQhNQQMQ0Q\/wGxiroCUmutLRVbKIhAC213e3fva97H7ztz7925c2fuo92Fpcw0s9OdOc\/v9zu\/7zuPlaT4ii0QWyC2QGyB2AKxBWILxBaILRBbILZAbIHYArEFYgvEFogtULMAiS1xaljgwL79aygnSeiNCrfAlcOTSpLruC7rXzz84qLhgZfDeiufGiY4dXpRmi4p1enSEomQBpgCVEIk13XlZCY5lRvIH\/b3+Mjrb+Qfue\/Bu5lFT4dkI4A+4urAbVFC9Iqu8\/Uf33A9\/B6T4O1Alf27912594877pK1pORKEo7sBNwupWSmWq3Iq9+\/5vvw+w\/8fZGJ7CblBAgBGSGEaCgBcDGgjgrsSScdYiuUeW9DrlgJ5pEZb7zy+siuJ3bcyKiU4IRrUBUlnLjEdhnLJg6t23ThzelMutTUBC4x7vJ+l3PAEnDzoKOuRPtcGNvcdVEhAlmgUIlTSIt1iCzoD6AIYAI+XRn+C54hJsGcwP30E099kVesYRiZJo5QLNSyrez4qpUPj6087Vl\/JUZJHzq0\/39XUkYGXeKhKUMOIIEkD2X+5br8tmCjKKNVgTrA6PrGLiJIsAzu+fsWHvhAJoI8kAzS+5IjH0Kvd7wSvHbwv+MHdu69gamJiktcBtZ3LMPKjJ01\/siqNef+1m+1cqlMHv75ti+XJ4+vBbBgVENqyoyqUZZzQ317IW0TCYhCbZagJmWK0GZEEDRbcmBIM41VCCV2CJyg4N5bb0R7TBBg+l9EIRr1nvN3Fglmjk8re5\/edR3nPAOGlrjjai6R9fd8cO2duXy2SX6Lx4vjB3f9ZzNLZkCFXQIoSUZFl1LZ3CtgzyYSQNBFkolEwUmmdCqzHMGhSiEip840U5gVMkAJtEGGuxauw8iELELqXY6y3uqnQQAa5TSRofE2zLdH+ntfmyJngm8rJdj9zD83vfD3Pd\/W1JThEuroVT1\/wcXrv3HaqtP\/4QfA1I3s8zuf\/aptueNIApBdiSjKkXPOW\/0LSNdEAspkiyXTJtGSquaA\/SF+IjaRZFkph8kugEfgBr8NaWtwQdQObhf1N\/Rq9sU4oGch6wa8WSfvFT9Lkt7UYGGT4NGtD91aODJ9vqIlDb1SPP2s9517z\/kbPnBvsI9WUR8uvFpYr6R0G61nVE1m6UY+mI4SytVE5jhl9lJCqQr6y6ksGeCbWw1Iuetw21FBogWwqBzcBXfamjSVTvNt9zyIU6\/ZC7AH+cB34SNUyIU\/vZjv4QsR5oURreVdM3wLhwTTM9OJv\/1u4nLbcCqO7ZRHxpfsWHfRBQV\/B168795bChN\/+YScSh91HDe17JqvfWbovWteC3ayWq4uK00XV6mqxaulmTFTt1qAxTyUgo9V5AJI8QhaVlbYFE6fQwxJYHRSlGKQAWFrGH3wozWoAmGGgJ17gAhn4KGJqh0x0BrvPS8vLvTtXYLTQLReVW\/jObyebhRl7pUAzNb\/+ouvfdot2lnbtPREIvFL6M1D\/h7J27dfqf76wZXo\/Aw02KWXr4RHCwkwImYy66OMpQDgEpNpMdQyOH1COGtdhhELUgtTo9YLO4yg4AjF7xiTR4OEQ98blfWyMF9U+jCDIwmifHXA+I1kUcB1AjSqnk75IkkQOXfsRE8YNKqqamNqUlsmJ9lyVWED\/jwzx45pZqU6iBVgWIpE0I8cuWBmpoCLH00XuFNQboCfmwSGsAytDQmyRBYMlkWbQQGErMLiSISkQuTNBQlwpuRC+tZIXCAnQm74hiXW1lsJMaHkZtmfbTFmCNqtnQpEGb8TaJ0gmLPvJxMYMpDbQZDdvMNdAyLrM+qt2nf7D\/e9fNuPMumlo4dTn79qUiaKRI1in77\/uc2Hv\/v07Yd3PHPx6PnrttfTg0ojAhYgrMETQnQPvPDLD05t8t2aEA2MwNaBx2coCWpZPaWYnUZF+fh6TUEStBvVJzzQekC5G9cy9+5ANNBbocKZEy5VNpRAcc3E4uu+8rHc+PJ9hccf+6g1VRjPfvhDj6VHRl9SH\/jVb\/jU8fMgX4MEAD6KhQHOOSNKbcOA5u8izg5LX3MFKPGi70iA6OCt1hlfte2MigUGB0+nNveAZ+hiUKf83ajKPJFgtmkKEEEsZ1pGmb7yk59W5Gxi+tBllxqFL2xWaS4rFX88JKnbf59X1NRhlYto2nehEKBvFxqP8h3Z4E7WmB3ZwqfXjYNP\/+\/+YroxoD993cM1dQAHQ0TbTrYvwWLDyhM+rYNt5j4mqFUognS4tUYTwL1LiqryYmlRasPGx5c8+eR65V2rJHLweSmhKhWYhsm8daVMrIoi+nChKrTrUPBbu4CsLsX1Z5fBW\/Q6e0Tb2rX3zXAHaLe3hAR+yZxdkoQFbts0866iWPlrr73k+JYtW809e6SRv06cRxTZth0r49KWoAs74BHBI1U7w\/mXP9sFXf4Ri2V2Ipb\/e70tYYMrrBxMHzVLmWsSRPWjUz3zogR1icXCGxEacVwGQWIVp+WHPrLBmbz\/\/hU0m5UKN215Sq+WclxlJVieCTZYlFGzOBPrL+EXvg+SICoyx3R1343PKIXBfgS\/tVOjsLZFpa+TO0qpw8rqNKJ7Kcufdt5iAgSgDooAwyGEMS47GpW5e8UVf1A3bhhxijMZJickLZEua0pyirpUCfTEH+a3MxySJ7iVGiXx0C7iJ0G70e0\/wFF3Sb0YG20QpQRRGzfYz17jkag24fu3SAkIzOdxxQ7m1dAIMbeHNXqzcrQwsPPWOx8\/VKqkC5xUZ\/IDR6dSyTf23HTLn17atu0GnpFfau6NmKPXmdouyEGw0pjXs57IF0WC4EISEi9q5DW5CyhQbMO3s3jgWxQJEJiTmYaHNaGdSvbQ5NmkJ9FAsBHujjlwjs0mDKZ3ggS2w+myr1+znhcKI8euvfoJ888TwqLIktxd99w9dvNnvzS44uz9\/tYy11EglIBdGAVLNHG\/J6I3eNKmwfjaoYsQsMTGe6OM2v+QBC2jpZZIFkvKPhpCAb0Yu507aCfvvRCtE8CdlCAy\/4mTALbFqcYmXZsnKIVFPkbF7lwKlAAez8FC0v7KaWcc0aWJYQXsiVbKrDnn0SABxHimkuUyUnDBhcAGgV1TlrBGi\/aKCaX3tT7\/D6blADzuBfivCHfQpEIifU1eejFqOxJ0Aq+l7b1mqDW5UywRSbgTJoGSkgsbL9u0GZbvcT3fUTXlqL\/xuBBgDvQdrAwPD6v5PsmAXZosl8SpmeBVNQ1SNgxD5eQFQzdHYS8i3I+i+4FLbAZBnVgF3GFLzLha6K1F4FKWxwYkRehmkx95X9siD2GEdCEq3ggBphNWHSkQ5dI6kXbuSZBSUzjy\/x3VZMe2pNGbb7qEbrkRTt\/IEDvwaiLXH0qCtReuu8OsWlncQXBNS+kbHTwQVi7MOmBjyTkGVrBhu8ECMhTQfQTTDiwedLZ+72ewSQzpJBekHredmAmnOVpIAG4MVAoPc+E\/5An6BeGPopaum07+eLsPwuF0Le14yAQq6ARaRzYEEnRi19yToFMLNUVFgzepQ1SeM9es2tOpPPx+xrvPfmDx2OIJJiuwUQybxI5rLV+5\/NWwvCxBDsAspAy7Ejk488EkVXsV7F4JpkU8bBuOFMiwx8Q5xbVMC4ISCFAi9hrEtrPnM8QtbI9EDEtfX6X0AdTAohel8Tc7DMx2M6p63shNrhN2B92ANtdpBhYN6FDm892U+7lvXX1VqVBE4wh\/jUc7cv3ZFtehKKycG0g9CcfLyhCN9MNJJEtL6oqW0JrO9tfrFAdIcODXlspq6FaADLhbHrywPvyW9jYrPb3B7TJUM3jT3RmE5vlSFAkWnhJ0A9R8p8n0QRTSfvdQWrH67N3F6ekNEJ3iwVEG+IBaczeTz4UqgUH0SUeyDoB7wR1PKJ+CS+IGOJ4WtwQqY0PMVAQKpj1J8CYtsKCGZ12qmUymxeVA3XAYxu9bkDRNuIeRoKOqQLVvvjuYb4DnsvxsPo8Y4d1uu1lUedGnNn4TQk5cr8ANLwcs6+LxtaUrlrW4PkqYLivaczLhaSBAFqcsTOIW+JoCnDoOdZWgErDeBsDDMTdxzElc+DvELXBHKE7zOoUPbt+s99RwB3MJ\/ImWtXRsbLLbvGMrxw5NHp78JGCXg8DY2yYHBQAClCGmqUjXh\/gPy2KmrkMy1hTHwgl3ydANOK3utLi0moOBU+0AuRejeNRBWUPH47mhMHcl0r2tYoJujb+Q0g2ODuIsqvmvjNo0cGh40b6z1p57h6wm0C3lISnGEwYowzHTNPnQkuHdweww6YGdOTuJp6TrixyCCvADpmaSbVl4eDbyoE5MgoXEGGjLitVn7oXHd3pqFqzX9i8ZmmA2WQ7Aj0BeXB1F11YEEkwZli6p6UTL2c6GYvRUWZx4wVoA\/gYjBbIPkUQjqKwftDUTCa3rNYwF28G4YbEFYgvEFogtEFsgtsC8W+D\/8rXZ57+sy7EAAAAASUVORK5CYII=\" \/><\/p>\n<p style=\"margin-bottom: 0px; -webkit-font-smoothing: antialiased; color: #323130;\"><span style=\"font-family: Arial;\"><span style=\"font-size: 12px;\"><b>Flavors<\/b><\/span><\/span><span style=\"font-size: 11pt;\"><span style=\"font-size: 12px;\">\u00a0\u00a0\u00a0\u00a0<\/span><span style=\"font-size: 12px;\">\u00a0 \u00a0\u00a0\u00a0\u00a0\u00a0\u00a0\u00a0\u00a0\u00a0\u00a0\u00a0\u00a0\u00a0 <\/span><span style=\"font-size: 12px;\">:\u00a0 \u00a0<\/span><img decoding=\"async\" src=\"https:\/\/www.karabatak.com\/image\/catalog\/menuicin\/4.png\" \/><\/span><\/p>\n<p style=\"margin-bottom: 0px; -webkit-font-smoothing: antialiased; color: #323130;\"><span style=\"font-family: Arial;\"><b><span style=\"font-size: 12px;\">Intensity\u00a0\u00a0\u00a0\u00a0\u00a0\u00a0\u00a0\u00a0\u00a0\u00a0\u00a0\u00a0\u00a0\u00a0 <\/span><\/b><\/span><span style=\"font-size: 12px;\"><span style=\"font-family: Arial;\">:<\/span>\u00a0 \u00a0<\/span><img decoding=\"async\" src=\"https:\/\/www.karabatak.com\/image\/catalog\/menuicin\/8.png\" \/><\/p>\n<p style=\"margin-bottom: 0px; -webkit-font-smoothing: antialiased; color: #323130; font-size: 11pt;\"><span style=\"font-family: Arial;\"><span style=\"font-size: 12px;\"><b>Aroma<\/b><\/span><span style=\"font-size: 12px;\">\u00a0 \u00a0 \u00a0 \u00a0 \u00a0 \u00a0 \u00a0 \u00a0 \u00a0 \u00a0<\/span><span style=\"font-size: 12px;\">: Tastes like toast<br \/>\n<\/span><\/span><\/p>\n<p style=\"margin-bottom: 0px; -webkit-font-smoothing: antialiased; color: #323130; font-size: 11pt;\"><span style=\"color: #323130; font-size: 11pt; font-family: Arial;\"><span style=\"font-size: 14px;\"><b><span style=\"font-size: 12px;\">Flavor<\/span><\/b><\/span><\/span><span style=\"font-family: Arial;\"><span style=\"font-size: 12px;\"><b>\u00a0\u00a0\u00a0\u00a0\u00a0\u00a0\u00a0\u00a0\u00a0\u00a0\u00a0\u00a0\u00a0\u00a0\u00a0\u00a0\u00a0\u00a0 <\/b>: Balanced with chocolate taste.<\/span><\/span><\/p>\n<p style=\"margin-bottom: 0px; -webkit-font-smoothing: antialiased; color: #323130; font-size: 11pt;\"><span style=\"font-size: 14.6667px;\">\u00a0<\/span><img decoding=\"async\" style=\"font-size: 14.6667px; width: 48.5312px; height: 48.5312px;\" src=\"https:\/\/www.karabatak.com\/image\/catalog\/icon\/esicons.png\" \/><span style=\"font-size: 11pt;\">\u00a0 \u00a0 \u00a0\u00a0<\/span><img decoding=\"async\" style=\"font-size: 14.6667px; width: 55.3594px; height: 55.3594px;\" src=\"https:\/\/www.karabatak.com\/image\/catalog\/kavrum%20icon\/1weightt.png\" \/><\/p>\n<p style=\"margin-bottom: 0px; -webkit-font-smoothing: antialiased; color: #323130; font-size: 11pt;\"><span style=\"color: #2f171f; font-family: Arial; font-size: 12px;\">Coffee Beans:<\/span><span style=\"color: #000000; font-family: Arial; font-size: 12px;\">1kg <\/span><\/p>\n<p style=\"margin-bottom: 0px; -webkit-font-smoothing: antialiased;\"><span style=\"font-family: Arial;\"><span style=\"font-size: 12px;\">Our products are limited to stock.<\/span><\/span><\/p>","protected":false},"excerpt":{"rendered":"<p>TREND COLLECTION CAFF\u00c8 CREMA INTENSO This rich blend of beans selected from South America and Asia provides a full and powerful aroma,<\/p>","protected":false},"featured_media":21754,"comment_status":"closed","ping_status":"closed","template":"","meta":[],"product_cat":[33],"product_tag":[144],"class_list":{"0":"post-15186","1":"product","2":"type-product","3":"status-publish","4":"has-post-thumbnail","6":"product_cat-julius-meinl-kahveleri","7":"product_tag-caffe-crema-intenso","8":"pa_tur-cekirdek","10":"first","11":"instock","12":"purchasable","13":"product-type-simple"},"yoast_head":"<!-- This site is optimized with the Yoast SEO plugin v27.2 - https:\/\/yoast.com\/product\/yoast-seo-wordpress\/ -->\n<title>TREND COLLECTION CAFFE CREMA INTENSO 1 KG \u00c7EK\u0130RDEK KAHVE - Karabatak<\/title>\n<meta name=\"robots\" content=\"index, follow, max-snippet:-1, max-image-preview:large, max-video-preview:-1\" \/>\n<link rel=\"canonical\" href=\"https:\/\/karabatak.com\/en\/product\/trend-collection-caffe-crema-intenso\/\" \/>\n<meta property=\"og:locale\" content=\"en_GB\" \/>\n<meta property=\"og:type\" content=\"article\" \/>\n<meta property=\"og:title\" content=\"TREND COLLECTION CAFFE CREMA INTENSO 1 KG \u00c7EK\u0130RDEK KAHVE - Karabatak\" \/>\n<meta property=\"og:description\" content=\"TREND COLLECTION\u00a0 CAFF\u00c8 CREMA INTENSO\u00a0 G\u00fcney Amerika ve Asya&#8217;dan se\u00e7ilmi\u015f \u00e7ekirdeklerden olu\u015fan bu zengin kar\u0131\u015f\u0131m, tam ve g\u00fc\u00e7l\u00fc bir aroma,\" \/>\n<meta property=\"og:url\" content=\"https:\/\/karabatak.com\/en\/product\/trend-collection-caffe-crema-intenso\/\" \/>\n<meta property=\"og:site_name\" content=\"Karabatak\" \/>\n<meta property=\"article:modified_time\" content=\"2026-04-09T12:27:09+00:00\" \/>\n<meta property=\"og:image\" content=\"https:\/\/karabatak.com\/wp-content\/uploads\/2023\/08\/trend-col-caf-cre-inst-1kg.jpg\" \/>\n\t<meta property=\"og:image:width\" content=\"500\" \/>\n\t<meta property=\"og:image:height\" content=\"500\" \/>\n\t<meta property=\"og:image:type\" content=\"image\/jpeg\" \/>\n<meta name=\"twitter:card\" content=\"summary_large_image\" \/>\n<meta name=\"twitter:label1\" content=\"Estimated reading time\" \/>\n\t<meta name=\"twitter:data1\" content=\"2 minutes\" \/>\n<script type=\"application\/ld+json\" class=\"yoast-schema-graph\">{\"@context\":\"https:\/\/schema.org\",\"@graph\":[{\"@type\":\"WebPage\",\"@id\":\"https:\/\/karabatak.com\/urun\/trend-collection-caffe-crema-intenso\/\",\"url\":\"https:\/\/karabatak.com\/urun\/trend-collection-caffe-crema-intenso\/\",\"name\":\"TREND COLLECTION CAFFE CREMA INTENSO 1 KG \u00c7EK\u0130RDEK KAHVE - Karabatak\",\"isPartOf\":{\"@id\":\"https:\/\/karabatak.com\/#website\"},\"primaryImageOfPage\":{\"@id\":\"https:\/\/karabatak.com\/urun\/trend-collection-caffe-crema-intenso\/#primaryimage\"},\"image\":{\"@id\":\"https:\/\/karabatak.com\/urun\/trend-collection-caffe-crema-intenso\/#primaryimage\"},\"thumbnailUrl\":\"https:\/\/karabatak.com\/wp-content\/uploads\/2023\/08\/trend-col-caf-cre-inst-1kg.jpg\",\"datePublished\":\"2023-08-28T09:50:33+00:00\",\"dateModified\":\"2026-04-09T12:27:09+00:00\",\"breadcrumb\":{\"@id\":\"https:\/\/karabatak.com\/urun\/trend-collection-caffe-crema-intenso\/#breadcrumb\"},\"inLanguage\":\"en-GB\",\"potentialAction\":[{\"@type\":\"ReadAction\",\"target\":[\"https:\/\/karabatak.com\/urun\/trend-collection-caffe-crema-intenso\/\"]}]},{\"@type\":\"ImageObject\",\"inLanguage\":\"en-GB\",\"@id\":\"https:\/\/karabatak.com\/urun\/trend-collection-caffe-crema-intenso\/#primaryimage\",\"url\":\"https:\/\/karabatak.com\/wp-content\/uploads\/2023\/08\/trend-col-caf-cre-inst-1kg.jpg\",\"contentUrl\":\"https:\/\/karabatak.com\/wp-content\/uploads\/2023\/08\/trend-col-caf-cre-inst-1kg.jpg\",\"width\":500,\"height\":500},{\"@type\":\"BreadcrumbList\",\"@id\":\"https:\/\/karabatak.com\/urun\/trend-collection-caffe-crema-intenso\/#breadcrumb\",\"itemListElement\":[{\"@type\":\"ListItem\",\"position\":1,\"name\":\"Ma\u011faza\",\"item\":\"https:\/\/karabatak.com\/en\/products\/\"},{\"@type\":\"ListItem\",\"position\":2,\"name\":\"TREND COLLECTION CAFFE CREMA INTENSO 1 KG \u00c7EK\u0130RDEK KAHVE\"}]},{\"@type\":\"WebSite\",\"@id\":\"https:\/\/karabatak.com\/#website\",\"url\":\"https:\/\/karabatak.com\/\",\"name\":\"Karabatak\",\"description\":\"Karabatak ve Julius Meinl T\u00fcrkiye Distrib\u00fct\u00f6r\u00fc\",\"publisher\":{\"@id\":\"https:\/\/karabatak.com\/#organization\"},\"potentialAction\":[{\"@type\":\"SearchAction\",\"target\":{\"@type\":\"EntryPoint\",\"urlTemplate\":\"https:\/\/karabatak.com\/?s={search_term_string}\"},\"query-input\":{\"@type\":\"PropertyValueSpecification\",\"valueRequired\":true,\"valueName\":\"search_term_string\"}}],\"inLanguage\":\"en-GB\"},{\"@type\":\"Organization\",\"@id\":\"https:\/\/karabatak.com\/#organization\",\"name\":\"Karabatak\",\"url\":\"https:\/\/karabatak.com\/\",\"logo\":{\"@type\":\"ImageObject\",\"inLanguage\":\"en-GB\",\"@id\":\"https:\/\/karabatak.com\/#\/schema\/logo\/image\/\",\"url\":\"https:\/\/karabatak.com\/wp-content\/uploads\/2023\/05\/logo-100x100-100x100-1.png\",\"contentUrl\":\"https:\/\/karabatak.com\/wp-content\/uploads\/2023\/05\/logo-100x100-100x100-1.png\",\"width\":100,\"height\":100,\"caption\":\"Karabatak\"},\"image\":{\"@id\":\"https:\/\/karabatak.com\/#\/schema\/logo\/image\/\"}}]}<\/script>\n<!-- \/ Yoast SEO plugin. -->","yoast_head_json":{"title":"TREND COLLECTION CAFFE CREMA INTENSO 1 KG \u00c7EK\u0130RDEK KAHVE - Karabatak","robots":{"index":"index","follow":"follow","max-snippet":"max-snippet:-1","max-image-preview":"max-image-preview:large","max-video-preview":"max-video-preview:-1"},"canonical":"https:\/\/karabatak.com\/en\/product\/trend-collection-caffe-crema-intenso\/","og_locale":"en_GB","og_type":"article","og_title":"TREND COLLECTION CAFFE CREMA INTENSO 1 KG \u00c7EK\u0130RDEK KAHVE - Karabatak","og_description":"TREND COLLECTION\u00a0 CAFF\u00c8 CREMA INTENSO\u00a0 G\u00fcney Amerika ve Asya&#8217;dan se\u00e7ilmi\u015f \u00e7ekirdeklerden olu\u015fan bu zengin kar\u0131\u015f\u0131m, tam ve g\u00fc\u00e7l\u00fc bir aroma,","og_url":"https:\/\/karabatak.com\/en\/product\/trend-collection-caffe-crema-intenso\/","og_site_name":"Karabatak","article_modified_time":"2026-04-09T12:27:09+00:00","og_image":[{"width":500,"height":500,"url":"https:\/\/karabatak.com\/wp-content\/uploads\/2023\/08\/trend-col-caf-cre-inst-1kg.jpg","type":"image\/jpeg"}],"twitter_card":"summary_large_image","twitter_misc":{"Estimated reading time":"2 minutes"},"schema":{"@context":"https:\/\/schema.org","@graph":[{"@type":"WebPage","@id":"https:\/\/karabatak.com\/urun\/trend-collection-caffe-crema-intenso\/","url":"https:\/\/karabatak.com\/urun\/trend-collection-caffe-crema-intenso\/","name":"TREND COLLECTION CAFFE CREMA INTENSO 1 KG \u00c7EK\u0130RDEK KAHVE - Karabatak","isPartOf":{"@id":"https:\/\/karabatak.com\/#website"},"primaryImageOfPage":{"@id":"https:\/\/karabatak.com\/urun\/trend-collection-caffe-crema-intenso\/#primaryimage"},"image":{"@id":"https:\/\/karabatak.com\/urun\/trend-collection-caffe-crema-intenso\/#primaryimage"},"thumbnailUrl":"https:\/\/karabatak.com\/wp-content\/uploads\/2023\/08\/trend-col-caf-cre-inst-1kg.jpg","datePublished":"2023-08-28T09:50:33+00:00","dateModified":"2026-04-09T12:27:09+00:00","breadcrumb":{"@id":"https:\/\/karabatak.com\/urun\/trend-collection-caffe-crema-intenso\/#breadcrumb"},"inLanguage":"en-GB","potentialAction":[{"@type":"ReadAction","target":["https:\/\/karabatak.com\/urun\/trend-collection-caffe-crema-intenso\/"]}]},{"@type":"ImageObject","inLanguage":"en-GB","@id":"https:\/\/karabatak.com\/urun\/trend-collection-caffe-crema-intenso\/#primaryimage","url":"https:\/\/karabatak.com\/wp-content\/uploads\/2023\/08\/trend-col-caf-cre-inst-1kg.jpg","contentUrl":"https:\/\/karabatak.com\/wp-content\/uploads\/2023\/08\/trend-col-caf-cre-inst-1kg.jpg","width":500,"height":500},{"@type":"BreadcrumbList","@id":"https:\/\/karabatak.com\/urun\/trend-collection-caffe-crema-intenso\/#breadcrumb","itemListElement":[{"@type":"ListItem","position":1,"name":"Ma\u011faza","item":"https:\/\/karabatak.com\/en\/products\/"},{"@type":"ListItem","position":2,"name":"TREND COLLECTION CAFFE CREMA INTENSO 1 KG \u00c7EK\u0130RDEK KAHVE"}]},{"@type":"WebSite","@id":"https:\/\/karabatak.com\/#website","url":"https:\/\/karabatak.com\/","name":"Karabatak","description":"Karabatak ve Julius Meinl T\u00fcrkiye Distrib\u00fct\u00f6r\u00fc","publisher":{"@id":"https:\/\/karabatak.com\/#organization"},"potentialAction":[{"@type":"SearchAction","target":{"@type":"EntryPoint","urlTemplate":"https:\/\/karabatak.com\/?s={search_term_string}"},"query-input":{"@type":"PropertyValueSpecification","valueRequired":true,"valueName":"search_term_string"}}],"inLanguage":"en-GB"},{"@type":"Organization","@id":"https:\/\/karabatak.com\/#organization","name":"Karabatak","url":"https:\/\/karabatak.com\/","logo":{"@type":"ImageObject","inLanguage":"en-GB","@id":"https:\/\/karabatak.com\/#\/schema\/logo\/image\/","url":"https:\/\/karabatak.com\/wp-content\/uploads\/2023\/05\/logo-100x100-100x100-1.png","contentUrl":"https:\/\/karabatak.com\/wp-content\/uploads\/2023\/05\/logo-100x100-100x100-1.png","width":100,"height":100,"caption":"Karabatak"},"image":{"@id":"https:\/\/karabatak.com\/#\/schema\/logo\/image\/"}}]}},"_links":{"self":[{"href":"https:\/\/karabatak.com\/en\/wp-json\/wp\/v2\/product\/15186","targetHints":{"allow":["GET"]}}],"collection":[{"href":"https:\/\/karabatak.com\/en\/wp-json\/wp\/v2\/product"}],"about":[{"href":"https:\/\/karabatak.com\/en\/wp-json\/wp\/v2\/types\/product"}],"replies":[{"embeddable":true,"href":"https:\/\/karabatak.com\/en\/wp-json\/wp\/v2\/comments?post=15186"}],"wp:featuredmedia":[{"embeddable":true,"href":"https:\/\/karabatak.com\/en\/wp-json\/wp\/v2\/media\/21754"}],"wp:attachment":[{"href":"https:\/\/karabatak.com\/en\/wp-json\/wp\/v2\/media?parent=15186"}],"wp:term":[{"taxonomy":"product_cat","embeddable":true,"href":"https:\/\/karabatak.com\/en\/wp-json\/wp\/v2\/product_cat?post=15186"},{"taxonomy":"product_tag","embeddable":true,"href":"https:\/\/karabatak.com\/en\/wp-json\/wp\/v2\/product_tag?post=15186"}],"curies":[{"name":"wp","href":"https:\/\/api.w.org\/{rel}","templated":true}]}}