{"id":15185,"date":"2023-08-28T12:50:33","date_gmt":"2023-08-28T09:50:33","guid":{"rendered":"http:\/\/karabatak.com\/urun\/vienna-melange-bristol\/"},"modified":"2026-04-30T12:12:12","modified_gmt":"2026-04-30T09:12:12","slug":"vienna-melange-bristol","status":"publish","type":"product","link":"https:\/\/karabatak.com\/en\/product\/vienna-melange-bristol\/","title":{"rendered":"VIENNA MELANGE BRISTOL 1 KG COFFEE BEANS"},"content":{"rendered":"<div style=\"font-family: 'Helvetica Neue', Helvetica, Arial, sans-serif; color: #333333; background-color: #fcfcfc; padding: 35px; border-radius: 12px; border: 1px solid #eaeaea; box-shadow: 0 6px 20px rgba(0, 0, 0, 0.04); max-width: 100%; margin: 0 auto; box-sizing: border-box;\">\n<h2 style=\"color: #114639; font-size: 24px; margin-top: 0; margin-bottom: 15px; font-weight: bold; letter-spacing: -0.5px; border-bottom: 2px solid #e2ece9; padding-bottom: 12px;\"><b>VIENNA MELANGE BRISTOL<\/b><\/h2>\n<p style=\"font-size: 15px; line-height: 1.7; color: #555555; text-align: justify; margin-bottom: 30px;\">Brezilya,Nikaragua, Salvador ve Timor\u2019dan se\u00e7ilen Arabica kahve \u00e7ekirdeklerinden JuliusMeinl kahvesi.Kar\u0131\u015f\u0131m ve kavurma ideal olarak dengelidir ortakavrulmu\u015f ve a\u00e7\u0131k kahverengi, hareli, kadifemsi krema verir. Benzersiz \u00f6zelli\u011fi ile, s\u00fctl\u00fc ve s\u00fcts\u00fcz kahvelerinizdetad\u0131 m\u00fckemmeldir.<\/p>\n<div style=\"background-color: #ffffff; border-radius: 8px; border: 1px solid #f0f0f0; padding: 20px; margin-bottom: 25px;\">\n<table style=\"width: 100%; border-collapse: collapse; font-size: 14px; text-align: left;\">\n<tbody>\n<tr style=\"border-bottom: 1px solid #f7f7f7;\">\n<td style=\"padding: 12px 10px; width: 33%;\"><strong><span style=\"display: block; font-size: 12px; color: #888; text-transform: uppercase; letter-spacing: 1px;\">Bean<\/span><\/strong><br \/>\n<strong style=\"color: #333; font-size: 15px;\">Arabica\u00a0<\/strong><\/td>\n<td style=\"padding: 12px 10px; width: 33%;\"><strong><span style=\"display: block; font-size: 12px; color: #888; text-transform: uppercase; letter-spacing: 1px;\">Kavrulma (1-6)<\/span><\/strong><br \/>\n<strong style=\"color: #333; font-size: 15px;\">2<\/strong><\/td>\n<td style=\"padding: 12px 10px; width: 33%;\"><strong><span style=\"display: block; font-size: 12px; color: #888; text-transform: uppercase; letter-spacing: 1px;\">Asidite (1- 10)<\/span><\/strong><br \/>\n<strong style=\"color: #333; font-size: 15px;\">9<\/strong><\/td>\n<\/tr>\n<tr style=\"border-bottom: 1px solid #f7f7f7;\">\n<td style=\"padding: 12px 10px;\"><strong><span style=\"display: block; font-size: 12px; color: #888; text-transform: uppercase; letter-spacing: 1px;\">Tatl\u0131l\u0131k (1-10)<\/span><\/strong><br \/>\n<strong style=\"color: #333; font-size: 15px;\">8<\/strong><\/td>\n<td style=\"padding: 12px 10px;\"><strong><span style=\"display: block; font-size: 12px; color: #888; text-transform: uppercase; letter-spacing: 1px;\">G\u00f6vde (1-10)<\/span><\/strong><br \/>\n<strong style=\"color: #333; font-size: 15px;\">4<\/strong><\/td>\n<td style=\"padding: 12px 10px;\"><strong><span style=\"display: block; font-size: 12px; color: #888; text-transform: uppercase; letter-spacing: 1px;\">Cream<\/span><\/strong><br \/>\n<strong>A\u00e7\u0131k\u00a0kahverengi, kadifemsi<\/strong><\/td>\n<\/tr>\n<tr>\n<td style=\"padding: 12px 10px;\" colspan=\"2\"><strong><span style=\"display: block; font-size: 12px; color: #888; text-transform: uppercase; letter-spacing: 1px;\">Aroma<\/span><\/strong><br \/>\n<strong>Ho\u015f Narin<\/strong><\/td>\n<td style=\"padding: 12px 10px;\"><strong><span style=\"display: block; font-size: 12px; color: #888; text-transform: uppercase; letter-spacing: 1px;\">Flavor<\/span><\/strong><br \/>\n<strong>Dengeli, G\u00f6vdeli<\/strong><\/td>\n<\/tr>\n<\/tbody>\n<\/table>\n<\/div>\n<div style=\"display: flex; align-items: center; justify-content: flex-start; gap: 20px; flex-wrap: wrap;\">\n<div style=\"flex-shrink: 0;\"><img decoding=\"async\" class=\"wd-lazy-blur alignnone wp-image-27393\" src=\"https:\/\/karabatak.com\/wp-content\/themes\/woodmart\/images\/lazy.svg\" data-src=\"https:\/\/karabatak.com\/wp-content\/uploads\/2023\/08\/1weightt.png\" alt=\"\" width=\"61\" height=\"61\" srcset=\"\" data-srcset=\"https:\/\/karabatak.com\/wp-content\/uploads\/2023\/08\/1weightt.png 128w, https:\/\/karabatak.com\/wp-content\/uploads\/2023\/08\/1weightt-12x12.png 12w\" sizes=\"(max-width: 61px) 100vw, 61px\" \/><\/div>\n<div style=\"flex-shrink: 0;\"><img decoding=\"async\" style=\"width: 56px; height: 56px; display: block;\" src=\"https:\/\/karabatak.com\/wp-content\/uploads\/2025\/06\/esicons.png\" alt=\"Karabatak Espresso Icon\" \/><\/div>\n<div>\n<div style=\"margin-bottom: 6px;\"><span style=\"background-color: #114639; color: #fff; font-size: 12px; font-weight: bold; padding: 6px 12px; border-radius: 4px; display: inline-block;\">\u00c7ekirdek Kahve: 1 Kg<br \/>\n<\/span><\/div>\n<p style=\"font-family: Arial, sans-serif; font-size: 13px; color: #114639; margin: 0; font-weight: bold;\">* \u00dcr\u00fcnlerimiz stoklarla s\u0131n\u0131rl\u0131d\u0131r.<\/p>\n<\/div>\n<\/div>\n<\/div>","protected":false},"excerpt":{"rendered":"<p>VIENNA MELANGE BRISTOL JuliusMeinl coffee from Arabica coffee beans selected from Brazil, Nicaragua, Salvador and Timor. The blend and roasting are ideally balanced, co-roasted and<\/p>","protected":false},"featured_media":16033,"comment_status":"closed","ping_status":"closed","template":"","meta":[],"product_brand":[],"product_cat":[33],"product_tag":[78],"class_list":{"0":"post-15185","1":"product","2":"type-product","3":"status-publish","4":"has-post-thumbnail","6":"product_cat-julius-meinl-kahveleri","7":"product_tag-vienna-melange-bristol","8":"pa_tur-cekirdek","10":"first","11":"instock","12":"purchasable","13":"product-type-simple"},"yoast_head":"<!-- This site is optimized with the Yoast SEO plugin v27.4 - https:\/\/yoast.com\/product\/yoast-seo-wordpress\/ -->\n<title>VIENNA MELANGE BRISTOL 1 KG \u00c7EK\u0130RDEK KAHVE - Karabatak<\/title>\n<meta name=\"robots\" content=\"index, follow, max-snippet:-1, max-image-preview:large, max-video-preview:-1\" \/>\n<link rel=\"canonical\" href=\"https:\/\/karabatak.com\/en\/product\/vienna-melange-bristol\/\" \/>\n<meta property=\"og:locale\" content=\"en_GB\" \/>\n<meta property=\"og:type\" content=\"article\" \/>\n<meta property=\"og:title\" content=\"VIENNA MELANGE BRISTOL 1 KG \u00c7EK\u0130RDEK KAHVE - Karabatak\" \/>\n<meta property=\"og:description\" content=\"VIENNA MELANGE BRISTOL Brezilya,Nikaragua, Salvador ve Timor\u2019dan se\u00e7ilen Arabica kahve \u00e7ekirdeklerinden JuliusMeinl kahvesi.Kar\u0131\u015f\u0131m ve kavurma ideal olarak dengelidir ortakavrulmu\u015f ve\" \/>\n<meta property=\"og:url\" content=\"https:\/\/karabatak.com\/en\/product\/vienna-melange-bristol\/\" \/>\n<meta property=\"og:site_name\" content=\"Karabatak\" \/>\n<meta property=\"article:modified_time\" content=\"2026-04-30T09:12:12+00:00\" \/>\n<meta property=\"og:image\" content=\"https:\/\/karabatak.com\/wp-content\/uploads\/2023\/08\/24.png\" \/>\n\t<meta property=\"og:image:width\" content=\"500\" \/>\n\t<meta property=\"og:image:height\" content=\"500\" \/>\n\t<meta property=\"og:image:type\" content=\"image\/png\" \/>\n<meta name=\"twitter:card\" content=\"summary_large_image\" \/>\n<meta name=\"twitter:label1\" content=\"Estimated reading time\" \/>\n\t<meta name=\"twitter:data1\" content=\"2 minutes\" \/>\n<script type=\"application\/ld+json\" class=\"yoast-schema-graph\">{\"@context\":\"https:\\\/\\\/schema.org\",\"@graph\":[{\"@type\":\"WebPage\",\"@id\":\"https:\\\/\\\/karabatak.com\\\/urun\\\/vienna-melange-bristol\\\/\",\"url\":\"https:\\\/\\\/karabatak.com\\\/urun\\\/vienna-melange-bristol\\\/\",\"name\":\"VIENNA MELANGE BRISTOL 1 KG \u00c7EK\u0130RDEK KAHVE - Karabatak\",\"isPartOf\":{\"@id\":\"https:\\\/\\\/karabatak.com\\\/#website\"},\"primaryImageOfPage\":{\"@id\":\"https:\\\/\\\/karabatak.com\\\/urun\\\/vienna-melange-bristol\\\/#primaryimage\"},\"image\":{\"@id\":\"https:\\\/\\\/karabatak.com\\\/urun\\\/vienna-melange-bristol\\\/#primaryimage\"},\"thumbnailUrl\":\"https:\\\/\\\/karabatak.com\\\/wp-content\\\/uploads\\\/2023\\\/08\\\/24.png\",\"datePublished\":\"2023-08-28T09:50:33+00:00\",\"dateModified\":\"2026-04-30T09:12:12+00:00\",\"breadcrumb\":{\"@id\":\"https:\\\/\\\/karabatak.com\\\/urun\\\/vienna-melange-bristol\\\/#breadcrumb\"},\"inLanguage\":\"en-GB\",\"potentialAction\":[{\"@type\":\"ReadAction\",\"target\":[\"https:\\\/\\\/karabatak.com\\\/urun\\\/vienna-melange-bristol\\\/\"]}]},{\"@type\":\"ImageObject\",\"inLanguage\":\"en-GB\",\"@id\":\"https:\\\/\\\/karabatak.com\\\/urun\\\/vienna-melange-bristol\\\/#primaryimage\",\"url\":\"https:\\\/\\\/karabatak.com\\\/wp-content\\\/uploads\\\/2023\\\/08\\\/24.png\",\"contentUrl\":\"https:\\\/\\\/karabatak.com\\\/wp-content\\\/uploads\\\/2023\\\/08\\\/24.png\",\"width\":500,\"height\":500},{\"@type\":\"BreadcrumbList\",\"@id\":\"https:\\\/\\\/karabatak.com\\\/urun\\\/vienna-melange-bristol\\\/#breadcrumb\",\"itemListElement\":[{\"@type\":\"ListItem\",\"position\":1,\"name\":\"Ma\u011faza\",\"item\":\"https:\\\/\\\/karabatak.com\\\/en\\\/products\\\/\"},{\"@type\":\"ListItem\",\"position\":2,\"name\":\"VIENNA MELANGE BRISTOL 1 KG \u00c7EK\u0130RDEK KAHVE\"}]},{\"@type\":\"WebSite\",\"@id\":\"https:\\\/\\\/karabatak.com\\\/#website\",\"url\":\"https:\\\/\\\/karabatak.com\\\/\",\"name\":\"Karabatak\",\"description\":\"Karabatak ve Julius Meinl T\u00fcrkiye Distrib\u00fct\u00f6r\u00fc\",\"publisher\":{\"@id\":\"https:\\\/\\\/karabatak.com\\\/#organization\"},\"potentialAction\":[{\"@type\":\"SearchAction\",\"target\":{\"@type\":\"EntryPoint\",\"urlTemplate\":\"https:\\\/\\\/karabatak.com\\\/?s={search_term_string}\"},\"query-input\":{\"@type\":\"PropertyValueSpecification\",\"valueRequired\":true,\"valueName\":\"search_term_string\"}}],\"inLanguage\":\"en-GB\"},{\"@type\":\"Organization\",\"@id\":\"https:\\\/\\\/karabatak.com\\\/#organization\",\"name\":\"Karabatak\",\"url\":\"https:\\\/\\\/karabatak.com\\\/\",\"logo\":{\"@type\":\"ImageObject\",\"inLanguage\":\"en-GB\",\"@id\":\"https:\\\/\\\/karabatak.com\\\/#\\\/schema\\\/logo\\\/image\\\/\",\"url\":\"https:\\\/\\\/karabatak.com\\\/wp-content\\\/uploads\\\/2023\\\/05\\\/logo-100x100-100x100-1.png\",\"contentUrl\":\"https:\\\/\\\/karabatak.com\\\/wp-content\\\/uploads\\\/2023\\\/05\\\/logo-100x100-100x100-1.png\",\"width\":100,\"height\":100,\"caption\":\"Karabatak\"},\"image\":{\"@id\":\"https:\\\/\\\/karabatak.com\\\/#\\\/schema\\\/logo\\\/image\\\/\"}}]}<\/script>\n<!-- \/ Yoast SEO plugin. -->","yoast_head_json":{"title":"VIENNA MELANGE BRISTOL 1 KG COFFEE BEANS - Karabatak","robots":{"index":"index","follow":"follow","max-snippet":"max-snippet:-1","max-image-preview":"max-image-preview:large","max-video-preview":"max-video-preview:-1"},"canonical":"https:\/\/karabatak.com\/en\/product\/vienna-melange-bristol\/","og_locale":"en_GB","og_type":"article","og_title":"VIENNA MELANGE BRISTOL 1 KG \u00c7EK\u0130RDEK KAHVE - Karabatak","og_description":"VIENNA MELANGE BRISTOL Brezilya,Nikaragua, Salvador ve Timor\u2019dan se\u00e7ilen Arabica kahve \u00e7ekirdeklerinden JuliusMeinl kahvesi.Kar\u0131\u015f\u0131m ve kavurma ideal olarak dengelidir ortakavrulmu\u015f ve","og_url":"https:\/\/karabatak.com\/en\/product\/vienna-melange-bristol\/","og_site_name":"Karabatak","article_modified_time":"2026-04-30T09:12:12+00:00","og_image":[{"width":500,"height":500,"url":"https:\/\/karabatak.com\/wp-content\/uploads\/2023\/08\/24.png","type":"image\/png"}],"twitter_card":"summary_large_image","twitter_misc":{"Estimated reading time":"2 minutes"},"schema":{"@context":"https:\/\/schema.org","@graph":[{"@type":"WebPage","@id":"https:\/\/karabatak.com\/urun\/vienna-melange-bristol\/","url":"https:\/\/karabatak.com\/urun\/vienna-melange-bristol\/","name":"VIENNA MELANGE BRISTOL 1 KG COFFEE BEANS - Karabatak","isPartOf":{"@id":"https:\/\/karabatak.com\/#website"},"primaryImageOfPage":{"@id":"https:\/\/karabatak.com\/urun\/vienna-melange-bristol\/#primaryimage"},"image":{"@id":"https:\/\/karabatak.com\/urun\/vienna-melange-bristol\/#primaryimage"},"thumbnailUrl":"https:\/\/karabatak.com\/wp-content\/uploads\/2023\/08\/24.png","datePublished":"2023-08-28T09:50:33+00:00","dateModified":"2026-04-30T09:12:12+00:00","breadcrumb":{"@id":"https:\/\/karabatak.com\/urun\/vienna-melange-bristol\/#breadcrumb"},"inLanguage":"en-GB","potentialAction":[{"@type":"ReadAction","target":["https:\/\/karabatak.com\/urun\/vienna-melange-bristol\/"]}]},{"@type":"ImageObject","inLanguage":"en-GB","@id":"https:\/\/karabatak.com\/urun\/vienna-melange-bristol\/#primaryimage","url":"https:\/\/karabatak.com\/wp-content\/uploads\/2023\/08\/24.png","contentUrl":"https:\/\/karabatak.com\/wp-content\/uploads\/2023\/08\/24.png","width":500,"height":500},{"@type":"BreadcrumbList","@id":"https:\/\/karabatak.com\/urun\/vienna-melange-bristol\/#breadcrumb","itemListElement":[{"@type":"ListItem","position":1,"name":"Ma\u011faza","item":"https:\/\/karabatak.com\/en\/products\/"},{"@type":"ListItem","position":2,"name":"VIENNA MELANGE BRISTOL 1 KG \u00c7EK\u0130RDEK KAHVE"}]},{"@type":"WebSite","@id":"https:\/\/karabatak.com\/#website","url":"https:\/\/karabatak.com\/","name":"Karabatak","description":"Karabatak and Julius Meinl T\u00fcrkiye Distributor","publisher":{"@id":"https:\/\/karabatak.com\/#organization"},"potentialAction":[{"@type":"SearchAction","target":{"@type":"EntryPoint","urlTemplate":"https:\/\/karabatak.com\/?s={search_term_string}"},"query-input":{"@type":"PropertyValueSpecification","valueRequired":true,"valueName":"search_term_string"}}],"inLanguage":"en-GB"},{"@type":"Organization","@id":"https:\/\/karabatak.com\/#organization","name":"Karabatak","url":"https:\/\/karabatak.com\/","logo":{"@type":"ImageObject","inLanguage":"en-GB","@id":"https:\/\/karabatak.com\/#\/schema\/logo\/image\/","url":"https:\/\/karabatak.com\/wp-content\/uploads\/2023\/05\/logo-100x100-100x100-1.png","contentUrl":"https:\/\/karabatak.com\/wp-content\/uploads\/2023\/05\/logo-100x100-100x100-1.png","width":100,"height":100,"caption":"Karabatak"},"image":{"@id":"https:\/\/karabatak.com\/#\/schema\/logo\/image\/"}}]}},"_links":{"self":[{"href":"https:\/\/karabatak.com\/en\/wp-json\/wp\/v2\/product\/15185","targetHints":{"allow":["GET"]}}],"collection":[{"href":"https:\/\/karabatak.com\/en\/wp-json\/wp\/v2\/product"}],"about":[{"href":"https:\/\/karabatak.com\/en\/wp-json\/wp\/v2\/types\/product"}],"replies":[{"embeddable":true,"href":"https:\/\/karabatak.com\/en\/wp-json\/wp\/v2\/comments?post=15185"}],"wp:featuredmedia":[{"embeddable":true,"href":"https:\/\/karabatak.com\/en\/wp-json\/wp\/v2\/media\/16033"}],"wp:attachment":[{"href":"https:\/\/karabatak.com\/en\/wp-json\/wp\/v2\/media?parent=15185"}],"wp:term":[{"taxonomy":"product_brand","embeddable":true,"href":"https:\/\/karabatak.com\/en\/wp-json\/wp\/v2\/product_brand?post=15185"},{"taxonomy":"product_cat","embeddable":true,"href":"https:\/\/karabatak.com\/en\/wp-json\/wp\/v2\/product_cat?post=15185"},{"taxonomy":"product_tag","embeddable":true,"href":"https:\/\/karabatak.com\/en\/wp-json\/wp\/v2\/product_tag?post=15185"}],"curies":[{"name":"wp","href":"https:\/\/api.w.org\/{rel}","templated":true}]}}