{"id":15181,"date":"2023-08-28T12:50:33","date_gmt":"2023-08-28T09:50:33","guid":{"rendered":"http:\/\/karabatak.com\/urun\/karabatak-logo-mini-termos\/"},"modified":"2025-08-08T10:32:17","modified_gmt":"2025-08-08T07:32:17","slug":"karabatak-logo-mini-termos","status":"publish","type":"product","link":"https:\/\/karabatak.com\/en\/product\/cormorant-logo-mini-thermos\/","title":{"rendered":"KARABATAK LOGO MINI THERMOS"},"content":{"rendered":"<p style=\"outline: 0px; line-height: 22px;\"><span style=\"font-size: 18px;\"><span style=\"font-family: Arial;\"><b>KARABATAK LOGO MINI THERMOS\u00a0<\/b><\/span><\/span><b><\/b><\/p>\n<ul>\n<li style=\"outline: 0px; line-height: 22px;\"><span style=\"font-family: Arial;\"><span style=\"font-size: 14px;\">Easy Open \/ Close Lock System.<\/span><\/span><\/li>\n<li style=\"outline: 0px; line-height: 22px;\"><span style=\"outline: 0px; line-height: 22px; vertical-align: inherit; font-family: Arial;\"><span style=\"font-size: 14px;\">Long-term heat preservation of hot and cold drinks with its double insulated structure.<\/span><\/span><\/li>\n<li style=\"outline: 0px; line-height: 22px;\"><span style=\"outline: 0px; line-height: 22px; vertical-align: inherit; font-family: Arial;\"><span style=\"font-size: 14px;\">350 ml capacity<\/span><\/span><\/li>\n<li style=\"outline: 0px; line-height: 22px;\"><span style=\"outline: 0px; line-height: 22px; vertical-align: inherit; font-family: Arial;\"><span style=\"font-size: 14px;\">Stainless steel,<\/span><\/span><\/li>\n<\/ul>\n<p style=\"outline: 0px; line-height: 22px;\"><span style=\"outline: 0px; line-height: 22px; vertical-align: inherit; font-family: Arial;\"><span style=\"font-size: 14px;\">\u00a0<\/span><\/span><\/p>\n<p style=\"outline: 0px; line-height: 22px;\"><span style=\"outline: 0px; line-height: 22px; vertical-align: inherit; font-family: Arial;\"><span style=\"font-size: 14px;\">\u00a0<\/span><\/span><\/p>\n<p style=\"outline: 0px; line-height: 22px;\"><span style=\"outline: 0px; line-height: 22px; vertical-align: inherit; font-family: Arial;\"><span style=\"font-size: 14px;\">\u00a0<\/span><\/span><\/p>","protected":false},"excerpt":{"rendered":"<p>KARABATAK LOGO MINI THERMOS Easy Open \/ Close Lock System. Long-term heat preservation of hot and cold beverages with its double-insulated structure.<\/p>","protected":false},"featured_media":16131,"comment_status":"closed","ping_status":"closed","template":"","meta":[],"product_cat":[29],"product_tag":[141],"class_list":{"0":"post-15181","1":"product","2":"type-product","3":"status-publish","4":"has-post-thumbnail","6":"product_cat-kahve-aksesuarlari","7":"product_tag-karabatak-logo-mini-termos","9":"first","10":"outofstock","11":"purchasable","12":"product-type-simple"},"yoast_head":"<!-- This site is optimized with the Yoast SEO plugin v27.2 - https:\/\/yoast.com\/product\/yoast-seo-wordpress\/ -->\n<title>KARABATAK LOGO M\u0130N\u0130 TERMOS - Karabatak<\/title>\n<meta name=\"robots\" content=\"index, follow, max-snippet:-1, max-image-preview:large, max-video-preview:-1\" \/>\n<link rel=\"canonical\" href=\"https:\/\/karabatak.com\/en\/product\/cormorant-logo-mini-thermos\/\" \/>\n<meta property=\"og:locale\" content=\"en_GB\" \/>\n<meta property=\"og:type\" content=\"article\" \/>\n<meta property=\"og:title\" content=\"KARABATAK LOGO M\u0130N\u0130 TERMOS - Karabatak\" \/>\n<meta property=\"og:description\" content=\"KARABATAK LOGO M\u0130N\u0130 TERMOS\u00a0 Kolay A\u00e7ma \/ Kapama Kilit Sistemi. \u00c7ift izolasyonlu yap\u0131s\u0131 ile s\u0131cak-so\u011fuk i\u00e7eceklerin uzun s\u00fcre \u0131s\u0131 muhafazas\u0131.\" \/>\n<meta property=\"og:url\" content=\"https:\/\/karabatak.com\/en\/product\/cormorant-logo-mini-thermos\/\" \/>\n<meta property=\"og:site_name\" content=\"Karabatak\" \/>\n<meta property=\"article:modified_time\" content=\"2025-08-08T07:32:17+00:00\" \/>\n<meta property=\"og:image\" content=\"https:\/\/karabatak.com\/wp-content\/uploads\/2023\/08\/9.png\" \/>\n\t<meta property=\"og:image:width\" content=\"500\" \/>\n\t<meta property=\"og:image:height\" content=\"500\" \/>\n\t<meta property=\"og:image:type\" content=\"image\/png\" \/>\n<meta name=\"twitter:card\" content=\"summary_large_image\" \/>\n<meta name=\"twitter:label1\" content=\"Estimated reading time\" \/>\n\t<meta name=\"twitter:data1\" content=\"1 minute\" \/>\n<script type=\"application\/ld+json\" class=\"yoast-schema-graph\">{\"@context\":\"https:\/\/schema.org\",\"@graph\":[{\"@type\":\"WebPage\",\"@id\":\"https:\/\/karabatak.com\/urun\/karabatak-logo-mini-termos\/\",\"url\":\"https:\/\/karabatak.com\/urun\/karabatak-logo-mini-termos\/\",\"name\":\"KARABATAK LOGO M\u0130N\u0130 TERMOS - Karabatak\",\"isPartOf\":{\"@id\":\"https:\/\/karabatak.com\/#website\"},\"primaryImageOfPage\":{\"@id\":\"https:\/\/karabatak.com\/urun\/karabatak-logo-mini-termos\/#primaryimage\"},\"image\":{\"@id\":\"https:\/\/karabatak.com\/urun\/karabatak-logo-mini-termos\/#primaryimage\"},\"thumbnailUrl\":\"https:\/\/karabatak.com\/wp-content\/uploads\/2023\/08\/9.png\",\"datePublished\":\"2023-08-28T09:50:33+00:00\",\"dateModified\":\"2025-08-08T07:32:17+00:00\",\"breadcrumb\":{\"@id\":\"https:\/\/karabatak.com\/urun\/karabatak-logo-mini-termos\/#breadcrumb\"},\"inLanguage\":\"en-GB\",\"potentialAction\":[{\"@type\":\"ReadAction\",\"target\":[\"https:\/\/karabatak.com\/urun\/karabatak-logo-mini-termos\/\"]}]},{\"@type\":\"ImageObject\",\"inLanguage\":\"en-GB\",\"@id\":\"https:\/\/karabatak.com\/urun\/karabatak-logo-mini-termos\/#primaryimage\",\"url\":\"https:\/\/karabatak.com\/wp-content\/uploads\/2023\/08\/9.png\",\"contentUrl\":\"https:\/\/karabatak.com\/wp-content\/uploads\/2023\/08\/9.png\",\"width\":500,\"height\":500},{\"@type\":\"BreadcrumbList\",\"@id\":\"https:\/\/karabatak.com\/urun\/karabatak-logo-mini-termos\/#breadcrumb\",\"itemListElement\":[{\"@type\":\"ListItem\",\"position\":1,\"name\":\"Ma\u011faza\",\"item\":\"https:\/\/karabatak.com\/en\/products\/\"},{\"@type\":\"ListItem\",\"position\":2,\"name\":\"KARABATAK LOGO M\u0130N\u0130 TERMOS\"}]},{\"@type\":\"WebSite\",\"@id\":\"https:\/\/karabatak.com\/#website\",\"url\":\"https:\/\/karabatak.com\/\",\"name\":\"Karabatak\",\"description\":\"Karabatak ve Julius Meinl T\u00fcrkiye Distrib\u00fct\u00f6r\u00fc\",\"publisher\":{\"@id\":\"https:\/\/karabatak.com\/#organization\"},\"potentialAction\":[{\"@type\":\"SearchAction\",\"target\":{\"@type\":\"EntryPoint\",\"urlTemplate\":\"https:\/\/karabatak.com\/?s={search_term_string}\"},\"query-input\":{\"@type\":\"PropertyValueSpecification\",\"valueRequired\":true,\"valueName\":\"search_term_string\"}}],\"inLanguage\":\"en-GB\"},{\"@type\":\"Organization\",\"@id\":\"https:\/\/karabatak.com\/#organization\",\"name\":\"Karabatak\",\"url\":\"https:\/\/karabatak.com\/\",\"logo\":{\"@type\":\"ImageObject\",\"inLanguage\":\"en-GB\",\"@id\":\"https:\/\/karabatak.com\/#\/schema\/logo\/image\/\",\"url\":\"https:\/\/karabatak.com\/wp-content\/uploads\/2023\/05\/logo-100x100-100x100-1.png\",\"contentUrl\":\"https:\/\/karabatak.com\/wp-content\/uploads\/2023\/05\/logo-100x100-100x100-1.png\",\"width\":100,\"height\":100,\"caption\":\"Karabatak\"},\"image\":{\"@id\":\"https:\/\/karabatak.com\/#\/schema\/logo\/image\/\"}}]}<\/script>\n<!-- \/ Yoast SEO plugin. -->","yoast_head_json":{"title":"KARABATAK LOGO M\u0130N\u0130 TERMOS - Karabatak","robots":{"index":"index","follow":"follow","max-snippet":"max-snippet:-1","max-image-preview":"max-image-preview:large","max-video-preview":"max-video-preview:-1"},"canonical":"https:\/\/karabatak.com\/en\/product\/cormorant-logo-mini-thermos\/","og_locale":"en_GB","og_type":"article","og_title":"KARABATAK LOGO M\u0130N\u0130 TERMOS - Karabatak","og_description":"KARABATAK LOGO M\u0130N\u0130 TERMOS\u00a0 Kolay A\u00e7ma \/ Kapama Kilit Sistemi. \u00c7ift izolasyonlu yap\u0131s\u0131 ile s\u0131cak-so\u011fuk i\u00e7eceklerin uzun s\u00fcre \u0131s\u0131 muhafazas\u0131.","og_url":"https:\/\/karabatak.com\/en\/product\/cormorant-logo-mini-thermos\/","og_site_name":"Karabatak","article_modified_time":"2025-08-08T07:32:17+00:00","og_image":[{"width":500,"height":500,"url":"https:\/\/karabatak.com\/wp-content\/uploads\/2023\/08\/9.png","type":"image\/png"}],"twitter_card":"summary_large_image","twitter_misc":{"Estimated reading time":"1 minute"},"schema":{"@context":"https:\/\/schema.org","@graph":[{"@type":"WebPage","@id":"https:\/\/karabatak.com\/urun\/karabatak-logo-mini-termos\/","url":"https:\/\/karabatak.com\/urun\/karabatak-logo-mini-termos\/","name":"KARABATAK LOGO M\u0130N\u0130 TERMOS - Karabatak","isPartOf":{"@id":"https:\/\/karabatak.com\/#website"},"primaryImageOfPage":{"@id":"https:\/\/karabatak.com\/urun\/karabatak-logo-mini-termos\/#primaryimage"},"image":{"@id":"https:\/\/karabatak.com\/urun\/karabatak-logo-mini-termos\/#primaryimage"},"thumbnailUrl":"https:\/\/karabatak.com\/wp-content\/uploads\/2023\/08\/9.png","datePublished":"2023-08-28T09:50:33+00:00","dateModified":"2025-08-08T07:32:17+00:00","breadcrumb":{"@id":"https:\/\/karabatak.com\/urun\/karabatak-logo-mini-termos\/#breadcrumb"},"inLanguage":"en-GB","potentialAction":[{"@type":"ReadAction","target":["https:\/\/karabatak.com\/urun\/karabatak-logo-mini-termos\/"]}]},{"@type":"ImageObject","inLanguage":"en-GB","@id":"https:\/\/karabatak.com\/urun\/karabatak-logo-mini-termos\/#primaryimage","url":"https:\/\/karabatak.com\/wp-content\/uploads\/2023\/08\/9.png","contentUrl":"https:\/\/karabatak.com\/wp-content\/uploads\/2023\/08\/9.png","width":500,"height":500},{"@type":"BreadcrumbList","@id":"https:\/\/karabatak.com\/urun\/karabatak-logo-mini-termos\/#breadcrumb","itemListElement":[{"@type":"ListItem","position":1,"name":"Ma\u011faza","item":"https:\/\/karabatak.com\/en\/products\/"},{"@type":"ListItem","position":2,"name":"KARABATAK LOGO M\u0130N\u0130 TERMOS"}]},{"@type":"WebSite","@id":"https:\/\/karabatak.com\/#website","url":"https:\/\/karabatak.com\/","name":"Karabatak","description":"Karabatak ve Julius Meinl T\u00fcrkiye Distrib\u00fct\u00f6r\u00fc","publisher":{"@id":"https:\/\/karabatak.com\/#organization"},"potentialAction":[{"@type":"SearchAction","target":{"@type":"EntryPoint","urlTemplate":"https:\/\/karabatak.com\/?s={search_term_string}"},"query-input":{"@type":"PropertyValueSpecification","valueRequired":true,"valueName":"search_term_string"}}],"inLanguage":"en-GB"},{"@type":"Organization","@id":"https:\/\/karabatak.com\/#organization","name":"Karabatak","url":"https:\/\/karabatak.com\/","logo":{"@type":"ImageObject","inLanguage":"en-GB","@id":"https:\/\/karabatak.com\/#\/schema\/logo\/image\/","url":"https:\/\/karabatak.com\/wp-content\/uploads\/2023\/05\/logo-100x100-100x100-1.png","contentUrl":"https:\/\/karabatak.com\/wp-content\/uploads\/2023\/05\/logo-100x100-100x100-1.png","width":100,"height":100,"caption":"Karabatak"},"image":{"@id":"https:\/\/karabatak.com\/#\/schema\/logo\/image\/"}}]}},"_links":{"self":[{"href":"https:\/\/karabatak.com\/en\/wp-json\/wp\/v2\/product\/15181","targetHints":{"allow":["GET"]}}],"collection":[{"href":"https:\/\/karabatak.com\/en\/wp-json\/wp\/v2\/product"}],"about":[{"href":"https:\/\/karabatak.com\/en\/wp-json\/wp\/v2\/types\/product"}],"replies":[{"embeddable":true,"href":"https:\/\/karabatak.com\/en\/wp-json\/wp\/v2\/comments?post=15181"}],"wp:featuredmedia":[{"embeddable":true,"href":"https:\/\/karabatak.com\/en\/wp-json\/wp\/v2\/media\/16131"}],"wp:attachment":[{"href":"https:\/\/karabatak.com\/en\/wp-json\/wp\/v2\/media?parent=15181"}],"wp:term":[{"taxonomy":"product_cat","embeddable":true,"href":"https:\/\/karabatak.com\/en\/wp-json\/wp\/v2\/product_cat?post=15181"},{"taxonomy":"product_tag","embeddable":true,"href":"https:\/\/karabatak.com\/en\/wp-json\/wp\/v2\/product_tag?post=15181"}],"curies":[{"name":"wp","href":"https:\/\/api.w.org\/{rel}","templated":true}]}}