{"id":15178,"date":"2023-08-28T12:50:33","date_gmt":"2023-08-28T09:50:33","guid":{"rendered":"http:\/\/karabatak.com\/urun\/julius-meinl-100-adet-7g-tekli-poset-kafeinsiz-espresso-kahve\/"},"modified":"2026-03-30T14:18:16","modified_gmt":"2026-03-30T11:18:16","slug":"julius-meinl-100-adet-7g-tekli-poset-kafeinsiz-espresso-kahve","status":"publish","type":"product","link":"https:\/\/karabatak.com\/en\/product\/julius-meinl-100-7g-single-sachet-decaffeinated-espresso-coffee\/","title":{"rendered":"JULIUS MEINL SINGLE BAG DECAFFEINE-FREE ESPRESSO COFFEE 100 PIECES * 7 GR"},"content":{"rendered":"<h3 style=\"font-family: Overpass; font-weight: bold; color: #666666; margin-right: 0px; margin-bottom: 15px; margin-left: 0px; font-size: 24px;\"><span style=\"color: #000000; font-family: Tahoma; font-size: 18px;\">Julius Meinl 7g Single Bag Decaffeinated Espresso Coffee \u2013 100 pieces<\/span><\/h3>\n<h4 style=\"font-family: Overpass; font-weight: bold; line-height: 1; color: #333333; margin-right: 0px; margin-bottom: 15px; margin-left: 0px; font-size: 22px; text-transform: uppercase;\"><span style=\"color: #ff0000;\"><span style=\"font-family: Tahoma; font-size: 14px;\">100 7G DECAFFEINE-FREE SACHETS, INDIVIDUALLY PACKAGED TO ALWAYS PROVIDE FRESH COFFEE<\/span><\/span><\/h4>\n<p style=\"color: #333333; font-family: Overpass; font-size: 15px; font-weight: 400; text-transform: none; margin-bottom: 15px; line-height: 17.1428px; text-align: justify;\"><span style=\"color: #000000; font-family: Verdana; font-size: 14px;\">This box, specially designed for cafes that do not frequently consume decaffeinated coffee or for consumers who prefer to prepare their coffee as fresh as possible, contains 100 individually packaged 7g espresso finely ground coffee bags.<\/span><\/p>\n<p style=\"color: #333333; font-family: Overpass; font-size: 15px; font-weight: 400; text-transform: none; margin-bottom: 15px; line-height: 17.1428px; text-align: justify;\"><span style=\"color: #000000; font-family: Verdana; font-size: 14px;\">This blend, prepared from South and Central American Arabica beans and carefully selected Asian Robusta beans, is packaged in 7g to provide optimal taste.<\/span><\/p>\n<p style=\"color: #333333; font-family: Overpass; font-size: 15px; font-weight: 400; text-transform: none; margin-bottom: 15px; line-height: 17.1428px; text-align: justify;\"><span style=\"color: #000000; font-family: Verdana; font-size: 14px;\">Simply open the bag, pour the coffee into an espresso spoon, and prepare your coffee. This coffee, ground for both home and professional espresso machines, is individually packaged, making it perfect for cafes and businesses that don&#039;t often consume decaffeinated coffee, as well as for consumers who prefer to enjoy their coffee freshly opened from a fresh package.<\/span><\/p>\n<p style=\"color: #333333; font-family: Overpass; font-size: 15px; font-weight: 400; text-transform: none; margin-bottom: 15px; line-height: 17.1428px; text-align: justify;\"><span style=\"color: #000000; font-family: Verdana; font-weight: bold; font-size: 14px;\">Contains Net 700g Decaffeinated Coffee (100 x 7g)<\/span><\/p>\n<p style=\"margin-bottom: 15px; line-height: 17.1428px; text-align: justify;\"><span style=\"font-family: Verdana;\"><span style=\"font-size: 15px;\">Our products are limited to stock.<\/span><\/span><\/p>","protected":false},"excerpt":{"rendered":"<p>Julius Meinl 7g Single Bags Decaffeinated Espresso Coffee \u2013 100 pieces Specially designed to provide fresh coffee every time<\/p>","protected":false},"featured_media":23245,"comment_status":"closed","ping_status":"closed","template":"","meta":[],"product_cat":[33],"product_tag":[82],"class_list":{"0":"post-15178","1":"product","2":"type-product","3":"status-publish","4":"has-post-thumbnail","6":"product_cat-julius-meinl-kahveleri","7":"product_tag-julius-meinl-100-adet-7g-tekli-poset-kafeinsiz-espresso-kahve","8":"pa_tur-ogutulmus","10":"first","11":"instock","12":"purchasable","13":"product-type-simple"},"yoast_head":"<!-- This site is optimized with the Yoast SEO plugin v27.2 - https:\/\/yoast.com\/product\/yoast-seo-wordpress\/ -->\n<title>JULIUS MEINL TEKLI PO\u015eET KAFEINSIZ ESPRESSO KAHVE 100 ADET * 7 GR - Karabatak<\/title>\n<meta name=\"robots\" content=\"index, follow, max-snippet:-1, max-image-preview:large, max-video-preview:-1\" \/>\n<link rel=\"canonical\" href=\"https:\/\/karabatak.com\/en\/product\/julius-meinl-100-7g-single-sachet-decaffeinated-espresso-coffee\/\" \/>\n<meta property=\"og:locale\" content=\"en_GB\" \/>\n<meta property=\"og:type\" content=\"article\" \/>\n<meta property=\"og:title\" content=\"JULIUS MEINL TEKLI PO\u015eET KAFEINSIZ ESPRESSO KAHVE 100 ADET * 7 GR - Karabatak\" \/>\n<meta property=\"og:description\" content=\"Julius Meinl 7g Tekli Po\u015fet Kafeinsiz Espresso Kahve &#8211; 100 adet HER ZAMAN TAZE KAHVE SUNMAK \u0130\u00c7\u0130N \u00d6ZEL OLARAK TEK\" \/>\n<meta property=\"og:url\" content=\"https:\/\/karabatak.com\/en\/product\/julius-meinl-100-7g-single-sachet-decaffeinated-espresso-coffee\/\" \/>\n<meta property=\"og:site_name\" content=\"Karabatak\" \/>\n<meta property=\"article:modified_time\" content=\"2026-03-30T11:18:16+00:00\" \/>\n<meta property=\"og:image\" content=\"https:\/\/karabatak.com\/wp-content\/uploads\/2023\/08\/Decaf-.jpg\" \/>\n\t<meta property=\"og:image:width\" content=\"500\" \/>\n\t<meta property=\"og:image:height\" content=\"500\" \/>\n\t<meta property=\"og:image:type\" content=\"image\/jpeg\" \/>\n<meta name=\"twitter:card\" content=\"summary_large_image\" \/>\n<meta name=\"twitter:label1\" content=\"Estimated reading time\" \/>\n\t<meta name=\"twitter:data1\" content=\"2 minutes\" \/>\n<script type=\"application\/ld+json\" class=\"yoast-schema-graph\">{\"@context\":\"https:\/\/schema.org\",\"@graph\":[{\"@type\":\"WebPage\",\"@id\":\"https:\/\/karabatak.com\/urun\/julius-meinl-100-adet-7g-tekli-poset-kafeinsiz-espresso-kahve\/\",\"url\":\"https:\/\/karabatak.com\/urun\/julius-meinl-100-adet-7g-tekli-poset-kafeinsiz-espresso-kahve\/\",\"name\":\"JULIUS MEINL TEKLI PO\u015eET KAFEINSIZ ESPRESSO KAHVE 100 ADET * 7 GR - Karabatak\",\"isPartOf\":{\"@id\":\"https:\/\/karabatak.com\/#website\"},\"primaryImageOfPage\":{\"@id\":\"https:\/\/karabatak.com\/urun\/julius-meinl-100-adet-7g-tekli-poset-kafeinsiz-espresso-kahve\/#primaryimage\"},\"image\":{\"@id\":\"https:\/\/karabatak.com\/urun\/julius-meinl-100-adet-7g-tekli-poset-kafeinsiz-espresso-kahve\/#primaryimage\"},\"thumbnailUrl\":\"https:\/\/karabatak.com\/wp-content\/uploads\/2023\/08\/Decaf-.jpg\",\"datePublished\":\"2023-08-28T09:50:33+00:00\",\"dateModified\":\"2026-03-30T11:18:16+00:00\",\"breadcrumb\":{\"@id\":\"https:\/\/karabatak.com\/urun\/julius-meinl-100-adet-7g-tekli-poset-kafeinsiz-espresso-kahve\/#breadcrumb\"},\"inLanguage\":\"en-GB\",\"potentialAction\":[{\"@type\":\"ReadAction\",\"target\":[\"https:\/\/karabatak.com\/urun\/julius-meinl-100-adet-7g-tekli-poset-kafeinsiz-espresso-kahve\/\"]}]},{\"@type\":\"ImageObject\",\"inLanguage\":\"en-GB\",\"@id\":\"https:\/\/karabatak.com\/urun\/julius-meinl-100-adet-7g-tekli-poset-kafeinsiz-espresso-kahve\/#primaryimage\",\"url\":\"https:\/\/karabatak.com\/wp-content\/uploads\/2023\/08\/Decaf-.jpg\",\"contentUrl\":\"https:\/\/karabatak.com\/wp-content\/uploads\/2023\/08\/Decaf-.jpg\",\"width\":500,\"height\":500},{\"@type\":\"BreadcrumbList\",\"@id\":\"https:\/\/karabatak.com\/urun\/julius-meinl-100-adet-7g-tekli-poset-kafeinsiz-espresso-kahve\/#breadcrumb\",\"itemListElement\":[{\"@type\":\"ListItem\",\"position\":1,\"name\":\"Ma\u011faza\",\"item\":\"https:\/\/karabatak.com\/en\/products\/\"},{\"@type\":\"ListItem\",\"position\":2,\"name\":\"JULIUS MEINL TEKLI PO\u015eET KAFEINSIZ ESPRESSO KAHVE 100 ADET * 7 GR\"}]},{\"@type\":\"WebSite\",\"@id\":\"https:\/\/karabatak.com\/#website\",\"url\":\"https:\/\/karabatak.com\/\",\"name\":\"Karabatak\",\"description\":\"Karabatak ve Julius Meinl T\u00fcrkiye Distrib\u00fct\u00f6r\u00fc\",\"publisher\":{\"@id\":\"https:\/\/karabatak.com\/#organization\"},\"potentialAction\":[{\"@type\":\"SearchAction\",\"target\":{\"@type\":\"EntryPoint\",\"urlTemplate\":\"https:\/\/karabatak.com\/?s={search_term_string}\"},\"query-input\":{\"@type\":\"PropertyValueSpecification\",\"valueRequired\":true,\"valueName\":\"search_term_string\"}}],\"inLanguage\":\"en-GB\"},{\"@type\":\"Organization\",\"@id\":\"https:\/\/karabatak.com\/#organization\",\"name\":\"Karabatak\",\"url\":\"https:\/\/karabatak.com\/\",\"logo\":{\"@type\":\"ImageObject\",\"inLanguage\":\"en-GB\",\"@id\":\"https:\/\/karabatak.com\/#\/schema\/logo\/image\/\",\"url\":\"https:\/\/karabatak.com\/wp-content\/uploads\/2023\/05\/logo-100x100-100x100-1.png\",\"contentUrl\":\"https:\/\/karabatak.com\/wp-content\/uploads\/2023\/05\/logo-100x100-100x100-1.png\",\"width\":100,\"height\":100,\"caption\":\"Karabatak\"},\"image\":{\"@id\":\"https:\/\/karabatak.com\/#\/schema\/logo\/image\/\"}}]}<\/script>\n<!-- \/ Yoast SEO plugin. -->","yoast_head_json":{"title":"JULIUS MEINL TEKLI PO\u015eET KAFEINSIZ ESPRESSO KAHVE 100 ADET * 7 GR - Karabatak","robots":{"index":"index","follow":"follow","max-snippet":"max-snippet:-1","max-image-preview":"max-image-preview:large","max-video-preview":"max-video-preview:-1"},"canonical":"https:\/\/karabatak.com\/en\/product\/julius-meinl-100-7g-single-sachet-decaffeinated-espresso-coffee\/","og_locale":"en_GB","og_type":"article","og_title":"JULIUS MEINL TEKLI PO\u015eET KAFEINSIZ ESPRESSO KAHVE 100 ADET * 7 GR - Karabatak","og_description":"Julius Meinl 7g Tekli Po\u015fet Kafeinsiz Espresso Kahve &#8211; 100 adet HER ZAMAN TAZE KAHVE SUNMAK \u0130\u00c7\u0130N \u00d6ZEL OLARAK TEK","og_url":"https:\/\/karabatak.com\/en\/product\/julius-meinl-100-7g-single-sachet-decaffeinated-espresso-coffee\/","og_site_name":"Karabatak","article_modified_time":"2026-03-30T11:18:16+00:00","og_image":[{"width":500,"height":500,"url":"https:\/\/karabatak.com\/wp-content\/uploads\/2023\/08\/Decaf-.jpg","type":"image\/jpeg"}],"twitter_card":"summary_large_image","twitter_misc":{"Estimated reading time":"2 minutes"},"schema":{"@context":"https:\/\/schema.org","@graph":[{"@type":"WebPage","@id":"https:\/\/karabatak.com\/urun\/julius-meinl-100-adet-7g-tekli-poset-kafeinsiz-espresso-kahve\/","url":"https:\/\/karabatak.com\/urun\/julius-meinl-100-adet-7g-tekli-poset-kafeinsiz-espresso-kahve\/","name":"JULIUS MEINL TEKLI PO\u015eET KAFEINSIZ ESPRESSO KAHVE 100 ADET * 7 GR - Karabatak","isPartOf":{"@id":"https:\/\/karabatak.com\/#website"},"primaryImageOfPage":{"@id":"https:\/\/karabatak.com\/urun\/julius-meinl-100-adet-7g-tekli-poset-kafeinsiz-espresso-kahve\/#primaryimage"},"image":{"@id":"https:\/\/karabatak.com\/urun\/julius-meinl-100-adet-7g-tekli-poset-kafeinsiz-espresso-kahve\/#primaryimage"},"thumbnailUrl":"https:\/\/karabatak.com\/wp-content\/uploads\/2023\/08\/Decaf-.jpg","datePublished":"2023-08-28T09:50:33+00:00","dateModified":"2026-03-30T11:18:16+00:00","breadcrumb":{"@id":"https:\/\/karabatak.com\/urun\/julius-meinl-100-adet-7g-tekli-poset-kafeinsiz-espresso-kahve\/#breadcrumb"},"inLanguage":"en-GB","potentialAction":[{"@type":"ReadAction","target":["https:\/\/karabatak.com\/urun\/julius-meinl-100-adet-7g-tekli-poset-kafeinsiz-espresso-kahve\/"]}]},{"@type":"ImageObject","inLanguage":"en-GB","@id":"https:\/\/karabatak.com\/urun\/julius-meinl-100-adet-7g-tekli-poset-kafeinsiz-espresso-kahve\/#primaryimage","url":"https:\/\/karabatak.com\/wp-content\/uploads\/2023\/08\/Decaf-.jpg","contentUrl":"https:\/\/karabatak.com\/wp-content\/uploads\/2023\/08\/Decaf-.jpg","width":500,"height":500},{"@type":"BreadcrumbList","@id":"https:\/\/karabatak.com\/urun\/julius-meinl-100-adet-7g-tekli-poset-kafeinsiz-espresso-kahve\/#breadcrumb","itemListElement":[{"@type":"ListItem","position":1,"name":"Ma\u011faza","item":"https:\/\/karabatak.com\/en\/products\/"},{"@type":"ListItem","position":2,"name":"JULIUS MEINL TEKLI PO\u015eET KAFEINSIZ ESPRESSO KAHVE 100 ADET * 7 GR"}]},{"@type":"WebSite","@id":"https:\/\/karabatak.com\/#website","url":"https:\/\/karabatak.com\/","name":"Karabatak","description":"Karabatak ve Julius Meinl T\u00fcrkiye Distrib\u00fct\u00f6r\u00fc","publisher":{"@id":"https:\/\/karabatak.com\/#organization"},"potentialAction":[{"@type":"SearchAction","target":{"@type":"EntryPoint","urlTemplate":"https:\/\/karabatak.com\/?s={search_term_string}"},"query-input":{"@type":"PropertyValueSpecification","valueRequired":true,"valueName":"search_term_string"}}],"inLanguage":"en-GB"},{"@type":"Organization","@id":"https:\/\/karabatak.com\/#organization","name":"Karabatak","url":"https:\/\/karabatak.com\/","logo":{"@type":"ImageObject","inLanguage":"en-GB","@id":"https:\/\/karabatak.com\/#\/schema\/logo\/image\/","url":"https:\/\/karabatak.com\/wp-content\/uploads\/2023\/05\/logo-100x100-100x100-1.png","contentUrl":"https:\/\/karabatak.com\/wp-content\/uploads\/2023\/05\/logo-100x100-100x100-1.png","width":100,"height":100,"caption":"Karabatak"},"image":{"@id":"https:\/\/karabatak.com\/#\/schema\/logo\/image\/"}}]}},"_links":{"self":[{"href":"https:\/\/karabatak.com\/en\/wp-json\/wp\/v2\/product\/15178","targetHints":{"allow":["GET"]}}],"collection":[{"href":"https:\/\/karabatak.com\/en\/wp-json\/wp\/v2\/product"}],"about":[{"href":"https:\/\/karabatak.com\/en\/wp-json\/wp\/v2\/types\/product"}],"replies":[{"embeddable":true,"href":"https:\/\/karabatak.com\/en\/wp-json\/wp\/v2\/comments?post=15178"}],"wp:featuredmedia":[{"embeddable":true,"href":"https:\/\/karabatak.com\/en\/wp-json\/wp\/v2\/media\/23245"}],"wp:attachment":[{"href":"https:\/\/karabatak.com\/en\/wp-json\/wp\/v2\/media?parent=15178"}],"wp:term":[{"taxonomy":"product_cat","embeddable":true,"href":"https:\/\/karabatak.com\/en\/wp-json\/wp\/v2\/product_cat?post=15178"},{"taxonomy":"product_tag","embeddable":true,"href":"https:\/\/karabatak.com\/en\/wp-json\/wp\/v2\/product_tag?post=15178"}],"curies":[{"name":"wp","href":"https:\/\/api.w.org\/{rel}","templated":true}]}}