{"id":15177,"date":"2023-08-28T12:50:33","date_gmt":"2023-08-28T09:50:33","guid":{"rendered":"http:\/\/karabatak.com\/urun\/filtre-kagidi-90-250-basket-250-adet\/"},"modified":"2026-04-02T09:45:13","modified_gmt":"2026-04-02T06:45:13","slug":"filtre-kagidi-90-250-basket-250-adet","status":"publish","type":"product","link":"https:\/\/karabatak.com\/en\/product\/filter-paper-90-250-basket-250-pieces\/","title":{"rendered":"Filter Paper 90\/250 Basket 250 pieces"},"content":{"rendered":"<h3 style=\"box-sizing: border-box; font-family: 'Open Sans', sans-serif; font-weight: bold; line-height: 1.1; color: #666666; margin: 0px 0px 15px; font-size: 24px; font-style: normal; font-variant-ligatures: normal; font-variant-caps: normal; letter-spacing: normal; orphans: 2; text-align: start; text-indent: 0px; text-transform: none; white-space: normal; widows: 2; word-spacing: 0px; -webkit-text-stroke-width: 0px; background-color: #fafafa; text-decoration-thickness: initial; text-decoration-style: initial; text-decoration-color: initial;\"><span style=\"box-sizing: border-box; font-weight: bold; color: #000000; font-family: Tahoma;\">250\/90 Filter Coffee Paper \u2013 250 pieces<\/span><\/h3>\n<p style=\"margin-bottom: 15px; font-family: Overpass; font-weight: 400; font-size: 12px; text-transform: none; line-height: 17.1428px; text-align: justify;\"><span style=\"font-family: Verdana; color: #000000;\">Number 250\/90 contains 250 pieces of filter coffee paper.<\/span><\/p>\n<p style=\"margin-bottom: 15px; font-family: Overpass; font-weight: 400; font-size: 12px; text-transform: none; line-height: 17.1428px; text-align: justify;\"><span style=\"font-family: Verdana; color: #000000;\">It does not lose the aroma of your coffee with its extra fine texture.<\/span><\/p>\n<p style=\"margin-bottom: 15px; font-family: Overpass; font-weight: 400; font-size: 12px; text-transform: none; line-height: 17.1428px; text-align: justify;\"><span style=\"font-family: Verdana; color: #000000;\">New sinusoidal double seams provide optimum tear resistance. High-pressure technology is used to create a bond without the use of any chemicals.<\/span><\/p>\n<p style=\"margin-bottom: 15px; font-family: Overpass; font-weight: 400; font-size: 12px; text-transform: none; line-height: 17.1428px; text-align: justify;\"><span style=\"font-family: Verdana; color: #000000; font-weight: bold;\">Fitre Usage Instructions:<\/span><\/p>\n<p style=\"margin-bottom: 15px; font-family: Overpass; font-weight: 400; font-size: 12px; text-transform: none; line-height: 17.1428px; text-align: justify;\"><span style=\"font-family: Verdana; color: #000000;\">Place the coffee filter into the dry filter chamber. Pour the ground coffee into the filter and add water to your coffee maker according to the amount of coffee you&#039;ve added.<\/span><\/p>\n<p style=\"margin-bottom: 15px; font-family: Overpass; font-weight: 400; font-size: 12px; text-transform: none; line-height: 17.1428px; text-align: justify;\"><span style=\"font-family: Verdana; color: #000000;\">The table below shows which coffee machines use which filter paper for common models.<\/span><\/p>","protected":false},"excerpt":{"rendered":"<p>250\/90 Filter Coffee Paper \u2013 Contains 250 pieces of 250\/90 filter coffee paper. Its extra fine texture enhances the aroma of your coffee.<\/p>","protected":false},"featured_media":16086,"comment_status":"closed","ping_status":"closed","template":"","meta":[],"product_cat":[29],"product_tag":[139],"class_list":{"0":"post-15177","1":"product","2":"type-product","3":"status-publish","4":"has-post-thumbnail","6":"product_cat-kahve-aksesuarlari","7":"product_tag-filtre-kagidi-90-250-basket-250-adet","9":"first","10":"instock","11":"purchasable","12":"product-type-simple"},"yoast_head":"<!-- This site is optimized with the Yoast SEO plugin v27.2 - https:\/\/yoast.com\/product\/yoast-seo-wordpress\/ -->\n<title>Filtre Ka\u011f\u0131d\u0131 90\/250 Basket 250 adet - Karabatak<\/title>\n<meta name=\"robots\" content=\"index, follow, max-snippet:-1, max-image-preview:large, max-video-preview:-1\" \/>\n<link rel=\"canonical\" href=\"https:\/\/karabatak.com\/en\/product\/filter-paper-90-250-basket-250-pieces\/\" \/>\n<meta property=\"og:locale\" content=\"en_GB\" \/>\n<meta property=\"og:type\" content=\"article\" \/>\n<meta property=\"og:title\" content=\"Filtre Ka\u011f\u0131d\u0131 90\/250 Basket 250 adet - Karabatak\" \/>\n<meta property=\"og:description\" content=\"250\/90 Filtre Kahve Ka\u011f\u0131d\u0131 &#8211; 250 adet 250\/90 numara, 250 adet filtre kahve ka\u011f\u0131d\u0131 i\u00e7ermektedir. Ekstra ince dokusuyla kahvenizin aromas\u0131n\u0131\" \/>\n<meta property=\"og:url\" content=\"https:\/\/karabatak.com\/en\/product\/filter-paper-90-250-basket-250-pieces\/\" \/>\n<meta property=\"og:site_name\" content=\"Karabatak\" \/>\n<meta property=\"article:modified_time\" content=\"2026-04-02T06:45:13+00:00\" \/>\n<meta property=\"og:image\" content=\"https:\/\/karabatak.com\/wp-content\/uploads\/2023\/08\/23.png\" \/>\n\t<meta property=\"og:image:width\" content=\"500\" \/>\n\t<meta property=\"og:image:height\" content=\"500\" \/>\n\t<meta property=\"og:image:type\" content=\"image\/png\" \/>\n<meta name=\"twitter:card\" content=\"summary_large_image\" \/>\n<meta name=\"twitter:label1\" content=\"Estimated reading time\" \/>\n\t<meta name=\"twitter:data1\" content=\"1 minute\" \/>\n<script type=\"application\/ld+json\" class=\"yoast-schema-graph\">{\"@context\":\"https:\/\/schema.org\",\"@graph\":[{\"@type\":\"WebPage\",\"@id\":\"https:\/\/karabatak.com\/urun\/filtre-kagidi-90-250-basket-250-adet\/\",\"url\":\"https:\/\/karabatak.com\/urun\/filtre-kagidi-90-250-basket-250-adet\/\",\"name\":\"Filtre Ka\u011f\u0131d\u0131 90\/250 Basket 250 adet - Karabatak\",\"isPartOf\":{\"@id\":\"https:\/\/karabatak.com\/#website\"},\"primaryImageOfPage\":{\"@id\":\"https:\/\/karabatak.com\/urun\/filtre-kagidi-90-250-basket-250-adet\/#primaryimage\"},\"image\":{\"@id\":\"https:\/\/karabatak.com\/urun\/filtre-kagidi-90-250-basket-250-adet\/#primaryimage\"},\"thumbnailUrl\":\"https:\/\/karabatak.com\/wp-content\/uploads\/2023\/08\/23.png\",\"datePublished\":\"2023-08-28T09:50:33+00:00\",\"dateModified\":\"2026-04-02T06:45:13+00:00\",\"breadcrumb\":{\"@id\":\"https:\/\/karabatak.com\/urun\/filtre-kagidi-90-250-basket-250-adet\/#breadcrumb\"},\"inLanguage\":\"en-GB\",\"potentialAction\":[{\"@type\":\"ReadAction\",\"target\":[\"https:\/\/karabatak.com\/urun\/filtre-kagidi-90-250-basket-250-adet\/\"]}]},{\"@type\":\"ImageObject\",\"inLanguage\":\"en-GB\",\"@id\":\"https:\/\/karabatak.com\/urun\/filtre-kagidi-90-250-basket-250-adet\/#primaryimage\",\"url\":\"https:\/\/karabatak.com\/wp-content\/uploads\/2023\/08\/23.png\",\"contentUrl\":\"https:\/\/karabatak.com\/wp-content\/uploads\/2023\/08\/23.png\",\"width\":500,\"height\":500},{\"@type\":\"BreadcrumbList\",\"@id\":\"https:\/\/karabatak.com\/urun\/filtre-kagidi-90-250-basket-250-adet\/#breadcrumb\",\"itemListElement\":[{\"@type\":\"ListItem\",\"position\":1,\"name\":\"Ma\u011faza\",\"item\":\"https:\/\/karabatak.com\/en\/products\/\"},{\"@type\":\"ListItem\",\"position\":2,\"name\":\"Filtre Ka\u011f\u0131d\u0131 90\/250 Basket 250 adet\"}]},{\"@type\":\"WebSite\",\"@id\":\"https:\/\/karabatak.com\/#website\",\"url\":\"https:\/\/karabatak.com\/\",\"name\":\"Karabatak\",\"description\":\"Karabatak ve Julius Meinl T\u00fcrkiye Distrib\u00fct\u00f6r\u00fc\",\"publisher\":{\"@id\":\"https:\/\/karabatak.com\/#organization\"},\"potentialAction\":[{\"@type\":\"SearchAction\",\"target\":{\"@type\":\"EntryPoint\",\"urlTemplate\":\"https:\/\/karabatak.com\/?s={search_term_string}\"},\"query-input\":{\"@type\":\"PropertyValueSpecification\",\"valueRequired\":true,\"valueName\":\"search_term_string\"}}],\"inLanguage\":\"en-GB\"},{\"@type\":\"Organization\",\"@id\":\"https:\/\/karabatak.com\/#organization\",\"name\":\"Karabatak\",\"url\":\"https:\/\/karabatak.com\/\",\"logo\":{\"@type\":\"ImageObject\",\"inLanguage\":\"en-GB\",\"@id\":\"https:\/\/karabatak.com\/#\/schema\/logo\/image\/\",\"url\":\"https:\/\/karabatak.com\/wp-content\/uploads\/2023\/05\/logo-100x100-100x100-1.png\",\"contentUrl\":\"https:\/\/karabatak.com\/wp-content\/uploads\/2023\/05\/logo-100x100-100x100-1.png\",\"width\":100,\"height\":100,\"caption\":\"Karabatak\"},\"image\":{\"@id\":\"https:\/\/karabatak.com\/#\/schema\/logo\/image\/\"}}]}<\/script>\n<!-- \/ Yoast SEO plugin. -->","yoast_head_json":{"title":"Filtre Ka\u011f\u0131d\u0131 90\/250 Basket 250 adet - Karabatak","robots":{"index":"index","follow":"follow","max-snippet":"max-snippet:-1","max-image-preview":"max-image-preview:large","max-video-preview":"max-video-preview:-1"},"canonical":"https:\/\/karabatak.com\/en\/product\/filter-paper-90-250-basket-250-pieces\/","og_locale":"en_GB","og_type":"article","og_title":"Filtre Ka\u011f\u0131d\u0131 90\/250 Basket 250 adet - Karabatak","og_description":"250\/90 Filtre Kahve Ka\u011f\u0131d\u0131 &#8211; 250 adet 250\/90 numara, 250 adet filtre kahve ka\u011f\u0131d\u0131 i\u00e7ermektedir. Ekstra ince dokusuyla kahvenizin aromas\u0131n\u0131","og_url":"https:\/\/karabatak.com\/en\/product\/filter-paper-90-250-basket-250-pieces\/","og_site_name":"Karabatak","article_modified_time":"2026-04-02T06:45:13+00:00","og_image":[{"width":500,"height":500,"url":"https:\/\/karabatak.com\/wp-content\/uploads\/2023\/08\/23.png","type":"image\/png"}],"twitter_card":"summary_large_image","twitter_misc":{"Estimated reading time":"1 minute"},"schema":{"@context":"https:\/\/schema.org","@graph":[{"@type":"WebPage","@id":"https:\/\/karabatak.com\/urun\/filtre-kagidi-90-250-basket-250-adet\/","url":"https:\/\/karabatak.com\/urun\/filtre-kagidi-90-250-basket-250-adet\/","name":"Filtre Ka\u011f\u0131d\u0131 90\/250 Basket 250 adet - Karabatak","isPartOf":{"@id":"https:\/\/karabatak.com\/#website"},"primaryImageOfPage":{"@id":"https:\/\/karabatak.com\/urun\/filtre-kagidi-90-250-basket-250-adet\/#primaryimage"},"image":{"@id":"https:\/\/karabatak.com\/urun\/filtre-kagidi-90-250-basket-250-adet\/#primaryimage"},"thumbnailUrl":"https:\/\/karabatak.com\/wp-content\/uploads\/2023\/08\/23.png","datePublished":"2023-08-28T09:50:33+00:00","dateModified":"2026-04-02T06:45:13+00:00","breadcrumb":{"@id":"https:\/\/karabatak.com\/urun\/filtre-kagidi-90-250-basket-250-adet\/#breadcrumb"},"inLanguage":"en-GB","potentialAction":[{"@type":"ReadAction","target":["https:\/\/karabatak.com\/urun\/filtre-kagidi-90-250-basket-250-adet\/"]}]},{"@type":"ImageObject","inLanguage":"en-GB","@id":"https:\/\/karabatak.com\/urun\/filtre-kagidi-90-250-basket-250-adet\/#primaryimage","url":"https:\/\/karabatak.com\/wp-content\/uploads\/2023\/08\/23.png","contentUrl":"https:\/\/karabatak.com\/wp-content\/uploads\/2023\/08\/23.png","width":500,"height":500},{"@type":"BreadcrumbList","@id":"https:\/\/karabatak.com\/urun\/filtre-kagidi-90-250-basket-250-adet\/#breadcrumb","itemListElement":[{"@type":"ListItem","position":1,"name":"Ma\u011faza","item":"https:\/\/karabatak.com\/en\/products\/"},{"@type":"ListItem","position":2,"name":"Filtre Ka\u011f\u0131d\u0131 90\/250 Basket 250 adet"}]},{"@type":"WebSite","@id":"https:\/\/karabatak.com\/#website","url":"https:\/\/karabatak.com\/","name":"Karabatak","description":"Karabatak ve Julius Meinl T\u00fcrkiye Distrib\u00fct\u00f6r\u00fc","publisher":{"@id":"https:\/\/karabatak.com\/#organization"},"potentialAction":[{"@type":"SearchAction","target":{"@type":"EntryPoint","urlTemplate":"https:\/\/karabatak.com\/?s={search_term_string}"},"query-input":{"@type":"PropertyValueSpecification","valueRequired":true,"valueName":"search_term_string"}}],"inLanguage":"en-GB"},{"@type":"Organization","@id":"https:\/\/karabatak.com\/#organization","name":"Karabatak","url":"https:\/\/karabatak.com\/","logo":{"@type":"ImageObject","inLanguage":"en-GB","@id":"https:\/\/karabatak.com\/#\/schema\/logo\/image\/","url":"https:\/\/karabatak.com\/wp-content\/uploads\/2023\/05\/logo-100x100-100x100-1.png","contentUrl":"https:\/\/karabatak.com\/wp-content\/uploads\/2023\/05\/logo-100x100-100x100-1.png","width":100,"height":100,"caption":"Karabatak"},"image":{"@id":"https:\/\/karabatak.com\/#\/schema\/logo\/image\/"}}]}},"_links":{"self":[{"href":"https:\/\/karabatak.com\/en\/wp-json\/wp\/v2\/product\/15177","targetHints":{"allow":["GET"]}}],"collection":[{"href":"https:\/\/karabatak.com\/en\/wp-json\/wp\/v2\/product"}],"about":[{"href":"https:\/\/karabatak.com\/en\/wp-json\/wp\/v2\/types\/product"}],"replies":[{"embeddable":true,"href":"https:\/\/karabatak.com\/en\/wp-json\/wp\/v2\/comments?post=15177"}],"wp:featuredmedia":[{"embeddable":true,"href":"https:\/\/karabatak.com\/en\/wp-json\/wp\/v2\/media\/16086"}],"wp:attachment":[{"href":"https:\/\/karabatak.com\/en\/wp-json\/wp\/v2\/media?parent=15177"}],"wp:term":[{"taxonomy":"product_cat","embeddable":true,"href":"https:\/\/karabatak.com\/en\/wp-json\/wp\/v2\/product_cat?post=15177"},{"taxonomy":"product_tag","embeddable":true,"href":"https:\/\/karabatak.com\/en\/wp-json\/wp\/v2\/product_tag?post=15177"}],"curies":[{"name":"wp","href":"https:\/\/api.w.org\/{rel}","templated":true}]}}