{"id":15168,"date":"2023-08-28T12:50:29","date_gmt":"2023-08-28T09:50:29","guid":{"rendered":"http:\/\/karabatak.com\/urun\/karabatak-8-oz-take-away-bardak-85li\/"},"modified":"2025-09-03T13:26:33","modified_gmt":"2025-09-03T10:26:33","slug":"karabatak-8-oz-take-away-bardak-85li","status":"publish","type":"product","link":"https:\/\/karabatak.com\/en\/product\/karabatak-8-oz-take-away-cup-85li\/","title":{"rendered":"KARABATAK 8 OZ TAKE AWAY CUP 85 PIECES"},"content":{"rendered":"<p><b><span style=\"font-family: Arial;\"><span style=\"font-size: 18px;\">Karabatak 8 Oz Take Away Cup 85 Pack<\/span><\/span><\/b><\/p>\n<p><span style=\"font-size: 14px;\">This 200ml takeaway paper cup is suitable for all hot coffee servings.<\/span><\/p>\n<p><span style=\"font-size: 14px;\">It is produced as single walled.<\/span><\/p>\n<p><span style=\"font-size: 14px;\">The product is shipped in 85 pieces.<\/span><\/p>\n<p><span style=\"font-size: 14px;\">Cover sold separately<\/span><\/p>","protected":false},"excerpt":{"rendered":"<p>Karabatak 8 Oz Take Away Cups 85 Pack This 200 ml take away paper cup is suitable for all hot coffee services.<\/p>","protected":false},"featured_media":16122,"comment_status":"closed","ping_status":"closed","template":"","meta":[],"product_brand":[],"product_cat":[29],"product_tag":[131],"class_list":{"0":"post-15168","1":"product","2":"type-product","3":"status-publish","4":"has-post-thumbnail","6":"product_cat-kahve-aksesuarlari","7":"product_tag-karabatak-8-oz-take-away-bardak-85li","9":"first","10":"outofstock","11":"purchasable","12":"product-type-simple"},"yoast_head":"<!-- This site is optimized with the Yoast SEO plugin v27.4 - https:\/\/yoast.com\/product\/yoast-seo-wordpress\/ -->\n<title>KARABATAK 8 OZ TAKE AWAY BARDAK 85&#039;Li - Karabatak<\/title>\n<meta name=\"robots\" content=\"index, follow, max-snippet:-1, max-image-preview:large, max-video-preview:-1\" \/>\n<link rel=\"canonical\" href=\"https:\/\/karabatak.com\/en\/product\/karabatak-8-oz-take-away-cup-85li\/\" \/>\n<meta property=\"og:locale\" content=\"en_GB\" \/>\n<meta property=\"og:type\" content=\"article\" \/>\n<meta property=\"og:title\" content=\"KARABATAK 8 OZ TAKE AWAY BARDAK 85&#039;Li - Karabatak\" \/>\n<meta property=\"og:description\" content=\"Karabatak 8 Oz Take Away Bardak 85&#8217;li Bu 200 ml take away karton bardak, t\u00fcm s\u0131cak kahve servisi i\u00e7in uygundur.\" \/>\n<meta property=\"og:url\" content=\"https:\/\/karabatak.com\/en\/product\/karabatak-8-oz-take-away-cup-85li\/\" \/>\n<meta property=\"og:site_name\" content=\"Karabatak\" \/>\n<meta property=\"article:modified_time\" content=\"2025-09-03T10:26:33+00:00\" \/>\n<meta property=\"og:image\" content=\"https:\/\/karabatak.com\/wp-content\/uploads\/2023\/08\/7.png\" \/>\n\t<meta property=\"og:image:width\" content=\"501\" \/>\n\t<meta property=\"og:image:height\" content=\"500\" \/>\n\t<meta property=\"og:image:type\" content=\"image\/png\" \/>\n<meta name=\"twitter:card\" content=\"summary_large_image\" \/>\n<meta name=\"twitter:label1\" content=\"Estimated reading time\" \/>\n\t<meta name=\"twitter:data1\" content=\"1 minute\" \/>\n<script type=\"application\/ld+json\" class=\"yoast-schema-graph\">{\"@context\":\"https:\\\/\\\/schema.org\",\"@graph\":[{\"@type\":\"WebPage\",\"@id\":\"https:\\\/\\\/karabatak.com\\\/urun\\\/karabatak-8-oz-take-away-bardak-85li\\\/\",\"url\":\"https:\\\/\\\/karabatak.com\\\/urun\\\/karabatak-8-oz-take-away-bardak-85li\\\/\",\"name\":\"KARABATAK 8 OZ TAKE AWAY BARDAK 85'Li - Karabatak\",\"isPartOf\":{\"@id\":\"https:\\\/\\\/karabatak.com\\\/#website\"},\"primaryImageOfPage\":{\"@id\":\"https:\\\/\\\/karabatak.com\\\/urun\\\/karabatak-8-oz-take-away-bardak-85li\\\/#primaryimage\"},\"image\":{\"@id\":\"https:\\\/\\\/karabatak.com\\\/urun\\\/karabatak-8-oz-take-away-bardak-85li\\\/#primaryimage\"},\"thumbnailUrl\":\"https:\\\/\\\/karabatak.com\\\/wp-content\\\/uploads\\\/2023\\\/08\\\/7.png\",\"datePublished\":\"2023-08-28T09:50:29+00:00\",\"dateModified\":\"2025-09-03T10:26:33+00:00\",\"breadcrumb\":{\"@id\":\"https:\\\/\\\/karabatak.com\\\/urun\\\/karabatak-8-oz-take-away-bardak-85li\\\/#breadcrumb\"},\"inLanguage\":\"en-GB\",\"potentialAction\":[{\"@type\":\"ReadAction\",\"target\":[\"https:\\\/\\\/karabatak.com\\\/urun\\\/karabatak-8-oz-take-away-bardak-85li\\\/\"]}]},{\"@type\":\"ImageObject\",\"inLanguage\":\"en-GB\",\"@id\":\"https:\\\/\\\/karabatak.com\\\/urun\\\/karabatak-8-oz-take-away-bardak-85li\\\/#primaryimage\",\"url\":\"https:\\\/\\\/karabatak.com\\\/wp-content\\\/uploads\\\/2023\\\/08\\\/7.png\",\"contentUrl\":\"https:\\\/\\\/karabatak.com\\\/wp-content\\\/uploads\\\/2023\\\/08\\\/7.png\",\"width\":501,\"height\":500},{\"@type\":\"BreadcrumbList\",\"@id\":\"https:\\\/\\\/karabatak.com\\\/urun\\\/karabatak-8-oz-take-away-bardak-85li\\\/#breadcrumb\",\"itemListElement\":[{\"@type\":\"ListItem\",\"position\":1,\"name\":\"Ma\u011faza\",\"item\":\"https:\\\/\\\/karabatak.com\\\/en\\\/products\\\/\"},{\"@type\":\"ListItem\",\"position\":2,\"name\":\"KARABATAK 8 OZ TAKE AWAY BARDAK 85&#8217;Li\"}]},{\"@type\":\"WebSite\",\"@id\":\"https:\\\/\\\/karabatak.com\\\/#website\",\"url\":\"https:\\\/\\\/karabatak.com\\\/\",\"name\":\"Karabatak\",\"description\":\"Karabatak ve Julius Meinl T\u00fcrkiye Distrib\u00fct\u00f6r\u00fc\",\"publisher\":{\"@id\":\"https:\\\/\\\/karabatak.com\\\/#organization\"},\"potentialAction\":[{\"@type\":\"SearchAction\",\"target\":{\"@type\":\"EntryPoint\",\"urlTemplate\":\"https:\\\/\\\/karabatak.com\\\/?s={search_term_string}\"},\"query-input\":{\"@type\":\"PropertyValueSpecification\",\"valueRequired\":true,\"valueName\":\"search_term_string\"}}],\"inLanguage\":\"en-GB\"},{\"@type\":\"Organization\",\"@id\":\"https:\\\/\\\/karabatak.com\\\/#organization\",\"name\":\"Karabatak\",\"url\":\"https:\\\/\\\/karabatak.com\\\/\",\"logo\":{\"@type\":\"ImageObject\",\"inLanguage\":\"en-GB\",\"@id\":\"https:\\\/\\\/karabatak.com\\\/#\\\/schema\\\/logo\\\/image\\\/\",\"url\":\"https:\\\/\\\/karabatak.com\\\/wp-content\\\/uploads\\\/2023\\\/05\\\/logo-100x100-100x100-1.png\",\"contentUrl\":\"https:\\\/\\\/karabatak.com\\\/wp-content\\\/uploads\\\/2023\\\/05\\\/logo-100x100-100x100-1.png\",\"width\":100,\"height\":100,\"caption\":\"Karabatak\"},\"image\":{\"@id\":\"https:\\\/\\\/karabatak.com\\\/#\\\/schema\\\/logo\\\/image\\\/\"}}]}<\/script>\n<!-- \/ Yoast SEO plugin. -->","yoast_head_json":{"title":"Karabatak 8 oz take away cup 85 pieces - Karabatak","robots":{"index":"index","follow":"follow","max-snippet":"max-snippet:-1","max-image-preview":"max-image-preview:large","max-video-preview":"max-video-preview:-1"},"canonical":"https:\/\/karabatak.com\/en\/product\/karabatak-8-oz-take-away-cup-85li\/","og_locale":"en_GB","og_type":"article","og_title":"KARABATAK 8 OZ TAKE AWAY BARDAK 85'Li - Karabatak","og_description":"Karabatak 8 Oz Take Away Bardak 85&#8217;li Bu 200 ml take away karton bardak, t\u00fcm s\u0131cak kahve servisi i\u00e7in uygundur.","og_url":"https:\/\/karabatak.com\/en\/product\/karabatak-8-oz-take-away-cup-85li\/","og_site_name":"Karabatak","article_modified_time":"2025-09-03T10:26:33+00:00","og_image":[{"width":501,"height":500,"url":"https:\/\/karabatak.com\/wp-content\/uploads\/2023\/08\/7.png","type":"image\/png"}],"twitter_card":"summary_large_image","twitter_misc":{"Estimated reading time":"1 minute"},"schema":{"@context":"https:\/\/schema.org","@graph":[{"@type":"WebPage","@id":"https:\/\/karabatak.com\/urun\/karabatak-8-oz-take-away-bardak-85li\/","url":"https:\/\/karabatak.com\/urun\/karabatak-8-oz-take-away-bardak-85li\/","name":"Karabatak 8 oz take away cup 85 pieces - Karabatak","isPartOf":{"@id":"https:\/\/karabatak.com\/#website"},"primaryImageOfPage":{"@id":"https:\/\/karabatak.com\/urun\/karabatak-8-oz-take-away-bardak-85li\/#primaryimage"},"image":{"@id":"https:\/\/karabatak.com\/urun\/karabatak-8-oz-take-away-bardak-85li\/#primaryimage"},"thumbnailUrl":"https:\/\/karabatak.com\/wp-content\/uploads\/2023\/08\/7.png","datePublished":"2023-08-28T09:50:29+00:00","dateModified":"2025-09-03T10:26:33+00:00","breadcrumb":{"@id":"https:\/\/karabatak.com\/urun\/karabatak-8-oz-take-away-bardak-85li\/#breadcrumb"},"inLanguage":"en-GB","potentialAction":[{"@type":"ReadAction","target":["https:\/\/karabatak.com\/urun\/karabatak-8-oz-take-away-bardak-85li\/"]}]},{"@type":"ImageObject","inLanguage":"en-GB","@id":"https:\/\/karabatak.com\/urun\/karabatak-8-oz-take-away-bardak-85li\/#primaryimage","url":"https:\/\/karabatak.com\/wp-content\/uploads\/2023\/08\/7.png","contentUrl":"https:\/\/karabatak.com\/wp-content\/uploads\/2023\/08\/7.png","width":501,"height":500},{"@type":"BreadcrumbList","@id":"https:\/\/karabatak.com\/urun\/karabatak-8-oz-take-away-bardak-85li\/#breadcrumb","itemListElement":[{"@type":"ListItem","position":1,"name":"Ma\u011faza","item":"https:\/\/karabatak.com\/en\/products\/"},{"@type":"ListItem","position":2,"name":"KARABATAK 8 OZ TAKE AWAY BARDAK 85&#8217;Li"}]},{"@type":"WebSite","@id":"https:\/\/karabatak.com\/#website","url":"https:\/\/karabatak.com\/","name":"Karabatak","description":"Karabatak and Julius Meinl T\u00fcrkiye Distributor","publisher":{"@id":"https:\/\/karabatak.com\/#organization"},"potentialAction":[{"@type":"SearchAction","target":{"@type":"EntryPoint","urlTemplate":"https:\/\/karabatak.com\/?s={search_term_string}"},"query-input":{"@type":"PropertyValueSpecification","valueRequired":true,"valueName":"search_term_string"}}],"inLanguage":"en-GB"},{"@type":"Organization","@id":"https:\/\/karabatak.com\/#organization","name":"Karabatak","url":"https:\/\/karabatak.com\/","logo":{"@type":"ImageObject","inLanguage":"en-GB","@id":"https:\/\/karabatak.com\/#\/schema\/logo\/image\/","url":"https:\/\/karabatak.com\/wp-content\/uploads\/2023\/05\/logo-100x100-100x100-1.png","contentUrl":"https:\/\/karabatak.com\/wp-content\/uploads\/2023\/05\/logo-100x100-100x100-1.png","width":100,"height":100,"caption":"Karabatak"},"image":{"@id":"https:\/\/karabatak.com\/#\/schema\/logo\/image\/"}}]}},"_links":{"self":[{"href":"https:\/\/karabatak.com\/en\/wp-json\/wp\/v2\/product\/15168","targetHints":{"allow":["GET"]}}],"collection":[{"href":"https:\/\/karabatak.com\/en\/wp-json\/wp\/v2\/product"}],"about":[{"href":"https:\/\/karabatak.com\/en\/wp-json\/wp\/v2\/types\/product"}],"replies":[{"embeddable":true,"href":"https:\/\/karabatak.com\/en\/wp-json\/wp\/v2\/comments?post=15168"}],"wp:featuredmedia":[{"embeddable":true,"href":"https:\/\/karabatak.com\/en\/wp-json\/wp\/v2\/media\/16122"}],"wp:attachment":[{"href":"https:\/\/karabatak.com\/en\/wp-json\/wp\/v2\/media?parent=15168"}],"wp:term":[{"taxonomy":"product_brand","embeddable":true,"href":"https:\/\/karabatak.com\/en\/wp-json\/wp\/v2\/product_brand?post=15168"},{"taxonomy":"product_cat","embeddable":true,"href":"https:\/\/karabatak.com\/en\/wp-json\/wp\/v2\/product_cat?post=15168"},{"taxonomy":"product_tag","embeddable":true,"href":"https:\/\/karabatak.com\/en\/wp-json\/wp\/v2\/product_tag?post=15168"}],"curies":[{"name":"wp","href":"https:\/\/api.w.org\/{rel}","templated":true}]}}