{"id":15167,"date":"2023-08-28T12:50:29","date_gmt":"2023-08-28T09:50:29","guid":{"rendered":"http:\/\/karabatak.com\/urun\/karabatak-4-oz-take-away-bardak-100lu\/"},"modified":"2025-09-03T13:36:59","modified_gmt":"2025-09-03T10:36:59","slug":"karabatak-4-oz-take-away-bardak-100lu","status":"publish","type":"product","link":"https:\/\/karabatak.com\/en\/product\/karabatak-4-oz-take-away-cups-100-pieces\/","title":{"rendered":"KARABATAK 4 OZ TAKE AWAY CUPS 100 PIECES"},"content":{"rendered":"<p><span style=\"font-family: Arial;\"><span style=\"font-size: 18px;\"><b>Karabatak 4 Oz Take Away Cups 100 Pieces<\/b><\/span><\/span><\/p>\n<p>This 100 ml paper cup is suitable for serving espresso, double espresso and espresso macchiato.<\/p>\n<p>The product content is sent as 100 pieces.<\/p>\n<p>It has no cover.<\/p>\n<p>&nbsp;<\/p>","protected":false},"excerpt":{"rendered":"<p>Karabatak 4 Oz Take Away Cups 100 Pieces This 100 ml cardboard cup serves espresso, double espresso, espresso macchiato<\/p>","protected":false},"featured_media":16129,"comment_status":"closed","ping_status":"closed","template":"","meta":[],"product_cat":[29],"product_tag":[130],"class_list":{"0":"post-15167","1":"product","2":"type-product","3":"status-publish","4":"has-post-thumbnail","6":"product_cat-kahve-aksesuarlari","7":"product_tag-karabatak-4-oz-take-away-bardak-100lu","9":"first","10":"instock","11":"purchasable","12":"product-type-simple"},"yoast_head":"<!-- This site is optimized with the Yoast SEO plugin v27.2 - https:\/\/yoast.com\/product\/yoast-seo-wordpress\/ -->\n<title>KARABATAK 4 OZ TAKE AWAY BARDAK 100&#039;L\u00dc - Karabatak<\/title>\n<meta name=\"robots\" content=\"index, follow, max-snippet:-1, max-image-preview:large, max-video-preview:-1\" \/>\n<link rel=\"canonical\" href=\"https:\/\/karabatak.com\/en\/product\/karabatak-4-oz-take-away-cups-100-pieces\/\" \/>\n<meta property=\"og:locale\" content=\"en_GB\" \/>\n<meta property=\"og:type\" content=\"article\" \/>\n<meta property=\"og:title\" content=\"KARABATAK 4 OZ TAKE AWAY BARDAK 100&#039;L\u00dc - Karabatak\" \/>\n<meta property=\"og:description\" content=\"Karabatak 4 Oz Take Away Bardak 100&#8217;l\u00fc Bu 100 ml&#8217;lik hacime sahip karton bardak espresso, double espresso, espresso macchiato servisi\" \/>\n<meta property=\"og:url\" content=\"https:\/\/karabatak.com\/en\/product\/karabatak-4-oz-take-away-cups-100-pieces\/\" \/>\n<meta property=\"og:site_name\" content=\"Karabatak\" \/>\n<meta property=\"article:modified_time\" content=\"2025-09-03T10:36:59+00:00\" \/>\n<meta property=\"og:image\" content=\"https:\/\/karabatak.com\/wp-content\/uploads\/2023\/08\/3.png\" \/>\n\t<meta property=\"og:image:width\" content=\"501\" \/>\n\t<meta property=\"og:image:height\" content=\"500\" \/>\n\t<meta property=\"og:image:type\" content=\"image\/png\" \/>\n<meta name=\"twitter:card\" content=\"summary_large_image\" \/>\n<meta name=\"twitter:label1\" content=\"Estimated reading time\" \/>\n\t<meta name=\"twitter:data1\" content=\"1 minute\" \/>\n<script type=\"application\/ld+json\" class=\"yoast-schema-graph\">{\"@context\":\"https:\/\/schema.org\",\"@graph\":[{\"@type\":\"WebPage\",\"@id\":\"https:\/\/karabatak.com\/urun\/karabatak-4-oz-take-away-bardak-100lu\/\",\"url\":\"https:\/\/karabatak.com\/urun\/karabatak-4-oz-take-away-bardak-100lu\/\",\"name\":\"KARABATAK 4 OZ TAKE AWAY BARDAK 100'L\u00dc - Karabatak\",\"isPartOf\":{\"@id\":\"https:\/\/karabatak.com\/#website\"},\"primaryImageOfPage\":{\"@id\":\"https:\/\/karabatak.com\/urun\/karabatak-4-oz-take-away-bardak-100lu\/#primaryimage\"},\"image\":{\"@id\":\"https:\/\/karabatak.com\/urun\/karabatak-4-oz-take-away-bardak-100lu\/#primaryimage\"},\"thumbnailUrl\":\"https:\/\/karabatak.com\/wp-content\/uploads\/2023\/08\/3.png\",\"datePublished\":\"2023-08-28T09:50:29+00:00\",\"dateModified\":\"2025-09-03T10:36:59+00:00\",\"breadcrumb\":{\"@id\":\"https:\/\/karabatak.com\/urun\/karabatak-4-oz-take-away-bardak-100lu\/#breadcrumb\"},\"inLanguage\":\"en-GB\",\"potentialAction\":[{\"@type\":\"ReadAction\",\"target\":[\"https:\/\/karabatak.com\/urun\/karabatak-4-oz-take-away-bardak-100lu\/\"]}]},{\"@type\":\"ImageObject\",\"inLanguage\":\"en-GB\",\"@id\":\"https:\/\/karabatak.com\/urun\/karabatak-4-oz-take-away-bardak-100lu\/#primaryimage\",\"url\":\"https:\/\/karabatak.com\/wp-content\/uploads\/2023\/08\/3.png\",\"contentUrl\":\"https:\/\/karabatak.com\/wp-content\/uploads\/2023\/08\/3.png\",\"width\":501,\"height\":500},{\"@type\":\"BreadcrumbList\",\"@id\":\"https:\/\/karabatak.com\/urun\/karabatak-4-oz-take-away-bardak-100lu\/#breadcrumb\",\"itemListElement\":[{\"@type\":\"ListItem\",\"position\":1,\"name\":\"Ma\u011faza\",\"item\":\"https:\/\/karabatak.com\/en\/products\/\"},{\"@type\":\"ListItem\",\"position\":2,\"name\":\"KARABATAK 4 OZ TAKE AWAY BARDAK 100&#8217;L\u00dc\"}]},{\"@type\":\"WebSite\",\"@id\":\"https:\/\/karabatak.com\/#website\",\"url\":\"https:\/\/karabatak.com\/\",\"name\":\"Karabatak\",\"description\":\"Karabatak ve Julius Meinl T\u00fcrkiye Distrib\u00fct\u00f6r\u00fc\",\"publisher\":{\"@id\":\"https:\/\/karabatak.com\/#organization\"},\"potentialAction\":[{\"@type\":\"SearchAction\",\"target\":{\"@type\":\"EntryPoint\",\"urlTemplate\":\"https:\/\/karabatak.com\/?s={search_term_string}\"},\"query-input\":{\"@type\":\"PropertyValueSpecification\",\"valueRequired\":true,\"valueName\":\"search_term_string\"}}],\"inLanguage\":\"en-GB\"},{\"@type\":\"Organization\",\"@id\":\"https:\/\/karabatak.com\/#organization\",\"name\":\"Karabatak\",\"url\":\"https:\/\/karabatak.com\/\",\"logo\":{\"@type\":\"ImageObject\",\"inLanguage\":\"en-GB\",\"@id\":\"https:\/\/karabatak.com\/#\/schema\/logo\/image\/\",\"url\":\"https:\/\/karabatak.com\/wp-content\/uploads\/2023\/05\/logo-100x100-100x100-1.png\",\"contentUrl\":\"https:\/\/karabatak.com\/wp-content\/uploads\/2023\/05\/logo-100x100-100x100-1.png\",\"width\":100,\"height\":100,\"caption\":\"Karabatak\"},\"image\":{\"@id\":\"https:\/\/karabatak.com\/#\/schema\/logo\/image\/\"}}]}<\/script>\n<!-- \/ Yoast SEO plugin. -->","yoast_head_json":{"title":"KARABATAK 4 OZ TAKE AWAY BARDAK 100'L\u00dc - Karabatak","robots":{"index":"index","follow":"follow","max-snippet":"max-snippet:-1","max-image-preview":"max-image-preview:large","max-video-preview":"max-video-preview:-1"},"canonical":"https:\/\/karabatak.com\/en\/product\/karabatak-4-oz-take-away-cups-100-pieces\/","og_locale":"en_GB","og_type":"article","og_title":"KARABATAK 4 OZ TAKE AWAY BARDAK 100'L\u00dc - Karabatak","og_description":"Karabatak 4 Oz Take Away Bardak 100&#8217;l\u00fc Bu 100 ml&#8217;lik hacime sahip karton bardak espresso, double espresso, espresso macchiato servisi","og_url":"https:\/\/karabatak.com\/en\/product\/karabatak-4-oz-take-away-cups-100-pieces\/","og_site_name":"Karabatak","article_modified_time":"2025-09-03T10:36:59+00:00","og_image":[{"width":501,"height":500,"url":"https:\/\/karabatak.com\/wp-content\/uploads\/2023\/08\/3.png","type":"image\/png"}],"twitter_card":"summary_large_image","twitter_misc":{"Estimated reading time":"1 minute"},"schema":{"@context":"https:\/\/schema.org","@graph":[{"@type":"WebPage","@id":"https:\/\/karabatak.com\/urun\/karabatak-4-oz-take-away-bardak-100lu\/","url":"https:\/\/karabatak.com\/urun\/karabatak-4-oz-take-away-bardak-100lu\/","name":"KARABATAK 4 OZ TAKE AWAY BARDAK 100'L\u00dc - Karabatak","isPartOf":{"@id":"https:\/\/karabatak.com\/#website"},"primaryImageOfPage":{"@id":"https:\/\/karabatak.com\/urun\/karabatak-4-oz-take-away-bardak-100lu\/#primaryimage"},"image":{"@id":"https:\/\/karabatak.com\/urun\/karabatak-4-oz-take-away-bardak-100lu\/#primaryimage"},"thumbnailUrl":"https:\/\/karabatak.com\/wp-content\/uploads\/2023\/08\/3.png","datePublished":"2023-08-28T09:50:29+00:00","dateModified":"2025-09-03T10:36:59+00:00","breadcrumb":{"@id":"https:\/\/karabatak.com\/urun\/karabatak-4-oz-take-away-bardak-100lu\/#breadcrumb"},"inLanguage":"en-GB","potentialAction":[{"@type":"ReadAction","target":["https:\/\/karabatak.com\/urun\/karabatak-4-oz-take-away-bardak-100lu\/"]}]},{"@type":"ImageObject","inLanguage":"en-GB","@id":"https:\/\/karabatak.com\/urun\/karabatak-4-oz-take-away-bardak-100lu\/#primaryimage","url":"https:\/\/karabatak.com\/wp-content\/uploads\/2023\/08\/3.png","contentUrl":"https:\/\/karabatak.com\/wp-content\/uploads\/2023\/08\/3.png","width":501,"height":500},{"@type":"BreadcrumbList","@id":"https:\/\/karabatak.com\/urun\/karabatak-4-oz-take-away-bardak-100lu\/#breadcrumb","itemListElement":[{"@type":"ListItem","position":1,"name":"Ma\u011faza","item":"https:\/\/karabatak.com\/en\/products\/"},{"@type":"ListItem","position":2,"name":"KARABATAK 4 OZ TAKE AWAY BARDAK 100&#8217;L\u00dc"}]},{"@type":"WebSite","@id":"https:\/\/karabatak.com\/#website","url":"https:\/\/karabatak.com\/","name":"Karabatak","description":"Karabatak ve Julius Meinl T\u00fcrkiye Distrib\u00fct\u00f6r\u00fc","publisher":{"@id":"https:\/\/karabatak.com\/#organization"},"potentialAction":[{"@type":"SearchAction","target":{"@type":"EntryPoint","urlTemplate":"https:\/\/karabatak.com\/?s={search_term_string}"},"query-input":{"@type":"PropertyValueSpecification","valueRequired":true,"valueName":"search_term_string"}}],"inLanguage":"en-GB"},{"@type":"Organization","@id":"https:\/\/karabatak.com\/#organization","name":"Karabatak","url":"https:\/\/karabatak.com\/","logo":{"@type":"ImageObject","inLanguage":"en-GB","@id":"https:\/\/karabatak.com\/#\/schema\/logo\/image\/","url":"https:\/\/karabatak.com\/wp-content\/uploads\/2023\/05\/logo-100x100-100x100-1.png","contentUrl":"https:\/\/karabatak.com\/wp-content\/uploads\/2023\/05\/logo-100x100-100x100-1.png","width":100,"height":100,"caption":"Karabatak"},"image":{"@id":"https:\/\/karabatak.com\/#\/schema\/logo\/image\/"}}]}},"_links":{"self":[{"href":"https:\/\/karabatak.com\/en\/wp-json\/wp\/v2\/product\/15167","targetHints":{"allow":["GET"]}}],"collection":[{"href":"https:\/\/karabatak.com\/en\/wp-json\/wp\/v2\/product"}],"about":[{"href":"https:\/\/karabatak.com\/en\/wp-json\/wp\/v2\/types\/product"}],"replies":[{"embeddable":true,"href":"https:\/\/karabatak.com\/en\/wp-json\/wp\/v2\/comments?post=15167"}],"wp:featuredmedia":[{"embeddable":true,"href":"https:\/\/karabatak.com\/en\/wp-json\/wp\/v2\/media\/16129"}],"wp:attachment":[{"href":"https:\/\/karabatak.com\/en\/wp-json\/wp\/v2\/media?parent=15167"}],"wp:term":[{"taxonomy":"product_cat","embeddable":true,"href":"https:\/\/karabatak.com\/en\/wp-json\/wp\/v2\/product_cat?post=15167"},{"taxonomy":"product_tag","embeddable":true,"href":"https:\/\/karabatak.com\/en\/wp-json\/wp\/v2\/product_tag?post=15167"}],"curies":[{"name":"wp","href":"https:\/\/api.w.org\/{rel}","templated":true}]}}