{"id":15159,"date":"2023-08-28T12:50:29","date_gmt":"2023-08-28T09:50:29","guid":{"rendered":"http:\/\/karabatak.com\/urun\/julius-meinl-4-oz-take-away-bardak-100lu\/"},"modified":"2026-01-26T13:25:40","modified_gmt":"2026-01-26T10:25:40","slug":"julius-meinl-4-oz-take-away-bardak-100lu","status":"publish","type":"product","link":"https:\/\/karabatak.com\/en\/product\/julius-meinl-4oz-take-away-cup-100pcs\/","title":{"rendered":"JULIUS MEINL 4 OZ TAKE AWAY GLASSES OF 100"},"content":{"rendered":"<p><span style=\"font-family: Arial;\"><span style=\"font-size: 18px;\"><b>Julius Meinl 4 Oz Take Away Glass 100&#039;l<\/b><\/span><\/span><\/p>\n<p>This 100 ml paper cup is suitable for serving espresso, double espresso and espresso macchiato.<\/p>\n<p>The product content is sent as 100 pieces.<\/p>\n<p>It has no cover.<\/p>\n<p><img decoding=\"async\" style=\"width: 137px; height: 137px;\" src=\"https:\/\/www.karabatak.com\/image\/catalog\/jmaksesuar\/4oz2%20kopya.png\" \/><\/p>","protected":false},"excerpt":{"rendered":"<p>Julius Meinl 4 Oz Take Away Cup 100&#039;l This 100 ml cardboard cup is suitable for espresso, double espresso, espresso macchiato<\/p>","protected":false},"featured_media":21763,"comment_status":"closed","ping_status":"closed","template":"","meta":[],"product_brand":[],"product_cat":[29],"product_tag":[123],"class_list":{"0":"post-15159","1":"product","2":"type-product","3":"status-publish","4":"has-post-thumbnail","6":"product_cat-kahve-aksesuarlari","7":"product_tag-julius-meinl-orjinal-4-oz-take-away-bardak-100lu","9":"first","10":"instock","11":"purchasable","12":"product-type-simple"},"yoast_head":"<!-- This site is optimized with the Yoast SEO plugin v27.4 - https:\/\/yoast.com\/product\/yoast-seo-wordpress\/ -->\n<title>JULIUS MEINL 4 OZ TAKE AWAY BARDAK 100&#039;L\u00dc - Karabatak<\/title>\n<meta name=\"robots\" content=\"index, follow, max-snippet:-1, max-image-preview:large, max-video-preview:-1\" \/>\n<link rel=\"canonical\" href=\"https:\/\/karabatak.com\/en\/product\/julius-meinl-4oz-take-away-cup-100pcs\/\" \/>\n<meta property=\"og:locale\" content=\"en_GB\" \/>\n<meta property=\"og:type\" content=\"article\" \/>\n<meta property=\"og:title\" content=\"JULIUS MEINL 4 OZ TAKE AWAY BARDAK 100&#039;L\u00dc - Karabatak\" \/>\n<meta property=\"og:description\" content=\"Julius Meinl 4 Oz Take Away Bardak 100&#8217;l Bu 100 ml&#8217;lik hacime sahip karton bardak espresso, double espresso, espresso macchiato\" \/>\n<meta property=\"og:url\" content=\"https:\/\/karabatak.com\/en\/product\/julius-meinl-4oz-take-away-cup-100pcs\/\" \/>\n<meta property=\"og:site_name\" content=\"Karabatak\" \/>\n<meta property=\"article:modified_time\" content=\"2026-01-26T10:25:40+00:00\" \/>\n<meta property=\"og:image\" content=\"https:\/\/karabatak.com\/wp-content\/uploads\/2023\/08\/2-1.png\" \/>\n\t<meta property=\"og:image:width\" content=\"501\" \/>\n\t<meta property=\"og:image:height\" content=\"500\" \/>\n\t<meta property=\"og:image:type\" content=\"image\/png\" \/>\n<meta name=\"twitter:card\" content=\"summary_large_image\" \/>\n<meta name=\"twitter:label1\" content=\"Estimated reading time\" \/>\n\t<meta name=\"twitter:data1\" content=\"1 minute\" \/>\n<script type=\"application\/ld+json\" class=\"yoast-schema-graph\">{\"@context\":\"https:\\\/\\\/schema.org\",\"@graph\":[{\"@type\":\"WebPage\",\"@id\":\"https:\\\/\\\/karabatak.com\\\/urun\\\/julius-meinl-4-oz-take-away-bardak-100lu\\\/\",\"url\":\"https:\\\/\\\/karabatak.com\\\/urun\\\/julius-meinl-4-oz-take-away-bardak-100lu\\\/\",\"name\":\"JULIUS MEINL 4 OZ TAKE AWAY BARDAK 100'L\u00dc - Karabatak\",\"isPartOf\":{\"@id\":\"https:\\\/\\\/karabatak.com\\\/#website\"},\"primaryImageOfPage\":{\"@id\":\"https:\\\/\\\/karabatak.com\\\/urun\\\/julius-meinl-4-oz-take-away-bardak-100lu\\\/#primaryimage\"},\"image\":{\"@id\":\"https:\\\/\\\/karabatak.com\\\/urun\\\/julius-meinl-4-oz-take-away-bardak-100lu\\\/#primaryimage\"},\"thumbnailUrl\":\"https:\\\/\\\/karabatak.com\\\/wp-content\\\/uploads\\\/2023\\\/08\\\/2-1.png\",\"datePublished\":\"2023-08-28T09:50:29+00:00\",\"dateModified\":\"2026-01-26T10:25:40+00:00\",\"breadcrumb\":{\"@id\":\"https:\\\/\\\/karabatak.com\\\/urun\\\/julius-meinl-4-oz-take-away-bardak-100lu\\\/#breadcrumb\"},\"inLanguage\":\"en-GB\",\"potentialAction\":[{\"@type\":\"ReadAction\",\"target\":[\"https:\\\/\\\/karabatak.com\\\/urun\\\/julius-meinl-4-oz-take-away-bardak-100lu\\\/\"]}]},{\"@type\":\"ImageObject\",\"inLanguage\":\"en-GB\",\"@id\":\"https:\\\/\\\/karabatak.com\\\/urun\\\/julius-meinl-4-oz-take-away-bardak-100lu\\\/#primaryimage\",\"url\":\"https:\\\/\\\/karabatak.com\\\/wp-content\\\/uploads\\\/2023\\\/08\\\/2-1.png\",\"contentUrl\":\"https:\\\/\\\/karabatak.com\\\/wp-content\\\/uploads\\\/2023\\\/08\\\/2-1.png\",\"width\":501,\"height\":500},{\"@type\":\"BreadcrumbList\",\"@id\":\"https:\\\/\\\/karabatak.com\\\/urun\\\/julius-meinl-4-oz-take-away-bardak-100lu\\\/#breadcrumb\",\"itemListElement\":[{\"@type\":\"ListItem\",\"position\":1,\"name\":\"Ma\u011faza\",\"item\":\"https:\\\/\\\/karabatak.com\\\/en\\\/products\\\/\"},{\"@type\":\"ListItem\",\"position\":2,\"name\":\"JULIUS MEINL 4 OZ TAKE AWAY BARDAK 100&#8217;L\u00dc\"}]},{\"@type\":\"WebSite\",\"@id\":\"https:\\\/\\\/karabatak.com\\\/#website\",\"url\":\"https:\\\/\\\/karabatak.com\\\/\",\"name\":\"Karabatak\",\"description\":\"Karabatak ve Julius Meinl T\u00fcrkiye Distrib\u00fct\u00f6r\u00fc\",\"publisher\":{\"@id\":\"https:\\\/\\\/karabatak.com\\\/#organization\"},\"potentialAction\":[{\"@type\":\"SearchAction\",\"target\":{\"@type\":\"EntryPoint\",\"urlTemplate\":\"https:\\\/\\\/karabatak.com\\\/?s={search_term_string}\"},\"query-input\":{\"@type\":\"PropertyValueSpecification\",\"valueRequired\":true,\"valueName\":\"search_term_string\"}}],\"inLanguage\":\"en-GB\"},{\"@type\":\"Organization\",\"@id\":\"https:\\\/\\\/karabatak.com\\\/#organization\",\"name\":\"Karabatak\",\"url\":\"https:\\\/\\\/karabatak.com\\\/\",\"logo\":{\"@type\":\"ImageObject\",\"inLanguage\":\"en-GB\",\"@id\":\"https:\\\/\\\/karabatak.com\\\/#\\\/schema\\\/logo\\\/image\\\/\",\"url\":\"https:\\\/\\\/karabatak.com\\\/wp-content\\\/uploads\\\/2023\\\/05\\\/logo-100x100-100x100-1.png\",\"contentUrl\":\"https:\\\/\\\/karabatak.com\\\/wp-content\\\/uploads\\\/2023\\\/05\\\/logo-100x100-100x100-1.png\",\"width\":100,\"height\":100,\"caption\":\"Karabatak\"},\"image\":{\"@id\":\"https:\\\/\\\/karabatak.com\\\/#\\\/schema\\\/logo\\\/image\\\/\"}}]}<\/script>\n<!-- \/ Yoast SEO plugin. -->","yoast_head_json":{"title":"JULIUS MEINL 4 OZ TAKEAWAY CUPS 100 - Karabatak","robots":{"index":"index","follow":"follow","max-snippet":"max-snippet:-1","max-image-preview":"max-image-preview:large","max-video-preview":"max-video-preview:-1"},"canonical":"https:\/\/karabatak.com\/en\/product\/julius-meinl-4oz-take-away-cup-100pcs\/","og_locale":"en_GB","og_type":"article","og_title":"JULIUS MEINL 4 OZ TAKE AWAY BARDAK 100'L\u00dc - Karabatak","og_description":"Julius Meinl 4 Oz Take Away Bardak 100&#8217;l Bu 100 ml&#8217;lik hacime sahip karton bardak espresso, double espresso, espresso macchiato","og_url":"https:\/\/karabatak.com\/en\/product\/julius-meinl-4oz-take-away-cup-100pcs\/","og_site_name":"Karabatak","article_modified_time":"2026-01-26T10:25:40+00:00","og_image":[{"width":501,"height":500,"url":"https:\/\/karabatak.com\/wp-content\/uploads\/2023\/08\/2-1.png","type":"image\/png"}],"twitter_card":"summary_large_image","twitter_misc":{"Estimated reading time":"1 minute"},"schema":{"@context":"https:\/\/schema.org","@graph":[{"@type":"WebPage","@id":"https:\/\/karabatak.com\/urun\/julius-meinl-4-oz-take-away-bardak-100lu\/","url":"https:\/\/karabatak.com\/urun\/julius-meinl-4-oz-take-away-bardak-100lu\/","name":"JULIUS MEINL 4 OZ TAKEAWAY CUPS 100 - Karabatak","isPartOf":{"@id":"https:\/\/karabatak.com\/#website"},"primaryImageOfPage":{"@id":"https:\/\/karabatak.com\/urun\/julius-meinl-4-oz-take-away-bardak-100lu\/#primaryimage"},"image":{"@id":"https:\/\/karabatak.com\/urun\/julius-meinl-4-oz-take-away-bardak-100lu\/#primaryimage"},"thumbnailUrl":"https:\/\/karabatak.com\/wp-content\/uploads\/2023\/08\/2-1.png","datePublished":"2023-08-28T09:50:29+00:00","dateModified":"2026-01-26T10:25:40+00:00","breadcrumb":{"@id":"https:\/\/karabatak.com\/urun\/julius-meinl-4-oz-take-away-bardak-100lu\/#breadcrumb"},"inLanguage":"en-GB","potentialAction":[{"@type":"ReadAction","target":["https:\/\/karabatak.com\/urun\/julius-meinl-4-oz-take-away-bardak-100lu\/"]}]},{"@type":"ImageObject","inLanguage":"en-GB","@id":"https:\/\/karabatak.com\/urun\/julius-meinl-4-oz-take-away-bardak-100lu\/#primaryimage","url":"https:\/\/karabatak.com\/wp-content\/uploads\/2023\/08\/2-1.png","contentUrl":"https:\/\/karabatak.com\/wp-content\/uploads\/2023\/08\/2-1.png","width":501,"height":500},{"@type":"BreadcrumbList","@id":"https:\/\/karabatak.com\/urun\/julius-meinl-4-oz-take-away-bardak-100lu\/#breadcrumb","itemListElement":[{"@type":"ListItem","position":1,"name":"Ma\u011faza","item":"https:\/\/karabatak.com\/en\/products\/"},{"@type":"ListItem","position":2,"name":"JULIUS MEINL 4 OZ TAKE AWAY BARDAK 100&#8217;L\u00dc"}]},{"@type":"WebSite","@id":"https:\/\/karabatak.com\/#website","url":"https:\/\/karabatak.com\/","name":"Karabatak","description":"Karabatak and Julius Meinl T\u00fcrkiye Distributor","publisher":{"@id":"https:\/\/karabatak.com\/#organization"},"potentialAction":[{"@type":"SearchAction","target":{"@type":"EntryPoint","urlTemplate":"https:\/\/karabatak.com\/?s={search_term_string}"},"query-input":{"@type":"PropertyValueSpecification","valueRequired":true,"valueName":"search_term_string"}}],"inLanguage":"en-GB"},{"@type":"Organization","@id":"https:\/\/karabatak.com\/#organization","name":"Karabatak","url":"https:\/\/karabatak.com\/","logo":{"@type":"ImageObject","inLanguage":"en-GB","@id":"https:\/\/karabatak.com\/#\/schema\/logo\/image\/","url":"https:\/\/karabatak.com\/wp-content\/uploads\/2023\/05\/logo-100x100-100x100-1.png","contentUrl":"https:\/\/karabatak.com\/wp-content\/uploads\/2023\/05\/logo-100x100-100x100-1.png","width":100,"height":100,"caption":"Karabatak"},"image":{"@id":"https:\/\/karabatak.com\/#\/schema\/logo\/image\/"}}]}},"_links":{"self":[{"href":"https:\/\/karabatak.com\/en\/wp-json\/wp\/v2\/product\/15159","targetHints":{"allow":["GET"]}}],"collection":[{"href":"https:\/\/karabatak.com\/en\/wp-json\/wp\/v2\/product"}],"about":[{"href":"https:\/\/karabatak.com\/en\/wp-json\/wp\/v2\/types\/product"}],"replies":[{"embeddable":true,"href":"https:\/\/karabatak.com\/en\/wp-json\/wp\/v2\/comments?post=15159"}],"wp:featuredmedia":[{"embeddable":true,"href":"https:\/\/karabatak.com\/en\/wp-json\/wp\/v2\/media\/21763"}],"wp:attachment":[{"href":"https:\/\/karabatak.com\/en\/wp-json\/wp\/v2\/media?parent=15159"}],"wp:term":[{"taxonomy":"product_brand","embeddable":true,"href":"https:\/\/karabatak.com\/en\/wp-json\/wp\/v2\/product_brand?post=15159"},{"taxonomy":"product_cat","embeddable":true,"href":"https:\/\/karabatak.com\/en\/wp-json\/wp\/v2\/product_cat?post=15159"},{"taxonomy":"product_tag","embeddable":true,"href":"https:\/\/karabatak.com\/en\/wp-json\/wp\/v2\/product_tag?post=15159"}],"curies":[{"name":"wp","href":"https:\/\/api.w.org\/{rel}","templated":true}]}}