{"id":15139,"date":"2023-08-28T12:50:26","date_gmt":"2023-08-28T09:50:26","guid":{"rendered":"http:\/\/karabatak.com\/urun\/julius-meinl-president-cekirdek-kahve-500g\/"},"modified":"2026-04-10T15:22:37","modified_gmt":"2026-04-10T12:22:37","slug":"julius-meinl-president-cekirdek-kahve-500g","status":"publish","type":"product","link":"https:\/\/karabatak.com\/en\/product\/julius-meinl-president-coffee-beans-500g\/","title":{"rendered":"JULIUS MEINL PRESIDENT COFFEE BEANS 500 GR"},"content":{"rendered":"<p class=\"MsoNormal\"><b><span style=\"font-size: 18px; line-height: 107%; font-family: Arial, sans-serif;\">JuliusMeinl President Coffee Beans \u2013 500gr<\/span><\/b><b><\/b><\/p>\n<p class=\"MsoNormal\"><span style=\"font-family: Arial;\"><span style=\"font-size: 14px;\">This delicious blend is carefully prepared from the highest quality Arabica coffee beans from Central America, South America and South East Asia.<\/span><\/span><span style=\"font-family: Arial;\"><span style=\"font-size: 14px;\">\u00a0It consists of high quality Arabica beans. It is slightly acidic and medium roasted.<\/span><span style=\"font-size: 14px;\">\u00a0<\/span><\/span><span style=\"font-size: 14px; font-family: Arial;\">It has a full-bodied pleasant aroma.<\/span><\/p>\n<p class=\"MsoNormal\"><span style=\"font-size: 12px;\"><span style=\"font-family: Arial;\"><b>Bean<\/b><\/span><\/span><span style=\"color: #323130;\"><span style=\"font-size: 12px;\">\u00a0 \u00a0 \u00a0 \u00a0 \u00a0 \u00a0 \u00a0 \u00a0 \u00a0 \u00a0 \u00a0 \u00a0 \u00a0 \u00a0 \u00a0\u00a0<\/span><\/span><span lang=\"en-US\" style=\"color: inherit; font-style: inherit; font-variant: inherit; -webkit-font-smoothing: antialiased; margin: 0px; padding: 0px; border: 0px; font-stretch: inherit; font-size: 12px; line-height: inherit; vertical-align: baseline;\"><span style=\"font-family: Arial; font-size: 12px;\">:\u00a0 \u00a0 \u00a0\u00a0<\/span><\/span><span style=\"color: #323130;\"><span style=\"width: 129.399px; height: 58.1701px;\"><img decoding=\"async\" style=\"width: 129.399px; height: 58.1701px;\" src=\"https:\/\/www.karabatak.com\/image\/catalog\/menuicin\/robusta.png\" \/><\/span><\/span><span lang=\"en-US\" style=\"color: inherit; font-style: inherit; font-variant: inherit; -webkit-font-smoothing: antialiased; margin: 0px; padding: 0px; border: 0px; font-stretch: inherit; font-size: 12px; line-height: inherit; vertical-align: baseline;\"><span style=\"font-family: Arial; font-size: 12px;\">\u00a0 \u00a0 \u00a0 \u00a0<\/span><\/span><span style=\"color: #323130; font-family: Arial;\"><span style=\"font-size: 12px;\"><b><br \/>\n<\/b><\/span><\/span><\/p>\n<p style=\"margin-bottom: 0px; -webkit-font-smoothing: antialiased; color: #323130; font-size: 11pt;\"><span style=\"font-size: 13px; color: #2f171f; font-family: Arial;\"><span style=\"font-size: 12px;\"><b>Roasting Level 1-6\u00a0<\/b><\/span><\/span><span style=\"color: #000000; font-size: 12px;\">\u00a0 \u00a0 \u00a0 \u00a0<\/span><span style=\"font-size: 12px;\">\u00a0<\/span><span style=\"font-family: Arial;\"><span style=\"font-size: 12px;\">:\u00a0<\/span><\/span><img decoding=\"async\" style=\"width: 158.183px; height: 47.4548px;\" src=\"https:\/\/www.karabatak.com\/image\/catalog\/menuicin\/2derece.png\" \/><\/p>\n<p style=\"margin-bottom: 0px; -webkit-font-smoothing: antialiased; color: #323130; font-size: 11pt;\"><span style=\"font-family: Arial;\"><b><span style=\"font-size: 12px;\">Acidity<\/span><\/b><\/span><span style=\"font-size: 12px;\">\u00a0\u00a0\u00a0\u00a0<\/span><span style=\"font-size: 12px;\">\u00a0 \u00a0 \u00a0 \u00a0 \u00a0 \u00a0 \u00a0 \u00a0 \u00a0 \u00a0 \u00a0 \u00a0 \u00a0 \u00a0 \u00a0:\u00a0\u00a0<\/span><img decoding=\"async\" style=\"font-size: 14.6667px; width: 125.984px; height: 43.948px;\" src=\"https:\/\/www.karabatak.com\/image\/catalog\/menuicin\/4.png\" \/><\/p>\n<p style=\"margin-bottom: 0px; -webkit-font-smoothing: antialiased; color: #323130;\"><span style=\"font-family: Arial;\"><span style=\"font-size: 12px;\"><b>Flavors<\/b><\/span><\/span><span style=\"font-size: 11pt;\"><span style=\"font-size: 12px;\">\u00a0<\/span><span style=\"font-size: 12px;\">\u00a0\u00a0\u00a0\u00a0<\/span><span style=\"font-size: 12px;\">\u00a0 \u00a0 \u00a0 \u00a0 \u00a0 \u00a0 \u00a0 \u00a0 \u00a0 \u00a0 \u00a0 \u00a0 \u00a0 \u00a0 \u00a0 \u00a0\u00a0<\/span><span style=\"font-size: 12px;\">:<\/span><\/span><img decoding=\"async\" style=\"width: 132.506px; height: 45.4583px;\" src=\"https:\/\/www.karabatak.com\/image\/catalog\/menuicin\/5.png\" \/><\/p>\n<p style=\"margin-bottom: 0px; -webkit-font-smoothing: antialiased; color: #323130;\"><b><span style=\"font-size: 12px;\">Body<\/span><\/b><span style=\"font-size: 12px;\">\u00a0 \u00a0 \u00a0 \u00a0 \u00a0 \u00a0 \u00a0 \u00a0 \u00a0 \u00a0 \u00a0 \u00a0 \u00a0 \u00a0 \u00a0 \u00a0 \u00a0 \u00a0 :\u00a0<\/span><img decoding=\"async\" style=\"width: 137.029px; height: 48.0625px;\" src=\"https:\/\/www.karabatak.com\/image\/catalog\/menuicin\/6.png\" \/><\/p>\n<p style=\"margin-bottom: 0px; -webkit-font-smoothing: antialiased; color: #323130; font-size: 11pt;\"><span style=\"font-family: Arial;\"><span style=\"font-size: 12px;\"><b>Cream<\/b><\/span><span style=\"font-size: 12px;\">\u00a0 \u00a0 \u00a0 \u00a0 \u00a0 \u00a0 \u00a0 \u00a0 \u00a0 \u00a0 \u00a0 \u00a0 \u00a0 \u00a0 \u00a0\u00a0<\/span><\/span><span style=\"font-family: Helvetica, Arial, sans-serif; font-size: 12px;\">\u00a0 \u00a0<\/span><span style=\"font-family: Helvetica, Arial, sans-serif; font-size: 12px;\">\u00a0<\/span><span style=\"font-size: 11pt; font-family: Arial;\"><span style=\"font-size: 12px;\">\u00a0<\/span><span style=\"font-size: 14px;\"><span style=\"font-size: 12px;\">:<\/span><b><span style=\"font-size: 12px;\">\u00a0<\/span><\/b><\/span><span style=\"font-size: 12px;\">\u00a0<\/span><\/span><span style=\"font-family: Arial; font-size: 12px; color: #000000;\">Thin Cream<\/span><\/p>\n<p style=\"margin-bottom: 0px; -webkit-font-smoothing: antialiased;\"><span style=\"color: #323130; font-size: 11pt; font-family: Arial;\"><span style=\"font-size: 12px;\"><b>Aroma<\/b><\/span><span style=\"font-size: 12px;\">\u00a0 \u00a0 \u00a0 \u00a0 \u00a0 \u00a0 \u00a0 \u00a0 \u00a0 \u00a0 \u00a0 \u00a0 \u00a0 \u00a0\u00a0<\/span><\/span><span style=\"color: #323130; font-size: 12px; font-family: Helvetica, Arial, sans-serif;\">\u00a0 \u00a0<\/span><span style=\"color: #323130; font-size: 12px; font-family: Helvetica, Arial, sans-serif;\">\u00a0<\/span><span style=\"color: #323130; font-size: 11pt; font-family: Arial;\"><span style=\"font-size: 12px;\">\u00a0 \u00a0<\/span><span style=\"font-size: 12px;\">: Fresh &amp; Chocolate<\/span><\/span><\/p>\n<p style=\"margin-bottom: 0px; -webkit-font-smoothing: antialiased;\"><span style=\"color: #323130; font-size: 11pt; font-family: Arial;\"><span style=\"font-size: 14px;\"><b><span style=\"font-size: 12px;\">Flavor\u00a0<\/span><\/b><span style=\"font-size: 12px;\">\u00a0 \u00a0 \u00a0 \u00a0 \u00a0 \u00a0 \u00a0 \u00a0 \u00a0 \u00a0 \u00a0 \u00a0 \u00a0<\/span><\/span><\/span><span style=\"color: #323130; font-size: 12px; font-family: Helvetica, Arial, sans-serif;\">\u00a0 \u00a0<\/span><span style=\"color: #323130; font-size: 12px; font-family: Helvetica, Arial, sans-serif;\">\u00a0<\/span><span style=\"color: #323130; font-size: 11pt; font-family: Arial;\"><span style=\"font-size: 12px;\">\u00a0\u00a0 \u00a0\u00a0<\/span><span style=\"font-size: 12px;\">: Perfect balance of acidity and sweetness<\/span><\/span><\/p>\n<p style=\"margin-bottom: 0px; -webkit-font-smoothing: antialiased; color: #323130; font-size: 11pt;\"><span style=\"font-size: 14.6667px;\">\u00a0<\/span><img decoding=\"async\" style=\"font-size: 14.6667px; width: 54.5781px; height: 54.5781px;\" src=\"https:\/\/www.karabatak.com\/image\/catalog\/icon\/esicons.png\" \/><span style=\"font-size: 11pt;\">\u00a0 \u00a0\u00a0<\/span><img decoding=\"async\" style=\"color: #000000; font-size: 23px; width: 64.8125px; height: 66.0589px;\" src=\"https:\/\/www.karabatak.com\/image\/catalog\/kavrum%20icon\/yar.png\" \/><\/p>\n<p style=\"margin-bottom: 0px; -webkit-font-smoothing: antialiased; color: #323130; font-size: 11pt;\"><span style=\"color: #2f171f; font-family: Arial; font-size: 12px;\">Coffee Beans:<\/span><span style=\"color: #000000; font-family: Arial; font-size: 12px;\">\u00a0<\/span><span style=\"color: #000000; font-family: Arial; font-size: 12px;\">500 grams\u00a0<\/span><\/p>\n<p style=\"margin-bottom: 0px; -webkit-font-smoothing: antialiased;\"><span style=\"font-family: Arial;\"><span style=\"font-size: 12px;\">Our products are limited to stock.<\/span><\/span><\/p>","protected":false},"excerpt":{"rendered":"<p>JuliusMeinl President Coffee Beans \u2013 500gr This coffee is carefully prepared from the finest Arabica coffee beans of Central America, South America and South East Asia.<\/p>","protected":false},"featured_media":22416,"comment_status":"closed","ping_status":"closed","template":"","meta":[],"product_cat":[33],"product_tag":[151,150,147,149,169,152,170,168,167,148,171,166],"class_list":{"0":"post-15139","1":"product","2":"type-product","3":"status-publish","4":"has-post-thumbnail","6":"product_cat-julius-meinl-kahveleri","7":"product_tag-aeropress","8":"product_tag-cekirdek","9":"product_tag-chemex","10":"product_tag-espresso","11":"product_tag-filtre","12":"product_tag-hario","13":"product_tag-hario-v60-jubilaum","14":"product_tag-julius-meinl","15":"product_tag-melange-coffee","16":"product_tag-moka-pot","17":"product_tag-president","18":"product_tag-wiener-melange-bristol","19":"pa_tur-cekirdek","21":"first","22":"instock","23":"purchasable","24":"product-type-simple"},"yoast_head":"<!-- This site is optimized with the Yoast SEO plugin v27.2 - https:\/\/yoast.com\/product\/yoast-seo-wordpress\/ -->\n<title>JULIUS MEINL PRESIDENT \u00c7EK\u0130RDEK KAHVE 500 GR - Karabatak<\/title>\n<meta name=\"robots\" content=\"index, follow, max-snippet:-1, max-image-preview:large, max-video-preview:-1\" \/>\n<link rel=\"canonical\" href=\"https:\/\/karabatak.com\/en\/product\/julius-meinl-president-coffee-beans-500g\/\" \/>\n<meta property=\"og:locale\" content=\"en_GB\" \/>\n<meta property=\"og:type\" content=\"article\" \/>\n<meta property=\"og:title\" content=\"JULIUS MEINL PRESIDENT \u00c7EK\u0130RDEK KAHVE 500 GR - Karabatak\" \/>\n<meta property=\"og:description\" content=\"JuliusMeinl President \u00c7ekirdek Kahve &#8211; 500gr Orta Amerika,G\u00fcney Amerika ve G\u00fcney Do\u011fu Asya&#8217;n\u0131n en kaliteli Arabica kahve \u00e7ekirdeklerinden\u00f6zenle haz\u0131rlanan bu\" \/>\n<meta property=\"og:url\" content=\"https:\/\/karabatak.com\/en\/product\/julius-meinl-president-coffee-beans-500g\/\" \/>\n<meta property=\"og:site_name\" content=\"Karabatak\" \/>\n<meta property=\"article:modified_time\" content=\"2026-04-10T12:22:37+00:00\" \/>\n<meta property=\"og:image\" content=\"https:\/\/karabatak.com\/wp-content\/uploads\/2023\/08\/JM-Praesident-500g-bean-4.webp\" \/>\n\t<meta property=\"og:image:width\" content=\"500\" \/>\n\t<meta property=\"og:image:height\" content=\"500\" \/>\n\t<meta property=\"og:image:type\" content=\"image\/webp\" \/>\n<meta name=\"twitter:card\" content=\"summary_large_image\" \/>\n<meta name=\"twitter:label1\" content=\"Estimated reading time\" \/>\n\t<meta name=\"twitter:data1\" content=\"2 minutes\" \/>\n<script type=\"application\/ld+json\" class=\"yoast-schema-graph\">{\"@context\":\"https:\/\/schema.org\",\"@graph\":[{\"@type\":\"WebPage\",\"@id\":\"https:\/\/karabatak.com\/urun\/julius-meinl-president-cekirdek-kahve-500g\/\",\"url\":\"https:\/\/karabatak.com\/urun\/julius-meinl-president-cekirdek-kahve-500g\/\",\"name\":\"JULIUS MEINL PRESIDENT \u00c7EK\u0130RDEK KAHVE 500 GR - Karabatak\",\"isPartOf\":{\"@id\":\"https:\/\/karabatak.com\/#website\"},\"primaryImageOfPage\":{\"@id\":\"https:\/\/karabatak.com\/urun\/julius-meinl-president-cekirdek-kahve-500g\/#primaryimage\"},\"image\":{\"@id\":\"https:\/\/karabatak.com\/urun\/julius-meinl-president-cekirdek-kahve-500g\/#primaryimage\"},\"thumbnailUrl\":\"https:\/\/karabatak.com\/wp-content\/uploads\/2023\/08\/JM-Praesident-500g-bean-4.webp\",\"datePublished\":\"2023-08-28T09:50:26+00:00\",\"dateModified\":\"2026-04-10T12:22:37+00:00\",\"breadcrumb\":{\"@id\":\"https:\/\/karabatak.com\/urun\/julius-meinl-president-cekirdek-kahve-500g\/#breadcrumb\"},\"inLanguage\":\"en-GB\",\"potentialAction\":[{\"@type\":\"ReadAction\",\"target\":[\"https:\/\/karabatak.com\/urun\/julius-meinl-president-cekirdek-kahve-500g\/\"]}]},{\"@type\":\"ImageObject\",\"inLanguage\":\"en-GB\",\"@id\":\"https:\/\/karabatak.com\/urun\/julius-meinl-president-cekirdek-kahve-500g\/#primaryimage\",\"url\":\"https:\/\/karabatak.com\/wp-content\/uploads\/2023\/08\/JM-Praesident-500g-bean-4.webp\",\"contentUrl\":\"https:\/\/karabatak.com\/wp-content\/uploads\/2023\/08\/JM-Praesident-500g-bean-4.webp\",\"width\":500,\"height\":500},{\"@type\":\"BreadcrumbList\",\"@id\":\"https:\/\/karabatak.com\/urun\/julius-meinl-president-cekirdek-kahve-500g\/#breadcrumb\",\"itemListElement\":[{\"@type\":\"ListItem\",\"position\":1,\"name\":\"Ma\u011faza\",\"item\":\"https:\/\/karabatak.com\/en\/products\/\"},{\"@type\":\"ListItem\",\"position\":2,\"name\":\"JULIUS MEINL PRESIDENT \u00c7EK\u0130RDEK KAHVE 500 GR\"}]},{\"@type\":\"WebSite\",\"@id\":\"https:\/\/karabatak.com\/#website\",\"url\":\"https:\/\/karabatak.com\/\",\"name\":\"Karabatak\",\"description\":\"Karabatak ve Julius Meinl T\u00fcrkiye Distrib\u00fct\u00f6r\u00fc\",\"publisher\":{\"@id\":\"https:\/\/karabatak.com\/#organization\"},\"potentialAction\":[{\"@type\":\"SearchAction\",\"target\":{\"@type\":\"EntryPoint\",\"urlTemplate\":\"https:\/\/karabatak.com\/?s={search_term_string}\"},\"query-input\":{\"@type\":\"PropertyValueSpecification\",\"valueRequired\":true,\"valueName\":\"search_term_string\"}}],\"inLanguage\":\"en-GB\"},{\"@type\":\"Organization\",\"@id\":\"https:\/\/karabatak.com\/#organization\",\"name\":\"Karabatak\",\"url\":\"https:\/\/karabatak.com\/\",\"logo\":{\"@type\":\"ImageObject\",\"inLanguage\":\"en-GB\",\"@id\":\"https:\/\/karabatak.com\/#\/schema\/logo\/image\/\",\"url\":\"https:\/\/karabatak.com\/wp-content\/uploads\/2023\/05\/logo-100x100-100x100-1.png\",\"contentUrl\":\"https:\/\/karabatak.com\/wp-content\/uploads\/2023\/05\/logo-100x100-100x100-1.png\",\"width\":100,\"height\":100,\"caption\":\"Karabatak\"},\"image\":{\"@id\":\"https:\/\/karabatak.com\/#\/schema\/logo\/image\/\"}}]}<\/script>\n<!-- \/ Yoast SEO plugin. -->","yoast_head_json":{"title":"JULIUS MEINL PRESIDENT \u00c7EK\u0130RDEK KAHVE 500 GR - Karabatak","robots":{"index":"index","follow":"follow","max-snippet":"max-snippet:-1","max-image-preview":"max-image-preview:large","max-video-preview":"max-video-preview:-1"},"canonical":"https:\/\/karabatak.com\/en\/product\/julius-meinl-president-coffee-beans-500g\/","og_locale":"en_GB","og_type":"article","og_title":"JULIUS MEINL PRESIDENT \u00c7EK\u0130RDEK KAHVE 500 GR - Karabatak","og_description":"JuliusMeinl President \u00c7ekirdek Kahve &#8211; 500gr Orta Amerika,G\u00fcney Amerika ve G\u00fcney Do\u011fu Asya&#8217;n\u0131n en kaliteli Arabica kahve \u00e7ekirdeklerinden\u00f6zenle haz\u0131rlanan bu","og_url":"https:\/\/karabatak.com\/en\/product\/julius-meinl-president-coffee-beans-500g\/","og_site_name":"Karabatak","article_modified_time":"2026-04-10T12:22:37+00:00","og_image":[{"width":500,"height":500,"url":"https:\/\/karabatak.com\/wp-content\/uploads\/2023\/08\/JM-Praesident-500g-bean-4.webp","type":"image\/webp"}],"twitter_card":"summary_large_image","twitter_misc":{"Estimated reading time":"2 minutes"},"schema":{"@context":"https:\/\/schema.org","@graph":[{"@type":"WebPage","@id":"https:\/\/karabatak.com\/urun\/julius-meinl-president-cekirdek-kahve-500g\/","url":"https:\/\/karabatak.com\/urun\/julius-meinl-president-cekirdek-kahve-500g\/","name":"JULIUS MEINL PRESIDENT \u00c7EK\u0130RDEK KAHVE 500 GR - Karabatak","isPartOf":{"@id":"https:\/\/karabatak.com\/#website"},"primaryImageOfPage":{"@id":"https:\/\/karabatak.com\/urun\/julius-meinl-president-cekirdek-kahve-500g\/#primaryimage"},"image":{"@id":"https:\/\/karabatak.com\/urun\/julius-meinl-president-cekirdek-kahve-500g\/#primaryimage"},"thumbnailUrl":"https:\/\/karabatak.com\/wp-content\/uploads\/2023\/08\/JM-Praesident-500g-bean-4.webp","datePublished":"2023-08-28T09:50:26+00:00","dateModified":"2026-04-10T12:22:37+00:00","breadcrumb":{"@id":"https:\/\/karabatak.com\/urun\/julius-meinl-president-cekirdek-kahve-500g\/#breadcrumb"},"inLanguage":"en-GB","potentialAction":[{"@type":"ReadAction","target":["https:\/\/karabatak.com\/urun\/julius-meinl-president-cekirdek-kahve-500g\/"]}]},{"@type":"ImageObject","inLanguage":"en-GB","@id":"https:\/\/karabatak.com\/urun\/julius-meinl-president-cekirdek-kahve-500g\/#primaryimage","url":"https:\/\/karabatak.com\/wp-content\/uploads\/2023\/08\/JM-Praesident-500g-bean-4.webp","contentUrl":"https:\/\/karabatak.com\/wp-content\/uploads\/2023\/08\/JM-Praesident-500g-bean-4.webp","width":500,"height":500},{"@type":"BreadcrumbList","@id":"https:\/\/karabatak.com\/urun\/julius-meinl-president-cekirdek-kahve-500g\/#breadcrumb","itemListElement":[{"@type":"ListItem","position":1,"name":"Ma\u011faza","item":"https:\/\/karabatak.com\/en\/products\/"},{"@type":"ListItem","position":2,"name":"JULIUS MEINL PRESIDENT \u00c7EK\u0130RDEK KAHVE 500 GR"}]},{"@type":"WebSite","@id":"https:\/\/karabatak.com\/#website","url":"https:\/\/karabatak.com\/","name":"Karabatak","description":"Karabatak ve Julius Meinl T\u00fcrkiye Distrib\u00fct\u00f6r\u00fc","publisher":{"@id":"https:\/\/karabatak.com\/#organization"},"potentialAction":[{"@type":"SearchAction","target":{"@type":"EntryPoint","urlTemplate":"https:\/\/karabatak.com\/?s={search_term_string}"},"query-input":{"@type":"PropertyValueSpecification","valueRequired":true,"valueName":"search_term_string"}}],"inLanguage":"en-GB"},{"@type":"Organization","@id":"https:\/\/karabatak.com\/#organization","name":"Karabatak","url":"https:\/\/karabatak.com\/","logo":{"@type":"ImageObject","inLanguage":"en-GB","@id":"https:\/\/karabatak.com\/#\/schema\/logo\/image\/","url":"https:\/\/karabatak.com\/wp-content\/uploads\/2023\/05\/logo-100x100-100x100-1.png","contentUrl":"https:\/\/karabatak.com\/wp-content\/uploads\/2023\/05\/logo-100x100-100x100-1.png","width":100,"height":100,"caption":"Karabatak"},"image":{"@id":"https:\/\/karabatak.com\/#\/schema\/logo\/image\/"}}]}},"_links":{"self":[{"href":"https:\/\/karabatak.com\/en\/wp-json\/wp\/v2\/product\/15139","targetHints":{"allow":["GET"]}}],"collection":[{"href":"https:\/\/karabatak.com\/en\/wp-json\/wp\/v2\/product"}],"about":[{"href":"https:\/\/karabatak.com\/en\/wp-json\/wp\/v2\/types\/product"}],"replies":[{"embeddable":true,"href":"https:\/\/karabatak.com\/en\/wp-json\/wp\/v2\/comments?post=15139"}],"wp:featuredmedia":[{"embeddable":true,"href":"https:\/\/karabatak.com\/en\/wp-json\/wp\/v2\/media\/22416"}],"wp:attachment":[{"href":"https:\/\/karabatak.com\/en\/wp-json\/wp\/v2\/media?parent=15139"}],"wp:term":[{"taxonomy":"product_cat","embeddable":true,"href":"https:\/\/karabatak.com\/en\/wp-json\/wp\/v2\/product_cat?post=15139"},{"taxonomy":"product_tag","embeddable":true,"href":"https:\/\/karabatak.com\/en\/wp-json\/wp\/v2\/product_tag?post=15139"}],"curies":[{"name":"wp","href":"https:\/\/api.w.org\/{rel}","templated":true}]}}