{"id":15137,"date":"2023-08-28T12:50:26","date_gmt":"2023-08-28T09:50:26","guid":{"rendered":"http:\/\/karabatak.com\/urun\/julius-meinl-lungo-classico-nespresso-uyumlu-kapsul-kahve-10-adet\/"},"modified":"2026-04-08T09:55:27","modified_gmt":"2026-04-08T06:55:27","slug":"julius-meinl-lungo-classico-nespresso-uyumlu-kapsul-kahve-10-adet","status":"publish","type":"product","link":"https:\/\/karabatak.com\/en\/product\/julius-meinl-lungo-classico-nespresso-compatible-coffee-capsules-10-pieces\/","title":{"rendered":"JULIUS MEINL LUNGO CLASSICO COFFEE CAPSULES 10 PIECES NESPRESSO COMPATIBLE"},"content":{"rendered":"<p class=\"MsoNormal\" style=\"margin-bottom: .0001pt;\"><b><span style=\"font-size: 13.5pt; line-height: 107%; font-family: 'Arial',sans-serif;\">Julius Meinl Lungo Classico<\/span><\/b><\/p>\n<p class=\"MsoNormal\" style=\"margin-bottom: .0001pt;\"><b><span style=\"font-size: 13.5pt; line-height: 107%; font-family: 'Arial',sans-serif;\">Nespresso\u00ae* Compatible Capsule Coffee \u2013 10 Capsules<\/span><\/b><\/p>\n<p class=\"MsoNormal\" style=\"margin-bottom: .0001pt;\"><span style=\"font-size: 14px; line-height: 107%;\"><span style=\"font-family: Arial;\">A meticulous dark roasting process, combined with a blend of the finest Arabica coffees from South and Central America, creates this uniquely balanced, finely creamy coffee. It&#039;s remarkably fresh and fruity.<\/span><\/span><\/p>\n<p class=\"MsoNormal\" style=\"margin-bottom: .0001pt;\"><span style=\"font-size: 9pt; line-height: 107%;\"><span style=\"font-family: Arial;\"><span style=\"font-size: 14px;\">-Made from renewable resources, % 100 certified OK BIOBASED (OK BIOBASED by T\u00dcV Austria \/ Vincotte)<\/span><\/span><\/span><\/p>\n<p class=\"MsoNormal\" style=\"margin-bottom: .0001pt;\"><span style=\"font-size: 9pt; line-height: 107%;\"><span style=\"font-family: Arial;\"><span style=\"font-size: 14px;\">-Aluminum free, PVDC free, OGM free, BPA free<\/span><\/span><\/span><\/p>\n<p class=\"MsoNormal\" style=\"margin-bottom: .0001pt;\"><span style=\"font-size: 14px; line-height: 107%;\"><span style=\"font-family: Arial;\">-Highest aroma preservation thanks to a patented aroma seal that protects the coffee from oxygen and ensures the best flavor and taste.<\/span><\/span><\/p>\n<p style=\"margin-bottom: 0px; -webkit-font-smoothing: antialiased; color: #323130; font-size: 11pt;\"><span lang=\"en-US\" style=\"color: inherit; font-style: inherit; font-variant: inherit; -webkit-font-smoothing: antialiased; margin: 0px; padding: 0px; border: 0px; font-stretch: inherit; font-size: 12px; line-height: inherit; vertical-align: baseline;\"><span style=\"color: #000000; font-family: Arial; font-size: 12px;\"><b>Bean<\/b><\/span><\/span><span style=\"font-size: 12px;\">\u00a0\u00a0<\/span><span style=\"font-size: 12px;\">\u00a0 \u00a0 \u00a0 \u00a0 \u00a0 \u00a0 \u00a0 \u00a0 \u00a0 \u00a0 \u00a0 \u00a0 \u00a0 \u00a0 \u00a0 \u00a0\u00a0<\/span><span lang=\"en-US\" style=\"color: inherit; font-style: inherit; font-variant: inherit; -webkit-font-smoothing: antialiased; margin: 0px; padding: 0px; border: 0px; font-stretch: inherit; font-size: 12px; line-height: inherit; vertical-align: baseline;\"><span style=\"color: #000000; font-family: Arial; font-size: 12px;\">:\u00a0 \u00a0 \u00a0<\/span><\/span><img decoding=\"async\" style=\"width: 134.337px; height: 61px;\" src=\"https:\/\/www.karabatak.com\/image\/catalog\/menuicin\/robusta.png\" \/><span lang=\"en-US\" style=\"color: inherit; font-style: inherit; font-variant: inherit; -webkit-font-smoothing: antialiased; margin: 0px; padding: 0px; border: 0px; font-stretch: inherit; font-size: 12px; line-height: inherit; vertical-align: baseline;\"><span style=\"color: #000000; font-family: Arial; font-size: 12px;\">\u00a0\u00a0<\/span><\/span><span style=\"font-family: Arial;\"><span style=\"font-size: 12px;\"><b><br \/>\n<\/b><\/span><\/span><\/p>\n<p style=\"margin-bottom: 0px; -webkit-font-smoothing: antialiased; color: #323130; font-size: 11pt;\"><span style=\"font-size: 13px; color: #2f171f; font-family: Arial;\"><span style=\"font-size: 12px;\"><b>Roasting Level 1-6<\/b><\/span><\/span><span style=\"color: #000000; font-size: 12px;\">\u00a0 \u00a0 \u00a0 \u00a0 \u00a0\u00a0<\/span><span style=\"font-size: 12px;\">\u00a0<\/span><span style=\"font-family: Arial;\"><span style=\"font-size: 12px;\">:\u00a0 \u00a0<\/span><\/span><img decoding=\"async\" style=\"width: 130.844px; height: 42.3666px;\" src=\"https:\/\/www.karabatak.com\/image\/catalog\/menuicin\/6derece.png\" \/><\/p>\n<p style=\"margin-bottom: 0px; -webkit-font-smoothing: antialiased; color: #323130; font-size: 11pt;\"><span style=\"font-size: 14px;\"><span style=\"font-family: Arial;\"><b><span style=\"font-size: 12px;\">Acidity\u00a0\u00a0<\/span><\/b><\/span><span style=\"font-size: 12px;\">\u00a0 \u00a0<\/span><\/span><span style=\"font-size: 12px;\">\u00a0 \u00a0 \u00a0 \u00a0 \u00a0 \u00a0 \u00a0 \u00a0 \u00a0 \u00a0 \u00a0 \u00a0 \u00a0 \u00a0 \u00a0 \u00a0 \u00a0 :\u00a0 \u00a0\u00a0<\/span><img decoding=\"async\" style=\"width: 129px;\" src=\"https:\/\/www.karabatak.com\/image\/catalog\/menuicin\/8.png\" \/><\/p>\n<p style=\"margin-bottom: 0px; -webkit-font-smoothing: antialiased; color: #323130;\"><span style=\"font-size: 11pt;\"><span style=\"font-size: 14px;\"><span style=\"font-family: Arial;\"><b><span style=\"font-size: 12px;\">Flavors\u00a0 \u00a0 \u00a0 \u00a0 \u00a0<\/span><\/b><\/span><span style=\"font-size: 12px;\">\u00a0<\/span><\/span><span style=\"font-size: 12px;\">\u00a0\u00a0\u00a0\u00a0<\/span><span style=\"font-size: 12px;\">\u00a0 \u00a0 \u00a0 \u00a0 \u00a0 \u00a0 \u00a0 \u00a0 \u00a0 \u00a0 \u00a0 \u00a0 \u00a0 \u00a0<\/span><span style=\"font-size: 12px;\">:\u00a0 \u00a0<\/span><img decoding=\"async\" style=\"width: 129.13px; height: 45.6406px;\" src=\"https:\/\/www.karabatak.com\/image\/catalog\/menuicin\/8.png\" \/><\/span><\/p>\n<p style=\"margin-bottom: 0px; -webkit-font-smoothing: antialiased; color: #323130;\"><span style=\"font-size: 12px;\"><b>Body<\/b><\/span><span style=\"font-size: 12px;\">\u00a0 \u00a0 \u00a0 \u00a0 \u00a0 \u00a0 \u00a0 \u00a0 \u00a0 \u00a0 \u00a0 \u00a0 \u00a0 \u00a0 \u00a0 \u00a0 \u00a0 \u00a0 \u00a0 \u00a0:\u00a0 \u00a0\u00a0<\/span><img decoding=\"async\" style=\"width: 129px;\" src=\"https:\/\/www.karabatak.com\/image\/catalog\/menuicin\/4.png\" \/><\/p>\n<p style=\"margin-bottom: 0px; -webkit-font-smoothing: antialiased; color: #323130;\"><span style=\"font-family: Arial;\"><span style=\"font-size: 12px;\"><b>Cream<\/b><\/span><span style=\"font-size: 12px;\">\u00a0 \u00a0 \u00a0 \u00a0 \u00a0 \u00a0 \u00a0 \u00a0 \u00a0 \u00a0 \u00a0 \u00a0 \u00a0 \u00a0 \u00a0 \u00a0 \u00a0 \u00a0 \u00a0\u00a0<\/span><span style=\"font-size: 12px;\">: Thin Cream<\/span><\/span><\/p>\n<p style=\"margin-bottom: 0px; -webkit-font-smoothing: antialiased;\"><span style=\"color: #323130; font-size: 11pt; font-family: Arial;\"><span style=\"font-size: 12px;\"><b>Aroma<\/b><\/span><span style=\"font-size: 12px;\">\u00a0 \u00a0 \u00a0 \u00a0 \u00a0 \u00a0 \u00a0 \u00a0 \u00a0 \u00a0 \u00a0 \u00a0 \u00a0 \u00a0 \u00a0 \u00a0 \u00a0 \u00a0 \u00a0\u00a0<\/span><span style=\"font-size: 12px;\">:\u00a0\u00a0<\/span><\/span><span style=\"color: #323130; font-family: Arial;\"><span style=\"font-size: 12px;\">Fresh Fruit Flavors<\/span><\/span><\/p>\n<p style=\"margin-bottom: 0px; -webkit-font-smoothing: antialiased;\"><span style=\"color: #323130; font-size: 11pt; font-family: Arial;\"><span style=\"font-size: 14px;\"><b><span style=\"font-size: 12px;\">Flavor\u00a0<\/span><\/b><span style=\"font-size: 12px;\">\u00a0 \u00a0 \u00a0 \u00a0 \u00a0 \u00a0 \u00a0 \u00a0 \u00a0 \u00a0 \u00a0 \u00a0 \u00a0 \u00a0 \u00a0 \u00a0 \u00a0 \u00a0 \u00a0<\/span><\/span><span style=\"font-size: 12px;\">: excellent balance between flavors and sourness<\/span><\/span><\/p>\n<div>\n<h1 class=\"product_title entry-title\" style=\"font-variant-numeric: normal; font-variant-east-asian: normal; font-stretch: normal; font-size: 34px; line-height: 44px; font-family: Roboto, Helvetica, Arial, Verdana, sans-serif; margin-bottom: 30px; color: #333333; padding: 0px; clear: none;\"><span style=\"font-size: 14px;\">10\u00d75.6g Ground<\/span><img decoding=\"async\" style=\"width: 54.0938px; height: 54.0938px;\" src=\"https:\/\/www.karabatak.com\/image\/catalog\/icon2\/mk.png\" \/><\/h1>\n<\/div>\n<p class=\"MsoNormal\" style=\"margin-bottom: .0001pt;\"><span style=\"font-size: 9.0pt; mso-bidi-font-size: 11.0pt; line-height: 107%; font-family: 'Arial',sans-serif; color: red;\">Compatible with Citiz\u00ae, Essenza\u00ae, Pixie\u00ae, Maestria\u00ae, Latissima\u00ae, U\u00ae, Inissia\u00ae, Umilk\u00ae* machines, does not work with commercial Nespresso machines, Miele Integrated Units, and Built-in appliances.<\/span><\/p>\n<p class=\"MsoNormal\" style=\"margin-bottom: .0001pt;\"><span style=\"font-size: 9.0pt; mso-bidi-font-size: 11.0pt; line-height: 107%; font-family: 'Arial',sans-serif;\">The box contains 10 single-use capsules.<\/span><\/p>\n<p class=\"MsoNormal\" style=\"margin-bottom: .0001pt;\"><span style=\"font-size: 7.5pt; line-height: 107%; font-family: 'Arial',sans-serif;\">*The brand does not belong to Julius Meinl, Nassau D\u0131\u015f T\u0130C, karabatak.com or its affiliated companies. It is suitable for functional use in Nespreso\u00ae machines and does not replace original capsules.<\/span><\/p>\n<p class=\"MsoNormal\" style=\"margin-bottom: 6.75pt; line-height: normal; mso-outline-level: 4;\"><span style=\"color: #333745; font-family: Arial, sans-serif;\"><span style=\"font-size: 14px;\">Our products are limited to stock.<\/span><\/span><\/p>","protected":false},"excerpt":{"rendered":"<p>Julius Meinl Lungo Classico Nespresso\u00ae* Compatible Capsule Coffee \u2013 10 Capsules The meticulous dark roasting process is based on the best coffee beans from South and Central America.<\/p>","protected":false},"featured_media":16036,"comment_status":"closed","ping_status":"closed","template":"","meta":[],"product_cat":[33],"product_tag":[175],"class_list":{"0":"post-15137","1":"product","2":"type-product","3":"status-publish","4":"has-post-thumbnail","6":"product_cat-julius-meinl-kahveleri","7":"product_tag-julius-meinl-lungo-classico-nespresso-uyumlu-kapsul-kahve-10-adet","8":"pa_tur-kapsul","10":"first","11":"instock","12":"purchasable","13":"product-type-simple"},"yoast_head":"<!-- This site is optimized with the Yoast SEO plugin v27.2 - https:\/\/yoast.com\/product\/yoast-seo-wordpress\/ -->\n<title>JULIUS MEINL LUNGO CLASSICO KAPS\u00dcL KAHVE 10 ADET NESPRESSO UYUMLU - Karabatak<\/title>\n<meta name=\"robots\" content=\"index, follow, max-snippet:-1, max-image-preview:large, max-video-preview:-1\" \/>\n<link rel=\"canonical\" href=\"https:\/\/karabatak.com\/en\/product\/julius-meinl-lungo-classico-nespresso-compatible-coffee-capsules-10-pieces\/\" \/>\n<meta property=\"og:locale\" content=\"en_GB\" \/>\n<meta property=\"og:type\" content=\"article\" \/>\n<meta property=\"og:title\" content=\"JULIUS MEINL LUNGO CLASSICO KAPS\u00dcL KAHVE 10 ADET NESPRESSO UYUMLU - Karabatak\" \/>\n<meta property=\"og:description\" content=\"Julius Meinl Lungo Classico Nespresso\u00ae* Uyumlu Kaps\u00fcl Kahve &#8211; 10Kaps\u00fcl \u00d6zenle yap\u0131lan koyu kavurma i\u015flemi G\u00fcney ve OrtaAmerika&#8217;n\u0131n en iyi\" \/>\n<meta property=\"og:url\" content=\"https:\/\/karabatak.com\/en\/product\/julius-meinl-lungo-classico-nespresso-compatible-coffee-capsules-10-pieces\/\" \/>\n<meta property=\"og:site_name\" content=\"Karabatak\" \/>\n<meta property=\"article:modified_time\" content=\"2026-04-08T06:55:27+00:00\" \/>\n<meta property=\"og:image\" content=\"https:\/\/karabatak.com\/wp-content\/uploads\/2023\/08\/48-1.png\" \/>\n\t<meta property=\"og:image:width\" content=\"500\" \/>\n\t<meta property=\"og:image:height\" content=\"500\" \/>\n\t<meta property=\"og:image:type\" content=\"image\/png\" \/>\n<meta name=\"twitter:card\" content=\"summary_large_image\" \/>\n<meta name=\"twitter:label1\" content=\"Estimated reading time\" \/>\n\t<meta name=\"twitter:data1\" content=\"3 minutes\" \/>\n<script type=\"application\/ld+json\" class=\"yoast-schema-graph\">{\"@context\":\"https:\/\/schema.org\",\"@graph\":[{\"@type\":\"WebPage\",\"@id\":\"https:\/\/karabatak.com\/urun\/julius-meinl-lungo-classico-nespresso-uyumlu-kapsul-kahve-10-adet\/\",\"url\":\"https:\/\/karabatak.com\/urun\/julius-meinl-lungo-classico-nespresso-uyumlu-kapsul-kahve-10-adet\/\",\"name\":\"JULIUS MEINL LUNGO CLASSICO KAPS\u00dcL KAHVE 10 ADET NESPRESSO UYUMLU - Karabatak\",\"isPartOf\":{\"@id\":\"https:\/\/karabatak.com\/#website\"},\"primaryImageOfPage\":{\"@id\":\"https:\/\/karabatak.com\/urun\/julius-meinl-lungo-classico-nespresso-uyumlu-kapsul-kahve-10-adet\/#primaryimage\"},\"image\":{\"@id\":\"https:\/\/karabatak.com\/urun\/julius-meinl-lungo-classico-nespresso-uyumlu-kapsul-kahve-10-adet\/#primaryimage\"},\"thumbnailUrl\":\"https:\/\/karabatak.com\/wp-content\/uploads\/2023\/08\/48-1.png\",\"datePublished\":\"2023-08-28T09:50:26+00:00\",\"dateModified\":\"2026-04-08T06:55:27+00:00\",\"breadcrumb\":{\"@id\":\"https:\/\/karabatak.com\/urun\/julius-meinl-lungo-classico-nespresso-uyumlu-kapsul-kahve-10-adet\/#breadcrumb\"},\"inLanguage\":\"en-GB\",\"potentialAction\":[{\"@type\":\"ReadAction\",\"target\":[\"https:\/\/karabatak.com\/urun\/julius-meinl-lungo-classico-nespresso-uyumlu-kapsul-kahve-10-adet\/\"]}]},{\"@type\":\"ImageObject\",\"inLanguage\":\"en-GB\",\"@id\":\"https:\/\/karabatak.com\/urun\/julius-meinl-lungo-classico-nespresso-uyumlu-kapsul-kahve-10-adet\/#primaryimage\",\"url\":\"https:\/\/karabatak.com\/wp-content\/uploads\/2023\/08\/48-1.png\",\"contentUrl\":\"https:\/\/karabatak.com\/wp-content\/uploads\/2023\/08\/48-1.png\",\"width\":500,\"height\":500},{\"@type\":\"BreadcrumbList\",\"@id\":\"https:\/\/karabatak.com\/urun\/julius-meinl-lungo-classico-nespresso-uyumlu-kapsul-kahve-10-adet\/#breadcrumb\",\"itemListElement\":[{\"@type\":\"ListItem\",\"position\":1,\"name\":\"Ma\u011faza\",\"item\":\"https:\/\/karabatak.com\/en\/products\/\"},{\"@type\":\"ListItem\",\"position\":2,\"name\":\"JULIUS MEINL LUNGO CLASSICO KAPS\u00dcL KAHVE 10 ADET NESPRESSO UYUMLU\"}]},{\"@type\":\"WebSite\",\"@id\":\"https:\/\/karabatak.com\/#website\",\"url\":\"https:\/\/karabatak.com\/\",\"name\":\"Karabatak\",\"description\":\"Karabatak ve Julius Meinl T\u00fcrkiye Distrib\u00fct\u00f6r\u00fc\",\"publisher\":{\"@id\":\"https:\/\/karabatak.com\/#organization\"},\"potentialAction\":[{\"@type\":\"SearchAction\",\"target\":{\"@type\":\"EntryPoint\",\"urlTemplate\":\"https:\/\/karabatak.com\/?s={search_term_string}\"},\"query-input\":{\"@type\":\"PropertyValueSpecification\",\"valueRequired\":true,\"valueName\":\"search_term_string\"}}],\"inLanguage\":\"en-GB\"},{\"@type\":\"Organization\",\"@id\":\"https:\/\/karabatak.com\/#organization\",\"name\":\"Karabatak\",\"url\":\"https:\/\/karabatak.com\/\",\"logo\":{\"@type\":\"ImageObject\",\"inLanguage\":\"en-GB\",\"@id\":\"https:\/\/karabatak.com\/#\/schema\/logo\/image\/\",\"url\":\"https:\/\/karabatak.com\/wp-content\/uploads\/2023\/05\/logo-100x100-100x100-1.png\",\"contentUrl\":\"https:\/\/karabatak.com\/wp-content\/uploads\/2023\/05\/logo-100x100-100x100-1.png\",\"width\":100,\"height\":100,\"caption\":\"Karabatak\"},\"image\":{\"@id\":\"https:\/\/karabatak.com\/#\/schema\/logo\/image\/\"}}]}<\/script>\n<!-- \/ Yoast SEO plugin. -->","yoast_head_json":{"title":"JULIUS MEINL LUNGO CLASSICO KAPS\u00dcL KAHVE 10 ADET NESPRESSO UYUMLU - Karabatak","robots":{"index":"index","follow":"follow","max-snippet":"max-snippet:-1","max-image-preview":"max-image-preview:large","max-video-preview":"max-video-preview:-1"},"canonical":"https:\/\/karabatak.com\/en\/product\/julius-meinl-lungo-classico-nespresso-compatible-coffee-capsules-10-pieces\/","og_locale":"en_GB","og_type":"article","og_title":"JULIUS MEINL LUNGO CLASSICO KAPS\u00dcL KAHVE 10 ADET NESPRESSO UYUMLU - Karabatak","og_description":"Julius Meinl Lungo Classico Nespresso\u00ae* Uyumlu Kaps\u00fcl Kahve &#8211; 10Kaps\u00fcl \u00d6zenle yap\u0131lan koyu kavurma i\u015flemi G\u00fcney ve OrtaAmerika&#8217;n\u0131n en iyi","og_url":"https:\/\/karabatak.com\/en\/product\/julius-meinl-lungo-classico-nespresso-compatible-coffee-capsules-10-pieces\/","og_site_name":"Karabatak","article_modified_time":"2026-04-08T06:55:27+00:00","og_image":[{"width":500,"height":500,"url":"https:\/\/karabatak.com\/wp-content\/uploads\/2023\/08\/48-1.png","type":"image\/png"}],"twitter_card":"summary_large_image","twitter_misc":{"Estimated reading time":"3 minutes"},"schema":{"@context":"https:\/\/schema.org","@graph":[{"@type":"WebPage","@id":"https:\/\/karabatak.com\/urun\/julius-meinl-lungo-classico-nespresso-uyumlu-kapsul-kahve-10-adet\/","url":"https:\/\/karabatak.com\/urun\/julius-meinl-lungo-classico-nespresso-uyumlu-kapsul-kahve-10-adet\/","name":"JULIUS MEINL LUNGO CLASSICO KAPS\u00dcL KAHVE 10 ADET NESPRESSO UYUMLU - Karabatak","isPartOf":{"@id":"https:\/\/karabatak.com\/#website"},"primaryImageOfPage":{"@id":"https:\/\/karabatak.com\/urun\/julius-meinl-lungo-classico-nespresso-uyumlu-kapsul-kahve-10-adet\/#primaryimage"},"image":{"@id":"https:\/\/karabatak.com\/urun\/julius-meinl-lungo-classico-nespresso-uyumlu-kapsul-kahve-10-adet\/#primaryimage"},"thumbnailUrl":"https:\/\/karabatak.com\/wp-content\/uploads\/2023\/08\/48-1.png","datePublished":"2023-08-28T09:50:26+00:00","dateModified":"2026-04-08T06:55:27+00:00","breadcrumb":{"@id":"https:\/\/karabatak.com\/urun\/julius-meinl-lungo-classico-nespresso-uyumlu-kapsul-kahve-10-adet\/#breadcrumb"},"inLanguage":"en-GB","potentialAction":[{"@type":"ReadAction","target":["https:\/\/karabatak.com\/urun\/julius-meinl-lungo-classico-nespresso-uyumlu-kapsul-kahve-10-adet\/"]}]},{"@type":"ImageObject","inLanguage":"en-GB","@id":"https:\/\/karabatak.com\/urun\/julius-meinl-lungo-classico-nespresso-uyumlu-kapsul-kahve-10-adet\/#primaryimage","url":"https:\/\/karabatak.com\/wp-content\/uploads\/2023\/08\/48-1.png","contentUrl":"https:\/\/karabatak.com\/wp-content\/uploads\/2023\/08\/48-1.png","width":500,"height":500},{"@type":"BreadcrumbList","@id":"https:\/\/karabatak.com\/urun\/julius-meinl-lungo-classico-nespresso-uyumlu-kapsul-kahve-10-adet\/#breadcrumb","itemListElement":[{"@type":"ListItem","position":1,"name":"Ma\u011faza","item":"https:\/\/karabatak.com\/en\/products\/"},{"@type":"ListItem","position":2,"name":"JULIUS MEINL LUNGO CLASSICO KAPS\u00dcL KAHVE 10 ADET NESPRESSO UYUMLU"}]},{"@type":"WebSite","@id":"https:\/\/karabatak.com\/#website","url":"https:\/\/karabatak.com\/","name":"Karabatak","description":"Karabatak ve Julius Meinl T\u00fcrkiye Distrib\u00fct\u00f6r\u00fc","publisher":{"@id":"https:\/\/karabatak.com\/#organization"},"potentialAction":[{"@type":"SearchAction","target":{"@type":"EntryPoint","urlTemplate":"https:\/\/karabatak.com\/?s={search_term_string}"},"query-input":{"@type":"PropertyValueSpecification","valueRequired":true,"valueName":"search_term_string"}}],"inLanguage":"en-GB"},{"@type":"Organization","@id":"https:\/\/karabatak.com\/#organization","name":"Karabatak","url":"https:\/\/karabatak.com\/","logo":{"@type":"ImageObject","inLanguage":"en-GB","@id":"https:\/\/karabatak.com\/#\/schema\/logo\/image\/","url":"https:\/\/karabatak.com\/wp-content\/uploads\/2023\/05\/logo-100x100-100x100-1.png","contentUrl":"https:\/\/karabatak.com\/wp-content\/uploads\/2023\/05\/logo-100x100-100x100-1.png","width":100,"height":100,"caption":"Karabatak"},"image":{"@id":"https:\/\/karabatak.com\/#\/schema\/logo\/image\/"}}]}},"_links":{"self":[{"href":"https:\/\/karabatak.com\/en\/wp-json\/wp\/v2\/product\/15137","targetHints":{"allow":["GET"]}}],"collection":[{"href":"https:\/\/karabatak.com\/en\/wp-json\/wp\/v2\/product"}],"about":[{"href":"https:\/\/karabatak.com\/en\/wp-json\/wp\/v2\/types\/product"}],"replies":[{"embeddable":true,"href":"https:\/\/karabatak.com\/en\/wp-json\/wp\/v2\/comments?post=15137"}],"wp:featuredmedia":[{"embeddable":true,"href":"https:\/\/karabatak.com\/en\/wp-json\/wp\/v2\/media\/16036"}],"wp:attachment":[{"href":"https:\/\/karabatak.com\/en\/wp-json\/wp\/v2\/media?parent=15137"}],"wp:term":[{"taxonomy":"product_cat","embeddable":true,"href":"https:\/\/karabatak.com\/en\/wp-json\/wp\/v2\/product_cat?post=15137"},{"taxonomy":"product_tag","embeddable":true,"href":"https:\/\/karabatak.com\/en\/wp-json\/wp\/v2\/product_tag?post=15137"}],"curies":[{"name":"wp","href":"https:\/\/api.w.org\/{rel}","templated":true}]}}