{"id":15134,"date":"2023-08-28T12:50:26","date_gmt":"2023-08-28T09:50:26","guid":{"rendered":"http:\/\/karabatak.com\/urun\/julius-meinl-espresso-crema-nespresso-uyumlu-kapsul-kahve-10-adet\/"},"modified":"2026-04-08T09:55:27","modified_gmt":"2026-04-08T06:55:27","slug":"julius-meinl-espresso-crema-nespresso-uyumlu-kapsul-kahve-10-adet","status":"publish","type":"product","link":"https:\/\/karabatak.com\/en\/product\/julius-meinl-espresso-crema-nespresso-compatible-capsule-coffee-10-pieces\/","title":{"rendered":"JULIUS MEINL ESPRESSO CREMA COFFEE CAPSULES 10 PIECES NESPRESSO COMPATIBLE"},"content":{"rendered":"<p style=\"margin: 0cm; margin-bottom: .0001pt;\"><b><span style=\"font-size: 13.5pt; font-family: Arial, sans-serif;\">Julius Meinl Inspresso EspressoCrema<\/span><\/b><\/p>\n<p style=\"margin: 0cm 0cm 0.0001pt;\"><b><span style=\"font-size: 13.5pt; font-family: Arial, sans-serif;\">Nespresso\u00ae*Compatible Capsule Coffee \u2013 10 Capsules<\/span><\/b><\/p>\n<p style=\"margin: 0cm 0cm 0.0001pt;\"><span style=\"font-family: Arial;\"><span style=\"font-size: 12px;\">This perfectly balanced blend is as inspiring as a good poem and is made from a blend of specialty Arabica coffees selected from Nicaragua&#039;s famous volcanic soils, the finest Arabica coffees from South America and the velvety Robusta coffees from Asia.<\/span><br \/>\n<\/span><\/p>\n<p style=\"margin: 0cm; margin-bottom: .0001pt;\"><span style=\"font-family: Arial;\"><span style=\"font-size: 12px;\">This unique coffee offers you a spicy and full aroma and has a rich and velvety crema with an intense walnut color.<\/span><\/span><\/p>\n<p style=\"margin: 0cm 0cm 0.0001pt;\"><span style=\"font-family: Arial;\"><span style=\"font-size: 12px;\">\u2013 Made from renewable resources, % 100 approved OK BIOBASED (OK BIOBASED by T\u00dcV Austria \/ Vincotte)<\/span><\/span><\/p>\n<p style=\"margin: 0cm 0cm 0.0001pt;\"><span style=\"font-family: Arial;\"><span style=\"font-size: 12px;\">\u2013 Aluminum-free, PVDC-free, OGM-free, BPA-free<\/span><\/span><\/p>\n<p style=\"margin: 0cm 0cm 0.0001pt;\"><span style=\"font-family: Arial;\"><span style=\"font-size: 12px;\">\u2013 Highest aroma protection thanks to a patented aroma seal that protects the coffee from oxygen and ensures the best flavor and taste.<\/span><\/span><\/p>\n<p style=\"margin: 0cm 0cm 6.75pt 0cm;\"><span style=\"font-size: 12px;\"><span style=\"font-family: Arial;\">The box contains 10 single-use capsules.<\/span><\/span><\/p>\n<p style=\"margin-bottom: 0px; -webkit-font-smoothing: antialiased; color: #323130; font-size: 11pt;\"><span lang=\"en-US\" style=\"color: inherit; font-style: inherit; font-variant: inherit; -webkit-font-smoothing: antialiased; margin: 0px; padding: 0px; border: 0px; font-stretch: inherit; font-size: 12px; line-height: inherit; vertical-align: baseline;\"><span style=\"color: #000000; font-family: Arial; font-size: 12px;\"><b>Bean<\/b><\/span><\/span><span style=\"font-size: 12px;\">\u00a0\u00a0<\/span><span style=\"font-size: 12px;\">\u00a0 \u00a0 \u00a0 \u00a0 \u00a0 \u00a0 \u00a0 \u00a0 \u00a0 \u00a0 \u00a0 \u00a0 \u00a0 \u00a0 \u00a0 \u00a0\u00a0<\/span><span lang=\"en-US\" style=\"color: inherit; font-style: inherit; font-variant: inherit; -webkit-font-smoothing: antialiased; margin: 0px; padding: 0px; border: 0px; font-stretch: inherit; font-size: 12px; line-height: inherit; vertical-align: baseline;\"><span style=\"color: #000000; font-family: Arial; font-size: 12px;\">:\u00a0 \u00a0 \u00a0<\/span><\/span><img decoding=\"async\" style=\"width: 134.337px; height: 61px;\" src=\"https:\/\/www.karabatak.com\/image\/catalog\/menuicin\/robusta.png\" \/><span lang=\"en-US\" style=\"color: inherit; font-style: inherit; font-variant: inherit; -webkit-font-smoothing: antialiased; margin: 0px; padding: 0px; border: 0px; font-stretch: inherit; font-size: 12px; line-height: inherit; vertical-align: baseline;\"><span style=\"color: #000000; font-family: Arial; font-size: 12px;\">\u00a0\u00a0<\/span><\/span><span style=\"font-family: Arial;\"><span style=\"font-size: 12px;\"><b><br \/>\n<\/b><\/span><\/span><\/p>\n<p style=\"margin-bottom: 0px; -webkit-font-smoothing: antialiased; color: #323130; font-size: 11pt;\"><span style=\"font-size: 13px; color: #2f171f; font-family: Arial;\"><span style=\"font-size: 12px;\"><b>Roasting Level 1-6<\/b><\/span><\/span><span style=\"color: #000000; font-size: 12px;\">\u00a0 \u00a0 \u00a0 \u00a0 \u00a0\u00a0<\/span><span style=\"font-size: 12px;\">\u00a0<\/span><span style=\"font-family: Arial;\"><span style=\"font-size: 12px;\">:\u00a0 \u00a0<\/span><\/span><img decoding=\"async\" style=\"width: 141.109px; height: 47.3608px;\" src=\"https:\/\/www.karabatak.com\/image\/catalog\/menuicin\/3derece.png\" \/><\/p>\n<p style=\"margin-bottom: 0px; -webkit-font-smoothing: antialiased; color: #323130; font-size: 11pt;\"><span style=\"font-size: 14px;\"><span style=\"font-family: Arial;\"><b><span style=\"font-size: 12px;\">Acidity\u00a0\u00a0<\/span><\/b><\/span><span style=\"font-size: 12px;\">\u00a0 \u00a0<\/span><\/span><span style=\"font-size: 12px;\">\u00a0 \u00a0 \u00a0 \u00a0 \u00a0 \u00a0 \u00a0 \u00a0 \u00a0 \u00a0 \u00a0 \u00a0 \u00a0 \u00a0 \u00a0 \u00a0 \u00a0 :\u00a0 \u00a0 \u00a0\u00a0<\/span><img decoding=\"async\" style=\"width: 138.672px; height: 48.3739px;\" src=\"https:\/\/www.karabatak.com\/image\/catalog\/menuicin\/6.png\" \/><\/p>\n<p style=\"margin-bottom: 0px; -webkit-font-smoothing: antialiased; color: #323130;\"><span style=\"font-size: 11pt;\"><span style=\"font-size: 14px;\"><span style=\"font-family: Arial;\"><b><span style=\"font-size: 12px;\">Flavors\u00a0 \u00a0 \u00a0 \u00a0 \u00a0<\/span><\/b><\/span><span style=\"font-size: 12px;\">\u00a0<\/span><\/span><span style=\"font-size: 12px;\">\u00a0\u00a0\u00a0\u00a0<\/span><span style=\"font-size: 12px;\">\u00a0 \u00a0 \u00a0 \u00a0 \u00a0 \u00a0 \u00a0 \u00a0 \u00a0 \u00a0 \u00a0 \u00a0 \u00a0 \u00a0<\/span><span style=\"font-size: 12px;\">:\u00a0 \u00a0 \u00a0<\/span><img decoding=\"async\" style=\"width: 129.13px; height: 45.6406px;\" src=\"https:\/\/www.karabatak.com\/image\/catalog\/menuicin\/8.png\" \/><\/span><\/p>\n<p style=\"margin-bottom: 0px; -webkit-font-smoothing: antialiased; color: #323130;\"><span style=\"font-size: 12px;\"><b>Body<\/b><\/span><span style=\"font-size: 12px;\">\u00a0 \u00a0 \u00a0 \u00a0 \u00a0 \u00a0 \u00a0 \u00a0 \u00a0 \u00a0 \u00a0 \u00a0 \u00a0 \u00a0 \u00a0 \u00a0 \u00a0 \u00a0 \u00a0 \u00a0:\u00a0 \u00a0 \u00a0\u00a0<\/span><img decoding=\"async\" style=\"width: 129px;\" src=\"https:\/\/www.karabatak.com\/image\/catalog\/menuicin\/8.png\" \/><\/p>\n<p style=\"margin-bottom: 0px; -webkit-font-smoothing: antialiased; color: #323130;\"><span style=\"font-family: Arial;\"><span style=\"font-size: 12px;\"><b>Cream<\/b><\/span><span style=\"font-size: 12px;\">\u00a0 \u00a0 \u00a0 \u00a0 \u00a0 \u00a0 \u00a0 \u00a0 \u00a0 \u00a0 \u00a0 \u00a0 \u00a0 \u00a0 \u00a0 \u00a0 \u00a0 \u00a0 \u00a0\u00a0<\/span><span style=\"font-size: 14px;\"><span style=\"font-size: 12px;\">: Open<\/span><b><span style=\"font-size: 12px;\">\u00a0<\/span><\/b><span style=\"font-size: 12px;\">brown, velvety<\/span><\/span><\/span><\/p>\n<p style=\"margin-bottom: 0px; -webkit-font-smoothing: antialiased; color: #323130; font-size: 11pt;\"><span style=\"font-family: Arial;\"><span style=\"font-size: 12px;\"><b>Aroma<\/b><\/span><span style=\"font-size: 12px;\">\u00a0 \u00a0 \u00a0 \u00a0 \u00a0 \u00a0 \u00a0 \u00a0 \u00a0 \u00a0 \u00a0 \u00a0 \u00a0 \u00a0 \u00a0 \u00a0 \u00a0 \u00a0 \u00a0\u00a0<\/span><span style=\"font-size: 12px;\">: Delicate<\/span><\/span><\/p>\n<p style=\"margin-bottom: 0px; -webkit-font-smoothing: antialiased;\"><span style=\"color: #323130; font-size: 11pt; font-family: Arial;\"><span style=\"font-size: 14px;\"><b><span style=\"font-size: 12px;\">Flavor\u00a0<\/span><\/b><span style=\"font-size: 12px;\">\u00a0 \u00a0 \u00a0 \u00a0 \u00a0 \u00a0 \u00a0 \u00a0 \u00a0 \u00a0 \u00a0 \u00a0 \u00a0 \u00a0 \u00a0 \u00a0 \u00a0 \u00a0 \u00a0<\/span><\/span><span style=\"font-size: 12px;\">:Y<\/span><\/span><span style=\"color: #323130; font-family: Arial;\"><span style=\"font-size: 12px;\">round, balanced, lasting taste<\/span><\/span><\/p>\n<h1 class=\"product_title entry-title\" style=\"margin-bottom: 30px; font-variant-numeric: normal; font-variant-east-asian: normal; font-stretch: normal; font-size: 34px; line-height: 44px; font-family: Roboto, Helvetica, Arial, Verdana, sans-serif; color: #333333; padding: 0px; clear: none;\"><span style=\"font-size: 14px;\">10\u00d75.6g Ground<\/span><img decoding=\"async\" style=\"width: 55.9844px; height: 55.9844px;\" src=\"https:\/\/www.karabatak.com\/image\/catalog\/icon2\/kk.png\" \/><\/h1>\n<h1 class=\"product_title entry-title\" style=\"margin-bottom: 30px; font-variant-numeric: normal; font-variant-east-asian: normal; font-stretch: normal; font-size: 34px; line-height: 44px; font-family: Roboto, Helvetica, Arial, Verdana, sans-serif; color: #333333; padding: 0px; clear: none;\"><span style=\"color: #333333; font-family: Roboto, Helvetica, Arial, Verdana, sans-serif;\"><span style=\"font-size: 14px;\">Our products are limited to stock.<\/span><\/span><\/h1>\n<p style=\"margin: 0cm 0cm 6.75pt 0cm;\"><span style=\"color: red; font-family: Arial, sans-serif; font-size: 11px;\">Compatible with Citiz\u00ae, Essenza\u00ae, Pixie\u00ae, Maestria\u00ae, Latissima\u00ae, U\u00ae, Inissia\u00ae, Umilk\u00ae* machines, does not work with commercial Nespresso machines, Miele Integrated Units, and Built-in appliances.<\/span><\/p>\n<p style=\"margin: 0cm 0cm 6.75pt 0cm;\"><span style=\"font-family: Arial; font-size: 8px;\">*THE BRAND DOES NOT BELONG TO JULIUS MEINL, NASSAU FOREIGN TRADE, KARABATAK.COM OR AFFILIATED COMPANIES. IT IS SUITABLE FOR FUNCTIONAL USE IN NESPRESO\u00ae MACHINES, IT DOES NOT REPLACE ORIGINAL CAPSULES.<\/span><\/p>","protected":false},"excerpt":{"rendered":"<p>Julius Meinl Inspresso EspressoCrema Nespresso\u00ae* Compatible Capsule Coffee \u2013 10 Capsules This perfectly balanced blend is as inspiring as a good poem<\/p>","protected":false},"featured_media":16040,"comment_status":"closed","ping_status":"closed","template":"","meta":[],"product_cat":[33],"product_tag":[],"class_list":{"0":"post-15134","1":"product","2":"type-product","3":"status-publish","4":"has-post-thumbnail","6":"product_cat-julius-meinl-kahveleri","7":"pa_tur-kapsul","9":"first","10":"instock","11":"purchasable","12":"product-type-simple"},"yoast_head":"<!-- This site is optimized with the Yoast SEO plugin v27.2 - https:\/\/yoast.com\/product\/yoast-seo-wordpress\/ -->\n<title>JULIUS MEINL ESPRESSO CREMA KAPS\u00dcL KAHVE 10 ADET NESPRESSO UYUMLU - Karabatak<\/title>\n<meta name=\"robots\" content=\"index, follow, max-snippet:-1, max-image-preview:large, max-video-preview:-1\" \/>\n<link rel=\"canonical\" href=\"https:\/\/karabatak.com\/en\/product\/julius-meinl-espresso-crema-nespresso-compatible-capsule-coffee-10-pieces\/\" \/>\n<meta property=\"og:locale\" content=\"en_GB\" \/>\n<meta property=\"og:type\" content=\"article\" \/>\n<meta property=\"og:title\" content=\"JULIUS MEINL ESPRESSO CREMA KAPS\u00dcL KAHVE 10 ADET NESPRESSO UYUMLU - Karabatak\" \/>\n<meta property=\"og:description\" content=\"Julius Meinl Inspresso EspressoCrema Nespresso\u00ae*Uyumlu Kaps\u00fcl Kahve &#8211; 10 Kaps\u00fcl Bu m\u00fckemmel dengelenmi\u015f kar\u0131\u015f\u0131m, iyi bir \u015fiir kadar ilham vericidir\" \/>\n<meta property=\"og:url\" content=\"https:\/\/karabatak.com\/en\/product\/julius-meinl-espresso-crema-nespresso-compatible-capsule-coffee-10-pieces\/\" \/>\n<meta property=\"og:site_name\" content=\"Karabatak\" \/>\n<meta property=\"article:modified_time\" content=\"2026-04-08T06:55:27+00:00\" \/>\n<meta property=\"og:image\" content=\"https:\/\/karabatak.com\/wp-content\/uploads\/2023\/08\/31-1.png\" \/>\n\t<meta property=\"og:image:width\" content=\"500\" \/>\n\t<meta property=\"og:image:height\" content=\"500\" \/>\n\t<meta property=\"og:image:type\" content=\"image\/png\" \/>\n<meta name=\"twitter:card\" content=\"summary_large_image\" \/>\n<meta name=\"twitter:label1\" content=\"Estimated reading time\" \/>\n\t<meta name=\"twitter:data1\" content=\"3 minutes\" \/>\n<script type=\"application\/ld+json\" class=\"yoast-schema-graph\">{\"@context\":\"https:\/\/schema.org\",\"@graph\":[{\"@type\":\"WebPage\",\"@id\":\"https:\/\/karabatak.com\/urun\/julius-meinl-espresso-crema-nespresso-uyumlu-kapsul-kahve-10-adet\/\",\"url\":\"https:\/\/karabatak.com\/urun\/julius-meinl-espresso-crema-nespresso-uyumlu-kapsul-kahve-10-adet\/\",\"name\":\"JULIUS MEINL ESPRESSO CREMA KAPS\u00dcL KAHVE 10 ADET NESPRESSO UYUMLU - Karabatak\",\"isPartOf\":{\"@id\":\"https:\/\/karabatak.com\/#website\"},\"primaryImageOfPage\":{\"@id\":\"https:\/\/karabatak.com\/urun\/julius-meinl-espresso-crema-nespresso-uyumlu-kapsul-kahve-10-adet\/#primaryimage\"},\"image\":{\"@id\":\"https:\/\/karabatak.com\/urun\/julius-meinl-espresso-crema-nespresso-uyumlu-kapsul-kahve-10-adet\/#primaryimage\"},\"thumbnailUrl\":\"https:\/\/karabatak.com\/wp-content\/uploads\/2023\/08\/31-1.png\",\"datePublished\":\"2023-08-28T09:50:26+00:00\",\"dateModified\":\"2026-04-08T06:55:27+00:00\",\"breadcrumb\":{\"@id\":\"https:\/\/karabatak.com\/urun\/julius-meinl-espresso-crema-nespresso-uyumlu-kapsul-kahve-10-adet\/#breadcrumb\"},\"inLanguage\":\"en-GB\",\"potentialAction\":[{\"@type\":\"ReadAction\",\"target\":[\"https:\/\/karabatak.com\/urun\/julius-meinl-espresso-crema-nespresso-uyumlu-kapsul-kahve-10-adet\/\"]}]},{\"@type\":\"ImageObject\",\"inLanguage\":\"en-GB\",\"@id\":\"https:\/\/karabatak.com\/urun\/julius-meinl-espresso-crema-nespresso-uyumlu-kapsul-kahve-10-adet\/#primaryimage\",\"url\":\"https:\/\/karabatak.com\/wp-content\/uploads\/2023\/08\/31-1.png\",\"contentUrl\":\"https:\/\/karabatak.com\/wp-content\/uploads\/2023\/08\/31-1.png\",\"width\":500,\"height\":500},{\"@type\":\"BreadcrumbList\",\"@id\":\"https:\/\/karabatak.com\/urun\/julius-meinl-espresso-crema-nespresso-uyumlu-kapsul-kahve-10-adet\/#breadcrumb\",\"itemListElement\":[{\"@type\":\"ListItem\",\"position\":1,\"name\":\"Ma\u011faza\",\"item\":\"https:\/\/karabatak.com\/en\/products\/\"},{\"@type\":\"ListItem\",\"position\":2,\"name\":\"JULIUS MEINL ESPRESSO CREMA KAPS\u00dcL KAHVE 10 ADET NESPRESSO UYUMLU\"}]},{\"@type\":\"WebSite\",\"@id\":\"https:\/\/karabatak.com\/#website\",\"url\":\"https:\/\/karabatak.com\/\",\"name\":\"Karabatak\",\"description\":\"Karabatak ve Julius Meinl T\u00fcrkiye Distrib\u00fct\u00f6r\u00fc\",\"publisher\":{\"@id\":\"https:\/\/karabatak.com\/#organization\"},\"potentialAction\":[{\"@type\":\"SearchAction\",\"target\":{\"@type\":\"EntryPoint\",\"urlTemplate\":\"https:\/\/karabatak.com\/?s={search_term_string}\"},\"query-input\":{\"@type\":\"PropertyValueSpecification\",\"valueRequired\":true,\"valueName\":\"search_term_string\"}}],\"inLanguage\":\"en-GB\"},{\"@type\":\"Organization\",\"@id\":\"https:\/\/karabatak.com\/#organization\",\"name\":\"Karabatak\",\"url\":\"https:\/\/karabatak.com\/\",\"logo\":{\"@type\":\"ImageObject\",\"inLanguage\":\"en-GB\",\"@id\":\"https:\/\/karabatak.com\/#\/schema\/logo\/image\/\",\"url\":\"https:\/\/karabatak.com\/wp-content\/uploads\/2023\/05\/logo-100x100-100x100-1.png\",\"contentUrl\":\"https:\/\/karabatak.com\/wp-content\/uploads\/2023\/05\/logo-100x100-100x100-1.png\",\"width\":100,\"height\":100,\"caption\":\"Karabatak\"},\"image\":{\"@id\":\"https:\/\/karabatak.com\/#\/schema\/logo\/image\/\"}}]}<\/script>\n<!-- \/ Yoast SEO plugin. -->","yoast_head_json":{"title":"JULIUS MEINL ESPRESSO CREMA KAPS\u00dcL KAHVE 10 ADET NESPRESSO UYUMLU - Karabatak","robots":{"index":"index","follow":"follow","max-snippet":"max-snippet:-1","max-image-preview":"max-image-preview:large","max-video-preview":"max-video-preview:-1"},"canonical":"https:\/\/karabatak.com\/en\/product\/julius-meinl-espresso-crema-nespresso-compatible-capsule-coffee-10-pieces\/","og_locale":"en_GB","og_type":"article","og_title":"JULIUS MEINL ESPRESSO CREMA KAPS\u00dcL KAHVE 10 ADET NESPRESSO UYUMLU - Karabatak","og_description":"Julius Meinl Inspresso EspressoCrema Nespresso\u00ae*Uyumlu Kaps\u00fcl Kahve &#8211; 10 Kaps\u00fcl Bu m\u00fckemmel dengelenmi\u015f kar\u0131\u015f\u0131m, iyi bir \u015fiir kadar ilham vericidir","og_url":"https:\/\/karabatak.com\/en\/product\/julius-meinl-espresso-crema-nespresso-compatible-capsule-coffee-10-pieces\/","og_site_name":"Karabatak","article_modified_time":"2026-04-08T06:55:27+00:00","og_image":[{"width":500,"height":500,"url":"https:\/\/karabatak.com\/wp-content\/uploads\/2023\/08\/31-1.png","type":"image\/png"}],"twitter_card":"summary_large_image","twitter_misc":{"Estimated reading time":"3 minutes"},"schema":{"@context":"https:\/\/schema.org","@graph":[{"@type":"WebPage","@id":"https:\/\/karabatak.com\/urun\/julius-meinl-espresso-crema-nespresso-uyumlu-kapsul-kahve-10-adet\/","url":"https:\/\/karabatak.com\/urun\/julius-meinl-espresso-crema-nespresso-uyumlu-kapsul-kahve-10-adet\/","name":"JULIUS MEINL ESPRESSO CREMA KAPS\u00dcL KAHVE 10 ADET NESPRESSO UYUMLU - Karabatak","isPartOf":{"@id":"https:\/\/karabatak.com\/#website"},"primaryImageOfPage":{"@id":"https:\/\/karabatak.com\/urun\/julius-meinl-espresso-crema-nespresso-uyumlu-kapsul-kahve-10-adet\/#primaryimage"},"image":{"@id":"https:\/\/karabatak.com\/urun\/julius-meinl-espresso-crema-nespresso-uyumlu-kapsul-kahve-10-adet\/#primaryimage"},"thumbnailUrl":"https:\/\/karabatak.com\/wp-content\/uploads\/2023\/08\/31-1.png","datePublished":"2023-08-28T09:50:26+00:00","dateModified":"2026-04-08T06:55:27+00:00","breadcrumb":{"@id":"https:\/\/karabatak.com\/urun\/julius-meinl-espresso-crema-nespresso-uyumlu-kapsul-kahve-10-adet\/#breadcrumb"},"inLanguage":"en-GB","potentialAction":[{"@type":"ReadAction","target":["https:\/\/karabatak.com\/urun\/julius-meinl-espresso-crema-nespresso-uyumlu-kapsul-kahve-10-adet\/"]}]},{"@type":"ImageObject","inLanguage":"en-GB","@id":"https:\/\/karabatak.com\/urun\/julius-meinl-espresso-crema-nespresso-uyumlu-kapsul-kahve-10-adet\/#primaryimage","url":"https:\/\/karabatak.com\/wp-content\/uploads\/2023\/08\/31-1.png","contentUrl":"https:\/\/karabatak.com\/wp-content\/uploads\/2023\/08\/31-1.png","width":500,"height":500},{"@type":"BreadcrumbList","@id":"https:\/\/karabatak.com\/urun\/julius-meinl-espresso-crema-nespresso-uyumlu-kapsul-kahve-10-adet\/#breadcrumb","itemListElement":[{"@type":"ListItem","position":1,"name":"Ma\u011faza","item":"https:\/\/karabatak.com\/en\/products\/"},{"@type":"ListItem","position":2,"name":"JULIUS MEINL ESPRESSO CREMA KAPS\u00dcL KAHVE 10 ADET NESPRESSO UYUMLU"}]},{"@type":"WebSite","@id":"https:\/\/karabatak.com\/#website","url":"https:\/\/karabatak.com\/","name":"Karabatak","description":"Karabatak ve Julius Meinl T\u00fcrkiye Distrib\u00fct\u00f6r\u00fc","publisher":{"@id":"https:\/\/karabatak.com\/#organization"},"potentialAction":[{"@type":"SearchAction","target":{"@type":"EntryPoint","urlTemplate":"https:\/\/karabatak.com\/?s={search_term_string}"},"query-input":{"@type":"PropertyValueSpecification","valueRequired":true,"valueName":"search_term_string"}}],"inLanguage":"en-GB"},{"@type":"Organization","@id":"https:\/\/karabatak.com\/#organization","name":"Karabatak","url":"https:\/\/karabatak.com\/","logo":{"@type":"ImageObject","inLanguage":"en-GB","@id":"https:\/\/karabatak.com\/#\/schema\/logo\/image\/","url":"https:\/\/karabatak.com\/wp-content\/uploads\/2023\/05\/logo-100x100-100x100-1.png","contentUrl":"https:\/\/karabatak.com\/wp-content\/uploads\/2023\/05\/logo-100x100-100x100-1.png","width":100,"height":100,"caption":"Karabatak"},"image":{"@id":"https:\/\/karabatak.com\/#\/schema\/logo\/image\/"}}]}},"_links":{"self":[{"href":"https:\/\/karabatak.com\/en\/wp-json\/wp\/v2\/product\/15134","targetHints":{"allow":["GET"]}}],"collection":[{"href":"https:\/\/karabatak.com\/en\/wp-json\/wp\/v2\/product"}],"about":[{"href":"https:\/\/karabatak.com\/en\/wp-json\/wp\/v2\/types\/product"}],"replies":[{"embeddable":true,"href":"https:\/\/karabatak.com\/en\/wp-json\/wp\/v2\/comments?post=15134"}],"wp:featuredmedia":[{"embeddable":true,"href":"https:\/\/karabatak.com\/en\/wp-json\/wp\/v2\/media\/16040"}],"wp:attachment":[{"href":"https:\/\/karabatak.com\/en\/wp-json\/wp\/v2\/media?parent=15134"}],"wp:term":[{"taxonomy":"product_cat","embeddable":true,"href":"https:\/\/karabatak.com\/en\/wp-json\/wp\/v2\/product_cat?post=15134"},{"taxonomy":"product_tag","embeddable":true,"href":"https:\/\/karabatak.com\/en\/wp-json\/wp\/v2\/product_tag?post=15134"}],"curies":[{"name":"wp","href":"https:\/\/api.w.org\/{rel}","templated":true}]}}