{"id":15131,"date":"2023-08-28T12:50:24","date_gmt":"2023-08-28T09:50:24","guid":{"rendered":"http:\/\/karabatak.com\/urun\/pullycaff-makine-ve-ekipman-temizleme-tozu\/"},"modified":"2026-01-21T16:46:24","modified_gmt":"2026-01-21T13:46:24","slug":"pullycaff-makine-ve-ekipman-temizleme-tozu","status":"publish","type":"product","link":"https:\/\/karabatak.com\/en\/product\/pullycaff-machinery-and-equipment-cleaning-powder\/","title":{"rendered":"Pullycaff Machinery and Equipment Cleaning Powder"},"content":{"rendered":"<p style=\"-webkit-font-smoothing: antialiased; -webkit-tap-highlight-color: transparent; margin-bottom: 0px; padding: 0px 0px 1em; border: 0px; outline: 0px; font-family: Arial; font-size: 14px; vertical-align: baseline; line-height: 23.8px; color: #000000; background-image: initial; background-attachment: initial; background-size: initial; background-origin: initial; background-clip: initial; background-position: initial; background-repeat: initial;\"><span style=\"-webkit-font-smoothing: antialiased; -webkit-tap-highlight-color: transparent; margin: 0px; padding: 0px; border: 0px; outline: 0px; font-family: Helvetica, Arial, sans-serif; line-height: 23.8px;\">During periodic maintenance of your espresso machine, group heads are used to clean the coffee paths.<\/span><\/p>\n<p style=\"-webkit-font-smoothing: antialiased; -webkit-tap-highlight-color: transparent; margin-bottom: 0px; padding: 0px 0px 1em; border: 0px; outline: 0px; font-family: Arial; font-size: 14px; vertical-align: baseline; line-height: 23.8px; color: #000000; background-image: initial; background-attachment: initial; background-size: initial; background-origin: initial; background-clip: initial; background-position: initial; background-repeat: initial;\"><span style=\"-webkit-font-smoothing: antialiased; -webkit-tap-highlight-color: transparent; margin: 0px; padding: 0px; border: 0px; outline: 0px; font-family: Helvetica, Arial, sans-serif; line-height: 23.8px;\"> Depending on your frequency of use and how dirty your coffee machine is, each group head is cleaned and rinsed with an average of 5\/10 g of Puly Caff cleaning powder.<\/span><\/p>","protected":false},"excerpt":{"rendered":"<p>During periodic maintenance of your espresso machine, group heads are used to clean the coffee paths. This depends on the frequency of use and how much your coffee machine is used for.<\/p>","protected":false},"featured_media":15966,"comment_status":"closed","ping_status":"closed","template":"","meta":[],"product_cat":[29],"product_tag":[103],"class_list":{"0":"post-15131","1":"product","2":"type-product","3":"status-publish","4":"has-post-thumbnail","6":"product_cat-kahve-aksesuarlari","7":"product_tag-pullycaff-makine-ve-ekipman-temizleme-tozu","9":"first","10":"instock","11":"purchasable","12":"product-type-simple"},"yoast_head":"<!-- This site is optimized with the Yoast SEO plugin v27.2 - https:\/\/yoast.com\/product\/yoast-seo-wordpress\/ -->\n<title>Pullycaff Makine ve Ekipman Temizleme Tozu - Karabatak<\/title>\n<meta name=\"robots\" content=\"index, follow, max-snippet:-1, max-image-preview:large, max-video-preview:-1\" \/>\n<link rel=\"canonical\" href=\"https:\/\/karabatak.com\/en\/product\/pullycaff-machinery-and-equipment-cleaning-powder\/\" \/>\n<meta property=\"og:locale\" content=\"en_GB\" \/>\n<meta property=\"og:type\" content=\"article\" \/>\n<meta property=\"og:title\" content=\"Pullycaff Makine ve Ekipman Temizleme Tozu - Karabatak\" \/>\n<meta property=\"og:description\" content=\"Espresso makinenizin periyodik bak\u0131mlar\u0131 esnas\u0131nda, grup ba\u015flar\u0131 kahve yollar\u0131n\u0131 temizlemek amac\u0131 ile kullan\u0131l\u0131r. Kullan\u0131m s\u0131kl\u0131\u011f\u0131n\u0131za ve kahve makinenizin ne kadar\" \/>\n<meta property=\"og:url\" content=\"https:\/\/karabatak.com\/en\/product\/pullycaff-machinery-and-equipment-cleaning-powder\/\" \/>\n<meta property=\"og:site_name\" content=\"Karabatak\" \/>\n<meta property=\"article:modified_time\" content=\"2026-01-21T13:46:24+00:00\" \/>\n<meta property=\"og:image\" content=\"https:\/\/karabatak.com\/wp-content\/uploads\/2023\/08\/56.png\" \/>\n\t<meta property=\"og:image:width\" content=\"500\" \/>\n\t<meta property=\"og:image:height\" content=\"500\" \/>\n\t<meta property=\"og:image:type\" content=\"image\/png\" \/>\n<meta name=\"twitter:card\" content=\"summary_large_image\" \/>\n<meta name=\"twitter:label1\" content=\"Estimated reading time\" \/>\n\t<meta name=\"twitter:data1\" content=\"1 minute\" \/>\n<script type=\"application\/ld+json\" class=\"yoast-schema-graph\">{\"@context\":\"https:\/\/schema.org\",\"@graph\":[{\"@type\":\"WebPage\",\"@id\":\"https:\/\/karabatak.com\/urun\/pullycaff-makine-ve-ekipman-temizleme-tozu\/\",\"url\":\"https:\/\/karabatak.com\/urun\/pullycaff-makine-ve-ekipman-temizleme-tozu\/\",\"name\":\"Pullycaff Makine ve Ekipman Temizleme Tozu - Karabatak\",\"isPartOf\":{\"@id\":\"https:\/\/karabatak.com\/#website\"},\"primaryImageOfPage\":{\"@id\":\"https:\/\/karabatak.com\/urun\/pullycaff-makine-ve-ekipman-temizleme-tozu\/#primaryimage\"},\"image\":{\"@id\":\"https:\/\/karabatak.com\/urun\/pullycaff-makine-ve-ekipman-temizleme-tozu\/#primaryimage\"},\"thumbnailUrl\":\"https:\/\/karabatak.com\/wp-content\/uploads\/2023\/08\/56.png\",\"datePublished\":\"2023-08-28T09:50:24+00:00\",\"dateModified\":\"2026-01-21T13:46:24+00:00\",\"breadcrumb\":{\"@id\":\"https:\/\/karabatak.com\/urun\/pullycaff-makine-ve-ekipman-temizleme-tozu\/#breadcrumb\"},\"inLanguage\":\"en-GB\",\"potentialAction\":[{\"@type\":\"ReadAction\",\"target\":[\"https:\/\/karabatak.com\/urun\/pullycaff-makine-ve-ekipman-temizleme-tozu\/\"]}]},{\"@type\":\"ImageObject\",\"inLanguage\":\"en-GB\",\"@id\":\"https:\/\/karabatak.com\/urun\/pullycaff-makine-ve-ekipman-temizleme-tozu\/#primaryimage\",\"url\":\"https:\/\/karabatak.com\/wp-content\/uploads\/2023\/08\/56.png\",\"contentUrl\":\"https:\/\/karabatak.com\/wp-content\/uploads\/2023\/08\/56.png\",\"width\":500,\"height\":500},{\"@type\":\"BreadcrumbList\",\"@id\":\"https:\/\/karabatak.com\/urun\/pullycaff-makine-ve-ekipman-temizleme-tozu\/#breadcrumb\",\"itemListElement\":[{\"@type\":\"ListItem\",\"position\":1,\"name\":\"Ma\u011faza\",\"item\":\"https:\/\/karabatak.com\/en\/products\/\"},{\"@type\":\"ListItem\",\"position\":2,\"name\":\"Pullycaff Makine ve Ekipman Temizleme Tozu\"}]},{\"@type\":\"WebSite\",\"@id\":\"https:\/\/karabatak.com\/#website\",\"url\":\"https:\/\/karabatak.com\/\",\"name\":\"Karabatak\",\"description\":\"Karabatak ve Julius Meinl T\u00fcrkiye Distrib\u00fct\u00f6r\u00fc\",\"publisher\":{\"@id\":\"https:\/\/karabatak.com\/#organization\"},\"potentialAction\":[{\"@type\":\"SearchAction\",\"target\":{\"@type\":\"EntryPoint\",\"urlTemplate\":\"https:\/\/karabatak.com\/?s={search_term_string}\"},\"query-input\":{\"@type\":\"PropertyValueSpecification\",\"valueRequired\":true,\"valueName\":\"search_term_string\"}}],\"inLanguage\":\"en-GB\"},{\"@type\":\"Organization\",\"@id\":\"https:\/\/karabatak.com\/#organization\",\"name\":\"Karabatak\",\"url\":\"https:\/\/karabatak.com\/\",\"logo\":{\"@type\":\"ImageObject\",\"inLanguage\":\"en-GB\",\"@id\":\"https:\/\/karabatak.com\/#\/schema\/logo\/image\/\",\"url\":\"https:\/\/karabatak.com\/wp-content\/uploads\/2023\/05\/logo-100x100-100x100-1.png\",\"contentUrl\":\"https:\/\/karabatak.com\/wp-content\/uploads\/2023\/05\/logo-100x100-100x100-1.png\",\"width\":100,\"height\":100,\"caption\":\"Karabatak\"},\"image\":{\"@id\":\"https:\/\/karabatak.com\/#\/schema\/logo\/image\/\"}}]}<\/script>\n<!-- \/ Yoast SEO plugin. -->","yoast_head_json":{"title":"Pullycaff Makine ve Ekipman Temizleme Tozu - Karabatak","robots":{"index":"index","follow":"follow","max-snippet":"max-snippet:-1","max-image-preview":"max-image-preview:large","max-video-preview":"max-video-preview:-1"},"canonical":"https:\/\/karabatak.com\/en\/product\/pullycaff-machinery-and-equipment-cleaning-powder\/","og_locale":"en_GB","og_type":"article","og_title":"Pullycaff Makine ve Ekipman Temizleme Tozu - Karabatak","og_description":"Espresso makinenizin periyodik bak\u0131mlar\u0131 esnas\u0131nda, grup ba\u015flar\u0131 kahve yollar\u0131n\u0131 temizlemek amac\u0131 ile kullan\u0131l\u0131r. Kullan\u0131m s\u0131kl\u0131\u011f\u0131n\u0131za ve kahve makinenizin ne kadar","og_url":"https:\/\/karabatak.com\/en\/product\/pullycaff-machinery-and-equipment-cleaning-powder\/","og_site_name":"Karabatak","article_modified_time":"2026-01-21T13:46:24+00:00","og_image":[{"width":500,"height":500,"url":"https:\/\/karabatak.com\/wp-content\/uploads\/2023\/08\/56.png","type":"image\/png"}],"twitter_card":"summary_large_image","twitter_misc":{"Estimated reading time":"1 minute"},"schema":{"@context":"https:\/\/schema.org","@graph":[{"@type":"WebPage","@id":"https:\/\/karabatak.com\/urun\/pullycaff-makine-ve-ekipman-temizleme-tozu\/","url":"https:\/\/karabatak.com\/urun\/pullycaff-makine-ve-ekipman-temizleme-tozu\/","name":"Pullycaff Makine ve Ekipman Temizleme Tozu - Karabatak","isPartOf":{"@id":"https:\/\/karabatak.com\/#website"},"primaryImageOfPage":{"@id":"https:\/\/karabatak.com\/urun\/pullycaff-makine-ve-ekipman-temizleme-tozu\/#primaryimage"},"image":{"@id":"https:\/\/karabatak.com\/urun\/pullycaff-makine-ve-ekipman-temizleme-tozu\/#primaryimage"},"thumbnailUrl":"https:\/\/karabatak.com\/wp-content\/uploads\/2023\/08\/56.png","datePublished":"2023-08-28T09:50:24+00:00","dateModified":"2026-01-21T13:46:24+00:00","breadcrumb":{"@id":"https:\/\/karabatak.com\/urun\/pullycaff-makine-ve-ekipman-temizleme-tozu\/#breadcrumb"},"inLanguage":"en-GB","potentialAction":[{"@type":"ReadAction","target":["https:\/\/karabatak.com\/urun\/pullycaff-makine-ve-ekipman-temizleme-tozu\/"]}]},{"@type":"ImageObject","inLanguage":"en-GB","@id":"https:\/\/karabatak.com\/urun\/pullycaff-makine-ve-ekipman-temizleme-tozu\/#primaryimage","url":"https:\/\/karabatak.com\/wp-content\/uploads\/2023\/08\/56.png","contentUrl":"https:\/\/karabatak.com\/wp-content\/uploads\/2023\/08\/56.png","width":500,"height":500},{"@type":"BreadcrumbList","@id":"https:\/\/karabatak.com\/urun\/pullycaff-makine-ve-ekipman-temizleme-tozu\/#breadcrumb","itemListElement":[{"@type":"ListItem","position":1,"name":"Ma\u011faza","item":"https:\/\/karabatak.com\/en\/products\/"},{"@type":"ListItem","position":2,"name":"Pullycaff Makine ve Ekipman Temizleme Tozu"}]},{"@type":"WebSite","@id":"https:\/\/karabatak.com\/#website","url":"https:\/\/karabatak.com\/","name":"Karabatak","description":"Karabatak ve Julius Meinl T\u00fcrkiye Distrib\u00fct\u00f6r\u00fc","publisher":{"@id":"https:\/\/karabatak.com\/#organization"},"potentialAction":[{"@type":"SearchAction","target":{"@type":"EntryPoint","urlTemplate":"https:\/\/karabatak.com\/?s={search_term_string}"},"query-input":{"@type":"PropertyValueSpecification","valueRequired":true,"valueName":"search_term_string"}}],"inLanguage":"en-GB"},{"@type":"Organization","@id":"https:\/\/karabatak.com\/#organization","name":"Karabatak","url":"https:\/\/karabatak.com\/","logo":{"@type":"ImageObject","inLanguage":"en-GB","@id":"https:\/\/karabatak.com\/#\/schema\/logo\/image\/","url":"https:\/\/karabatak.com\/wp-content\/uploads\/2023\/05\/logo-100x100-100x100-1.png","contentUrl":"https:\/\/karabatak.com\/wp-content\/uploads\/2023\/05\/logo-100x100-100x100-1.png","width":100,"height":100,"caption":"Karabatak"},"image":{"@id":"https:\/\/karabatak.com\/#\/schema\/logo\/image\/"}}]}},"_links":{"self":[{"href":"https:\/\/karabatak.com\/en\/wp-json\/wp\/v2\/product\/15131","targetHints":{"allow":["GET"]}}],"collection":[{"href":"https:\/\/karabatak.com\/en\/wp-json\/wp\/v2\/product"}],"about":[{"href":"https:\/\/karabatak.com\/en\/wp-json\/wp\/v2\/types\/product"}],"replies":[{"embeddable":true,"href":"https:\/\/karabatak.com\/en\/wp-json\/wp\/v2\/comments?post=15131"}],"wp:featuredmedia":[{"embeddable":true,"href":"https:\/\/karabatak.com\/en\/wp-json\/wp\/v2\/media\/15966"}],"wp:attachment":[{"href":"https:\/\/karabatak.com\/en\/wp-json\/wp\/v2\/media?parent=15131"}],"wp:term":[{"taxonomy":"product_cat","embeddable":true,"href":"https:\/\/karabatak.com\/en\/wp-json\/wp\/v2\/product_cat?post=15131"},{"taxonomy":"product_tag","embeddable":true,"href":"https:\/\/karabatak.com\/en\/wp-json\/wp\/v2\/product_tag?post=15131"}],"curies":[{"name":"wp","href":"https:\/\/api.w.org\/{rel}","templated":true}]}}