{"id":15126,"date":"2023-08-28T12:50:24","date_gmt":"2023-08-28T09:50:24","guid":{"rendered":"http:\/\/karabatak.com\/urun\/empress-elisabeth-teneke-kutu\/"},"modified":"2026-04-09T14:37:01","modified_gmt":"2026-04-09T11:37:01","slug":"empress-elisabeth-teneke-kutu","status":"publish","type":"product","link":"https:\/\/karabatak.com\/en\/product\/empress-elisabeth-tin-can\/","title":{"rendered":"EMPRESS ELISABETH TIN CANS"},"content":{"rendered":"<p><span style=\"font-family: Arial;\"><span style=\"font-size: 18px;\"><b>EMPRESS ELISABETH TIN CANS<\/b><\/span><br style=\"font-size: 12px;\" \/><\/span><\/p>\n<p><span style=\"font-family: Arial;\"><span style=\"font-size: 14px;\">The Elisabeth coffee container in royal blue is perfect for storing your coffee after opening and preserving its freshness for up to 500g.<\/span><br style=\"font-size: 12px;\" \/><\/span><\/p>\n<p><span style=\"font-family: Arial;\"><span style=\"font-size: 14px;\">Height: 21 cm \/ 8.26 inches<\/span><\/span><\/p>\n<p><span style=\"font-family: Arial;\"><span style=\"font-size: 14px;\">Width: 12 cm \/ 4.72 inches<\/span><\/span><\/p>\n<p><span style=\"font-family: Arial;\"><span style=\"font-size: 14px;\">Depth: 7.5cm \/ 2.95 inches<\/span><\/span><\/p>\n<p><span style=\"font-family: Arial; font-size: 14px;\">1 Metal Coffee Storage Container<\/span><span style=\"font-family: Arial;\"><br \/>\n<\/span><\/p>\n<p><span style=\"font-family: Arial;\">\u00a0<\/span><\/p>","protected":false},"excerpt":{"rendered":"<p>EMPRESS ELISABETH TIN CANS Royal blue Elisabeth coffee container. To store your coffee after opening and maintain its freshness up to 500g<\/p>","protected":false},"featured_media":16085,"comment_status":"closed","ping_status":"closed","template":"","meta":[],"product_brand":[],"product_cat":[29],"product_tag":[99],"class_list":{"0":"post-15126","1":"product","2":"type-product","3":"status-publish","4":"has-post-thumbnail","6":"product_cat-kahve-aksesuarlari","7":"product_tag-empress-elisabeth-teneke-kutu","9":"first","10":"instock","11":"purchasable","12":"product-type-simple"},"yoast_head":"<!-- This site is optimized with the Yoast SEO plugin v27.4 - https:\/\/yoast.com\/product\/yoast-seo-wordpress\/ -->\n<title>EMPRESS ELISABETH TENEKE KUTU - Karabatak<\/title>\n<meta name=\"robots\" content=\"index, follow, max-snippet:-1, max-image-preview:large, max-video-preview:-1\" \/>\n<link rel=\"canonical\" href=\"https:\/\/karabatak.com\/en\/product\/empress-elisabeth-tin-can\/\" \/>\n<meta property=\"og:locale\" content=\"en_GB\" \/>\n<meta property=\"og:type\" content=\"article\" \/>\n<meta property=\"og:title\" content=\"EMPRESS ELISABETH TENEKE KUTU - Karabatak\" \/>\n<meta property=\"og:description\" content=\"EMPRESS ELISABETH TENEKE KUTU Kraliyet mavisi , Elisabeth kahve kab\u0131. A\u00e7\u0131ld\u0131ktan sonra kahvenizi saklamak ve kahvenin tazeli\u011fini 500gr&#8217;a kadar korumak\" \/>\n<meta property=\"og:url\" content=\"https:\/\/karabatak.com\/en\/product\/empress-elisabeth-tin-can\/\" \/>\n<meta property=\"og:site_name\" content=\"Karabatak\" \/>\n<meta property=\"article:modified_time\" content=\"2026-04-09T11:37:01+00:00\" \/>\n<meta property=\"og:image\" content=\"https:\/\/karabatak.com\/wp-content\/uploads\/2023\/08\/42v2.png\" \/>\n\t<meta property=\"og:image:width\" content=\"500\" \/>\n\t<meta property=\"og:image:height\" content=\"500\" \/>\n\t<meta property=\"og:image:type\" content=\"image\/png\" \/>\n<meta name=\"twitter:card\" content=\"summary_large_image\" \/>\n<meta name=\"twitter:label1\" content=\"Estimated reading time\" \/>\n\t<meta name=\"twitter:data1\" content=\"1 minute\" \/>\n<script type=\"application\/ld+json\" class=\"yoast-schema-graph\">{\"@context\":\"https:\\\/\\\/schema.org\",\"@graph\":[{\"@type\":\"WebPage\",\"@id\":\"https:\\\/\\\/karabatak.com\\\/urun\\\/empress-elisabeth-teneke-kutu\\\/\",\"url\":\"https:\\\/\\\/karabatak.com\\\/urun\\\/empress-elisabeth-teneke-kutu\\\/\",\"name\":\"EMPRESS ELISABETH TENEKE KUTU - Karabatak\",\"isPartOf\":{\"@id\":\"https:\\\/\\\/karabatak.com\\\/#website\"},\"primaryImageOfPage\":{\"@id\":\"https:\\\/\\\/karabatak.com\\\/urun\\\/empress-elisabeth-teneke-kutu\\\/#primaryimage\"},\"image\":{\"@id\":\"https:\\\/\\\/karabatak.com\\\/urun\\\/empress-elisabeth-teneke-kutu\\\/#primaryimage\"},\"thumbnailUrl\":\"https:\\\/\\\/karabatak.com\\\/wp-content\\\/uploads\\\/2023\\\/08\\\/42v2.png\",\"datePublished\":\"2023-08-28T09:50:24+00:00\",\"dateModified\":\"2026-04-09T11:37:01+00:00\",\"breadcrumb\":{\"@id\":\"https:\\\/\\\/karabatak.com\\\/urun\\\/empress-elisabeth-teneke-kutu\\\/#breadcrumb\"},\"inLanguage\":\"en-GB\",\"potentialAction\":[{\"@type\":\"ReadAction\",\"target\":[\"https:\\\/\\\/karabatak.com\\\/urun\\\/empress-elisabeth-teneke-kutu\\\/\"]}]},{\"@type\":\"ImageObject\",\"inLanguage\":\"en-GB\",\"@id\":\"https:\\\/\\\/karabatak.com\\\/urun\\\/empress-elisabeth-teneke-kutu\\\/#primaryimage\",\"url\":\"https:\\\/\\\/karabatak.com\\\/wp-content\\\/uploads\\\/2023\\\/08\\\/42v2.png\",\"contentUrl\":\"https:\\\/\\\/karabatak.com\\\/wp-content\\\/uploads\\\/2023\\\/08\\\/42v2.png\",\"width\":500,\"height\":500},{\"@type\":\"BreadcrumbList\",\"@id\":\"https:\\\/\\\/karabatak.com\\\/urun\\\/empress-elisabeth-teneke-kutu\\\/#breadcrumb\",\"itemListElement\":[{\"@type\":\"ListItem\",\"position\":1,\"name\":\"Ma\u011faza\",\"item\":\"https:\\\/\\\/karabatak.com\\\/en\\\/products\\\/\"},{\"@type\":\"ListItem\",\"position\":2,\"name\":\"EMPRESS ELISABETH TENEKE KUTU\"}]},{\"@type\":\"WebSite\",\"@id\":\"https:\\\/\\\/karabatak.com\\\/#website\",\"url\":\"https:\\\/\\\/karabatak.com\\\/\",\"name\":\"Karabatak\",\"description\":\"Karabatak ve Julius Meinl T\u00fcrkiye Distrib\u00fct\u00f6r\u00fc\",\"publisher\":{\"@id\":\"https:\\\/\\\/karabatak.com\\\/#organization\"},\"potentialAction\":[{\"@type\":\"SearchAction\",\"target\":{\"@type\":\"EntryPoint\",\"urlTemplate\":\"https:\\\/\\\/karabatak.com\\\/?s={search_term_string}\"},\"query-input\":{\"@type\":\"PropertyValueSpecification\",\"valueRequired\":true,\"valueName\":\"search_term_string\"}}],\"inLanguage\":\"en-GB\"},{\"@type\":\"Organization\",\"@id\":\"https:\\\/\\\/karabatak.com\\\/#organization\",\"name\":\"Karabatak\",\"url\":\"https:\\\/\\\/karabatak.com\\\/\",\"logo\":{\"@type\":\"ImageObject\",\"inLanguage\":\"en-GB\",\"@id\":\"https:\\\/\\\/karabatak.com\\\/#\\\/schema\\\/logo\\\/image\\\/\",\"url\":\"https:\\\/\\\/karabatak.com\\\/wp-content\\\/uploads\\\/2023\\\/05\\\/logo-100x100-100x100-1.png\",\"contentUrl\":\"https:\\\/\\\/karabatak.com\\\/wp-content\\\/uploads\\\/2023\\\/05\\\/logo-100x100-100x100-1.png\",\"width\":100,\"height\":100,\"caption\":\"Karabatak\"},\"image\":{\"@id\":\"https:\\\/\\\/karabatak.com\\\/#\\\/schema\\\/logo\\\/image\\\/\"}}]}<\/script>\n<!-- \/ Yoast SEO plugin. -->","yoast_head_json":{"title":"EMPRESS ELISABETH TIN CANS - Cormorant","robots":{"index":"index","follow":"follow","max-snippet":"max-snippet:-1","max-image-preview":"max-image-preview:large","max-video-preview":"max-video-preview:-1"},"canonical":"https:\/\/karabatak.com\/en\/product\/empress-elisabeth-tin-can\/","og_locale":"en_GB","og_type":"article","og_title":"EMPRESS ELISABETH TENEKE KUTU - Karabatak","og_description":"EMPRESS ELISABETH TENEKE KUTU Kraliyet mavisi , Elisabeth kahve kab\u0131. A\u00e7\u0131ld\u0131ktan sonra kahvenizi saklamak ve kahvenin tazeli\u011fini 500gr&#8217;a kadar korumak","og_url":"https:\/\/karabatak.com\/en\/product\/empress-elisabeth-tin-can\/","og_site_name":"Karabatak","article_modified_time":"2026-04-09T11:37:01+00:00","og_image":[{"width":500,"height":500,"url":"https:\/\/karabatak.com\/wp-content\/uploads\/2023\/08\/42v2.png","type":"image\/png"}],"twitter_card":"summary_large_image","twitter_misc":{"Estimated reading time":"1 minute"},"schema":{"@context":"https:\/\/schema.org","@graph":[{"@type":"WebPage","@id":"https:\/\/karabatak.com\/urun\/empress-elisabeth-teneke-kutu\/","url":"https:\/\/karabatak.com\/urun\/empress-elisabeth-teneke-kutu\/","name":"EMPRESS ELISABETH TIN CANS - Cormorant","isPartOf":{"@id":"https:\/\/karabatak.com\/#website"},"primaryImageOfPage":{"@id":"https:\/\/karabatak.com\/urun\/empress-elisabeth-teneke-kutu\/#primaryimage"},"image":{"@id":"https:\/\/karabatak.com\/urun\/empress-elisabeth-teneke-kutu\/#primaryimage"},"thumbnailUrl":"https:\/\/karabatak.com\/wp-content\/uploads\/2023\/08\/42v2.png","datePublished":"2023-08-28T09:50:24+00:00","dateModified":"2026-04-09T11:37:01+00:00","breadcrumb":{"@id":"https:\/\/karabatak.com\/urun\/empress-elisabeth-teneke-kutu\/#breadcrumb"},"inLanguage":"en-GB","potentialAction":[{"@type":"ReadAction","target":["https:\/\/karabatak.com\/urun\/empress-elisabeth-teneke-kutu\/"]}]},{"@type":"ImageObject","inLanguage":"en-GB","@id":"https:\/\/karabatak.com\/urun\/empress-elisabeth-teneke-kutu\/#primaryimage","url":"https:\/\/karabatak.com\/wp-content\/uploads\/2023\/08\/42v2.png","contentUrl":"https:\/\/karabatak.com\/wp-content\/uploads\/2023\/08\/42v2.png","width":500,"height":500},{"@type":"BreadcrumbList","@id":"https:\/\/karabatak.com\/urun\/empress-elisabeth-teneke-kutu\/#breadcrumb","itemListElement":[{"@type":"ListItem","position":1,"name":"Ma\u011faza","item":"https:\/\/karabatak.com\/en\/products\/"},{"@type":"ListItem","position":2,"name":"EMPRESS ELISABETH TENEKE KUTU"}]},{"@type":"WebSite","@id":"https:\/\/karabatak.com\/#website","url":"https:\/\/karabatak.com\/","name":"Karabatak","description":"Karabatak and Julius Meinl T\u00fcrkiye Distributor","publisher":{"@id":"https:\/\/karabatak.com\/#organization"},"potentialAction":[{"@type":"SearchAction","target":{"@type":"EntryPoint","urlTemplate":"https:\/\/karabatak.com\/?s={search_term_string}"},"query-input":{"@type":"PropertyValueSpecification","valueRequired":true,"valueName":"search_term_string"}}],"inLanguage":"en-GB"},{"@type":"Organization","@id":"https:\/\/karabatak.com\/#organization","name":"Karabatak","url":"https:\/\/karabatak.com\/","logo":{"@type":"ImageObject","inLanguage":"en-GB","@id":"https:\/\/karabatak.com\/#\/schema\/logo\/image\/","url":"https:\/\/karabatak.com\/wp-content\/uploads\/2023\/05\/logo-100x100-100x100-1.png","contentUrl":"https:\/\/karabatak.com\/wp-content\/uploads\/2023\/05\/logo-100x100-100x100-1.png","width":100,"height":100,"caption":"Karabatak"},"image":{"@id":"https:\/\/karabatak.com\/#\/schema\/logo\/image\/"}}]}},"_links":{"self":[{"href":"https:\/\/karabatak.com\/en\/wp-json\/wp\/v2\/product\/15126","targetHints":{"allow":["GET"]}}],"collection":[{"href":"https:\/\/karabatak.com\/en\/wp-json\/wp\/v2\/product"}],"about":[{"href":"https:\/\/karabatak.com\/en\/wp-json\/wp\/v2\/types\/product"}],"replies":[{"embeddable":true,"href":"https:\/\/karabatak.com\/en\/wp-json\/wp\/v2\/comments?post=15126"}],"wp:featuredmedia":[{"embeddable":true,"href":"https:\/\/karabatak.com\/en\/wp-json\/wp\/v2\/media\/16085"}],"wp:attachment":[{"href":"https:\/\/karabatak.com\/en\/wp-json\/wp\/v2\/media?parent=15126"}],"wp:term":[{"taxonomy":"product_brand","embeddable":true,"href":"https:\/\/karabatak.com\/en\/wp-json\/wp\/v2\/product_brand?post=15126"},{"taxonomy":"product_cat","embeddable":true,"href":"https:\/\/karabatak.com\/en\/wp-json\/wp\/v2\/product_cat?post=15126"},{"taxonomy":"product_tag","embeddable":true,"href":"https:\/\/karabatak.com\/en\/wp-json\/wp\/v2\/product_tag?post=15126"}],"curies":[{"name":"wp","href":"https:\/\/api.w.org\/{rel}","templated":true}]}}