{"id":15123,"date":"2023-08-28T12:50:24","date_gmt":"2023-08-28T09:50:24","guid":{"rendered":"http:\/\/karabatak.com\/urun\/julius-meinl-logo-creamer\/"},"modified":"2025-10-01T14:04:18","modified_gmt":"2025-10-01T11:04:18","slug":"julius-meinl-logo-creamer","status":"publish","type":"product","link":"https:\/\/karabatak.com\/en\/product\/julius-meinl-logo-creamer\/","title":{"rendered":"JULIUS MEINL LOGO CREAMER 6 PCS \/ 1 BOX"},"content":{"rendered":"<p><b><span style=\"font-family: Arial;\"><span style=\"font-size: 18px;\">JULIUS MEINL LOGO CREAMER<\/span><\/span><\/b><\/p>\n<p><span style=\"font-family: Arial;\"><span style=\"font-size: 14px;\">This white pot with the red Julius Meinl coffee children&#039;s logo joins our Meinl Logo cup series.\u00a0<\/span><span style=\"font-size: 14px;\">For your favorite tea or\u00a0<\/span><span style=\"font-size: 14px;\">with your coffee\u00a0<\/span><span style=\"font-size: 14px;\">Perfect for serving milk together.<\/span><br style=\"font-size: 12px;\" \/><\/span><\/p>\n<p><span style=\"font-family: Arial;\"><span style=\"font-size: 14px;\">I<\/span><span style=\"font-size: 14px;\">content up to 40 ml (1.35 oz)<\/span><\/span><\/p>\n<p><span style=\"font-size: 14px;\"><span style=\"font-family: Arial;\">Height: 5.7 cm (2.24 inches)<\/span><\/span><\/p>\n<p><span style=\"font-size: 14px;\"><span style=\"font-family: Arial;\">1 milk jug<\/span><\/span><\/p>\n<p>&nbsp;<\/p>\n<p><span style=\"font-family: 'Trebuchet MS'; font-size: 12px;\"><br \/>\n<\/span><span style=\"font-family: 'Trebuchet MS'; font-size: 12px;\"><br \/>\n<\/span><\/p>\n<p>&nbsp;<\/p>\n<p>&nbsp;<\/p>","protected":false},"excerpt":{"rendered":"<p>JULIUS MEINL LOGO CREAMER This white pot with the red Julius Meinl coffee children&#039;s logo joins our Meinl Logo cup series.<\/p>","protected":false},"featured_media":16108,"comment_status":"closed","ping_status":"closed","template":"","meta":[],"product_cat":[29],"product_tag":[184],"class_list":{"0":"post-15123","1":"product","2":"type-product","3":"status-publish","4":"has-post-thumbnail","6":"product_cat-kahve-aksesuarlari","7":"product_tag-julius-meinl-logo-creamer","9":"first","10":"outofstock","11":"purchasable","12":"product-type-simple"},"yoast_head":"<!-- This site is optimized with the Yoast SEO plugin v27.2 - https:\/\/yoast.com\/product\/yoast-seo-wordpress\/ -->\n<title>JULIUS MEINL LOGO CREAMER 6 ADET \/ 1 KUTU - Karabatak<\/title>\n<meta name=\"robots\" content=\"index, follow, max-snippet:-1, max-image-preview:large, max-video-preview:-1\" \/>\n<link rel=\"canonical\" href=\"https:\/\/karabatak.com\/en\/product\/julius-meinl-logo-creamer\/\" \/>\n<meta property=\"og:locale\" content=\"en_GB\" \/>\n<meta property=\"og:type\" content=\"article\" \/>\n<meta property=\"og:title\" content=\"JULIUS MEINL LOGO CREAMER 6 ADET \/ 1 KUTU - Karabatak\" \/>\n<meta property=\"og:description\" content=\"JULIUS MEINL LOGO CREAMER K\u0131rm\u0131z\u0131 Julius Meinl kahve \u00e7ocuk logolu bu beyaz pot , Meinl Logo bardak serimize kat\u0131l\u0131yor.\u00a0En sevdi\u011finiz\" \/>\n<meta property=\"og:url\" content=\"https:\/\/karabatak.com\/en\/product\/julius-meinl-logo-creamer\/\" \/>\n<meta property=\"og:site_name\" content=\"Karabatak\" \/>\n<meta property=\"article:modified_time\" content=\"2025-10-01T11:04:18+00:00\" \/>\n<meta property=\"og:image\" content=\"https:\/\/karabatak.com\/wp-content\/uploads\/2023\/08\/49.png\" \/>\n\t<meta property=\"og:image:width\" content=\"500\" \/>\n\t<meta property=\"og:image:height\" content=\"500\" \/>\n\t<meta property=\"og:image:type\" content=\"image\/png\" \/>\n<meta name=\"twitter:card\" content=\"summary_large_image\" \/>\n<meta name=\"twitter:label1\" content=\"Estimated reading time\" \/>\n\t<meta name=\"twitter:data1\" content=\"1 minute\" \/>\n<script type=\"application\/ld+json\" class=\"yoast-schema-graph\">{\"@context\":\"https:\/\/schema.org\",\"@graph\":[{\"@type\":\"WebPage\",\"@id\":\"https:\/\/karabatak.com\/urun\/julius-meinl-logo-creamer\/\",\"url\":\"https:\/\/karabatak.com\/urun\/julius-meinl-logo-creamer\/\",\"name\":\"JULIUS MEINL LOGO CREAMER 6 ADET \/ 1 KUTU - Karabatak\",\"isPartOf\":{\"@id\":\"https:\/\/karabatak.com\/#website\"},\"primaryImageOfPage\":{\"@id\":\"https:\/\/karabatak.com\/urun\/julius-meinl-logo-creamer\/#primaryimage\"},\"image\":{\"@id\":\"https:\/\/karabatak.com\/urun\/julius-meinl-logo-creamer\/#primaryimage\"},\"thumbnailUrl\":\"https:\/\/karabatak.com\/wp-content\/uploads\/2023\/08\/49.png\",\"datePublished\":\"2023-08-28T09:50:24+00:00\",\"dateModified\":\"2025-10-01T11:04:18+00:00\",\"breadcrumb\":{\"@id\":\"https:\/\/karabatak.com\/urun\/julius-meinl-logo-creamer\/#breadcrumb\"},\"inLanguage\":\"en-GB\",\"potentialAction\":[{\"@type\":\"ReadAction\",\"target\":[\"https:\/\/karabatak.com\/urun\/julius-meinl-logo-creamer\/\"]}]},{\"@type\":\"ImageObject\",\"inLanguage\":\"en-GB\",\"@id\":\"https:\/\/karabatak.com\/urun\/julius-meinl-logo-creamer\/#primaryimage\",\"url\":\"https:\/\/karabatak.com\/wp-content\/uploads\/2023\/08\/49.png\",\"contentUrl\":\"https:\/\/karabatak.com\/wp-content\/uploads\/2023\/08\/49.png\",\"width\":500,\"height\":500},{\"@type\":\"BreadcrumbList\",\"@id\":\"https:\/\/karabatak.com\/urun\/julius-meinl-logo-creamer\/#breadcrumb\",\"itemListElement\":[{\"@type\":\"ListItem\",\"position\":1,\"name\":\"Ma\u011faza\",\"item\":\"https:\/\/karabatak.com\/en\/products\/\"},{\"@type\":\"ListItem\",\"position\":2,\"name\":\"JULIUS MEINL LOGO CREAMER 6 ADET \/ 1 KUTU\"}]},{\"@type\":\"WebSite\",\"@id\":\"https:\/\/karabatak.com\/#website\",\"url\":\"https:\/\/karabatak.com\/\",\"name\":\"Karabatak\",\"description\":\"Karabatak ve Julius Meinl T\u00fcrkiye Distrib\u00fct\u00f6r\u00fc\",\"publisher\":{\"@id\":\"https:\/\/karabatak.com\/#organization\"},\"potentialAction\":[{\"@type\":\"SearchAction\",\"target\":{\"@type\":\"EntryPoint\",\"urlTemplate\":\"https:\/\/karabatak.com\/?s={search_term_string}\"},\"query-input\":{\"@type\":\"PropertyValueSpecification\",\"valueRequired\":true,\"valueName\":\"search_term_string\"}}],\"inLanguage\":\"en-GB\"},{\"@type\":\"Organization\",\"@id\":\"https:\/\/karabatak.com\/#organization\",\"name\":\"Karabatak\",\"url\":\"https:\/\/karabatak.com\/\",\"logo\":{\"@type\":\"ImageObject\",\"inLanguage\":\"en-GB\",\"@id\":\"https:\/\/karabatak.com\/#\/schema\/logo\/image\/\",\"url\":\"https:\/\/karabatak.com\/wp-content\/uploads\/2023\/05\/logo-100x100-100x100-1.png\",\"contentUrl\":\"https:\/\/karabatak.com\/wp-content\/uploads\/2023\/05\/logo-100x100-100x100-1.png\",\"width\":100,\"height\":100,\"caption\":\"Karabatak\"},\"image\":{\"@id\":\"https:\/\/karabatak.com\/#\/schema\/logo\/image\/\"}}]}<\/script>\n<!-- \/ Yoast SEO plugin. -->","yoast_head_json":{"title":"JULIUS MEINL LOGO CREAMER 6 ADET \/ 1 KUTU - Karabatak","robots":{"index":"index","follow":"follow","max-snippet":"max-snippet:-1","max-image-preview":"max-image-preview:large","max-video-preview":"max-video-preview:-1"},"canonical":"https:\/\/karabatak.com\/en\/product\/julius-meinl-logo-creamer\/","og_locale":"en_GB","og_type":"article","og_title":"JULIUS MEINL LOGO CREAMER 6 ADET \/ 1 KUTU - Karabatak","og_description":"JULIUS MEINL LOGO CREAMER K\u0131rm\u0131z\u0131 Julius Meinl kahve \u00e7ocuk logolu bu beyaz pot , Meinl Logo bardak serimize kat\u0131l\u0131yor.\u00a0En sevdi\u011finiz","og_url":"https:\/\/karabatak.com\/en\/product\/julius-meinl-logo-creamer\/","og_site_name":"Karabatak","article_modified_time":"2025-10-01T11:04:18+00:00","og_image":[{"width":500,"height":500,"url":"https:\/\/karabatak.com\/wp-content\/uploads\/2023\/08\/49.png","type":"image\/png"}],"twitter_card":"summary_large_image","twitter_misc":{"Estimated reading time":"1 minute"},"schema":{"@context":"https:\/\/schema.org","@graph":[{"@type":"WebPage","@id":"https:\/\/karabatak.com\/urun\/julius-meinl-logo-creamer\/","url":"https:\/\/karabatak.com\/urun\/julius-meinl-logo-creamer\/","name":"JULIUS MEINL LOGO CREAMER 6 ADET \/ 1 KUTU - Karabatak","isPartOf":{"@id":"https:\/\/karabatak.com\/#website"},"primaryImageOfPage":{"@id":"https:\/\/karabatak.com\/urun\/julius-meinl-logo-creamer\/#primaryimage"},"image":{"@id":"https:\/\/karabatak.com\/urun\/julius-meinl-logo-creamer\/#primaryimage"},"thumbnailUrl":"https:\/\/karabatak.com\/wp-content\/uploads\/2023\/08\/49.png","datePublished":"2023-08-28T09:50:24+00:00","dateModified":"2025-10-01T11:04:18+00:00","breadcrumb":{"@id":"https:\/\/karabatak.com\/urun\/julius-meinl-logo-creamer\/#breadcrumb"},"inLanguage":"en-GB","potentialAction":[{"@type":"ReadAction","target":["https:\/\/karabatak.com\/urun\/julius-meinl-logo-creamer\/"]}]},{"@type":"ImageObject","inLanguage":"en-GB","@id":"https:\/\/karabatak.com\/urun\/julius-meinl-logo-creamer\/#primaryimage","url":"https:\/\/karabatak.com\/wp-content\/uploads\/2023\/08\/49.png","contentUrl":"https:\/\/karabatak.com\/wp-content\/uploads\/2023\/08\/49.png","width":500,"height":500},{"@type":"BreadcrumbList","@id":"https:\/\/karabatak.com\/urun\/julius-meinl-logo-creamer\/#breadcrumb","itemListElement":[{"@type":"ListItem","position":1,"name":"Ma\u011faza","item":"https:\/\/karabatak.com\/en\/products\/"},{"@type":"ListItem","position":2,"name":"JULIUS MEINL LOGO CREAMER 6 ADET \/ 1 KUTU"}]},{"@type":"WebSite","@id":"https:\/\/karabatak.com\/#website","url":"https:\/\/karabatak.com\/","name":"Karabatak","description":"Karabatak ve Julius Meinl T\u00fcrkiye Distrib\u00fct\u00f6r\u00fc","publisher":{"@id":"https:\/\/karabatak.com\/#organization"},"potentialAction":[{"@type":"SearchAction","target":{"@type":"EntryPoint","urlTemplate":"https:\/\/karabatak.com\/?s={search_term_string}"},"query-input":{"@type":"PropertyValueSpecification","valueRequired":true,"valueName":"search_term_string"}}],"inLanguage":"en-GB"},{"@type":"Organization","@id":"https:\/\/karabatak.com\/#organization","name":"Karabatak","url":"https:\/\/karabatak.com\/","logo":{"@type":"ImageObject","inLanguage":"en-GB","@id":"https:\/\/karabatak.com\/#\/schema\/logo\/image\/","url":"https:\/\/karabatak.com\/wp-content\/uploads\/2023\/05\/logo-100x100-100x100-1.png","contentUrl":"https:\/\/karabatak.com\/wp-content\/uploads\/2023\/05\/logo-100x100-100x100-1.png","width":100,"height":100,"caption":"Karabatak"},"image":{"@id":"https:\/\/karabatak.com\/#\/schema\/logo\/image\/"}}]}},"_links":{"self":[{"href":"https:\/\/karabatak.com\/en\/wp-json\/wp\/v2\/product\/15123","targetHints":{"allow":["GET"]}}],"collection":[{"href":"https:\/\/karabatak.com\/en\/wp-json\/wp\/v2\/product"}],"about":[{"href":"https:\/\/karabatak.com\/en\/wp-json\/wp\/v2\/types\/product"}],"replies":[{"embeddable":true,"href":"https:\/\/karabatak.com\/en\/wp-json\/wp\/v2\/comments?post=15123"}],"wp:featuredmedia":[{"embeddable":true,"href":"https:\/\/karabatak.com\/en\/wp-json\/wp\/v2\/media\/16108"}],"wp:attachment":[{"href":"https:\/\/karabatak.com\/en\/wp-json\/wp\/v2\/media?parent=15123"}],"wp:term":[{"taxonomy":"product_cat","embeddable":true,"href":"https:\/\/karabatak.com\/en\/wp-json\/wp\/v2\/product_cat?post=15123"},{"taxonomy":"product_tag","embeddable":true,"href":"https:\/\/karabatak.com\/en\/wp-json\/wp\/v2\/product_tag?post=15123"}],"curies":[{"name":"wp","href":"https:\/\/api.w.org\/{rel}","templated":true}]}}