{"id":15118,"date":"2023-08-28T12:50:24","date_gmt":"2023-08-28T09:50:24","guid":{"rendered":"http:\/\/karabatak.com\/urun\/julius-meinl-logo-espresso-bardak\/"},"modified":"2026-03-27T15:45:18","modified_gmt":"2026-03-27T12:45:18","slug":"julius-meinl-logo-espresso-bardak","status":"publish","type":"product","link":"https:\/\/karabatak.com\/en\/product\/julius-meinl-logo-espresso-cup\/","title":{"rendered":"JULIUS MEINL LOGO ESPRESSO CUPS 6 PIECES \/ 1 BOX"},"content":{"rendered":"<p><span style=\"font-family: Arial;\"><span style=\"font-size: 18px;\"><b>JULIUS MEINL LOGO ESPRESSO GLASS<\/b><\/span><br \/>\n<\/span><\/p>\n<p><span style=\"font-family: Arial;\"><span style=\"font-size: 14px;\">A ceramic espresso cup from Julius Meinl, including a saucer featuring the classic red Julius Meinl coffee boy logo.<\/span><br style=\"font-size: 12px;\" \/><span style=\"font-size: 14px;\">Perfect for enjoying espresso or Italian ristretto.<\/span><\/span><\/p>\n<p><span style=\"font-family: Arial;\"><br style=\"font-size: 12px;\" \/><span style=\"font-size: 14px;\">Contents up to 2.53 oz (75 ml)<\/span><br style=\"font-size: 12px;\" \/><span style=\"font-size: 14px;\">Caliber cup: 2.55 inch \/ 6.5 cm<\/span><br style=\"font-size: 12px;\" \/><span style=\"font-size: 14px;\">Caliber plate: 4.88 inches \/ 12.4 cm<\/span><br style=\"font-size: 12px;\" \/><span style=\"font-size: 14px;\">Height cup: 2.24 inches \/ 5.7 cm<\/span><span style=\"font-size: 12px;\"><br \/>\n<\/span><\/span><span style=\"font-size: 14px;\"><span style=\"font-family: Arial;\">1 Glass + 1 Plate<\/span><\/span><\/p>","protected":false},"excerpt":{"rendered":"<p>JULIUS MEINL LOGO ESPRESSO CUP Classic red Julius Meinl coffee mug with children&#039;s logo including a saucer<\/p>","protected":false},"featured_media":22291,"comment_status":"closed","ping_status":"closed","template":"","meta":[],"product_cat":[29],"product_tag":[181],"class_list":{"0":"post-15118","1":"product","2":"type-product","3":"status-publish","4":"has-post-thumbnail","6":"product_cat-kahve-aksesuarlari","7":"product_tag-julius-meinl-logo-espresso-bardak","9":"first","10":"instock","11":"purchasable","12":"product-type-simple"},"yoast_head":"<!-- This site is optimized with the Yoast SEO plugin v27.2 - https:\/\/yoast.com\/product\/yoast-seo-wordpress\/ -->\n<title>JULIUS MEINL LOGO ESPRESSO BARDAK 6 ADET \/ 1 KUTU - Karabatak<\/title>\n<meta name=\"robots\" content=\"index, follow, max-snippet:-1, max-image-preview:large, max-video-preview:-1\" \/>\n<link rel=\"canonical\" href=\"https:\/\/karabatak.com\/en\/product\/julius-meinl-logo-espresso-cup\/\" \/>\n<meta property=\"og:locale\" content=\"en_GB\" \/>\n<meta property=\"og:type\" content=\"article\" \/>\n<meta property=\"og:title\" content=\"JULIUS MEINL LOGO ESPRESSO BARDAK 6 ADET \/ 1 KUTU - Karabatak\" \/>\n<meta property=\"og:description\" content=\"JULIUS MEINL LOGO ESPRESSO BARDAK Klasik k\u0131rm\u0131z\u0131 Julius Meinl kahve \u00e7ocuk logosuna sahip bir fincan taba\u011f\u0131 da dahil olmak \u00fczere\" \/>\n<meta property=\"og:url\" content=\"https:\/\/karabatak.com\/en\/product\/julius-meinl-logo-espresso-cup\/\" \/>\n<meta property=\"og:site_name\" content=\"Karabatak\" \/>\n<meta property=\"article:modified_time\" content=\"2026-03-27T12:45:18+00:00\" \/>\n<meta property=\"og:image\" content=\"https:\/\/karabatak.com\/wp-content\/uploads\/2023\/08\/logo-esoresso-cupp.jpg\" \/>\n\t<meta property=\"og:image:width\" content=\"1200\" \/>\n\t<meta property=\"og:image:height\" content=\"923\" \/>\n\t<meta property=\"og:image:type\" content=\"image\/jpeg\" \/>\n<meta name=\"twitter:card\" content=\"summary_large_image\" \/>\n<meta name=\"twitter:label1\" content=\"Estimated reading time\" \/>\n\t<meta name=\"twitter:data1\" content=\"1 minute\" \/>\n<script type=\"application\/ld+json\" class=\"yoast-schema-graph\">{\"@context\":\"https:\/\/schema.org\",\"@graph\":[{\"@type\":\"WebPage\",\"@id\":\"https:\/\/karabatak.com\/urun\/julius-meinl-logo-espresso-bardak\/\",\"url\":\"https:\/\/karabatak.com\/urun\/julius-meinl-logo-espresso-bardak\/\",\"name\":\"JULIUS MEINL LOGO ESPRESSO BARDAK 6 ADET \/ 1 KUTU - Karabatak\",\"isPartOf\":{\"@id\":\"https:\/\/karabatak.com\/#website\"},\"primaryImageOfPage\":{\"@id\":\"https:\/\/karabatak.com\/urun\/julius-meinl-logo-espresso-bardak\/#primaryimage\"},\"image\":{\"@id\":\"https:\/\/karabatak.com\/urun\/julius-meinl-logo-espresso-bardak\/#primaryimage\"},\"thumbnailUrl\":\"https:\/\/karabatak.com\/wp-content\/uploads\/2023\/08\/logo-esoresso-cupp.jpg\",\"datePublished\":\"2023-08-28T09:50:24+00:00\",\"dateModified\":\"2026-03-27T12:45:18+00:00\",\"breadcrumb\":{\"@id\":\"https:\/\/karabatak.com\/urun\/julius-meinl-logo-espresso-bardak\/#breadcrumb\"},\"inLanguage\":\"en-GB\",\"potentialAction\":[{\"@type\":\"ReadAction\",\"target\":[\"https:\/\/karabatak.com\/urun\/julius-meinl-logo-espresso-bardak\/\"]}]},{\"@type\":\"ImageObject\",\"inLanguage\":\"en-GB\",\"@id\":\"https:\/\/karabatak.com\/urun\/julius-meinl-logo-espresso-bardak\/#primaryimage\",\"url\":\"https:\/\/karabatak.com\/wp-content\/uploads\/2023\/08\/logo-esoresso-cupp.jpg\",\"contentUrl\":\"https:\/\/karabatak.com\/wp-content\/uploads\/2023\/08\/logo-esoresso-cupp.jpg\",\"width\":1200,\"height\":923},{\"@type\":\"BreadcrumbList\",\"@id\":\"https:\/\/karabatak.com\/urun\/julius-meinl-logo-espresso-bardak\/#breadcrumb\",\"itemListElement\":[{\"@type\":\"ListItem\",\"position\":1,\"name\":\"Ma\u011faza\",\"item\":\"https:\/\/karabatak.com\/en\/products\/\"},{\"@type\":\"ListItem\",\"position\":2,\"name\":\"JULIUS MEINL LOGO ESPRESSO BARDAK 6 ADET \/ 1 KUTU\"}]},{\"@type\":\"WebSite\",\"@id\":\"https:\/\/karabatak.com\/#website\",\"url\":\"https:\/\/karabatak.com\/\",\"name\":\"Karabatak\",\"description\":\"Karabatak ve Julius Meinl T\u00fcrkiye Distrib\u00fct\u00f6r\u00fc\",\"publisher\":{\"@id\":\"https:\/\/karabatak.com\/#organization\"},\"potentialAction\":[{\"@type\":\"SearchAction\",\"target\":{\"@type\":\"EntryPoint\",\"urlTemplate\":\"https:\/\/karabatak.com\/?s={search_term_string}\"},\"query-input\":{\"@type\":\"PropertyValueSpecification\",\"valueRequired\":true,\"valueName\":\"search_term_string\"}}],\"inLanguage\":\"en-GB\"},{\"@type\":\"Organization\",\"@id\":\"https:\/\/karabatak.com\/#organization\",\"name\":\"Karabatak\",\"url\":\"https:\/\/karabatak.com\/\",\"logo\":{\"@type\":\"ImageObject\",\"inLanguage\":\"en-GB\",\"@id\":\"https:\/\/karabatak.com\/#\/schema\/logo\/image\/\",\"url\":\"https:\/\/karabatak.com\/wp-content\/uploads\/2023\/05\/logo-100x100-100x100-1.png\",\"contentUrl\":\"https:\/\/karabatak.com\/wp-content\/uploads\/2023\/05\/logo-100x100-100x100-1.png\",\"width\":100,\"height\":100,\"caption\":\"Karabatak\"},\"image\":{\"@id\":\"https:\/\/karabatak.com\/#\/schema\/logo\/image\/\"}}]}<\/script>\n<!-- \/ Yoast SEO plugin. -->","yoast_head_json":{"title":"JULIUS MEINL LOGO ESPRESSO BARDAK 6 ADET \/ 1 KUTU - Karabatak","robots":{"index":"index","follow":"follow","max-snippet":"max-snippet:-1","max-image-preview":"max-image-preview:large","max-video-preview":"max-video-preview:-1"},"canonical":"https:\/\/karabatak.com\/en\/product\/julius-meinl-logo-espresso-cup\/","og_locale":"en_GB","og_type":"article","og_title":"JULIUS MEINL LOGO ESPRESSO BARDAK 6 ADET \/ 1 KUTU - Karabatak","og_description":"JULIUS MEINL LOGO ESPRESSO BARDAK Klasik k\u0131rm\u0131z\u0131 Julius Meinl kahve \u00e7ocuk logosuna sahip bir fincan taba\u011f\u0131 da dahil olmak \u00fczere","og_url":"https:\/\/karabatak.com\/en\/product\/julius-meinl-logo-espresso-cup\/","og_site_name":"Karabatak","article_modified_time":"2026-03-27T12:45:18+00:00","og_image":[{"width":1200,"height":923,"url":"https:\/\/karabatak.com\/wp-content\/uploads\/2023\/08\/logo-esoresso-cupp.jpg","type":"image\/jpeg"}],"twitter_card":"summary_large_image","twitter_misc":{"Estimated reading time":"1 minute"},"schema":{"@context":"https:\/\/schema.org","@graph":[{"@type":"WebPage","@id":"https:\/\/karabatak.com\/urun\/julius-meinl-logo-espresso-bardak\/","url":"https:\/\/karabatak.com\/urun\/julius-meinl-logo-espresso-bardak\/","name":"JULIUS MEINL LOGO ESPRESSO BARDAK 6 ADET \/ 1 KUTU - Karabatak","isPartOf":{"@id":"https:\/\/karabatak.com\/#website"},"primaryImageOfPage":{"@id":"https:\/\/karabatak.com\/urun\/julius-meinl-logo-espresso-bardak\/#primaryimage"},"image":{"@id":"https:\/\/karabatak.com\/urun\/julius-meinl-logo-espresso-bardak\/#primaryimage"},"thumbnailUrl":"https:\/\/karabatak.com\/wp-content\/uploads\/2023\/08\/logo-esoresso-cupp.jpg","datePublished":"2023-08-28T09:50:24+00:00","dateModified":"2026-03-27T12:45:18+00:00","breadcrumb":{"@id":"https:\/\/karabatak.com\/urun\/julius-meinl-logo-espresso-bardak\/#breadcrumb"},"inLanguage":"en-GB","potentialAction":[{"@type":"ReadAction","target":["https:\/\/karabatak.com\/urun\/julius-meinl-logo-espresso-bardak\/"]}]},{"@type":"ImageObject","inLanguage":"en-GB","@id":"https:\/\/karabatak.com\/urun\/julius-meinl-logo-espresso-bardak\/#primaryimage","url":"https:\/\/karabatak.com\/wp-content\/uploads\/2023\/08\/logo-esoresso-cupp.jpg","contentUrl":"https:\/\/karabatak.com\/wp-content\/uploads\/2023\/08\/logo-esoresso-cupp.jpg","width":1200,"height":923},{"@type":"BreadcrumbList","@id":"https:\/\/karabatak.com\/urun\/julius-meinl-logo-espresso-bardak\/#breadcrumb","itemListElement":[{"@type":"ListItem","position":1,"name":"Ma\u011faza","item":"https:\/\/karabatak.com\/en\/products\/"},{"@type":"ListItem","position":2,"name":"JULIUS MEINL LOGO ESPRESSO BARDAK 6 ADET \/ 1 KUTU"}]},{"@type":"WebSite","@id":"https:\/\/karabatak.com\/#website","url":"https:\/\/karabatak.com\/","name":"Karabatak","description":"Karabatak ve Julius Meinl T\u00fcrkiye Distrib\u00fct\u00f6r\u00fc","publisher":{"@id":"https:\/\/karabatak.com\/#organization"},"potentialAction":[{"@type":"SearchAction","target":{"@type":"EntryPoint","urlTemplate":"https:\/\/karabatak.com\/?s={search_term_string}"},"query-input":{"@type":"PropertyValueSpecification","valueRequired":true,"valueName":"search_term_string"}}],"inLanguage":"en-GB"},{"@type":"Organization","@id":"https:\/\/karabatak.com\/#organization","name":"Karabatak","url":"https:\/\/karabatak.com\/","logo":{"@type":"ImageObject","inLanguage":"en-GB","@id":"https:\/\/karabatak.com\/#\/schema\/logo\/image\/","url":"https:\/\/karabatak.com\/wp-content\/uploads\/2023\/05\/logo-100x100-100x100-1.png","contentUrl":"https:\/\/karabatak.com\/wp-content\/uploads\/2023\/05\/logo-100x100-100x100-1.png","width":100,"height":100,"caption":"Karabatak"},"image":{"@id":"https:\/\/karabatak.com\/#\/schema\/logo\/image\/"}}]}},"_links":{"self":[{"href":"https:\/\/karabatak.com\/en\/wp-json\/wp\/v2\/product\/15118","targetHints":{"allow":["GET"]}}],"collection":[{"href":"https:\/\/karabatak.com\/en\/wp-json\/wp\/v2\/product"}],"about":[{"href":"https:\/\/karabatak.com\/en\/wp-json\/wp\/v2\/types\/product"}],"replies":[{"embeddable":true,"href":"https:\/\/karabatak.com\/en\/wp-json\/wp\/v2\/comments?post=15118"}],"wp:featuredmedia":[{"embeddable":true,"href":"https:\/\/karabatak.com\/en\/wp-json\/wp\/v2\/media\/22291"}],"wp:attachment":[{"href":"https:\/\/karabatak.com\/en\/wp-json\/wp\/v2\/media?parent=15118"}],"wp:term":[{"taxonomy":"product_cat","embeddable":true,"href":"https:\/\/karabatak.com\/en\/wp-json\/wp\/v2\/product_cat?post=15118"},{"taxonomy":"product_tag","embeddable":true,"href":"https:\/\/karabatak.com\/en\/wp-json\/wp\/v2\/product_tag?post=15118"}],"curies":[{"name":"wp","href":"https:\/\/api.w.org\/{rel}","templated":true}]}}