{"id":15113,"date":"2023-08-28T12:50:24","date_gmt":"2023-08-28T09:50:24","guid":{"rendered":"http:\/\/karabatak.com\/urun\/meinl-trend-sutluk\/"},"modified":"2026-02-25T11:30:57","modified_gmt":"2026-02-25T08:30:57","slug":"meinl-trend-sutluk","status":"publish","type":"product","link":"https:\/\/karabatak.com\/en\/product\/meinl-trend-milk-jug\/","title":{"rendered":"MEINL TREND MILK JUG 6 PIECES \/ 1 BOX"},"content":{"rendered":"<p><span style=\"font-family: 'Trebuchet MS'; font-size: 14px;\">This creamer joins our Trend Cup series, created by Italian-Austrian architect and designer Matteo Thun. A classic theme portrayed in a contemporary design. For your favorite tea or\u00a0<\/span><span style=\"font-family: 'Trebuchet MS'; font-size: 14px;\">with your coffee\u00a0<\/span><span style=\"font-family: 'Trebuchet MS'; font-size: 14px;\">Perfect for serving milk together.<\/span><span style=\"font-family: 'Trebuchet MS'; font-size: 14px;\">Contents up to 40 ml (1.35 oz)<\/span><br style=\"font-family: 'Trebuchet MS'; font-size: 12px;\" \/><span style=\"font-family: 'Trebuchet MS'; font-size: 14px;\">Height: 6 cm<\/span><br style=\"font-family: 'Trebuchet MS'; font-size: 12px;\" \/><span style=\"font-family: 'Trebuchet MS'; font-size: 14px;\">Partly handmade.<\/span><\/p>\n<p><span style=\"font-family: 'Trebuchet MS'; font-size: 14px;\">1 milk jug<\/span><\/p>","protected":false},"excerpt":{"rendered":"<p>This cream joins our Trend Cup series, created by Italian-Austrian architect and designer Matteo Thun. A classic depicted in a contemporary design.<\/p>","protected":false},"featured_media":16134,"comment_status":"closed","ping_status":"closed","template":"","meta":[],"product_cat":[29],"product_tag":[180],"class_list":{"0":"post-15113","1":"product","2":"type-product","3":"status-publish","4":"has-post-thumbnail","6":"product_cat-kahve-aksesuarlari","7":"product_tag-meinl-trend-sutluk","9":"first","10":"outofstock","11":"purchasable","12":"product-type-simple"},"yoast_head":"<!-- This site is optimized with the Yoast SEO plugin v27.2 - https:\/\/yoast.com\/product\/yoast-seo-wordpress\/ -->\n<title>MEINL TREND S\u00dcTL\u00dcK 6 ADET \/ 1 KUTU - Karabatak<\/title>\n<meta name=\"robots\" content=\"index, follow, max-snippet:-1, max-image-preview:large, max-video-preview:-1\" \/>\n<link rel=\"canonical\" href=\"https:\/\/karabatak.com\/en\/product\/meinl-trend-milk-jug\/\" \/>\n<meta property=\"og:locale\" content=\"en_GB\" \/>\n<meta property=\"og:type\" content=\"article\" \/>\n<meta property=\"og:title\" content=\"MEINL TREND S\u00dcTL\u00dcK 6 ADET \/ 1 KUTU - Karabatak\" \/>\n<meta property=\"og:description\" content=\"Bu krema, \u0130talyan-Avusturyal\u0131 mimar ve tasar\u0131mc\u0131 Matteo Thun&#8217;un olu\u015fturdu\u011fu Trend Cup serimize kat\u0131l\u0131yor. \u00c7a\u011fda\u015f bir tasar\u0131mda tasvir edilen klasik bir\" \/>\n<meta property=\"og:url\" content=\"https:\/\/karabatak.com\/en\/product\/meinl-trend-milk-jug\/\" \/>\n<meta property=\"og:site_name\" content=\"Karabatak\" \/>\n<meta property=\"article:modified_time\" content=\"2026-02-25T08:30:57+00:00\" \/>\n<meta property=\"og:image\" content=\"https:\/\/karabatak.com\/wp-content\/uploads\/2023\/08\/61-1.png\" \/>\n\t<meta property=\"og:image:width\" content=\"500\" \/>\n\t<meta property=\"og:image:height\" content=\"500\" \/>\n\t<meta property=\"og:image:type\" content=\"image\/png\" \/>\n<meta name=\"twitter:card\" content=\"summary_large_image\" \/>\n<meta name=\"twitter:label1\" content=\"Estimated reading time\" \/>\n\t<meta name=\"twitter:data1\" content=\"1 minute\" \/>\n<script type=\"application\/ld+json\" class=\"yoast-schema-graph\">{\"@context\":\"https:\/\/schema.org\",\"@graph\":[{\"@type\":\"WebPage\",\"@id\":\"https:\/\/karabatak.com\/urun\/meinl-trend-sutluk\/\",\"url\":\"https:\/\/karabatak.com\/urun\/meinl-trend-sutluk\/\",\"name\":\"MEINL TREND S\u00dcTL\u00dcK 6 ADET \/ 1 KUTU - Karabatak\",\"isPartOf\":{\"@id\":\"https:\/\/karabatak.com\/#website\"},\"primaryImageOfPage\":{\"@id\":\"https:\/\/karabatak.com\/urun\/meinl-trend-sutluk\/#primaryimage\"},\"image\":{\"@id\":\"https:\/\/karabatak.com\/urun\/meinl-trend-sutluk\/#primaryimage\"},\"thumbnailUrl\":\"https:\/\/karabatak.com\/wp-content\/uploads\/2023\/08\/61-1.png\",\"datePublished\":\"2023-08-28T09:50:24+00:00\",\"dateModified\":\"2026-02-25T08:30:57+00:00\",\"breadcrumb\":{\"@id\":\"https:\/\/karabatak.com\/urun\/meinl-trend-sutluk\/#breadcrumb\"},\"inLanguage\":\"en-GB\",\"potentialAction\":[{\"@type\":\"ReadAction\",\"target\":[\"https:\/\/karabatak.com\/urun\/meinl-trend-sutluk\/\"]}]},{\"@type\":\"ImageObject\",\"inLanguage\":\"en-GB\",\"@id\":\"https:\/\/karabatak.com\/urun\/meinl-trend-sutluk\/#primaryimage\",\"url\":\"https:\/\/karabatak.com\/wp-content\/uploads\/2023\/08\/61-1.png\",\"contentUrl\":\"https:\/\/karabatak.com\/wp-content\/uploads\/2023\/08\/61-1.png\",\"width\":500,\"height\":500},{\"@type\":\"BreadcrumbList\",\"@id\":\"https:\/\/karabatak.com\/urun\/meinl-trend-sutluk\/#breadcrumb\",\"itemListElement\":[{\"@type\":\"ListItem\",\"position\":1,\"name\":\"Ma\u011faza\",\"item\":\"https:\/\/karabatak.com\/en\/products\/\"},{\"@type\":\"ListItem\",\"position\":2,\"name\":\"MEINL TREND S\u00dcTL\u00dcK 6 ADET \/ 1 KUTU\"}]},{\"@type\":\"WebSite\",\"@id\":\"https:\/\/karabatak.com\/#website\",\"url\":\"https:\/\/karabatak.com\/\",\"name\":\"Karabatak\",\"description\":\"Karabatak ve Julius Meinl T\u00fcrkiye Distrib\u00fct\u00f6r\u00fc\",\"publisher\":{\"@id\":\"https:\/\/karabatak.com\/#organization\"},\"potentialAction\":[{\"@type\":\"SearchAction\",\"target\":{\"@type\":\"EntryPoint\",\"urlTemplate\":\"https:\/\/karabatak.com\/?s={search_term_string}\"},\"query-input\":{\"@type\":\"PropertyValueSpecification\",\"valueRequired\":true,\"valueName\":\"search_term_string\"}}],\"inLanguage\":\"en-GB\"},{\"@type\":\"Organization\",\"@id\":\"https:\/\/karabatak.com\/#organization\",\"name\":\"Karabatak\",\"url\":\"https:\/\/karabatak.com\/\",\"logo\":{\"@type\":\"ImageObject\",\"inLanguage\":\"en-GB\",\"@id\":\"https:\/\/karabatak.com\/#\/schema\/logo\/image\/\",\"url\":\"https:\/\/karabatak.com\/wp-content\/uploads\/2023\/05\/logo-100x100-100x100-1.png\",\"contentUrl\":\"https:\/\/karabatak.com\/wp-content\/uploads\/2023\/05\/logo-100x100-100x100-1.png\",\"width\":100,\"height\":100,\"caption\":\"Karabatak\"},\"image\":{\"@id\":\"https:\/\/karabatak.com\/#\/schema\/logo\/image\/\"}}]}<\/script>\n<!-- \/ Yoast SEO plugin. -->","yoast_head_json":{"title":"MEINL TREND S\u00dcTL\u00dcK 6 ADET \/ 1 KUTU - Karabatak","robots":{"index":"index","follow":"follow","max-snippet":"max-snippet:-1","max-image-preview":"max-image-preview:large","max-video-preview":"max-video-preview:-1"},"canonical":"https:\/\/karabatak.com\/en\/product\/meinl-trend-milk-jug\/","og_locale":"en_GB","og_type":"article","og_title":"MEINL TREND S\u00dcTL\u00dcK 6 ADET \/ 1 KUTU - Karabatak","og_description":"Bu krema, \u0130talyan-Avusturyal\u0131 mimar ve tasar\u0131mc\u0131 Matteo Thun&#8217;un olu\u015fturdu\u011fu Trend Cup serimize kat\u0131l\u0131yor. \u00c7a\u011fda\u015f bir tasar\u0131mda tasvir edilen klasik bir","og_url":"https:\/\/karabatak.com\/en\/product\/meinl-trend-milk-jug\/","og_site_name":"Karabatak","article_modified_time":"2026-02-25T08:30:57+00:00","og_image":[{"width":500,"height":500,"url":"https:\/\/karabatak.com\/wp-content\/uploads\/2023\/08\/61-1.png","type":"image\/png"}],"twitter_card":"summary_large_image","twitter_misc":{"Estimated reading time":"1 minute"},"schema":{"@context":"https:\/\/schema.org","@graph":[{"@type":"WebPage","@id":"https:\/\/karabatak.com\/urun\/meinl-trend-sutluk\/","url":"https:\/\/karabatak.com\/urun\/meinl-trend-sutluk\/","name":"MEINL TREND S\u00dcTL\u00dcK 6 ADET \/ 1 KUTU - Karabatak","isPartOf":{"@id":"https:\/\/karabatak.com\/#website"},"primaryImageOfPage":{"@id":"https:\/\/karabatak.com\/urun\/meinl-trend-sutluk\/#primaryimage"},"image":{"@id":"https:\/\/karabatak.com\/urun\/meinl-trend-sutluk\/#primaryimage"},"thumbnailUrl":"https:\/\/karabatak.com\/wp-content\/uploads\/2023\/08\/61-1.png","datePublished":"2023-08-28T09:50:24+00:00","dateModified":"2026-02-25T08:30:57+00:00","breadcrumb":{"@id":"https:\/\/karabatak.com\/urun\/meinl-trend-sutluk\/#breadcrumb"},"inLanguage":"en-GB","potentialAction":[{"@type":"ReadAction","target":["https:\/\/karabatak.com\/urun\/meinl-trend-sutluk\/"]}]},{"@type":"ImageObject","inLanguage":"en-GB","@id":"https:\/\/karabatak.com\/urun\/meinl-trend-sutluk\/#primaryimage","url":"https:\/\/karabatak.com\/wp-content\/uploads\/2023\/08\/61-1.png","contentUrl":"https:\/\/karabatak.com\/wp-content\/uploads\/2023\/08\/61-1.png","width":500,"height":500},{"@type":"BreadcrumbList","@id":"https:\/\/karabatak.com\/urun\/meinl-trend-sutluk\/#breadcrumb","itemListElement":[{"@type":"ListItem","position":1,"name":"Ma\u011faza","item":"https:\/\/karabatak.com\/en\/products\/"},{"@type":"ListItem","position":2,"name":"MEINL TREND S\u00dcTL\u00dcK 6 ADET \/ 1 KUTU"}]},{"@type":"WebSite","@id":"https:\/\/karabatak.com\/#website","url":"https:\/\/karabatak.com\/","name":"Karabatak","description":"Karabatak ve Julius Meinl T\u00fcrkiye Distrib\u00fct\u00f6r\u00fc","publisher":{"@id":"https:\/\/karabatak.com\/#organization"},"potentialAction":[{"@type":"SearchAction","target":{"@type":"EntryPoint","urlTemplate":"https:\/\/karabatak.com\/?s={search_term_string}"},"query-input":{"@type":"PropertyValueSpecification","valueRequired":true,"valueName":"search_term_string"}}],"inLanguage":"en-GB"},{"@type":"Organization","@id":"https:\/\/karabatak.com\/#organization","name":"Karabatak","url":"https:\/\/karabatak.com\/","logo":{"@type":"ImageObject","inLanguage":"en-GB","@id":"https:\/\/karabatak.com\/#\/schema\/logo\/image\/","url":"https:\/\/karabatak.com\/wp-content\/uploads\/2023\/05\/logo-100x100-100x100-1.png","contentUrl":"https:\/\/karabatak.com\/wp-content\/uploads\/2023\/05\/logo-100x100-100x100-1.png","width":100,"height":100,"caption":"Karabatak"},"image":{"@id":"https:\/\/karabatak.com\/#\/schema\/logo\/image\/"}}]}},"_links":{"self":[{"href":"https:\/\/karabatak.com\/en\/wp-json\/wp\/v2\/product\/15113","targetHints":{"allow":["GET"]}}],"collection":[{"href":"https:\/\/karabatak.com\/en\/wp-json\/wp\/v2\/product"}],"about":[{"href":"https:\/\/karabatak.com\/en\/wp-json\/wp\/v2\/types\/product"}],"replies":[{"embeddable":true,"href":"https:\/\/karabatak.com\/en\/wp-json\/wp\/v2\/comments?post=15113"}],"wp:featuredmedia":[{"embeddable":true,"href":"https:\/\/karabatak.com\/en\/wp-json\/wp\/v2\/media\/16134"}],"wp:attachment":[{"href":"https:\/\/karabatak.com\/en\/wp-json\/wp\/v2\/media?parent=15113"}],"wp:term":[{"taxonomy":"product_cat","embeddable":true,"href":"https:\/\/karabatak.com\/en\/wp-json\/wp\/v2\/product_cat?post=15113"},{"taxonomy":"product_tag","embeddable":true,"href":"https:\/\/karabatak.com\/en\/wp-json\/wp\/v2\/product_tag?post=15113"}],"curies":[{"name":"wp","href":"https:\/\/api.w.org\/{rel}","templated":true}]}}