{"id":15110,"date":"2023-08-28T12:50:18","date_gmt":"2023-08-28T09:50:18","guid":{"rendered":"http:\/\/karabatak.com\/urun\/julius-meinl-trend-cappuccino-bardak\/"},"modified":"2026-04-08T12:14:10","modified_gmt":"2026-04-08T09:14:10","slug":"julius-meinl-trend-cappuccino-bardak","status":"publish","type":"product","link":"https:\/\/karabatak.com\/en\/product\/julius-meinl-trend-cappuccino-glass\/","title":{"rendered":"JULIUS MEINL TREND CAPPUCCINO CUPS 6 PIECES \/ 1 BOX"},"content":{"rendered":"<p><span style=\"font-family: Arial;\"><span style=\"font-size: 18px;\"><b>JULIUS MEINL TREND CAPPUCCINO GLASS<\/b><\/span><br \/>\n<\/span><\/p>\n<p><span style=\"font-family: Arial;\"><span style=\"font-size: 14px;\">Meinl Trend, designed by Italian-Austrian architect and designer Matteo Thun\u00a0<\/span><span style=\"font-size: 14px;\">Cappuccino\u00a0\u00a0<\/span><span style=\"font-size: 14px;\">The cup&#039;s innovative design enhances the coffee without compromising its full aroma and delicate flavor. A classic theme portrayed in a contemporary design.<\/span><br style=\"font-size: 12px;\" \/><br style=\"font-size: 12px;\" \/><span style=\"font-size: 14px;\">Contents up to 170 ml (5.7 oz).<\/span><br style=\"font-size: 12px;\" \/><span style=\"font-size: 14px;\">Caliber cup: 3.54 inch \/ 9 cm<\/span><br style=\"font-size: 12px;\" \/><span style=\"font-size: 14px;\">Caliber circle: 13.3 cm \/ 5.23 inches<\/span><br style=\"font-size: 12px;\" \/><span style=\"font-size: 14px;\">Height cup: 2.83 inches \/ 9.5 cm<\/span><br style=\"font-size: 12px;\" \/><span style=\"font-size: 14px;\">Partly handmade.<\/span><\/span><span style=\"font-size: 12px;\"><span style=\"font-family: Arial;\"><br \/>\n<\/span><\/span><\/p>\n<p><span style=\"font-size: 12px;\"><span style=\"font-family: Arial;\"><span style=\"font-size: 14px;\">1 Glass + 1 Plate<\/span><\/span><\/span><\/p>\n<p>&nbsp;<\/p>","protected":false},"excerpt":{"rendered":"<p>JULIUS MEINL TREND CAPPUCCINO CUP Meinl Trend Cappuccino Cup designed by Italian-Austrian architect and designer Matteo Thun. The cup&#039;s innovative design preserves the coffee in its full aroma.<\/p>","protected":false},"featured_media":16075,"comment_status":"closed","ping_status":"closed","template":"","meta":[],"product_cat":[29],"product_tag":[178],"class_list":{"0":"post-15110","1":"product","2":"type-product","3":"status-publish","4":"has-post-thumbnail","6":"product_cat-kahve-aksesuarlari","7":"product_tag-julius-meinl-trend-cappuccino-bardak","9":"first","10":"instock","11":"purchasable","12":"product-type-simple"},"yoast_head":"<!-- This site is optimized with the Yoast SEO plugin v27.2 - https:\/\/yoast.com\/product\/yoast-seo-wordpress\/ -->\n<title>JULIUS MEINL TREND CAPPUCCINO BARDAK 6 ADET \/ 1 KUTU - Karabatak<\/title>\n<meta name=\"robots\" content=\"index, follow, max-snippet:-1, max-image-preview:large, max-video-preview:-1\" \/>\n<link rel=\"canonical\" href=\"https:\/\/karabatak.com\/en\/product\/julius-meinl-trend-cappuccino-glass\/\" \/>\n<meta property=\"og:locale\" content=\"en_GB\" \/>\n<meta property=\"og:type\" content=\"article\" \/>\n<meta property=\"og:title\" content=\"JULIUS MEINL TREND CAPPUCCINO BARDAK 6 ADET \/ 1 KUTU - Karabatak\" \/>\n<meta property=\"og:description\" content=\"JULIUS MEINL TREND CAPPUCCINO BARDAK \u0130talyan-Avusturyal\u0131 mimar tasar\u0131mc\u0131 Matteo Thun taraf\u0131ndan tasarlanan Meinl Trend\u00a0Cappuccino\u00a0\u00a0Kupas\u0131. Fincan\u0131n yenilik\u00e7i tasar\u0131m\u0131, kahveyi tam aromas\u0131nda\" \/>\n<meta property=\"og:url\" content=\"https:\/\/karabatak.com\/en\/product\/julius-meinl-trend-cappuccino-glass\/\" \/>\n<meta property=\"og:site_name\" content=\"Karabatak\" \/>\n<meta property=\"article:modified_time\" content=\"2026-04-08T09:14:10+00:00\" \/>\n<meta property=\"og:image\" content=\"https:\/\/karabatak.com\/wp-content\/uploads\/2023\/08\/50.png\" \/>\n\t<meta property=\"og:image:width\" content=\"500\" \/>\n\t<meta property=\"og:image:height\" content=\"500\" \/>\n\t<meta property=\"og:image:type\" content=\"image\/png\" \/>\n<meta name=\"twitter:card\" content=\"summary_large_image\" \/>\n<meta name=\"twitter:label1\" content=\"Estimated reading time\" \/>\n\t<meta name=\"twitter:data1\" content=\"1 minute\" \/>\n<script type=\"application\/ld+json\" class=\"yoast-schema-graph\">{\"@context\":\"https:\/\/schema.org\",\"@graph\":[{\"@type\":\"WebPage\",\"@id\":\"https:\/\/karabatak.com\/urun\/julius-meinl-trend-cappuccino-bardak\/\",\"url\":\"https:\/\/karabatak.com\/urun\/julius-meinl-trend-cappuccino-bardak\/\",\"name\":\"JULIUS MEINL TREND CAPPUCCINO BARDAK 6 ADET \/ 1 KUTU - Karabatak\",\"isPartOf\":{\"@id\":\"https:\/\/karabatak.com\/#website\"},\"primaryImageOfPage\":{\"@id\":\"https:\/\/karabatak.com\/urun\/julius-meinl-trend-cappuccino-bardak\/#primaryimage\"},\"image\":{\"@id\":\"https:\/\/karabatak.com\/urun\/julius-meinl-trend-cappuccino-bardak\/#primaryimage\"},\"thumbnailUrl\":\"https:\/\/karabatak.com\/wp-content\/uploads\/2023\/08\/50.png\",\"datePublished\":\"2023-08-28T09:50:18+00:00\",\"dateModified\":\"2026-04-08T09:14:10+00:00\",\"breadcrumb\":{\"@id\":\"https:\/\/karabatak.com\/urun\/julius-meinl-trend-cappuccino-bardak\/#breadcrumb\"},\"inLanguage\":\"en-GB\",\"potentialAction\":[{\"@type\":\"ReadAction\",\"target\":[\"https:\/\/karabatak.com\/urun\/julius-meinl-trend-cappuccino-bardak\/\"]}]},{\"@type\":\"ImageObject\",\"inLanguage\":\"en-GB\",\"@id\":\"https:\/\/karabatak.com\/urun\/julius-meinl-trend-cappuccino-bardak\/#primaryimage\",\"url\":\"https:\/\/karabatak.com\/wp-content\/uploads\/2023\/08\/50.png\",\"contentUrl\":\"https:\/\/karabatak.com\/wp-content\/uploads\/2023\/08\/50.png\",\"width\":500,\"height\":500},{\"@type\":\"BreadcrumbList\",\"@id\":\"https:\/\/karabatak.com\/urun\/julius-meinl-trend-cappuccino-bardak\/#breadcrumb\",\"itemListElement\":[{\"@type\":\"ListItem\",\"position\":1,\"name\":\"Ma\u011faza\",\"item\":\"https:\/\/karabatak.com\/en\/products\/\"},{\"@type\":\"ListItem\",\"position\":2,\"name\":\"JULIUS MEINL TREND CAPPUCCINO BARDAK 6 ADET \/ 1 KUTU\"}]},{\"@type\":\"WebSite\",\"@id\":\"https:\/\/karabatak.com\/#website\",\"url\":\"https:\/\/karabatak.com\/\",\"name\":\"Karabatak\",\"description\":\"Karabatak ve Julius Meinl T\u00fcrkiye Distrib\u00fct\u00f6r\u00fc\",\"publisher\":{\"@id\":\"https:\/\/karabatak.com\/#organization\"},\"potentialAction\":[{\"@type\":\"SearchAction\",\"target\":{\"@type\":\"EntryPoint\",\"urlTemplate\":\"https:\/\/karabatak.com\/?s={search_term_string}\"},\"query-input\":{\"@type\":\"PropertyValueSpecification\",\"valueRequired\":true,\"valueName\":\"search_term_string\"}}],\"inLanguage\":\"en-GB\"},{\"@type\":\"Organization\",\"@id\":\"https:\/\/karabatak.com\/#organization\",\"name\":\"Karabatak\",\"url\":\"https:\/\/karabatak.com\/\",\"logo\":{\"@type\":\"ImageObject\",\"inLanguage\":\"en-GB\",\"@id\":\"https:\/\/karabatak.com\/#\/schema\/logo\/image\/\",\"url\":\"https:\/\/karabatak.com\/wp-content\/uploads\/2023\/05\/logo-100x100-100x100-1.png\",\"contentUrl\":\"https:\/\/karabatak.com\/wp-content\/uploads\/2023\/05\/logo-100x100-100x100-1.png\",\"width\":100,\"height\":100,\"caption\":\"Karabatak\"},\"image\":{\"@id\":\"https:\/\/karabatak.com\/#\/schema\/logo\/image\/\"}}]}<\/script>\n<!-- \/ Yoast SEO plugin. -->","yoast_head_json":{"title":"JULIUS MEINL TREND CAPPUCCINO BARDAK 6 ADET \/ 1 KUTU - Karabatak","robots":{"index":"index","follow":"follow","max-snippet":"max-snippet:-1","max-image-preview":"max-image-preview:large","max-video-preview":"max-video-preview:-1"},"canonical":"https:\/\/karabatak.com\/en\/product\/julius-meinl-trend-cappuccino-glass\/","og_locale":"en_GB","og_type":"article","og_title":"JULIUS MEINL TREND CAPPUCCINO BARDAK 6 ADET \/ 1 KUTU - Karabatak","og_description":"JULIUS MEINL TREND CAPPUCCINO BARDAK \u0130talyan-Avusturyal\u0131 mimar tasar\u0131mc\u0131 Matteo Thun taraf\u0131ndan tasarlanan Meinl Trend\u00a0Cappuccino\u00a0\u00a0Kupas\u0131. Fincan\u0131n yenilik\u00e7i tasar\u0131m\u0131, kahveyi tam aromas\u0131nda","og_url":"https:\/\/karabatak.com\/en\/product\/julius-meinl-trend-cappuccino-glass\/","og_site_name":"Karabatak","article_modified_time":"2026-04-08T09:14:10+00:00","og_image":[{"width":500,"height":500,"url":"https:\/\/karabatak.com\/wp-content\/uploads\/2023\/08\/50.png","type":"image\/png"}],"twitter_card":"summary_large_image","twitter_misc":{"Estimated reading time":"1 minute"},"schema":{"@context":"https:\/\/schema.org","@graph":[{"@type":"WebPage","@id":"https:\/\/karabatak.com\/urun\/julius-meinl-trend-cappuccino-bardak\/","url":"https:\/\/karabatak.com\/urun\/julius-meinl-trend-cappuccino-bardak\/","name":"JULIUS MEINL TREND CAPPUCCINO BARDAK 6 ADET \/ 1 KUTU - Karabatak","isPartOf":{"@id":"https:\/\/karabatak.com\/#website"},"primaryImageOfPage":{"@id":"https:\/\/karabatak.com\/urun\/julius-meinl-trend-cappuccino-bardak\/#primaryimage"},"image":{"@id":"https:\/\/karabatak.com\/urun\/julius-meinl-trend-cappuccino-bardak\/#primaryimage"},"thumbnailUrl":"https:\/\/karabatak.com\/wp-content\/uploads\/2023\/08\/50.png","datePublished":"2023-08-28T09:50:18+00:00","dateModified":"2026-04-08T09:14:10+00:00","breadcrumb":{"@id":"https:\/\/karabatak.com\/urun\/julius-meinl-trend-cappuccino-bardak\/#breadcrumb"},"inLanguage":"en-GB","potentialAction":[{"@type":"ReadAction","target":["https:\/\/karabatak.com\/urun\/julius-meinl-trend-cappuccino-bardak\/"]}]},{"@type":"ImageObject","inLanguage":"en-GB","@id":"https:\/\/karabatak.com\/urun\/julius-meinl-trend-cappuccino-bardak\/#primaryimage","url":"https:\/\/karabatak.com\/wp-content\/uploads\/2023\/08\/50.png","contentUrl":"https:\/\/karabatak.com\/wp-content\/uploads\/2023\/08\/50.png","width":500,"height":500},{"@type":"BreadcrumbList","@id":"https:\/\/karabatak.com\/urun\/julius-meinl-trend-cappuccino-bardak\/#breadcrumb","itemListElement":[{"@type":"ListItem","position":1,"name":"Ma\u011faza","item":"https:\/\/karabatak.com\/en\/products\/"},{"@type":"ListItem","position":2,"name":"JULIUS MEINL TREND CAPPUCCINO BARDAK 6 ADET \/ 1 KUTU"}]},{"@type":"WebSite","@id":"https:\/\/karabatak.com\/#website","url":"https:\/\/karabatak.com\/","name":"Karabatak","description":"Karabatak ve Julius Meinl T\u00fcrkiye Distrib\u00fct\u00f6r\u00fc","publisher":{"@id":"https:\/\/karabatak.com\/#organization"},"potentialAction":[{"@type":"SearchAction","target":{"@type":"EntryPoint","urlTemplate":"https:\/\/karabatak.com\/?s={search_term_string}"},"query-input":{"@type":"PropertyValueSpecification","valueRequired":true,"valueName":"search_term_string"}}],"inLanguage":"en-GB"},{"@type":"Organization","@id":"https:\/\/karabatak.com\/#organization","name":"Karabatak","url":"https:\/\/karabatak.com\/","logo":{"@type":"ImageObject","inLanguage":"en-GB","@id":"https:\/\/karabatak.com\/#\/schema\/logo\/image\/","url":"https:\/\/karabatak.com\/wp-content\/uploads\/2023\/05\/logo-100x100-100x100-1.png","contentUrl":"https:\/\/karabatak.com\/wp-content\/uploads\/2023\/05\/logo-100x100-100x100-1.png","width":100,"height":100,"caption":"Karabatak"},"image":{"@id":"https:\/\/karabatak.com\/#\/schema\/logo\/image\/"}}]}},"_links":{"self":[{"href":"https:\/\/karabatak.com\/en\/wp-json\/wp\/v2\/product\/15110","targetHints":{"allow":["GET"]}}],"collection":[{"href":"https:\/\/karabatak.com\/en\/wp-json\/wp\/v2\/product"}],"about":[{"href":"https:\/\/karabatak.com\/en\/wp-json\/wp\/v2\/types\/product"}],"replies":[{"embeddable":true,"href":"https:\/\/karabatak.com\/en\/wp-json\/wp\/v2\/comments?post=15110"}],"wp:featuredmedia":[{"embeddable":true,"href":"https:\/\/karabatak.com\/en\/wp-json\/wp\/v2\/media\/16075"}],"wp:attachment":[{"href":"https:\/\/karabatak.com\/en\/wp-json\/wp\/v2\/media?parent=15110"}],"wp:term":[{"taxonomy":"product_cat","embeddable":true,"href":"https:\/\/karabatak.com\/en\/wp-json\/wp\/v2\/product_cat?post=15110"},{"taxonomy":"product_tag","embeddable":true,"href":"https:\/\/karabatak.com\/en\/wp-json\/wp\/v2\/product_tag?post=15110"}],"curies":[{"name":"wp","href":"https:\/\/api.w.org\/{rel}","templated":true}]}}