{"id":15106,"date":"2023-08-28T12:50:18","date_gmt":"2023-08-28T09:50:18","guid":{"rendered":"http:\/\/karabatak.com\/urun\/julius-meinl-professional-espresso-classico-kapsul\/"},"modified":"2026-04-18T18:18:26","modified_gmt":"2026-04-18T15:18:26","slug":"julius-meinl-professional-espresso-classico-kapsul","status":"publish","type":"product","link":"https:\/\/karabatak.com\/en\/product\/julius-meinl-professional-espresso-classico-capsule\/","title":{"rendered":"JULIUS MEINL PROFESSIONAL ESPRESSO CLASSICO KAPS\u00dcL 96&#8217;LI (LAVAZZA BLUE\u00ae MAK\u0130NELER\u0130 \u0130LE UYUMLUDUR)"},"content":{"rendered":"<div style=\"font-family: 'Helvetica Neue', Helvetica, Arial, sans-serif; color: #333333; background-color: #fcfcfc; padding: 35px; border-radius: 12px; border: 1px solid #eaeaea; box-shadow: 0 6px 20px rgba(0, 0, 0, 0.04); max-width: 100%; margin: 0 auto; box-sizing: border-box;\">\n<h2 style=\"color: #114639; font-size: 24px; margin-top: 0; margin-bottom: 15px; font-weight: bold; letter-spacing: -0.5px; border-bottom: 2px solid #e2ece9; padding-bottom: 12px;\"><b>Julius Meinl PROFESSIONAL Espresso Classico Kaps\u00fcl 96\u2019LI <\/b><\/h2>\n<h2 style=\"color: #114639; font-size: 24px; margin-top: 0; margin-bottom: 15px; font-weight: bold; letter-spacing: -0.5px; border-bottom: 2px solid #e2ece9; padding-bottom: 12px;\"><b>LAVAZZA BLUE\u00ae MAK\u0130NELER\u0130 \u0130LE UYUMLUDUR<\/b><\/h2>\n<p style=\"font-size: 15px; line-height: 1.7; color: #555555; text-align: justify; margin-bottom: 30px;\">Brezilya ve Kolombiya\u2019dan premium Arabica ve Hindistan\u2019dan en iyi Robusta ile olu\u015fturulan kar\u0131\u015f\u0131m; \u00e7ok yuvarlak ve dengeli bir lezzetle ilham verici ve narin bir kahve deneyimi sunuyor.<\/p>\n<div style=\"background-color: #ffffff; border-radius: 8px; border: 1px solid #f0f0f0; padding: 20px; margin-bottom: 25px;\">\n<table style=\"width: 100%; border-collapse: collapse; font-size: 14px; text-align: left;\">\n<tbody>\n<tr style=\"border-bottom: 1px solid #f7f7f7;\">\n<td style=\"padding: 12px 10px; width: 33%;\"><strong><span style=\"display: block; font-size: 12px; color: #888; text-transform: uppercase; letter-spacing: 1px;\">Bean<\/span><\/strong><br \/>\n<strong style=\"color: #333; font-size: 15px;\">Arabica &amp; Robusta<\/strong><\/td>\n<td style=\"padding: 12px 10px; width: 33%;\"><strong><span style=\"display: block; font-size: 12px; color: #888; text-transform: uppercase; letter-spacing: 1px;\">Kavrulma (1-6)<\/span><\/strong><br \/>\n<strong style=\"color: #333; font-size: 15px;\">4<\/strong><\/td>\n<td style=\"padding: 12px 10px; width: 33%;\"><strong><span style=\"display: block; font-size: 12px; color: #888; text-transform: uppercase; letter-spacing: 1px;\">Asidite (1- 10)<\/span><\/strong><br \/>\n<strong style=\"color: #333; font-size: 15px;\">5<\/strong><\/td>\n<\/tr>\n<tr style=\"border-bottom: 1px solid #f7f7f7;\">\n<td style=\"padding: 12px 10px;\"><strong><span style=\"display: block; font-size: 12px; color: #888; text-transform: uppercase; letter-spacing: 1px;\">Tatl\u0131l\u0131k (1-10)<\/span><\/strong><br \/>\n<strong style=\"color: #333; font-size: 15px;\">6<\/strong><\/td>\n<td style=\"padding: 12px 10px;\"><strong><span style=\"display: block; font-size: 12px; color: #888; text-transform: uppercase; letter-spacing: 1px;\">G\u00f6vde (1-10)<\/span><\/strong><br \/>\n<strong style=\"color: #333; font-size: 15px;\">7<\/strong><\/td>\n<td style=\"padding: 12px 10px;\"><strong><span style=\"display: block; font-size: 12px; color: #888; text-transform: uppercase; letter-spacing: 1px;\">lezzet<\/span><\/strong><br \/>\n<strong>Taste of hazelnuts and dried fruit.<\/strong><\/td>\n<\/tr>\n<tr>\n<td style=\"padding: 12px 10px;\" colspan=\"2\"><strong><span style=\"display: block; font-size: 12px; color: #888; text-transform: uppercase; letter-spacing: 1px;\">Aroma<\/span><\/strong><br \/>\n<strong>F\u0131nd\u0131k, badem, bal<\/strong><\/td>\n<td style=\"padding: 12px 10px;\"><strong><span style=\"display: block; font-size: 12px; color: #888; text-transform: uppercase; letter-spacing: 1px;\">Cream<\/span><\/strong><strong><span style=\"display: block; font-size: 12px; color: #888; text-transform: uppercase; letter-spacing: 1px;\">\u00a0<\/span><\/strong><\/p>\n<p><strong>Zengin Krema<\/strong><\/td>\n<\/tr>\n<\/tbody>\n<\/table>\n<\/div>\n<div style=\"display: flex; align-items: center; justify-content: flex-start; gap: 20px; flex-wrap: wrap;\">\n<div style=\"flex-shrink: 0;\"><\/div>\n<div style=\"flex-shrink: 0;\"><img decoding=\"async\" class=\"wd-lazy-blur alignnone wp-image-27394\" src=\"https:\/\/karabatak.com\/wp-content\/themes\/woodmart\/images\/lazy.svg\" data-src=\"https:\/\/karabatak.com\/wp-content\/uploads\/2023\/08\/kk.png\" alt=\"\" width=\"62\" height=\"62\" srcset=\"\" data-srcset=\"https:\/\/karabatak.com\/wp-content\/uploads\/2023\/08\/kk.png 200w, https:\/\/karabatak.com\/wp-content\/uploads\/2023\/08\/kk-150x150.png 150w, https:\/\/karabatak.com\/wp-content\/uploads\/2023\/08\/kk-12x12.png 12w\" sizes=\"(max-width: 62px) 100vw, 62px\" \/><\/div>\n<div>\n<div style=\"margin-bottom: 6px;\"><span style=\"background-color: #114639; color: #fff; font-size: 12px; font-weight: bold; padding: 6px 12px; border-radius: 4px; display: inline-block;\">Kaps\u00fcl 816 Gr \u00d6\u011f\u00fct\u00fclm\u00fc\u015f 1 kutu (96 adet x 8,4 g\/ kutu)<br \/>\n<\/span><\/div>\n<p style=\"font-family: Arial, sans-serif; font-size: 13px; color: #114639; margin: 0; font-weight: bold;\">* \u00dcr\u00fcnlerimiz stoklarla s\u0131n\u0131rl\u0131d\u0131r.<\/p>\n<p style=\"font-size: 15px; line-height: 1.7; color: #555555; text-align: justify; margin-bottom: 30px;\">These capsules are compatible with Lavazza Blue\u00ae machines.<\/p>\n<p>&nbsp;<\/p>\n<\/div>\n<\/div>\n<\/div>","protected":false},"excerpt":{"rendered":"<p>Julius Meinl PROFESSIONAL Espresso Classico Kaps\u00fcl 96\u2019LI LAVAZZA BLUE\u00ae MAK\u0130NELER\u0130 \u0130LE UYUMLUDUR Brezilya ve Kolombiya\u2019dan premium Arabica ve Hindistan\u2019dan en<\/p>","protected":false},"featured_media":23435,"comment_status":"closed","ping_status":"closed","template":"","meta":[],"product_brand":[],"product_cat":[33],"product_tag":[92,173],"class_list":{"0":"post-15106","1":"product","2":"type-product","3":"status-publish","4":"has-post-thumbnail","6":"product_cat-julius-meinl-kahveleri","7":"product_tag-inspresso-professional-espresso-classico","8":"product_tag-julius-meinl-professional-espresso-classico-kapsul","9":"pa_tur-kapsul","11":"first","12":"outofstock","13":"purchasable","14":"product-type-simple"},"yoast_head":"<!-- This site is optimized with the Yoast SEO plugin v27.4 - https:\/\/yoast.com\/product\/yoast-seo-wordpress\/ -->\n<title>JULIUS MEINL PROFESSIONAL ESPRESSO CLASSICO KAPS\u00dcL 96&#039;LI (LAVAZZA BLUE\u00ae MAK\u0130NELER\u0130 \u0130LE UYUMLUDUR) - Karabatak<\/title>\n<meta name=\"robots\" content=\"index, follow, max-snippet:-1, max-image-preview:large, max-video-preview:-1\" \/>\n<link rel=\"canonical\" href=\"https:\/\/karabatak.com\/en\/product\/julius-meinl-professional-espresso-classico-capsule\/\" \/>\n<meta property=\"og:locale\" content=\"en_GB\" \/>\n<meta property=\"og:type\" content=\"article\" \/>\n<meta property=\"og:title\" content=\"JULIUS MEINL PROFESSIONAL ESPRESSO CLASSICO KAPS\u00dcL 96&#039;LI (LAVAZZA BLUE\u00ae MAK\u0130NELER\u0130 \u0130LE UYUMLUDUR) - Karabatak\" \/>\n<meta property=\"og:description\" content=\"Julius Meinl PROFESSIONAL Espresso Classico Kaps\u00fcl 96\u2019LI LAVAZZA BLUE\u00ae MAK\u0130NELER\u0130 \u0130LE UYUMLUDUR Brezilya ve Kolombiya\u2019dan premium Arabica ve Hindistan\u2019dan en\" \/>\n<meta property=\"og:url\" content=\"https:\/\/karabatak.com\/en\/product\/julius-meinl-professional-espresso-classico-capsule\/\" \/>\n<meta property=\"og:site_name\" content=\"Karabatak\" \/>\n<meta property=\"article:modified_time\" content=\"2026-04-18T15:18:26+00:00\" \/>\n<meta property=\"og:image\" content=\"https:\/\/karabatak.com\/wp-content\/uploads\/2023\/08\/Decaf-96-1.jpg\" \/>\n\t<meta property=\"og:image:width\" content=\"500\" \/>\n\t<meta property=\"og:image:height\" content=\"500\" \/>\n\t<meta property=\"og:image:type\" content=\"image\/jpeg\" \/>\n<meta name=\"twitter:card\" content=\"summary_large_image\" \/>\n<meta name=\"twitter:label1\" content=\"Estimated reading time\" \/>\n\t<meta name=\"twitter:data1\" content=\"1 minute\" \/>\n<script type=\"application\/ld+json\" class=\"yoast-schema-graph\">{\"@context\":\"https:\\\/\\\/schema.org\",\"@graph\":[{\"@type\":\"WebPage\",\"@id\":\"https:\\\/\\\/karabatak.com\\\/urun\\\/julius-meinl-professional-espresso-classico-kapsul\\\/\",\"url\":\"https:\\\/\\\/karabatak.com\\\/urun\\\/julius-meinl-professional-espresso-classico-kapsul\\\/\",\"name\":\"JULIUS MEINL PROFESSIONAL ESPRESSO CLASSICO KAPS\u00dcL 96'LI (LAVAZZA BLUE\u00ae MAK\u0130NELER\u0130 \u0130LE UYUMLUDUR) - Karabatak\",\"isPartOf\":{\"@id\":\"https:\\\/\\\/karabatak.com\\\/#website\"},\"primaryImageOfPage\":{\"@id\":\"https:\\\/\\\/karabatak.com\\\/urun\\\/julius-meinl-professional-espresso-classico-kapsul\\\/#primaryimage\"},\"image\":{\"@id\":\"https:\\\/\\\/karabatak.com\\\/urun\\\/julius-meinl-professional-espresso-classico-kapsul\\\/#primaryimage\"},\"thumbnailUrl\":\"https:\\\/\\\/karabatak.com\\\/wp-content\\\/uploads\\\/2023\\\/08\\\/Decaf-96-1.jpg\",\"datePublished\":\"2023-08-28T09:50:18+00:00\",\"dateModified\":\"2026-04-18T15:18:26+00:00\",\"breadcrumb\":{\"@id\":\"https:\\\/\\\/karabatak.com\\\/urun\\\/julius-meinl-professional-espresso-classico-kapsul\\\/#breadcrumb\"},\"inLanguage\":\"en-GB\",\"potentialAction\":[{\"@type\":\"ReadAction\",\"target\":[\"https:\\\/\\\/karabatak.com\\\/urun\\\/julius-meinl-professional-espresso-classico-kapsul\\\/\"]}]},{\"@type\":\"ImageObject\",\"inLanguage\":\"en-GB\",\"@id\":\"https:\\\/\\\/karabatak.com\\\/urun\\\/julius-meinl-professional-espresso-classico-kapsul\\\/#primaryimage\",\"url\":\"https:\\\/\\\/karabatak.com\\\/wp-content\\\/uploads\\\/2023\\\/08\\\/Decaf-96-1.jpg\",\"contentUrl\":\"https:\\\/\\\/karabatak.com\\\/wp-content\\\/uploads\\\/2023\\\/08\\\/Decaf-96-1.jpg\",\"width\":500,\"height\":500},{\"@type\":\"BreadcrumbList\",\"@id\":\"https:\\\/\\\/karabatak.com\\\/urun\\\/julius-meinl-professional-espresso-classico-kapsul\\\/#breadcrumb\",\"itemListElement\":[{\"@type\":\"ListItem\",\"position\":1,\"name\":\"Ma\u011faza\",\"item\":\"https:\\\/\\\/karabatak.com\\\/en\\\/products\\\/\"},{\"@type\":\"ListItem\",\"position\":2,\"name\":\"JULIUS MEINL PROFESSIONAL ESPRESSO CLASSICO KAPS\u00dcL 96&#8217;LI (LAVAZZA BLUE\u00ae MAK\u0130NELER\u0130 \u0130LE UYUMLUDUR)\"}]},{\"@type\":\"WebSite\",\"@id\":\"https:\\\/\\\/karabatak.com\\\/#website\",\"url\":\"https:\\\/\\\/karabatak.com\\\/\",\"name\":\"Karabatak\",\"description\":\"Karabatak ve Julius Meinl T\u00fcrkiye Distrib\u00fct\u00f6r\u00fc\",\"publisher\":{\"@id\":\"https:\\\/\\\/karabatak.com\\\/#organization\"},\"potentialAction\":[{\"@type\":\"SearchAction\",\"target\":{\"@type\":\"EntryPoint\",\"urlTemplate\":\"https:\\\/\\\/karabatak.com\\\/?s={search_term_string}\"},\"query-input\":{\"@type\":\"PropertyValueSpecification\",\"valueRequired\":true,\"valueName\":\"search_term_string\"}}],\"inLanguage\":\"en-GB\"},{\"@type\":\"Organization\",\"@id\":\"https:\\\/\\\/karabatak.com\\\/#organization\",\"name\":\"Karabatak\",\"url\":\"https:\\\/\\\/karabatak.com\\\/\",\"logo\":{\"@type\":\"ImageObject\",\"inLanguage\":\"en-GB\",\"@id\":\"https:\\\/\\\/karabatak.com\\\/#\\\/schema\\\/logo\\\/image\\\/\",\"url\":\"https:\\\/\\\/karabatak.com\\\/wp-content\\\/uploads\\\/2023\\\/05\\\/logo-100x100-100x100-1.png\",\"contentUrl\":\"https:\\\/\\\/karabatak.com\\\/wp-content\\\/uploads\\\/2023\\\/05\\\/logo-100x100-100x100-1.png\",\"width\":100,\"height\":100,\"caption\":\"Karabatak\"},\"image\":{\"@id\":\"https:\\\/\\\/karabatak.com\\\/#\\\/schema\\\/logo\\\/image\\\/\"}}]}<\/script>\n<!-- \/ Yoast SEO plugin. -->","yoast_head_json":{"title":"JULIUS MEINL PROFESSIONAL ESPRESSO CLASSICO KAPS\u00dcL 96'LI (LAVAZZA BLUE\u00ae MAK\u0130NELER\u0130 \u0130LE UYUMLUDUR) - Karabatak","robots":{"index":"index","follow":"follow","max-snippet":"max-snippet:-1","max-image-preview":"max-image-preview:large","max-video-preview":"max-video-preview:-1"},"canonical":"https:\/\/karabatak.com\/en\/product\/julius-meinl-professional-espresso-classico-capsule\/","og_locale":"en_GB","og_type":"article","og_title":"JULIUS MEINL PROFESSIONAL ESPRESSO CLASSICO KAPS\u00dcL 96'LI (LAVAZZA BLUE\u00ae MAK\u0130NELER\u0130 \u0130LE UYUMLUDUR) - Karabatak","og_description":"Julius Meinl PROFESSIONAL Espresso Classico Kaps\u00fcl 96\u2019LI LAVAZZA BLUE\u00ae MAK\u0130NELER\u0130 \u0130LE UYUMLUDUR Brezilya ve Kolombiya\u2019dan premium Arabica ve Hindistan\u2019dan en","og_url":"https:\/\/karabatak.com\/en\/product\/julius-meinl-professional-espresso-classico-capsule\/","og_site_name":"Karabatak","article_modified_time":"2026-04-18T15:18:26+00:00","og_image":[{"width":500,"height":500,"url":"https:\/\/karabatak.com\/wp-content\/uploads\/2023\/08\/Decaf-96-1.jpg","type":"image\/jpeg"}],"twitter_card":"summary_large_image","twitter_misc":{"Estimated reading time":"1 minute"},"schema":{"@context":"https:\/\/schema.org","@graph":[{"@type":"WebPage","@id":"https:\/\/karabatak.com\/urun\/julius-meinl-professional-espresso-classico-kapsul\/","url":"https:\/\/karabatak.com\/urun\/julius-meinl-professional-espresso-classico-kapsul\/","name":"JULIUS MEINL PROFESSIONAL ESPRESSO CLASSICO KAPS\u00dcL 96'LI (LAVAZZA BLUE\u00ae MAK\u0130NELER\u0130 \u0130LE UYUMLUDUR) - Karabatak","isPartOf":{"@id":"https:\/\/karabatak.com\/#website"},"primaryImageOfPage":{"@id":"https:\/\/karabatak.com\/urun\/julius-meinl-professional-espresso-classico-kapsul\/#primaryimage"},"image":{"@id":"https:\/\/karabatak.com\/urun\/julius-meinl-professional-espresso-classico-kapsul\/#primaryimage"},"thumbnailUrl":"https:\/\/karabatak.com\/wp-content\/uploads\/2023\/08\/Decaf-96-1.jpg","datePublished":"2023-08-28T09:50:18+00:00","dateModified":"2026-04-18T15:18:26+00:00","breadcrumb":{"@id":"https:\/\/karabatak.com\/urun\/julius-meinl-professional-espresso-classico-kapsul\/#breadcrumb"},"inLanguage":"en-GB","potentialAction":[{"@type":"ReadAction","target":["https:\/\/karabatak.com\/urun\/julius-meinl-professional-espresso-classico-kapsul\/"]}]},{"@type":"ImageObject","inLanguage":"en-GB","@id":"https:\/\/karabatak.com\/urun\/julius-meinl-professional-espresso-classico-kapsul\/#primaryimage","url":"https:\/\/karabatak.com\/wp-content\/uploads\/2023\/08\/Decaf-96-1.jpg","contentUrl":"https:\/\/karabatak.com\/wp-content\/uploads\/2023\/08\/Decaf-96-1.jpg","width":500,"height":500},{"@type":"BreadcrumbList","@id":"https:\/\/karabatak.com\/urun\/julius-meinl-professional-espresso-classico-kapsul\/#breadcrumb","itemListElement":[{"@type":"ListItem","position":1,"name":"Ma\u011faza","item":"https:\/\/karabatak.com\/en\/products\/"},{"@type":"ListItem","position":2,"name":"JULIUS MEINL PROFESSIONAL ESPRESSO CLASSICO KAPS\u00dcL 96&#8217;LI (LAVAZZA BLUE\u00ae MAK\u0130NELER\u0130 \u0130LE UYUMLUDUR)"}]},{"@type":"WebSite","@id":"https:\/\/karabatak.com\/#website","url":"https:\/\/karabatak.com\/","name":"Karabatak","description":"Karabatak and Julius Meinl T\u00fcrkiye Distributor","publisher":{"@id":"https:\/\/karabatak.com\/#organization"},"potentialAction":[{"@type":"SearchAction","target":{"@type":"EntryPoint","urlTemplate":"https:\/\/karabatak.com\/?s={search_term_string}"},"query-input":{"@type":"PropertyValueSpecification","valueRequired":true,"valueName":"search_term_string"}}],"inLanguage":"en-GB"},{"@type":"Organization","@id":"https:\/\/karabatak.com\/#organization","name":"Karabatak","url":"https:\/\/karabatak.com\/","logo":{"@type":"ImageObject","inLanguage":"en-GB","@id":"https:\/\/karabatak.com\/#\/schema\/logo\/image\/","url":"https:\/\/karabatak.com\/wp-content\/uploads\/2023\/05\/logo-100x100-100x100-1.png","contentUrl":"https:\/\/karabatak.com\/wp-content\/uploads\/2023\/05\/logo-100x100-100x100-1.png","width":100,"height":100,"caption":"Karabatak"},"image":{"@id":"https:\/\/karabatak.com\/#\/schema\/logo\/image\/"}}]}},"_links":{"self":[{"href":"https:\/\/karabatak.com\/en\/wp-json\/wp\/v2\/product\/15106","targetHints":{"allow":["GET"]}}],"collection":[{"href":"https:\/\/karabatak.com\/en\/wp-json\/wp\/v2\/product"}],"about":[{"href":"https:\/\/karabatak.com\/en\/wp-json\/wp\/v2\/types\/product"}],"replies":[{"embeddable":true,"href":"https:\/\/karabatak.com\/en\/wp-json\/wp\/v2\/comments?post=15106"}],"wp:featuredmedia":[{"embeddable":true,"href":"https:\/\/karabatak.com\/en\/wp-json\/wp\/v2\/media\/23435"}],"wp:attachment":[{"href":"https:\/\/karabatak.com\/en\/wp-json\/wp\/v2\/media?parent=15106"}],"wp:term":[{"taxonomy":"product_brand","embeddable":true,"href":"https:\/\/karabatak.com\/en\/wp-json\/wp\/v2\/product_brand?post=15106"},{"taxonomy":"product_cat","embeddable":true,"href":"https:\/\/karabatak.com\/en\/wp-json\/wp\/v2\/product_cat?post=15106"},{"taxonomy":"product_tag","embeddable":true,"href":"https:\/\/karabatak.com\/en\/wp-json\/wp\/v2\/product_tag?post=15106"}],"curies":[{"name":"wp","href":"https:\/\/api.w.org\/{rel}","templated":true}]}}