{"id":15094,"date":"2023-08-28T12:50:18","date_gmt":"2023-08-28T09:50:18","guid":{"rendered":"http:\/\/karabatak.com\/urun\/cafe-gourmet-auslese-filtre-kahve\/"},"modified":"2026-04-11T11:59:07","modified_gmt":"2026-04-11T08:59:07","slug":"cafe-gourmet-auslese-filtre-kahve","status":"publish","type":"product","link":"https:\/\/karabatak.com\/en\/product\/cafe-gourmet-auslese-filter-coffee\/","title":{"rendered":"SELEZIONE\/AUSLESE GROUND COFFEE (NEW PACKAGING)"},"content":{"rendered":"<p style=\"text-align: left;\"><b data-stringify-type=\"bold\">CAF\u00c9 GOURMET AUSLESE GROUND COFFEE<\/b><\/p>\n<p><span style=\"font-size: 12px; font-family: Arial;\">Featuring a blend of Arabica and Robusta beans from South America and Asia, this unique blend, with a medium brown roast, creates a wonderful balance for a unique coffee experience with a lasting, robust flavor.<\/span><\/p>\n<p><span lang=\"en-US\" style=\"color: inherit; font-style: inherit; font-variant: inherit; -webkit-font-smoothing: antialiased; margin: 0px; padding: 0px; border: 0px; font-stretch: inherit; font-size: 12px; line-height: inherit; vertical-align: baseline;\"><span style=\"font-family: Arial; font-size: 12px;\"><b>Bean<\/b><\/span><\/span><span style=\"color: #323130; font-size: 12px;\">\u00a0 \u00a0 \u00a0 \u00a0 \u00a0 \u00a0 \u00a0 \u00a0 \u00a0 \u00a0 \u00a0 \u00a0 \u00a0 \u00a0\u00a0<\/span><span lang=\"en-US\" style=\"color: inherit; font-style: inherit; font-variant: inherit; -webkit-font-smoothing: antialiased; margin: 0px; padding: 0px; border: 0px; font-stretch: inherit; font-size: 12px; line-height: inherit; vertical-align: baseline;\"><span style=\"font-family: Arial; font-size: 12px;\">:\u00a0 \u00a0 \u00a0 \u00a0 \u00a0<\/span><\/span><img decoding=\"async\" style=\"color: #323130; font-size: 11pt; width: 107.981px; height: 49px;\" src=\"https:\/\/www.karabatak.com\/image\/catalog\/menuicin\/robusta.png\" \/><\/p>\n<p style=\"margin-bottom: 0px; -webkit-font-smoothing: antialiased; color: #323130; font-size: 11pt;\"><span style=\"font-size: 13px; color: #2f171f; font-family: Arial;\"><span style=\"font-size: 12px;\"><b>Roasting Level 1-6<\/b><\/span><\/span><span style=\"color: #000000; font-size: 12px;\">\u00a0 \u00a0 \u00a0\u00a0<\/span><span style=\"font-size: 12px;\">\u00a0<\/span><span style=\"font-family: Arial;\"><span style=\"font-size: 12px;\">:\u00a0\u00a0<\/span><\/span><img decoding=\"async\" style=\"width: 136.109px; height: 45.6827px;\" src=\"https:\/\/www.karabatak.com\/image\/catalog\/menuicin\/3derece.png\" \/><\/p>\n<p style=\"margin-bottom: 0px; -webkit-font-smoothing: antialiased; color: #323130; font-size: 11pt;\"><span style=\"font-size: 14px;\"><span style=\"font-family: Arial;\"><b><span style=\"font-size: 12px;\">Acidity<\/span><\/b><\/span><span style=\"font-size: 12px;\">\u00a0 \u00a0<\/span><\/span><span style=\"font-size: 12px;\">\u00a0 \u00a0 \u00a0 \u00a0 \u00a0 \u00a0 \u00a0 \u00a0 \u00a0 \u00a0 \u00a0 \u00a0 \u00a0 \u00a0 :\u00a0 \u00a0<\/span><img decoding=\"async\" style=\"font-size: 13px; width: 110.297px; height: 37.7083px;\" src=\"https:\/\/www.karabatak.com\/image\/catalog\/menuicin\/4.png\" \/><\/p>\n<p style=\"margin-bottom: 0px; -webkit-font-smoothing: antialiased; color: #323130;\"><span style=\"font-size: 11pt;\"><span style=\"font-size: 14px;\"><span style=\"font-family: Arial;\"><b><span style=\"font-size: 12px;\">Flavors\u00a0 \u00a0 \u00a0 \u00a0 \u00a0<\/span><\/b><\/span><span style=\"font-size: 12px;\">\u00a0<\/span><\/span><span style=\"font-size: 12px;\">\u00a0\u00a0\u00a0\u00a0<\/span><span style=\"font-size: 12px;\">\u00a0 \u00a0 \u00a0 \u00a0 \u00a0 \u00a0 \u00a0 \u00a0 \u00a0 \u00a0 \u00a0<\/span><span style=\"font-size: 12px;\">:\u00a0<\/span><\/span><img decoding=\"async\" style=\"width: 120.687px; height: 40.2969px;\" src=\"https:\/\/www.karabatak.com\/image\/catalog\/menuicin\/5.png\" \/><\/p>\n<p style=\"margin-bottom: 0px; -webkit-font-smoothing: antialiased; color: #323130;\"><span style=\"font-size: 12px;\"><b>Body<\/b><\/span><span style=\"font-size: 12px;\">\u00a0 \u00a0 \u00a0 \u00a0 \u00a0 \u00a0 \u00a0 \u00a0 \u00a0 \u00a0 \u00a0 \u00a0 \u00a0 \u00a0 \u00a0 \u00a0 \u00a0:\u00a0 \u00a0<\/span><img decoding=\"async\" style=\"width: 124.297px; height: 43.3594px;\" src=\"https:\/\/www.karabatak.com\/image\/catalog\/menuicin\/6.png\" \/><\/p>\n<p style=\"margin-bottom: 0px; -webkit-font-smoothing: antialiased; color: #323130; font-size: 11pt;\"><span style=\"font-family: Arial;\"><span style=\"font-size: 12px;\"><b>Aroma<\/b><\/span><span style=\"font-size: 12px;\">\u00a0 \u00a0 \u00a0 \u00a0 \u00a0 \u00a0 \u00a0 \u00a0 \u00a0 \u00a0 \u00a0 \u00a0 \u00a0 \u00a0 \u00a0 \u00a0 \u00a0\u00a0<\/span><span style=\"font-size: 12px;\">:\u00a0\u00a0<\/span><\/span><span style=\"font-size: 12px; color: #000000;\"><span style=\"font-family: Arial;\">Full strength<\/span><\/span><\/p>\n<p style=\"margin-bottom: 0px; -webkit-font-smoothing: antialiased; color: #323130; font-size: 11pt;\"><span style=\"font-family: Arial;\"><span style=\"font-size: 14px;\"><b><span style=\"font-size: 12px;\">Flavor\u00a0<\/span><\/b><span style=\"font-size: 12px;\">\u00a0 \u00a0 \u00a0 \u00a0 \u00a0 \u00a0 \u00a0 \u00a0 \u00a0 \u00a0 \u00a0 \u00a0 \u00a0 \u00a0 \u00a0 \u00a0 \u00a0<\/span><\/span><span style=\"font-size: 14px;\"><span style=\"font-size: 12px;\">:\u00a0 <\/span><span style=\"font-size: 12px;\">S<\/span><\/span><\/span><span style=\"font-size: 12px; color: #000000;\"><span style=\"font-family: Arial;\">hard and lasting taste\u00a0<\/span><\/span><\/p>\n<p><b style=\"color: #323130; font-size: 14.6667px;\"><span style=\"font-size: 12px;\">Grinding Degree\u00a0 \u00a0 \u00a0 \u00a0 \u00a0 \u00a0\u00a0<\/span><\/b><span style=\"color: #323130; font-size: 12px;\">:\u00a0 \u00a0<\/span><b style=\"color: #323130; font-size: 14.6667px;\"><span style=\"font-size: 12px;\">\u00a0<\/span><\/b><img decoding=\"async\" style=\"color: #323130; font-size: 14.6667px; width: 114.925px; height: 44.3281px;\" src=\"https:\/\/www.karabatak.com\/image\/catalog\/menuicin\/4og.png\" \/><\/p>\n<p style=\"margin-bottom: 0px; -webkit-font-smoothing: antialiased; color: #323130; font-size: 11pt;\"><img decoding=\"async\" style=\"width: 46.0156px; height: 45.3288px;\" src=\"https:\/\/www.karabatak.com\/image\/catalog\/icon\/filtreicons.png\" \/>\u00a0<span style=\"font-size: 11pt;\">\u00a0<\/span><img decoding=\"async\" style=\"width: 56.75px; height: 56.75px;\" src=\"https:\/\/www.karabatak.com\/image\/catalog\/kavrum%20icon\/1weightt.png\" \/><\/p>\n<p style=\"margin-bottom: 0px; -webkit-font-smoothing: antialiased; color: #323130; font-size: 11pt;\"><span style=\"font-family: Arial; font-size: 14px; color: #000000;\">Ground Pack:<\/span><span style=\"font-family: Arial; font-size: 14px; color: #000000;\">\u00a0<\/span><span style=\"color: #000000; font-family: Arial; font-size: 14px;\">1 kg\u00a0<\/span><\/p>\n<p style=\"margin-bottom: 0px; -webkit-font-smoothing: antialiased;\"><span style=\"font-family: Arial;\"><span style=\"font-size: 14px;\">Our products are limited to stock.<\/span><\/span><\/p>","protected":false},"excerpt":{"rendered":"<p>CAF\u00c9 GOURMET AUSLESE GROUND COFFEE Contains a range of Arabica and Robusta beans from South America and Asia. A medium brown roast<\/p>","protected":false},"featured_media":23540,"comment_status":"closed","ping_status":"closed","template":"","meta":[],"product_cat":[33],"product_tag":[84,213],"class_list":{"0":"post-15094","1":"product","2":"type-product","3":"status-publish","4":"has-post-thumbnail","6":"product_cat-julius-meinl-kahveleri","7":"product_tag-cafe-gourmet","8":"product_tag-cafe-gourmet-auslese-selezione-filtre-kahve-yeni-ambalaj","9":"pa_tur-ogutulmus","11":"first","12":"instock","13":"purchasable","14":"product-type-simple"},"yoast_head":"<!-- This site is optimized with the Yoast SEO plugin v27.2 - https:\/\/yoast.com\/product\/yoast-seo-wordpress\/ -->\n<title>SELEZIONE\/AUSLESE \u00d6\u011e\u00dcT\u00dcLM\u00dc\u015e KAHVE (YEN\u0130 AMBALAJ) - Karabatak<\/title>\n<meta name=\"robots\" content=\"index, follow, max-snippet:-1, max-image-preview:large, max-video-preview:-1\" \/>\n<link rel=\"canonical\" href=\"https:\/\/karabatak.com\/en\/product\/cafe-gourmet-auslese-filter-coffee\/\" \/>\n<meta property=\"og:locale\" content=\"en_GB\" \/>\n<meta property=\"og:type\" content=\"article\" \/>\n<meta property=\"og:title\" content=\"SELEZIONE\/AUSLESE \u00d6\u011e\u00dcT\u00dcLM\u00dc\u015e KAHVE (YEN\u0130 AMBALAJ) - Karabatak\" \/>\n<meta property=\"og:description\" content=\"CAF\u00c9 GOURMET AUSLESE \u00d6\u011e\u00dcT\u00dcLM\u00dc\u015e KAHVE G\u00fcney Amerika ve Asya&#8217;dan bir dizi Arabica ve Robusta \u00e7ekirdekleri i\u00e7erir. Orta kahverengi bir kavurma\" \/>\n<meta property=\"og:url\" content=\"https:\/\/karabatak.com\/en\/product\/cafe-gourmet-auslese-filter-coffee\/\" \/>\n<meta property=\"og:site_name\" content=\"Karabatak\" \/>\n<meta property=\"article:modified_time\" content=\"2026-04-11T08:59:07+00:00\" \/>\n<meta property=\"og:image\" content=\"https:\/\/karabatak.com\/wp-content\/uploads\/2023\/08\/selezione.webp\" \/>\n\t<meta property=\"og:image:width\" content=\"500\" \/>\n\t<meta property=\"og:image:height\" content=\"500\" \/>\n\t<meta property=\"og:image:type\" content=\"image\/webp\" \/>\n<meta name=\"twitter:card\" content=\"summary_large_image\" \/>\n<meta name=\"twitter:label1\" content=\"Estimated reading time\" \/>\n\t<meta name=\"twitter:data1\" content=\"3 minutes\" \/>\n<script type=\"application\/ld+json\" class=\"yoast-schema-graph\">{\"@context\":\"https:\/\/schema.org\",\"@graph\":[{\"@type\":\"WebPage\",\"@id\":\"https:\/\/karabatak.com\/urun\/cafe-gourmet-auslese-filtre-kahve\/\",\"url\":\"https:\/\/karabatak.com\/urun\/cafe-gourmet-auslese-filtre-kahve\/\",\"name\":\"SELEZIONE\/AUSLESE \u00d6\u011e\u00dcT\u00dcLM\u00dc\u015e KAHVE (YEN\u0130 AMBALAJ) - Karabatak\",\"isPartOf\":{\"@id\":\"https:\/\/karabatak.com\/#website\"},\"primaryImageOfPage\":{\"@id\":\"https:\/\/karabatak.com\/urun\/cafe-gourmet-auslese-filtre-kahve\/#primaryimage\"},\"image\":{\"@id\":\"https:\/\/karabatak.com\/urun\/cafe-gourmet-auslese-filtre-kahve\/#primaryimage\"},\"thumbnailUrl\":\"https:\/\/karabatak.com\/wp-content\/uploads\/2023\/08\/selezione.webp\",\"datePublished\":\"2023-08-28T09:50:18+00:00\",\"dateModified\":\"2026-04-11T08:59:07+00:00\",\"breadcrumb\":{\"@id\":\"https:\/\/karabatak.com\/urun\/cafe-gourmet-auslese-filtre-kahve\/#breadcrumb\"},\"inLanguage\":\"en-GB\",\"potentialAction\":[{\"@type\":\"ReadAction\",\"target\":[\"https:\/\/karabatak.com\/urun\/cafe-gourmet-auslese-filtre-kahve\/\"]}]},{\"@type\":\"ImageObject\",\"inLanguage\":\"en-GB\",\"@id\":\"https:\/\/karabatak.com\/urun\/cafe-gourmet-auslese-filtre-kahve\/#primaryimage\",\"url\":\"https:\/\/karabatak.com\/wp-content\/uploads\/2023\/08\/selezione.webp\",\"contentUrl\":\"https:\/\/karabatak.com\/wp-content\/uploads\/2023\/08\/selezione.webp\",\"width\":500,\"height\":500},{\"@type\":\"BreadcrumbList\",\"@id\":\"https:\/\/karabatak.com\/urun\/cafe-gourmet-auslese-filtre-kahve\/#breadcrumb\",\"itemListElement\":[{\"@type\":\"ListItem\",\"position\":1,\"name\":\"Ma\u011faza\",\"item\":\"https:\/\/karabatak.com\/en\/products\/\"},{\"@type\":\"ListItem\",\"position\":2,\"name\":\"SELEZIONE\/AUSLESE \u00d6\u011e\u00dcT\u00dcLM\u00dc\u015e KAHVE (YEN\u0130 AMBALAJ)\"}]},{\"@type\":\"WebSite\",\"@id\":\"https:\/\/karabatak.com\/#website\",\"url\":\"https:\/\/karabatak.com\/\",\"name\":\"Karabatak\",\"description\":\"Karabatak ve Julius Meinl T\u00fcrkiye Distrib\u00fct\u00f6r\u00fc\",\"publisher\":{\"@id\":\"https:\/\/karabatak.com\/#organization\"},\"potentialAction\":[{\"@type\":\"SearchAction\",\"target\":{\"@type\":\"EntryPoint\",\"urlTemplate\":\"https:\/\/karabatak.com\/?s={search_term_string}\"},\"query-input\":{\"@type\":\"PropertyValueSpecification\",\"valueRequired\":true,\"valueName\":\"search_term_string\"}}],\"inLanguage\":\"en-GB\"},{\"@type\":\"Organization\",\"@id\":\"https:\/\/karabatak.com\/#organization\",\"name\":\"Karabatak\",\"url\":\"https:\/\/karabatak.com\/\",\"logo\":{\"@type\":\"ImageObject\",\"inLanguage\":\"en-GB\",\"@id\":\"https:\/\/karabatak.com\/#\/schema\/logo\/image\/\",\"url\":\"https:\/\/karabatak.com\/wp-content\/uploads\/2023\/05\/logo-100x100-100x100-1.png\",\"contentUrl\":\"https:\/\/karabatak.com\/wp-content\/uploads\/2023\/05\/logo-100x100-100x100-1.png\",\"width\":100,\"height\":100,\"caption\":\"Karabatak\"},\"image\":{\"@id\":\"https:\/\/karabatak.com\/#\/schema\/logo\/image\/\"}}]}<\/script>\n<!-- \/ Yoast SEO plugin. -->","yoast_head_json":{"title":"SELEZIONE\/AUSLESE \u00d6\u011e\u00dcT\u00dcLM\u00dc\u015e KAHVE (YEN\u0130 AMBALAJ) - Karabatak","robots":{"index":"index","follow":"follow","max-snippet":"max-snippet:-1","max-image-preview":"max-image-preview:large","max-video-preview":"max-video-preview:-1"},"canonical":"https:\/\/karabatak.com\/en\/product\/cafe-gourmet-auslese-filter-coffee\/","og_locale":"en_GB","og_type":"article","og_title":"SELEZIONE\/AUSLESE \u00d6\u011e\u00dcT\u00dcLM\u00dc\u015e KAHVE (YEN\u0130 AMBALAJ) - Karabatak","og_description":"CAF\u00c9 GOURMET AUSLESE \u00d6\u011e\u00dcT\u00dcLM\u00dc\u015e KAHVE G\u00fcney Amerika ve Asya&#8217;dan bir dizi Arabica ve Robusta \u00e7ekirdekleri i\u00e7erir. Orta kahverengi bir kavurma","og_url":"https:\/\/karabatak.com\/en\/product\/cafe-gourmet-auslese-filter-coffee\/","og_site_name":"Karabatak","article_modified_time":"2026-04-11T08:59:07+00:00","og_image":[{"width":500,"height":500,"url":"https:\/\/karabatak.com\/wp-content\/uploads\/2023\/08\/selezione.webp","type":"image\/webp"}],"twitter_card":"summary_large_image","twitter_misc":{"Estimated reading time":"3 minutes"},"schema":{"@context":"https:\/\/schema.org","@graph":[{"@type":"WebPage","@id":"https:\/\/karabatak.com\/urun\/cafe-gourmet-auslese-filtre-kahve\/","url":"https:\/\/karabatak.com\/urun\/cafe-gourmet-auslese-filtre-kahve\/","name":"SELEZIONE\/AUSLESE \u00d6\u011e\u00dcT\u00dcLM\u00dc\u015e KAHVE (YEN\u0130 AMBALAJ) - Karabatak","isPartOf":{"@id":"https:\/\/karabatak.com\/#website"},"primaryImageOfPage":{"@id":"https:\/\/karabatak.com\/urun\/cafe-gourmet-auslese-filtre-kahve\/#primaryimage"},"image":{"@id":"https:\/\/karabatak.com\/urun\/cafe-gourmet-auslese-filtre-kahve\/#primaryimage"},"thumbnailUrl":"https:\/\/karabatak.com\/wp-content\/uploads\/2023\/08\/selezione.webp","datePublished":"2023-08-28T09:50:18+00:00","dateModified":"2026-04-11T08:59:07+00:00","breadcrumb":{"@id":"https:\/\/karabatak.com\/urun\/cafe-gourmet-auslese-filtre-kahve\/#breadcrumb"},"inLanguage":"en-GB","potentialAction":[{"@type":"ReadAction","target":["https:\/\/karabatak.com\/urun\/cafe-gourmet-auslese-filtre-kahve\/"]}]},{"@type":"ImageObject","inLanguage":"en-GB","@id":"https:\/\/karabatak.com\/urun\/cafe-gourmet-auslese-filtre-kahve\/#primaryimage","url":"https:\/\/karabatak.com\/wp-content\/uploads\/2023\/08\/selezione.webp","contentUrl":"https:\/\/karabatak.com\/wp-content\/uploads\/2023\/08\/selezione.webp","width":500,"height":500},{"@type":"BreadcrumbList","@id":"https:\/\/karabatak.com\/urun\/cafe-gourmet-auslese-filtre-kahve\/#breadcrumb","itemListElement":[{"@type":"ListItem","position":1,"name":"Ma\u011faza","item":"https:\/\/karabatak.com\/en\/products\/"},{"@type":"ListItem","position":2,"name":"SELEZIONE\/AUSLESE \u00d6\u011e\u00dcT\u00dcLM\u00dc\u015e KAHVE (YEN\u0130 AMBALAJ)"}]},{"@type":"WebSite","@id":"https:\/\/karabatak.com\/#website","url":"https:\/\/karabatak.com\/","name":"Karabatak","description":"Karabatak ve Julius Meinl T\u00fcrkiye Distrib\u00fct\u00f6r\u00fc","publisher":{"@id":"https:\/\/karabatak.com\/#organization"},"potentialAction":[{"@type":"SearchAction","target":{"@type":"EntryPoint","urlTemplate":"https:\/\/karabatak.com\/?s={search_term_string}"},"query-input":{"@type":"PropertyValueSpecification","valueRequired":true,"valueName":"search_term_string"}}],"inLanguage":"en-GB"},{"@type":"Organization","@id":"https:\/\/karabatak.com\/#organization","name":"Karabatak","url":"https:\/\/karabatak.com\/","logo":{"@type":"ImageObject","inLanguage":"en-GB","@id":"https:\/\/karabatak.com\/#\/schema\/logo\/image\/","url":"https:\/\/karabatak.com\/wp-content\/uploads\/2023\/05\/logo-100x100-100x100-1.png","contentUrl":"https:\/\/karabatak.com\/wp-content\/uploads\/2023\/05\/logo-100x100-100x100-1.png","width":100,"height":100,"caption":"Karabatak"},"image":{"@id":"https:\/\/karabatak.com\/#\/schema\/logo\/image\/"}}]}},"_links":{"self":[{"href":"https:\/\/karabatak.com\/en\/wp-json\/wp\/v2\/product\/15094","targetHints":{"allow":["GET"]}}],"collection":[{"href":"https:\/\/karabatak.com\/en\/wp-json\/wp\/v2\/product"}],"about":[{"href":"https:\/\/karabatak.com\/en\/wp-json\/wp\/v2\/types\/product"}],"replies":[{"embeddable":true,"href":"https:\/\/karabatak.com\/en\/wp-json\/wp\/v2\/comments?post=15094"}],"wp:featuredmedia":[{"embeddable":true,"href":"https:\/\/karabatak.com\/en\/wp-json\/wp\/v2\/media\/23540"}],"wp:attachment":[{"href":"https:\/\/karabatak.com\/en\/wp-json\/wp\/v2\/media?parent=15094"}],"wp:term":[{"taxonomy":"product_cat","embeddable":true,"href":"https:\/\/karabatak.com\/en\/wp-json\/wp\/v2\/product_cat?post=15094"},{"taxonomy":"product_tag","embeddable":true,"href":"https:\/\/karabatak.com\/en\/wp-json\/wp\/v2\/product_tag?post=15094"}],"curies":[{"name":"wp","href":"https:\/\/api.w.org\/{rel}","templated":true}]}}