{"id":5212,"date":"2021-08-25T07:26:28","date_gmt":"2021-08-25T07:26:28","guid":{"rendered":"http:\/\/dummy.xtemos.com\/woodmart2\/?page_id=5212"},"modified":"2024-01-25T16:30:22","modified_gmt":"2024-01-25T13:30:22","slug":"hakkimizda","status":"publish","type":"page","link":"https:\/\/karabatak.com\/en\/about-us\/","title":{"rendered":"About Us"},"content":{"rendered":"<section class=\"wpb-content-wrapper\"><div class=\"vc_row wpb_row vc_row-fluid vc_custom_1700044725562 wd-rs-65549faf381f4\"><div class=\"wpb_column vc_column_container vc_col-sm-6\"><div class=\"vc_column-inner\"><div class=\"wpb_wrapper\">\n\t<div  class=\"wpb_single_image wpb_content_element vc_align_center\">\n\t\t\n\t\t<figure class=\"wpb_wrapper vc_figure\">\n\t\t\t<div class=\"vc_single_image-wrapper   vc_box_border_grey\"><img decoding=\"async\" width=\"1300\" height=\"1389\" src=\"https:\/\/karabatak.com\/wp-content\/uploads\/2024\/01\/10.53-10x11.jpg\" class=\"vc_single_image-img attachment-full wd-lazy-load wd-lazy-blur\" alt=\"\" title=\"10.53\" srcset=\"\" sizes=\"(max-width: 1300px) 100vw, 1300px\" data-wood-src=\"https:\/\/karabatak.com\/wp-content\/uploads\/2024\/01\/10.53.jpg\" data-srcset=\"https:\/\/karabatak.com\/wp-content\/uploads\/2024\/01\/10.53.jpg 1300w, https:\/\/karabatak.com\/wp-content\/uploads\/2024\/01\/10.53-281x300.jpg 281w, https:\/\/karabatak.com\/wp-content\/uploads\/2024\/01\/10.53-749x800.jpg 749w, https:\/\/karabatak.com\/wp-content\/uploads\/2024\/01\/10.53-768x821.jpg 768w, https:\/\/karabatak.com\/wp-content\/uploads\/2024\/01\/10.53-11x12.jpg 11w, https:\/\/karabatak.com\/wp-content\/uploads\/2024\/01\/10.53-860x919.jpg 860w, https:\/\/karabatak.com\/wp-content\/uploads\/2024\/01\/10.53-430x459.jpg 430w, https:\/\/karabatak.com\/wp-content\/uploads\/2024\/01\/10.53-700x748.jpg 700w, https:\/\/karabatak.com\/wp-content\/uploads\/2024\/01\/10.53-150x160.jpg 150w\" \/><\/div>\n\t\t<\/figure>\n\t<\/div>\n<\/div><\/div><\/div><div class=\"wpb_column vc_column_container vc_col-sm-6 wd-rs-6554bcdbde3e2\"><div class=\"vc_column-inner vc_custom_1700052192491\"><div class=\"wpb_wrapper\">\n\t\t<div id=\"wd-6485f93e25d6e\" class=\"title-wrapper wd-wpb set-mb-s reset-last-child  wd-rs-6485f93e25d6e wd-title-color-primary wd-title-style-default text-left vc_custom_1686501721747 wd-underline-colored\">\n\t\t\t\t\t\t\t<div class=\"title-subtitle  subtitle-color-primary font-default subtitle-style-default wd-font-weight-600 wd-fontsize-xs\">Inspired by the Cormorant Bird...<\/div>\n\t\t\t\n\t\t\t<div class=\"liner-continer\">\n\t\t\t\t<h4 class=\"woodmart-title-container title  wd-font-weight- wd-fontsize-xxl\" >About Us<\/h4>\n\t\t\t\t\t\t\t<\/div>\n\t\t\t\n\t\t\t\n\t\t\t\n\t\t<\/div>\n\t\t\n\t\t\t\t<div id=\"wd-65b2625606128\" class=\"wd-text-block wd-wpb reset-last-child wd-rs-65b2625606128 text-left wd-fontsize-custom vc_custom_1706189416026\">\n\t\t\t<p>Karabatak is a coffee shop located in Karak\u00f6y, Beyo\u011flu district of Istanbul.<\/p>\n<p>This old 2-storey building, located in an area of approximately 800 square meters with its small shops around it, was previously an abandoned metal workshop and industrial spare parts shop.<\/p>\n<p>The renovation of these abandoned old workshops began in 2010 and opened its doors as a cafe in June 2011.<\/p>\n\t\t<\/div>\n\t\t\t\t<div id=\"wd-6485f8ee7e0f1\" class=\"wd-text-block wd-wpb reset-last-child wd-rs-6485f8ee7e0f1 text-left wd-width-enabled wd-fontsize-s vc_custom_1686501637752\" style=\"--wd-max-width: 90%;\">\n\t\t\t<p><em>The cormorant is Istanbul&#039;s iconic bird, and you can see many of them diving into the Bosphorus to catch fish. The English word for cormorant is &quot;cormorant.&quot;<\/em><\/p>\n\t\t<\/div>\n\t\t<\/div><\/div><\/div><\/div><div data-vc-full-width=\"true\" data-vc-full-width-init=\"false\" data-vc-stretch-content=\"true\" class=\"vc_row wpb_row vc_row-fluid vc_custom_1700054840448 vc_row-has-fill wd-rs-6554c72fd1471\"><div class=\"wpb_column vc_column_container vc_col-sm-12 wd-rs-6554c4398bc98\"><div class=\"vc_column-inner vc_custom_1700054080386\"><div class=\"wpb_wrapper\">\n\t\t<div id=\"wd-6554c29552bee\" class=\"title-wrapper wd-wpb set-mb-s reset-last-child  wd-rs-6554c29552bee wd-title-color-default wd-title-style- text-left\">\n\t\t\t\n\t\t\t<div class=\"liner-continer\">\n\t\t\t\t<h1 class=\"woodmart-title-container title  wd-font-weight-600 wd-fontsize-xxl\" >History of the Karak\u00f6y Region<\/h1>\n\t\t\t\t\t\t\t<\/div>\n\t\t\t\n\t\t\t\n\t\t\t\n\t\t<\/div>\n\t\t\n\t\t\t\t<div id=\"wd-6554c489a58cb\" class=\"wd-text-block wd-wpb reset-last-child wd-rs-6554c489a58cb text-left wd-fontsize-custom vc_custom_1700054158839\">\n\t\t\t<p>Karak\u00f6y, the modern name for Old Galata, is a commercial district in the Beyo\u011flu district of Istanbul, located on the northern part of the Golden Horn mouth on the European side of the Bosphorus.<\/p>\n<p>Karak\u00f6y, one of the city&#039;s oldest and most historic districts, is today a major commercial and transportation hub. The area is connected to surrounding districts via streets originating from Karak\u00f6y Square. The Galata Bridge connects Karak\u00f6y to Emin\u00f6n\u00fc to the southwest, Tersane Street to the west, Azapkap\u0131 to the west, Voyvoda Street and \u015ei\u015fhane to the northwest, Y\u00fcksek Kald\u0131r\u0131m Street, Kemeralt\u0131 Street, and Necatibey Street to the north, and Tophane to the northeast. Originally a meeting place for banks and insurance companies in the 19th century, the commercial district now houses suppliers of mechanical, electrical, plumbing, and electronic parts.<\/p>\n<p>Karak\u00f6y, a port area across the Golden Horn from Constantinople, has existed since the Byzantine era, when the northern shore of the Golden Horn was a separate settlement. After the city&#039;s conquest from the Latin Empire in 1261, the Byzantine emperor granted Genoese merchants permission to settle and do business there as part of a defensive pact.<\/p>\n<p>The region developed rapidly, and the Genoese built strong fortifications to protect themselves and their depots. Parts of the Genoese walls are still visible, but the Galata Tower, the highest and strongest point of the walls, is the most visible of all. In the 15th century, Galata looked just like an Italian city.<\/p>\n<p>In 1455, immediately after the conquest of Constantinople, the region had three population categories: temporary, Genoese, Venetian, and Catalan merchants; Genoese citizens of Ottoman citizenship; Greeks, Armenians, and Jews. The composition of the population soon changed, and according to the 1478 census, almost half of the district&#039;s population was Muslim. After 1500, more Sephardic Jews fleeing the Spanish Inquisition settled here.<\/p>\n<p>Karak\u00f6y experienced a second wave of Christian influx (1854-1856) when Allied forces, including British, French, and Italian, arrived in Istanbul to fight in the Crimean War. The lack of piers made unloading troops and military equipment difficult. In 1879, a French company obtained a concession to build a dock in Karak\u00f6y, which was completed in 1891.<\/p>\n<p>In the last decade of the 19th century, Karak\u00f6y developed into a banking district. The Ottoman Bank established its headquarters here, and Italian and Austrian insurance companies opened branches.<\/p>\n<p>With increasing trade activity in the early 20th century, the port was expanded with customs buildings, passenger terminals, and maritime warehouses. Karak\u00f6y also became famous for the Greek taverns along the docks.<\/p>\n<p>After 1917, thousands of White Russians fleeing the Bolshevik Revolution landed here and settled in the area.<\/p>\n\t\t<\/div>\n\t\t<div class=\"vc_row wpb_row vc_inner vc_row-fluid vc_row-o-content-middle vc_row-flex\"><div class=\"wpb_column vc_column_container vc_col-sm-6\"><div class=\"vc_column-inner vc_custom_1617632364304\"><div class=\"wpb_wrapper\">\t\t<div id=\"wd-6485fa8559f39\" class=\"wd-text-block wd-wpb reset-last-child wd-rs-6485fa8559f39 text-left vc_custom_1686502037116\">\n\t\t\t<p><strong>Share<\/strong><\/p>\n\t\t<\/div>\n\t\t<\/div><\/div><\/div><div class=\"wpb_column vc_column_container vc_col-sm-6 vc_hidden-sm vc_hidden-xs wd-rs-6554c3b79f2a3\"><div class=\"vc_column-inner vc_custom_1700053954345\"><div class=\"wpb_wrapper\">\n\t\t\t<div class=\"wd-rs-6554c43022d7c wd-social-icons  icons-design-colored-alt icons-size-small color-scheme-dark social-share social-form-circle text-right\">\n\n\t\t\t\t\n\t\t\t\t\t\t\t\t\t<a rel=\"noopener noreferrer nofollow\" href=\"https:\/\/www.facebook.com\/sharer\/sharer.php?u=https:\/\/karabatak.com\/en\/about-us\/\" target=\"_blank\" class=\"wd-social-icon social-facebook\" aria-label=\"Facebook social link\">\n\t\t\t\t\t\t<span class=\"wd-icon\"><\/span>\n\t\t\t\t\t\t\t\t\t\t\t<\/a>\n\t\t\t\t\n\t\t\t\t\t\t\t\t\t<a rel=\"noopener noreferrer nofollow\" href=\"https:\/\/x.com\/share?url=https:\/\/karabatak.com\/en\/about-us\/\" target=\"_blank\" class=\"wd-social-icon social-twitter\" aria-label=\"X social link\">\n\t\t\t\t\t\t<span class=\"wd-icon\"><\/span>\n\t\t\t\t\t\t\t\t\t\t\t<\/a>\n\t\t\t\t\n\t\t\t\t\n\t\t\t\t\n\t\t\t\t\n\t\t\t\t\t\t\t\t\t<a rel=\"noopener noreferrer nofollow\" href=\"https:\/\/pinterest.com\/pin\/create\/button\/?url=https:\/\/karabatak.com\/en\/about-us\/&media=https:\/\/karabatak.com\/wp-includes\/images\/media\/default.svg&description=Hakk%C4%B1m%C4%B1zda\" target=\"_blank\" class=\"wd-social-icon social-pinterest\" aria-label=\"Pinterest social link\">\n\t\t\t\t\t\t<span class=\"wd-icon\"><\/span>\n\t\t\t\t\t\t\t\t\t\t\t<\/a>\n\t\t\t\t\n\t\t\t\t\n\t\t\t\t\t\t\t\t\t<a rel=\"noopener noreferrer nofollow\" href=\"https:\/\/www.linkedin.com\/shareArticle?mini=true&url=https:\/\/karabatak.com\/en\/about-us\/\" target=\"_blank\" class=\"wd-social-icon social-linkedin\" aria-label=\"Linkedin social link\">\n\t\t\t\t\t\t<span class=\"wd-icon\"><\/span>\n\t\t\t\t\t\t\t\t\t\t\t<\/a>\n\t\t\t\t\n\t\t\t\t\n\t\t\t\t\n\t\t\t\t\n\t\t\t\t\n\t\t\t\t\n\t\t\t\t\n\t\t\t\t\n\t\t\t\t\n\t\t\t\t\t\t\t\t\t<a rel=\"noopener noreferrer nofollow\" href=\"https:\/\/api.whatsapp.com\/send?text=https%3A%2F%2Fkarabatak.com%2Fen%2Fabout-us%2F\" target=\"_blank\" class=\"whatsapp-desktop  wd-social-icon social-whatsapp\" aria-label=\"WhatsApp social link\">\n\t\t\t\t\t\t<span class=\"wd-icon\"><\/span>\n\t\t\t\t\t\t\t\t\t\t\t<\/a>\n\t\t\t\t\t\n\t\t\t\t\t<a rel=\"noopener noreferrer nofollow\" href=\"whatsapp:\/\/send?text=https%3A%2F%2Fkarabatak.com%2Fen%2Fabout-us%2F\" target=\"_blank\" class=\"whatsapp-mobile  wd-social-icon social-whatsapp\" aria-label=\"WhatsApp social link\">\n\t\t\t\t\t\t<span class=\"wd-icon\"><\/span>\n\t\t\t\t\t\t\t\t\t\t\t<\/a>\n\t\t\t\t\n\t\t\t\t\t\t\t\t\n\t\t\t\t\t\t\t\t\n\t\t\t\t\n\t\t\t\t\n\t\t\t\t\t\t\t\t\n\t\t\t\t\n\t\t\t<\/div>\n\n\t\t<\/div><\/div><\/div><\/div><\/div><\/div><\/div><\/div><div class=\"vc_row-full-width vc_clearfix\"><\/div>\n<\/section>","protected":false},"excerpt":{"rendered":"Inspired by the Cormorant Bird... About Us Cormorant is a coffee shop located in Karak\u00f6y, Beyo\u011flu district of Istanbul. Along with its small shops around it,","protected":false},"author":1,"featured_media":0,"parent":0,"menu_order":0,"comment_status":"closed","ping_status":"closed","template":"","meta":{"footnotes":""},"class_list":["post-5212","page","type-page","status-publish","hentry"],"yoast_head":"<!-- This site is optimized with the Yoast SEO plugin v27.2 - https:\/\/yoast.com\/product\/yoast-seo-wordpress\/ -->\n<title>Hakk\u0131m\u0131zda - Karabatak<\/title>\n<meta name=\"robots\" content=\"index, follow, max-snippet:-1, max-image-preview:large, max-video-preview:-1\" \/>\n<link rel=\"canonical\" href=\"https:\/\/karabatak.com\/en\/about-us\/\" \/>\n<meta property=\"og:locale\" content=\"en_GB\" \/>\n<meta property=\"og:type\" content=\"article\" \/>\n<meta property=\"og:title\" content=\"Hakk\u0131m\u0131zda - Karabatak\" \/>\n<meta property=\"og:url\" content=\"https:\/\/karabatak.com\/en\/about-us\/\" \/>\n<meta property=\"og:site_name\" content=\"Karabatak\" \/>\n<meta property=\"article:modified_time\" content=\"2024-01-25T13:30:22+00:00\" \/>\n<meta name=\"twitter:card\" content=\"summary_large_image\" \/>\n<meta name=\"twitter:label1\" content=\"Estimated reading time\" \/>\n\t<meta name=\"twitter:data1\" content=\"4 minutes\" \/>\n<script type=\"application\/ld+json\" class=\"yoast-schema-graph\">{\"@context\":\"https:\/\/schema.org\",\"@graph\":[{\"@type\":\"WebPage\",\"@id\":\"https:\/\/karabatak.com\/en\/about-us\/\",\"url\":\"https:\/\/karabatak.com\/en\/about-us\/\",\"name\":\"Hakk\u0131m\u0131zda - Karabatak\",\"isPartOf\":{\"@id\":\"https:\/\/karabatak.com\/#website\"},\"datePublished\":\"2021-08-25T07:26:28+00:00\",\"dateModified\":\"2024-01-25T13:30:22+00:00\",\"inLanguage\":\"en-GB\",\"potentialAction\":[{\"@type\":\"ReadAction\",\"target\":[\"https:\/\/karabatak.com\/en\/about-us\/\"]}]},{\"@type\":\"WebSite\",\"@id\":\"https:\/\/karabatak.com\/#website\",\"url\":\"https:\/\/karabatak.com\/\",\"name\":\"Karabatak\",\"description\":\"Karabatak ve Julius Meinl T\u00fcrkiye Distrib\u00fct\u00f6r\u00fc\",\"publisher\":{\"@id\":\"https:\/\/karabatak.com\/#organization\"},\"potentialAction\":[{\"@type\":\"SearchAction\",\"target\":{\"@type\":\"EntryPoint\",\"urlTemplate\":\"https:\/\/karabatak.com\/?s={search_term_string}\"},\"query-input\":{\"@type\":\"PropertyValueSpecification\",\"valueRequired\":true,\"valueName\":\"search_term_string\"}}],\"inLanguage\":\"en-GB\"},{\"@type\":\"Organization\",\"@id\":\"https:\/\/karabatak.com\/#organization\",\"name\":\"Karabatak\",\"url\":\"https:\/\/karabatak.com\/\",\"logo\":{\"@type\":\"ImageObject\",\"inLanguage\":\"en-GB\",\"@id\":\"https:\/\/karabatak.com\/#\/schema\/logo\/image\/\",\"url\":\"https:\/\/karabatak.com\/wp-content\/uploads\/2023\/05\/logo-100x100-100x100-1.png\",\"contentUrl\":\"https:\/\/karabatak.com\/wp-content\/uploads\/2023\/05\/logo-100x100-100x100-1.png\",\"width\":100,\"height\":100,\"caption\":\"Karabatak\"},\"image\":{\"@id\":\"https:\/\/karabatak.com\/#\/schema\/logo\/image\/\"}}]}<\/script>\n<!-- \/ Yoast SEO plugin. -->","yoast_head_json":{"title":"Hakk\u0131m\u0131zda - Karabatak","robots":{"index":"index","follow":"follow","max-snippet":"max-snippet:-1","max-image-preview":"max-image-preview:large","max-video-preview":"max-video-preview:-1"},"canonical":"https:\/\/karabatak.com\/en\/about-us\/","og_locale":"en_GB","og_type":"article","og_title":"Hakk\u0131m\u0131zda - Karabatak","og_url":"https:\/\/karabatak.com\/en\/about-us\/","og_site_name":"Karabatak","article_modified_time":"2024-01-25T13:30:22+00:00","twitter_card":"summary_large_image","twitter_misc":{"Estimated reading time":"4 minutes"},"schema":{"@context":"https:\/\/schema.org","@graph":[{"@type":"WebPage","@id":"https:\/\/karabatak.com\/en\/about-us\/","url":"https:\/\/karabatak.com\/en\/about-us\/","name":"Hakk\u0131m\u0131zda - Karabatak","isPartOf":{"@id":"https:\/\/karabatak.com\/#website"},"datePublished":"2021-08-25T07:26:28+00:00","dateModified":"2024-01-25T13:30:22+00:00","inLanguage":"en-GB","potentialAction":[{"@type":"ReadAction","target":["https:\/\/karabatak.com\/en\/about-us\/"]}]},{"@type":"WebSite","@id":"https:\/\/karabatak.com\/#website","url":"https:\/\/karabatak.com\/","name":"Karabatak","description":"Karabatak ve Julius Meinl T\u00fcrkiye Distrib\u00fct\u00f6r\u00fc","publisher":{"@id":"https:\/\/karabatak.com\/#organization"},"potentialAction":[{"@type":"SearchAction","target":{"@type":"EntryPoint","urlTemplate":"https:\/\/karabatak.com\/?s={search_term_string}"},"query-input":{"@type":"PropertyValueSpecification","valueRequired":true,"valueName":"search_term_string"}}],"inLanguage":"en-GB"},{"@type":"Organization","@id":"https:\/\/karabatak.com\/#organization","name":"Karabatak","url":"https:\/\/karabatak.com\/","logo":{"@type":"ImageObject","inLanguage":"en-GB","@id":"https:\/\/karabatak.com\/#\/schema\/logo\/image\/","url":"https:\/\/karabatak.com\/wp-content\/uploads\/2023\/05\/logo-100x100-100x100-1.png","contentUrl":"https:\/\/karabatak.com\/wp-content\/uploads\/2023\/05\/logo-100x100-100x100-1.png","width":100,"height":100,"caption":"Karabatak"},"image":{"@id":"https:\/\/karabatak.com\/#\/schema\/logo\/image\/"}}]}},"_links":{"self":[{"href":"https:\/\/karabatak.com\/en\/wp-json\/wp\/v2\/pages\/5212","targetHints":{"allow":["GET"]}}],"collection":[{"href":"https:\/\/karabatak.com\/en\/wp-json\/wp\/v2\/pages"}],"about":[{"href":"https:\/\/karabatak.com\/en\/wp-json\/wp\/v2\/types\/page"}],"author":[{"embeddable":true,"href":"https:\/\/karabatak.com\/en\/wp-json\/wp\/v2\/users\/1"}],"replies":[{"embeddable":true,"href":"https:\/\/karabatak.com\/en\/wp-json\/wp\/v2\/comments?post=5212"}],"version-history":[{"count":0,"href":"https:\/\/karabatak.com\/en\/wp-json\/wp\/v2\/pages\/5212\/revisions"}],"wp:attachment":[{"href":"https:\/\/karabatak.com\/en\/wp-json\/wp\/v2\/media?parent=5212"}],"curies":[{"name":"wp","href":"https:\/\/api.w.org\/{rel}","templated":true}]}}