{"id":3,"date":"2023-05-23T00:24:48","date_gmt":"2023-05-22T21:24:48","guid":{"rendered":"http:\/\/karabatak.com\/?page_id=3"},"modified":"2025-12-08T13:15:25","modified_gmt":"2025-12-08T10:15:25","slug":"mesafeli-satis-sozlesmesi","status":"publish","type":"page","link":"https:\/\/karabatak.com\/en\/distance-sales-contract\/","title":{"rendered":"Distance Sales Agreement"},"content":{"rendered":"<section class=\"wpb-content-wrapper\"><div class=\"vc_row wpb_row vc_row-fluid\"><div class=\"wpb_column vc_column_container vc_col-sm-12\"><div class=\"vc_column-inner\"><div class=\"wpb_wrapper\">\n\t<div class=\"wpb_text_column wpb_content_element\" >\n\t\t<div class=\"wpb_wrapper\">\n\t\t\t<p><strong>WARNING<\/strong><\/p>\n<p>Every customer who becomes a member of our website and makes a purchase is deemed to have read and accepted all the articles of our sales contract below, without the need for any further notice.<\/p>\n<p><strong>www.karabatak.com DISTANCE SALES AGREEMENT<\/strong><\/p>\n<p>This contract has been drawn up in accordance with the Regulation on the Application Procedures and Principles of Distance Contracts published in the Official Gazette dated 13.06.2003 and numbered 25137, and is as follows in its articles.<\/p>\n<p><strong>ARTICLE 1 - SUBJECT<\/strong><\/p>\n<p>The subject of this contract covers the rights and obligations of the parties in accordance with the provisions of the Law on the Protection of Consumers No. 4077 - Regulation on the Application Principles and Procedures of Distance Contracts, in relation to the sale and delivery of the product, the characteristics and sales price of which are specified below, which the SELLER sells to the BUYER. <strong>BUYER<\/strong>,\u00a0<strong>SALES PERSON<\/strong>The customer accepts and declares that he\/she has been informed by the seller in a clear, understandable and online manner about the name, title, full address, telephone and other contact information, basic characteristics of the goods for sale, sales price, payment method, delivery conditions and costs, etc., all preliminary information about the goods for sale, the use of the right of &quot;withdrawal&quot; and how to use this right, the official authorities to whom he\/she can submit his\/her complaints and objections, etc., and that he\/she has confirmed this preliminary information electronically and has subsequently ordered the goods, in accordance with the provisions of this contract.<\/p>\n<p><strong>ARTICLE 2<\/strong><\/p>\n<p><strong>2.1- SELLER INFORMATION<\/strong><\/p>\n<p>Title: <strong>KENOBI FOREIGN TRADE LIMITED COMPANY<\/strong><\/p>\n<p>Address: Kemanke\u015f karamustafa Pa\u015fa neighborhood Kara Ali Kaptan Street No 5 Karak\u00f6y- Beyo\u011flu Istanbul<\/p>\n<p>Wire:<\/p>\n<p>From now on &#039;<strong>SALES PERSON<\/strong> &#039; will be referred to as.<\/p>\n<p><strong>ARTICLE 2.2 - BUYER INFORMATION<\/strong><\/p>\n<p>A person who is a member of the www.karabatak.com shopping site and\/or makes purchases as a customer.<br \/>\nThe address and contact information used when registering and\/or making purchases are taken into account.<\/p>\n<p><strong>ARTICLE 3 - PRODUCT INFORMATION SUBJECT TO THE CONTRACT<\/strong><\/p>\n<p>The type, quantity, brand\/model, number, sales price and payment method of the Goods\/Product\/Service consist of the information at the time the order is finalized.<\/p>\n<p><strong>ARTICLE 4 - GENERAL PROVISIONS<\/strong><\/p>\n<p>4.1 - The BUYER declares that it has read and is aware of the basic characteristics, sales price, payment method, and all preliminary information regarding delivery of the product(s) subject to the contract specified in Article 3, and that it has provided the necessary confirmation electronically. The type and kind of goods\/services, quantity, brand\/model, and sales price (including all taxes) are as follows. If, during delivery, products of the following qualities are delivered but in larger quantities than ordered, or products of a higher quality than ordered, or products that are different from the order,\u00a0<strong>SALES PERSON<\/strong>Upon application of and all shipping costs\u00a0<strong>SALES PERSON<\/strong>Goods delivered outside the scope of the contract, belonging to ,\u00a0<strong>BUYER<\/strong>\u00a0by\u00a0<strong>SALES PERSON<\/strong>It will be delivered to the authorized personnel of or the cargo officer assigned with the return.<\/p>\n<p>4.2- Delivery costs under normal conditions\u00a0<strong>BUYER<\/strong>It belongs to. However\u00a0<strong>SALES PERSON<\/strong>If the website declares that the delivery costs of those who shop above the declared amount will be covered by the delivery cost,\u00a0<strong>SALES PERSON<\/strong>Delivery is subject to availability of stock and price of goods.\u00a0<strong>SALES PERSON<\/strong>It is done as soon as possible after it is transferred to &#039;s account.\u00a0<strong>SALES PERSON<\/strong>, delivers the goods\/services within 30 (thirty) days from the date of order. If, for any reason, the price of the goods\/services is not paid or is cancelled in the bank records,\u00a0<strong>SALES PERSON<\/strong>\u00a0The cargo company is deemed to be relieved of its obligation to deliver the goods\/services. In areas where the cargo company delivers only once a week, there may be a delay in the specified delivery time due to inaccuracies or omissions in the shipping information, or in certain social events and natural disasters. Due to these delays,\u00a0<strong>BUYER<\/strong>,\u00a0<strong>SALES PERSON<\/strong>cannot impose any liability on the product,\u00a0<strong>BUYER<\/strong>If the product is to be delivered to a person\/organization other than , the person\/organization to whom the product is to be delivered does not accept the delivery, the shipment information is incorrect and\/or\u00a0<strong>BUYER<\/strong>Extra shipping costs that may arise due to &#039;s absence\u00a0<strong>SALES PERSON<\/strong>\u00a0is not responsible.<\/p>\n<p>4.3- If the product subject to the contract is to be delivered to a person\/organization other than the BUYER, the Seller cannot be held responsible if the person\/organization to whom the product is to be delivered does not accept the delivery.<\/p>\n<p>4.4- In the event of a damaged package, the package should not be accepted and a report should be filed with the courier company. If the courier company officer determines that the package is not damaged, the recipient has the right to open the package on-site, verify that the products have been delivered undamaged, and request that the situation be documented in a report.\u00a0<strong>BUYER<\/strong>\u00a0Once the package is received by the courier company, it is deemed that it has fulfilled its duty. If the package is not accepted and a report is kept, the situation is\u00a0<strong>BUYER<\/strong>It must be reported to the seller&#039;s Customer Services as soon as possible, along with the remaining copy.<\/p>\n<p>4.5-<strong> SALES PERSON<\/strong>\u00a0when deemed necessary,\u00a0<strong>BUYER<\/strong>If the information provided by does not correspond to the truth or if it is determined that contradictory information has been given, it reserves the right to stop the order in order to fulfill its obligations of performance correctly.\u00a0<strong>SALES PERSON<\/strong>\u00a0In cases where a problem is detected in the order\u00a0<strong>BUYER<\/strong>From the telephone, e-mail and postal addresses given by\u00a0<strong>BUYER<\/strong>If it cannot reach the order, it suspends the execution of the order for 15 (fifteen) days.\u00a0<strong>BUYER<\/strong>During this period of\u00a0<strong>SALES PERSON<\/strong>\u00a0It is expected that the company will contact you regarding the issue. During this period,\u00a0<strong>BUYER<\/strong>If no response is received from\u00a0<strong>SALES PERSON<\/strong>, cancels the order to avoid damage to both parties.<\/p>\n<p>4.6- A signed copy of this contract is required for the delivery of the contractual product. <strong>To the SELLER<\/strong> It is required that the product has been delivered and paid using the payment method preferred by the BUYER. If, for any reason, the product price is not paid or is cancelled in bank records, <strong>SALES PERSON<\/strong> is deemed to be relieved of the obligation to deliver the product.<\/p>\n<p>4.7 \u2013\u00a0<strong>For the delivery of the contracted product, the price of this contract must be paid using the payment method preferred by the BUYER. If the product price is not paid for any reason or is canceled in bank records, the SELLER will be deemed to have been released from its obligation to deliver the product. The BUYER will inspect the contracted goods\/services before accepting them and will not accept damaged or defective goods\/services such as crushed, broken, torn packaging, etc. from the cargo company. The goods\/services received will be deemed undamaged and intact. The obligation to carefully protect the goods\/services after delivery rests with the BUYER. If the relevant bank or financial institution fails to pay the price of the goods\/services to the SELLER due to unauthorized or illegal use of the BUYER&#039;s credit card by unauthorized persons not due to the BUYER&#039;s fault after delivery of the goods\/services, the BUYER is obligated to return the goods\/services to the SELLER within 3 (three) days, provided that they were delivered to the BUYER. In this case, the invoice must also be returned and all shipping costs are the responsibility of the BUYER.<\/strong><\/p>\n<p><strong><br \/>\n<\/strong>4.8- If the Seller is unable to deliver the contracted product within the specified time due to force majeure or extraordinary circumstances such as adverse weather conditions or transportation interruptions, and if this situation exceeds two business days, the Seller is obligated to notify the BUYER. In such cases, the BUYER may exercise one of the following rights: cancel the order, replace the contracted product with a comparable product, if any, and\/or postpone the delivery until the impeding condition is resolved. If the BUYER cancels the order, the amount paid will be refunded to the BUYER within ten (10) days.<\/p>\n<p>4.8 - If applicable, the SELLER will send the product warranty. Products sold with or without a warranty certificate that are defective or broken may be sent to Kenobi for necessary repairs under warranty conditions, in which case the shipping costs will be covered by the SELLER. The BUYER acknowledges that a warranty certificate is not applicable to food products. The BUYER&#039;s rights are as stated above.<\/p>\n<p>4.8 &#8211; <strong>\u015eirketimiz, 5996 say\u0131l\u0131 Kanun ve G\u0131da \u0130\u015fletmelerinin Kay\u0131t ve Onay \u0130\u015flemlerine Dair Y\u00f6netmelik uyar\u0131nca, sat\u0131\u015fa arac\u0131l\u0131k eden ticari i\u015fletme niteli\u011finde olup bu kapsamda an\u0131lan mevzuat \u00e7er\u00e7evesinde g\u0131da i\u015fletmesi kay\u0131t\/i\u015fletme belgesi alma y\u00fck\u00fcml\u00fcl\u00fc\u011f\u00fc bulunmamaktad\u0131r. Web sitemiz \u00fczerinden sat\u0131\u015f\u0131 yap\u0131lan \u00fcr\u00fcnler, do\u011frudan T\u00fcrkiye distrib\u00fct\u00f6r\u00fc olan ilgili firman\u0131n deposundan sevk edilmekte ve kargolanmakta olup, s\u00f6z konusu \u00fcr\u00fcnler \u015eirketimiz b\u00fcnyesinde veya depolar\u0131nda fiziksel olarak bulundurulmamaktad\u0131r.<\/strong><\/p>\n<p>4.9- This Agreement is deemed to have been read in its entirety by the BUYER and is deemed to have been accepted and signed by checking the agreement checkbox during registration on the website or by placing an order. The BUYER acknowledges that he\/she is personally responsible for reading and understanding this Agreement in its entirety.<\/p>\n<p><strong>ARTICLE 5 - RIGHT OF WITHDRAWAL<\/strong><\/p>\n<p>The BUYER has the right of withdrawal within seven (14) days from the delivery of the product subject to the contract to them or to the person\/entity at the address they have indicated. To exercise the right of withdrawal, the SELLER must be notified by fax, e-mail or telephone within this period and the product must not have been used in accordance with the provisions of the relevant article. In case of exercise of this right, a copy of the cargo delivery report certifying that the product delivered to a third party or the BUYER was sent to the SELLER and the original invoice must be returned. The product price will be refunded to the BUYER within seven (7) days following the receipt of these documents. If the original invoice is not returned, VAT and any other legal obligations cannot be refunded. The shipping cost of the product returned due to the right of withdrawal will be covered by the BUYER. Returns cannot be made if the packaging is damaged, opened, used, or in violation of hygiene conditions.<\/p>\n<p><strong>Pursuant to Article 15\/c and other relevant articles of the Distance Selling Regulation, food products sent in sealed and hygienic packaging are non-returnable and are exempt from the right of withdrawal. The BUYER understands and accepts that the right of withdrawal cannot be exercised for products that cannot be returned due to their nature, single-use products, products that are prone to rapid deterioration or have expired, products manufactured in accordance with the consumer&#039;s specific requests and demands, or products that have been personalized by making changes or additions. <\/strong><\/p>\n<p>If payment is made by credit card or similar payment card, the consumer may request that the payment be canceled on the grounds that the card was used without their consent or in an unlawful manner. In this case, the card issuing institution will refund the payment amount to the consumer within ten (10) days of receiving notification of the objection. However, if products that cannot be returned due to their nature are received and opened by the BUYER, a refund will not be possible. The provisions of Article 4.6 are reserved.<\/p>\n<p><strong>ARTICLE 6 - ORDER CANCELLATION AND RETURN<\/strong><\/p>\n<p>If you wish to cancel your order for any reason, simply contact us by phone, email, or through the message section of our website. Your orders will be canceled without the need to provide a reason. If your order is canceled after the product has been shipped, you will be charged the shipping costs. When you cancel your order, please provide us with information such as your order date, order number, username, and product name. If the cancelled order has been shipped, it must be returned by the same courier, without being accepted by the BUYER. Otherwise, the provisions of the above Articles are reserved.<\/p>\n<p><strong>BUYER&#039;S<\/strong>\u00a0In cases where the right of withdrawal is used or the product subject to the order cannot be supplied for various reasons or with the decisions of the arbitration committee.\u00a0<strong>To the BUYER<\/strong>\u00a0In cases where a refund is decided, if the purchase was made by credit card and in installments, the procedure for refunding the credit card is stated below:<\/p>\n<p><strong>BUYER<\/strong>\u00a0Bank, how many installments did you pay to buy the product?\u00a0<strong>BUYER<\/strong>\u00a0repayment is made in installments.\u00a0<strong>SALES PERSON<\/strong>\u00a0After paying the full product price to the bank in one go, installment payments made from bank POS\u00a0<strong>BUYER&#039;S<\/strong>\u00a0In case of refund to the credit card, the requested refund amounts are transferred to the holder&#039;s account in installments by the Bank in order to prevent the parties involved from being victimized.\u00a0<strong>BUYER&#039;S<\/strong>\u00a0If the installment amounts paid until the sale cancellation do not coincide with the refund date and the card&#039;s statement date, 1 (one) refund will be reflected on the card each month.\u00a0<strong>BUYER<\/strong>\u00a0After the installments of the sale are completed, the installments paid before the return will be credited for an additional month equal to the number of installments paid before the return and will be deducted from the existing debts.<\/p>\n<p>In case of return of goods and services purchased with the card<strong>\u00a0SALES PERSON<\/strong>, in accordance with the contract made with the Bank\u00a0<strong>To the BUYER<\/strong>\u00a0cannot pay with cash.\u00a0<strong>SALES PERSON<\/strong>In case of a refund, it will make the refund through the relevant software,\u00a0<strong>SALES PERSON<\/strong>\u00a0Since the Bank is obliged to pay the relevant amount in cash or on account, in accordance with the procedure we have explained above,\u00a0<strong>To the BUYER<\/strong>\u00a0Payment cannot be made in cash. Refunds to credit cards are not accepted.\u00a0<strong>SELLER&#039;s<\/strong>\u00a0After the one-time payment of the amount to the Bank, the Bank will make the payment in accordance with the above procedure.<\/p>\n<p><strong>BUYER<\/strong>, acknowledges and undertakes that he\/she has read and accepted this procedure.<\/p>\n<p>In the implementation of this contract, Consumer Arbitration Committees and Consumer Courts in the Seller&#039;s place of residence are authorized up to the value declared by the Ministry of Industry and Trade.<\/p>\n<p><strong>ARTICLE 7 - COMPETENT COURT<\/strong><\/p>\n<p>In case of disputes arising from this contract directly,\u00a0<strong>BUYER&#039;S<\/strong>\u00a0The Consumer Problems Arbitration Committee or Consumer Court at the place where the residence is located or where the consumer transaction was made has jurisdiction. (In terms of the monetary limits regarding the duty and authority of the Consumer Arbitration Committees to hear disputes for the year 2020 within the monetary limits determined by the Ministry of Customs and Trade every December (the current limit will be applied); District consumer arbitration committees are competent in disputes below 6,920 TL; in provinces with metropolitan status, provincial consumer arbitration committees are competent in disputes between 6,920 TL and 10,390 TL; in the centers of provinces that are not metropolitan, provincial consumer arbitration committees are competent in disputes below 10,390 TL; in districts of provinces that are not metropolitan, provincial consumer arbitration committees are competent in disputes between 6,920 TL and 10,390 TL.<\/p>\n<p><strong>In case the order is placed, the BUYER will be deemed to have accepted all the terms of this contract.<\/strong><\/p>\n<p>&nbsp;<\/p>\n\n\t\t<\/div>\n\t<\/div>\n<\/div><\/div><\/div><\/div>\n<\/section>","protected":false},"excerpt":{"rendered":"WARNING: Every customer who becomes a member of our website and makes a purchase agrees to all the articles of our sales contract below, which has been prepared by us.","protected":false},"author":1,"featured_media":0,"parent":0,"menu_order":0,"comment_status":"closed","ping_status":"open","template":"","meta":{"footnotes":""},"class_list":["post-3","page","type-page","status-publish","hentry"],"yoast_head":"<!-- This site is optimized with the Yoast SEO plugin v27.2 - https:\/\/yoast.com\/product\/yoast-seo-wordpress\/ -->\n<title>Mesafeli Sat\u0131\u015f S\u00f6zle\u015fmesi - Karabatak<\/title>\n<meta name=\"robots\" content=\"index, follow, max-snippet:-1, max-image-preview:large, max-video-preview:-1\" \/>\n<link rel=\"canonical\" href=\"https:\/\/karabatak.com\/en\/distance-sales-contract\/\" \/>\n<meta property=\"og:locale\" content=\"en_GB\" \/>\n<meta property=\"og:type\" content=\"article\" \/>\n<meta property=\"og:title\" content=\"Mesafeli Sat\u0131\u015f S\u00f6zle\u015fmesi - Karabatak\" \/>\n<meta property=\"og:url\" content=\"https:\/\/karabatak.com\/en\/distance-sales-contract\/\" \/>\n<meta property=\"og:site_name\" content=\"Karabatak\" \/>\n<meta property=\"article:modified_time\" content=\"2025-12-08T10:15:25+00:00\" \/>\n<meta name=\"twitter:card\" content=\"summary_large_image\" \/>\n<meta name=\"twitter:label1\" content=\"Estimated reading time\" \/>\n\t<meta name=\"twitter:data1\" content=\"11 minutes\" \/>\n<script type=\"application\/ld+json\" class=\"yoast-schema-graph\">{\"@context\":\"https:\/\/schema.org\",\"@graph\":[{\"@type\":\"WebPage\",\"@id\":\"https:\/\/karabatak.com\/mesafeli-satis-sozlesmesi\/\",\"url\":\"https:\/\/karabatak.com\/mesafeli-satis-sozlesmesi\/\",\"name\":\"Mesafeli Sat\u0131\u015f S\u00f6zle\u015fmesi - Karabatak\",\"isPartOf\":{\"@id\":\"https:\/\/karabatak.com\/#website\"},\"datePublished\":\"2023-05-22T21:24:48+00:00\",\"dateModified\":\"2025-12-08T10:15:25+00:00\",\"inLanguage\":\"en-GB\",\"potentialAction\":[{\"@type\":\"ReadAction\",\"target\":[\"https:\/\/karabatak.com\/mesafeli-satis-sozlesmesi\/\"]}]},{\"@type\":\"WebSite\",\"@id\":\"https:\/\/karabatak.com\/#website\",\"url\":\"https:\/\/karabatak.com\/\",\"name\":\"Karabatak\",\"description\":\"Karabatak ve Julius Meinl T\u00fcrkiye Distrib\u00fct\u00f6r\u00fc\",\"publisher\":{\"@id\":\"https:\/\/karabatak.com\/#organization\"},\"potentialAction\":[{\"@type\":\"SearchAction\",\"target\":{\"@type\":\"EntryPoint\",\"urlTemplate\":\"https:\/\/karabatak.com\/?s={search_term_string}\"},\"query-input\":{\"@type\":\"PropertyValueSpecification\",\"valueRequired\":true,\"valueName\":\"search_term_string\"}}],\"inLanguage\":\"en-GB\"},{\"@type\":\"Organization\",\"@id\":\"https:\/\/karabatak.com\/#organization\",\"name\":\"Karabatak\",\"url\":\"https:\/\/karabatak.com\/\",\"logo\":{\"@type\":\"ImageObject\",\"inLanguage\":\"en-GB\",\"@id\":\"https:\/\/karabatak.com\/#\/schema\/logo\/image\/\",\"url\":\"https:\/\/karabatak.com\/wp-content\/uploads\/2023\/05\/logo-100x100-100x100-1.png\",\"contentUrl\":\"https:\/\/karabatak.com\/wp-content\/uploads\/2023\/05\/logo-100x100-100x100-1.png\",\"width\":100,\"height\":100,\"caption\":\"Karabatak\"},\"image\":{\"@id\":\"https:\/\/karabatak.com\/#\/schema\/logo\/image\/\"}}]}<\/script>\n<!-- \/ Yoast SEO plugin. -->","yoast_head_json":{"title":"Mesafeli Sat\u0131\u015f S\u00f6zle\u015fmesi - Karabatak","robots":{"index":"index","follow":"follow","max-snippet":"max-snippet:-1","max-image-preview":"max-image-preview:large","max-video-preview":"max-video-preview:-1"},"canonical":"https:\/\/karabatak.com\/en\/distance-sales-contract\/","og_locale":"en_GB","og_type":"article","og_title":"Mesafeli Sat\u0131\u015f S\u00f6zle\u015fmesi - Karabatak","og_url":"https:\/\/karabatak.com\/en\/distance-sales-contract\/","og_site_name":"Karabatak","article_modified_time":"2025-12-08T10:15:25+00:00","twitter_card":"summary_large_image","twitter_misc":{"Estimated reading time":"11 minutes"},"schema":{"@context":"https:\/\/schema.org","@graph":[{"@type":"WebPage","@id":"https:\/\/karabatak.com\/mesafeli-satis-sozlesmesi\/","url":"https:\/\/karabatak.com\/mesafeli-satis-sozlesmesi\/","name":"Mesafeli Sat\u0131\u015f S\u00f6zle\u015fmesi - Karabatak","isPartOf":{"@id":"https:\/\/karabatak.com\/#website"},"datePublished":"2023-05-22T21:24:48+00:00","dateModified":"2025-12-08T10:15:25+00:00","inLanguage":"en-GB","potentialAction":[{"@type":"ReadAction","target":["https:\/\/karabatak.com\/mesafeli-satis-sozlesmesi\/"]}]},{"@type":"WebSite","@id":"https:\/\/karabatak.com\/#website","url":"https:\/\/karabatak.com\/","name":"Karabatak","description":"Karabatak ve Julius Meinl T\u00fcrkiye Distrib\u00fct\u00f6r\u00fc","publisher":{"@id":"https:\/\/karabatak.com\/#organization"},"potentialAction":[{"@type":"SearchAction","target":{"@type":"EntryPoint","urlTemplate":"https:\/\/karabatak.com\/?s={search_term_string}"},"query-input":{"@type":"PropertyValueSpecification","valueRequired":true,"valueName":"search_term_string"}}],"inLanguage":"en-GB"},{"@type":"Organization","@id":"https:\/\/karabatak.com\/#organization","name":"Karabatak","url":"https:\/\/karabatak.com\/","logo":{"@type":"ImageObject","inLanguage":"en-GB","@id":"https:\/\/karabatak.com\/#\/schema\/logo\/image\/","url":"https:\/\/karabatak.com\/wp-content\/uploads\/2023\/05\/logo-100x100-100x100-1.png","contentUrl":"https:\/\/karabatak.com\/wp-content\/uploads\/2023\/05\/logo-100x100-100x100-1.png","width":100,"height":100,"caption":"Karabatak"},"image":{"@id":"https:\/\/karabatak.com\/#\/schema\/logo\/image\/"}}]}},"_links":{"self":[{"href":"https:\/\/karabatak.com\/en\/wp-json\/wp\/v2\/pages\/3","targetHints":{"allow":["GET"]}}],"collection":[{"href":"https:\/\/karabatak.com\/en\/wp-json\/wp\/v2\/pages"}],"about":[{"href":"https:\/\/karabatak.com\/en\/wp-json\/wp\/v2\/types\/page"}],"author":[{"embeddable":true,"href":"https:\/\/karabatak.com\/en\/wp-json\/wp\/v2\/users\/1"}],"replies":[{"embeddable":true,"href":"https:\/\/karabatak.com\/en\/wp-json\/wp\/v2\/comments?post=3"}],"version-history":[{"count":1,"href":"https:\/\/karabatak.com\/en\/wp-json\/wp\/v2\/pages\/3\/revisions"}],"predecessor-version":[{"id":26424,"href":"https:\/\/karabatak.com\/en\/wp-json\/wp\/v2\/pages\/3\/revisions\/26424"}],"wp:attachment":[{"href":"https:\/\/karabatak.com\/en\/wp-json\/wp\/v2\/media?parent=3"}],"curies":[{"name":"wp","href":"https:\/\/api.w.org\/{rel}","templated":true}]}}